{"id":9185,"date":"2023-03-30T11:20:58","date_gmt":"2023-03-30T15:20:58","guid":{"rendered":"https:\/\/noht-eson.ca\/explorateur-de-ressources\/transportation\/"},"modified":"2023-04-04T19:59:25","modified_gmt":"2023-04-04T23:59:25","slug":"services-de-transport","status":"publish","type":"page","link":"https:\/\/noht-eson.ca\/fr\/explorateur-de-ressources\/services-de-transport\/","title":{"rendered":"Services de transport"},"content":{"rendered":"\n<style type=\"text\/css\" data-created_by=\"avia_inline_auto\" id=\"style-css-av-ldupjdfw-c2a6cf20fd3e5096d00051695caa7ef9\">\n#top .av-special-heading.av-ldupjdfw-c2a6cf20fd3e5096d00051695caa7ef9{\npadding-bottom:10px;\n}\nbody .av-special-heading.av-ldupjdfw-c2a6cf20fd3e5096d00051695caa7ef9 .av-special-heading-tag .heading-char{\nfont-size:25px;\n}\n.av-special-heading.av-ldupjdfw-c2a6cf20fd3e5096d00051695caa7ef9 .av-subheading{\nfont-size:15px;\n}\n<\/style>\n<div  class='av-special-heading av-ldupjdfw-c2a6cf20fd3e5096d00051695caa7ef9 av-special-heading-h1 blockquote modern-quote modern-centered  avia-builder-el-0  el_before_av_section  avia-builder-el-no-sibling '><h1 class='av-special-heading-tag '  itemprop=\"headline\"  >Transportation Services<\/h1><div class=\"special-heading-border\"><div class=\"special-heading-inner-border\"><\/div><\/div><\/div>\n<\/div><\/div><\/div><!-- close content main div --><\/div><\/div><div id='resources-1'  class='avia-section av-ma1u52-fc41f34896351b74dadd9498a5fea10b main_color avia-section-default avia-no-border-styling  avia-builder-el-1  el_after_av_heading  avia-builder-el-last  avia-bg-style-scroll container_wrap sidebar_right'  ><div class='container av-section-cont-open' ><div class='template-page content  av-content-small alpha units'><div class='post-entry post-entry-type-page post-entry-9185'><div class='entry-content-wrapper clearfix'>\n<div class='flex_column_table av-aynzq2-808a0d28a9cbd918084d2c688aea0c28 sc-av_one_fourth av-equal-height-column-flextable'>\n<style type=\"text\/css\" data-created_by=\"avia_inline_auto\" id=\"style-css-av-aynzq2-808a0d28a9cbd918084d2c688aea0c28\">\n#top .flex_column_table.av-equal-height-column-flextable.av-aynzq2-808a0d28a9cbd918084d2c688aea0c28{\nmargin-top:1%;\nmargin-bottom:1%;\n}\n.flex_column.av-aynzq2-808a0d28a9cbd918084d2c688aea0c28{\nwidth:23.5%;\nmargin-left:0;\npadding:20px 20px 20px 20px;\nbackground-color:#ffffff;\n}\n#top .flex_column_table.av-equal-height-column-flextable.av-aynzq2-808a0d28a9cbd918084d2c688aea0c28 .av-flex-placeholder{\nwidth:2%;\n}\n<\/style>\n<div  class='flex_column av-aynzq2-808a0d28a9cbd918084d2c688aea0c28 av_one_fourth  avia-builder-el-2  el_before_av_one_fourth  avia-builder-el-first  first flex_column_table_cell av-equal-height-column av-align-top av-animated-generic fade-in  '     ><section  class='av_textblock_section av-lehv9qie-3039a49f7a21e76c5332b1add1886c0e '   itemscope=\"itemscope\" itemtype=\"https:\/\/schema.org\/CreativeWork\" ><div class='avia_textblock'  itemprop=\"text\" ><h4>Soci\u00e9t\u00e9 canadienne du cancer &#8211; Roues de l&rsquo;Espoir\u00a0 (Programme b\u00e9n\u00e9vole de transport)<\/h4>\n<\/div><\/section><br \/>\n<div  class='avia-button-wrap av-lehva40h-9d321262d1f3c618aa310632a057ce97-wrap avia-button-left  avia-builder-el-4  el_after_av_textblock  avia-builder-el-last '><a href='https:\/\/csl.cancer.ca\/fr\/Detail\/db51b318-81fe-e811-a98d-000d3a36f968'  class='avia-button av-lehva40h-9d321262d1f3c618aa310632a057ce97 av-link-btn avia-icon_select-no avia-size-small avia-position-left avia-color-theme-color'  target=\"_blank\"  rel=\"noopener noreferrer\"  aria-label=\"En savoir plus\"><span class='avia_iconbox_title' >En savoir plus<\/span><\/a><\/div><\/p><\/div><div class='av-flex-placeholder'><\/div>\n<style type=\"text\/css\" data-created_by=\"avia_inline_auto\" id=\"style-css-av-95std6-5760ebe6e41d8f293d5f05acb919cc34\">\n#top .flex_column_table.av-equal-height-column-flextable.av-95std6-5760ebe6e41d8f293d5f05acb919cc34{\nmargin-top:1%;\nmargin-bottom:1%;\n}\n.flex_column.av-95std6-5760ebe6e41d8f293d5f05acb919cc34{\nwidth:23.5%;\nmargin-left:0;\npadding:20px 20px 20px 20px;\nbackground-color:#ffffff;\n}\n#top .flex_column_table.av-equal-height-column-flextable.av-95std6-5760ebe6e41d8f293d5f05acb919cc34 .av-flex-placeholder{\nwidth:2%;\n}\n<\/style>\n<div  class='flex_column av-95std6-5760ebe6e41d8f293d5f05acb919cc34 av_one_fourth  avia-builder-el-5  el_after_av_one_fourth  el_before_av_one_fourth  flex_column_table_cell av-equal-height-column av-align-top av-animated-generic fade-in  '     ><section  class='av_textblock_section av-7i0oii-8ac088c73389c0700f921c15f1bc6379 '   itemscope=\"itemscope\" itemtype=\"https:\/\/schema.org\/CreativeWork\" ><div class='avia_textblock'  itemprop=\"text\" ><h4>Croix-Rouge canadienne &#8211; Section r\u00e9gionale de Niagara &#8211; Services de transport<\/h4>\n<\/div><\/section><br \/>\n<div  class='avia-button-wrap av-5xnkoa-aa8d410867efce9a726f979447acf213-wrap avia-button-left  avia-builder-el-7  el_after_av_textblock  avia-builder-el-last '><a href='https:\/\/www.croixrouge.ca\/dans-votre-collectivite\/ontario\/services-d-alimentation-et-de-transport\/services-de-transport\/section-regionale-de-niagara-services-de-transport?lang=fr-CA&amp;_ga=2.239877955.1397349937.1680652043-462435884.1680652043'  class='avia-button av-5xnkoa-aa8d410867efce9a726f979447acf213 av-link-btn avia-icon_select-no avia-size-small avia-position-left avia-color-theme-color'  target=\"_blank\"  rel=\"noopener noreferrer\"  aria-label=\"En savoir plus\"><span class='avia_iconbox_title' >En savoir plus<\/span><\/a><\/div><\/p><\/div><div class='av-flex-placeholder'><\/div>\n<style type=\"text\/css\" data-created_by=\"avia_inline_auto\" id=\"style-css-av-4qr2tm-bfe6158915d52cd47370f33fa0ea6726\">\n#top .flex_column_table.av-equal-height-column-flextable.av-4qr2tm-bfe6158915d52cd47370f33fa0ea6726{\nmargin-top:1%;\nmargin-bottom:1%;\n}\n.flex_column.av-4qr2tm-bfe6158915d52cd47370f33fa0ea6726{\nwidth:23.5%;\nmargin-left:0;\npadding:20px 20px 20px 20px;\nbackground-color:#ffffff;\n}\n#top .flex_column_table.av-equal-height-column-flextable.av-4qr2tm-bfe6158915d52cd47370f33fa0ea6726 .av-flex-placeholder{\nwidth:2%;\n}\n<\/style>\n<div  class='flex_column av-4qr2tm-bfe6158915d52cd47370f33fa0ea6726 av_one_fourth  avia-builder-el-8  el_after_av_one_fourth  el_before_av_one_fourth  flex_column_table_cell av-equal-height-column av-align-top av-animated-generic fade-in  '     ><section  class='av_textblock_section av-lehvda7q-075b5177eef8683d41bc5954a5a3b132 '   itemscope=\"itemscope\" itemtype=\"https:\/\/schema.org\/CreativeWork\" ><div class='avia_textblock'  itemprop=\"text\" ><h4><strong>Community Support Services of Niagara &#8211; Happy in my Home <\/strong><\/h4>\n<\/div><\/section><br \/>\n<div  class='avia-button-wrap av-lehvdo3u-deb26b2f83d6b61cad55b95bb9cd7903-wrap avia-button-left  avia-builder-el-10  el_after_av_textblock  avia-builder-el-last '><a href='https:\/\/happyinmyhome.ca\/services\/transportation\/'  class='avia-button av-lehvdo3u-deb26b2f83d6b61cad55b95bb9cd7903 av-link-btn avia-icon_select-no avia-size-small avia-position-left avia-color-theme-color'  target=\"_blank\"  rel=\"noopener noreferrer\"  aria-label=\"En savoir plus\"><span class='avia_iconbox_title' >En savoir plus<\/span><\/a><\/div><\/p><\/div><div class='av-flex-placeholder'><\/div>\n<style type=\"text\/css\" data-created_by=\"avia_inline_auto\" id=\"style-css-av-sba9mu-e93b130d148fb4d277ddf63e19b1064a\">\n#top .flex_column_table.av-equal-height-column-flextable.av-sba9mu-e93b130d148fb4d277ddf63e19b1064a{\nmargin-top:1%;\nmargin-bottom:1%;\n}\n.flex_column.av-sba9mu-e93b130d148fb4d277ddf63e19b1064a{\nwidth:23.5%;\nmargin-left:0;\npadding:20px 20px 20px 20px;\nbackground-color:#ffffff;\n}\n#top .flex_column_table.av-equal-height-column-flextable.av-sba9mu-e93b130d148fb4d277ddf63e19b1064a .av-flex-placeholder{\nwidth:2%;\n}\n<\/style>\n<div  class='flex_column av-sba9mu-e93b130d148fb4d277ddf63e19b1064a av_one_fourth  avia-builder-el-11  el_after_av_one_fourth  el_before_av_one_fourth  flex_column_table_cell av-equal-height-column av-align-top av-animated-generic fade-in  '     ><section  class='av_textblock_section av-ldw7ceiz-e14a70ed09be29c03477b8169c9bf81c '   itemscope=\"itemscope\" itemtype=\"https:\/\/schema.org\/CreativeWork\" ><div class='avia_textblock'  itemprop=\"text\" ><h4>De dwa da dehs nye&gt;s Aboriginal Health Centre \u2013 Roues pour les a\u00een\u00e9s (transport m\u00e9dical)<\/h4>\n<\/div><\/section><br \/>\n<div  class='avia-button-wrap av-ldw7cqy8-f22ac07b3a81cb385726db2bb98dc5b5-wrap avia-button-left  avia-builder-el-13  el_after_av_textblock  avia-builder-el-last '><a href='https:\/\/aboriginalhealthcentre.com\/wheels-for-seniors-medical-transportation\/'  class='avia-button av-ldw7cqy8-f22ac07b3a81cb385726db2bb98dc5b5 av-link-btn avia-icon_select-no avia-size-small avia-position-left avia-color-theme-color'  target=\"_blank\"  rel=\"noopener noreferrer\"  aria-label=\"En savoir plus\"><span class='avia_iconbox_title' >En savoir plus<\/span><\/a><\/div><\/p><\/div><\/div><!--close column table wrapper. Autoclose: 1 --><div class='flex_column_table av-2xjgxm-a847df302f5cc286f93753dab2c70350 sc-av_one_fourth av-equal-height-column-flextable'>\n<style type=\"text\/css\" data-created_by=\"avia_inline_auto\" id=\"style-css-av-2xjgxm-a847df302f5cc286f93753dab2c70350\">\n#top .flex_column_table.av-equal-height-column-flextable.av-2xjgxm-a847df302f5cc286f93753dab2c70350{\nmargin-top:1%;\nmargin-bottom:1%;\n}\n.flex_column.av-2xjgxm-a847df302f5cc286f93753dab2c70350{\nwidth:23.5%;\nmargin-left:0;\npadding:20px 20px 20px 20px;\nbackground-color:#ffffff;\n}\n#top .flex_column_table.av-equal-height-column-flextable.av-2xjgxm-a847df302f5cc286f93753dab2c70350 .av-flex-placeholder{\nwidth:2%;\n}\n<\/style>\n<div  class='flex_column av-2xjgxm-a847df302f5cc286f93753dab2c70350 av_one_fourth  avia-builder-el-14  el_after_av_one_fourth  el_before_av_one_fourth  first flex_column_table_cell av-equal-height-column av-align-top av-animated-generic fade-in  column-top-margin'     ><section  class='av_textblock_section av-lehvbd5j-5dbbffe351334e9061deb0a821f2990b '   itemscope=\"itemscope\" itemtype=\"https:\/\/schema.org\/CreativeWork\" ><div class='avia_textblock'  itemprop=\"text\" ><h4>Niagara Regional Transit<\/h4>\n<\/div><\/section><br \/>\n<div  class='avia-button-wrap av-lehvbq0t-b49047fa380809eeaaea68600a0f49e2-wrap avia-button-left  avia-builder-el-16  el_after_av_textblock  avia-builder-el-last '><a href='https:\/\/nrtransit.ca\/'  class='avia-button av-lehvbq0t-b49047fa380809eeaaea68600a0f49e2 av-link-btn avia-icon_select-no avia-size-small avia-position-left avia-color-theme-color'  target=\"_blank\"  rel=\"noopener noreferrer\"  aria-label=\"En savoir plus\"><span class='avia_iconbox_title' >En savoir plus<\/span><\/a><\/div><\/p><\/div><div class='av-flex-placeholder'><\/div>\n<style type=\"text\/css\" data-created_by=\"avia_inline_auto\" id=\"style-css-av-av_one_fourth-12f5cce6b49e51f763cf8db36928ce76\">\n#top .flex_column_table.av-equal-height-column-flextable.av-av_one_fourth-12f5cce6b49e51f763cf8db36928ce76{\nmargin-top:1%;\nmargin-bottom:1%;\n}\n.flex_column.av-av_one_fourth-12f5cce6b49e51f763cf8db36928ce76{\nwidth:23.5%;\nmargin-left:0;\npadding:20px 20px 20px 20px;\nbackground-color:#ffffff;\n}\n#top .flex_column_table.av-equal-height-column-flextable.av-av_one_fourth-12f5cce6b49e51f763cf8db36928ce76 .av-flex-placeholder{\nwidth:2%;\n}\n<\/style>\n<div  class='flex_column av-av_one_fourth-12f5cce6b49e51f763cf8db36928ce76 av_one_fourth  avia-builder-el-17  el_after_av_one_fourth  el_before_av_one_fourth  flex_column_table_cell av-equal-height-column av-align-top av-animated-generic fade-in  column-top-margin'     ><section  class='av_textblock_section av-lfv9wkfx-f0c49418de5def3ba04ab6fa3c98c47a '   itemscope=\"itemscope\" itemtype=\"https:\/\/schema.org\/CreativeWork\" ><div class='avia_textblock'  itemprop=\"text\" ><h4>Niagara Specialized Transit<\/h4>\n<\/div><\/section><br \/>\n<div  class='avia-button-wrap av-lfv9wzwb-2c2ee9b3a60df2e6221f9fdf4ba81ba9-wrap avia-button-left  avia-builder-el-19  el_after_av_textblock  avia-builder-el-last '><a href='https:\/\/nrtransit.ca\/specialized-transit\/'  class='avia-button av-lfv9wzwb-2c2ee9b3a60df2e6221f9fdf4ba81ba9 av-link-btn avia-icon_select-no avia-size-small avia-position-left avia-color-theme-color'  target=\"_blank\"  rel=\"noopener noreferrer\"  aria-label=\"En savoir plus\"><span class='avia_iconbox_title' >En savoir plus<\/span><\/a><\/div><\/p><\/div><div class='av-flex-placeholder'><\/div>\n<style type=\"text\/css\" data-created_by=\"avia_inline_auto\" id=\"style-css-av-av_one_fourth-12f5cce6b49e51f763cf8db36928ce76\">\n#top .flex_column_table.av-equal-height-column-flextable.av-av_one_fourth-12f5cce6b49e51f763cf8db36928ce76{\nmargin-top:1%;\nmargin-bottom:1%;\n}\n.flex_column.av-av_one_fourth-12f5cce6b49e51f763cf8db36928ce76{\nwidth:23.5%;\nmargin-left:0;\npadding:20px 20px 20px 20px;\nbackground-color:#ffffff;\n}\n#top .flex_column_table.av-equal-height-column-flextable.av-av_one_fourth-12f5cce6b49e51f763cf8db36928ce76 .av-flex-placeholder{\nwidth:2%;\n}\n<\/style>\n<div  class='flex_column av-av_one_fourth-12f5cce6b49e51f763cf8db36928ce76 av_one_fourth  avia-builder-el-20  el_after_av_one_fourth  el_before_av_one_fourth  flex_column_table_cell av-equal-height-column av-align-top av-animated-generic fade-in  column-top-margin'     ><section  class='av_textblock_section av-lfv9xdth-1a08dba07cd6fe85daf932ad75273850 '   itemscope=\"itemscope\" itemtype=\"https:\/\/schema.org\/CreativeWork\" ><div class='avia_textblock'  itemprop=\"text\" ><h4>Pelham Cares (R\u00e9sidents de Pelham seulement)<\/h4>\n<\/div><\/section><br \/>\n<div  class='avia-button-wrap av-lfv9xsx8-3721d9bc19ed9f0b29b193e6b08e79c2-wrap avia-button-left  avia-builder-el-22  el_after_av_textblock  avia-builder-el-last '><a href='https:\/\/pelhamcares.org\/services\/'  class='avia-button av-lfv9xsx8-3721d9bc19ed9f0b29b193e6b08e79c2 av-link-btn avia-icon_select-no avia-size-small avia-position-left avia-color-theme-color'  target=\"_blank\"  rel=\"noopener noreferrer\"  aria-label=\"En savoir plus\"><span class='avia_iconbox_title' >En savoir plus<\/span><\/a><\/div><\/p><\/div><div class='av-flex-placeholder'><\/div>\n<style type=\"text\/css\" data-created_by=\"avia_inline_auto\" id=\"style-css-av-av_one_fourth-12f5cce6b49e51f763cf8db36928ce76\">\n#top .flex_column_table.av-equal-height-column-flextable.av-av_one_fourth-12f5cce6b49e51f763cf8db36928ce76{\nmargin-top:1%;\nmargin-bottom:1%;\n}\n.flex_column.av-av_one_fourth-12f5cce6b49e51f763cf8db36928ce76{\nwidth:23.5%;\nmargin-left:0;\npadding:20px 20px 20px 20px;\nbackground-color:#ffffff;\n}\n#top .flex_column_table.av-equal-height-column-flextable.av-av_one_fourth-12f5cce6b49e51f763cf8db36928ce76 .av-flex-placeholder{\nwidth:2%;\n}\n<\/style>\n<div  class='flex_column av-av_one_fourth-12f5cce6b49e51f763cf8db36928ce76 av_one_fourth  avia-builder-el-23  el_after_av_one_fourth  avia-builder-el-last  flex_column_table_cell av-equal-height-column av-align-top av-animated-generic fade-in  column-top-margin'     ><section  class='av_textblock_section av-lfv9yavs-cc45ea0c2db59502008334ceaa5e9626 '   itemscope=\"itemscope\" itemtype=\"https:\/\/schema.org\/CreativeWork\" ><div class='avia_textblock'  itemprop=\"text\" ><h4>Ride Care Niagara (R\u00e9mun\u00e9ration \u00e0 l&rsquo;acte)<\/h4>\n<\/div><\/section><br \/>\n<div  class='avia-button-wrap av-lfv9yoqe-33f0a989aa267deef20a55d8f704197a-wrap avia-button-left  avia-builder-el-25  el_after_av_textblock  avia-builder-el-last '><a href='https:\/\/www.ridecareniagara.ca\/our-team.html'  class='avia-button av-lfv9yoqe-33f0a989aa267deef20a55d8f704197a av-link-btn avia-icon_select-no avia-size-small avia-position-left avia-color-theme-color'  target=\"_blank\"  rel=\"noopener noreferrer\"  aria-label=\"En savoir plus\"><span class='avia_iconbox_title' >En savoir plus<\/span><\/a><\/div><\/p><\/div><\/div><!--close column table wrapper. Autoclose: 1 --><\/div><\/div><\/div><!-- close content main div --><\/div><\/div><div id='after_section_1'  class='main_color av_default_container_wrap container_wrap sidebar_right'  ><div class='container av-section-cont-open' ><div class='template-page content  av-content-small alpha units'><div class='post-entry post-entry-type-page post-entry-9185'><div class='entry-content-wrapper clearfix'>\n","protected":false},"excerpt":{"rendered":"","protected":false},"author":94,"featured_media":9141,"parent":9042,"menu_order":0,"comment_status":"closed","ping_status":"closed","template":"","meta":{"_bbp_topic_count":0,"_bbp_reply_count":0,"_bbp_total_topic_count":0,"_bbp_total_reply_count":0,"_bbp_voice_count":0,"_bbp_anonymous_reply_count":0,"_bbp_topic_count_hidden":0,"_bbp_reply_count_hidden":0,"_bbp_forum_subforum_count":0,"footnotes":""},"class_list":["post-9185","page","type-page","status-publish","has-post-thumbnail","hentry"],"yoast_head":"<!-- This site is optimized with the Yoast SEO plugin v27.3 - https:\/\/yoast.com\/product\/yoast-seo-wordpress\/ -->\n<title>Services de transport - Niagara Ontario Health Team - \u00c9quipe Sant\u00e9 Ontario Niagara<\/title>\n<meta name=\"robots\" content=\"index, follow, max-snippet:-1, max-image-preview:large, max-video-preview:-1\" \/>\n<link rel=\"canonical\" href=\"https:\/\/noht-eson.ca\/fr\/explorateur-de-ressources\/services-de-transport\/\" \/>\n<meta property=\"og:locale\" content=\"fr_FR\" \/>\n<meta property=\"og:type\" content=\"article\" \/>\n<meta property=\"og:title\" content=\"Services de transport - Niagara Ontario Health Team - \u00c9quipe Sant\u00e9 Ontario Niagara\" \/>\n<meta property=\"og:url\" content=\"https:\/\/noht-eson.ca\/fr\/explorateur-de-ressources\/services-de-transport\/\" \/>\n<meta property=\"og:site_name\" content=\"Niagara Ontario Health Team - \u00c9quipe Sant\u00e9 Ontario Niagara\" \/>\n<meta property=\"article:publisher\" content=\"https:\/\/facebook.com\/NiagaraOHT\/\" \/>\n<meta property=\"article:modified_time\" content=\"2023-04-04T23:59:25+00:00\" \/>\n<meta property=\"og:image\" content=\"https:\/\/noht-eson.ca\/wp-content\/uploads\/shutterstock_614567879-1030x687.jpg\" \/>\n\t<meta property=\"og:image:width\" content=\"1030\" \/>\n\t<meta property=\"og:image:height\" content=\"687\" \/>\n\t<meta property=\"og:image:type\" content=\"image\/jpeg\" \/>\n<meta name=\"twitter:card\" content=\"summary_large_image\" \/>\n<meta name=\"twitter:site\" content=\"@niagaraoht\" \/>\n<meta name=\"twitter:label1\" content=\"Dur\u00e9e de lecture estim\u00e9e\" \/>\n\t<meta name=\"twitter:data1\" content=\"9 minutes\" \/>\n<script type=\"application\/ld+json\" class=\"yoast-schema-graph\">{\"@context\":\"https:\\\/\\\/schema.org\",\"@graph\":[{\"@type\":\"WebPage\",\"@id\":\"https:\\\/\\\/noht-eson.ca\\\/fr\\\/explorateur-de-ressources\\\/services-de-transport\\\/\",\"url\":\"https:\\\/\\\/noht-eson.ca\\\/fr\\\/explorateur-de-ressources\\\/services-de-transport\\\/\",\"name\":\"Services de transport - Niagara Ontario Health Team - \u00c9quipe Sant\u00e9 Ontario Niagara\",\"isPartOf\":{\"@id\":\"https:\\\/\\\/noht-eson.ca\\\/#website\"},\"primaryImageOfPage\":{\"@id\":\"https:\\\/\\\/noht-eson.ca\\\/fr\\\/explorateur-de-ressources\\\/services-de-transport\\\/#primaryimage\"},\"image\":{\"@id\":\"https:\\\/\\\/noht-eson.ca\\\/fr\\\/explorateur-de-ressources\\\/services-de-transport\\\/#primaryimage\"},\"thumbnailUrl\":\"https:\\\/\\\/noht-eson.ca\\\/wp-content\\\/uploads\\\/shutterstock_614567879-scaled.jpg\",\"datePublished\":\"2023-03-30T15:20:58+00:00\",\"dateModified\":\"2023-04-04T23:59:25+00:00\",\"breadcrumb\":{\"@id\":\"https:\\\/\\\/noht-eson.ca\\\/fr\\\/explorateur-de-ressources\\\/services-de-transport\\\/#breadcrumb\"},\"inLanguage\":\"fr-FR\",\"potentialAction\":[{\"@type\":\"ReadAction\",\"target\":[\"https:\\\/\\\/noht-eson.ca\\\/fr\\\/explorateur-de-ressources\\\/services-de-transport\\\/\"]}]},{\"@type\":\"ImageObject\",\"inLanguage\":\"fr-FR\",\"@id\":\"https:\\\/\\\/noht-eson.ca\\\/fr\\\/explorateur-de-ressources\\\/services-de-transport\\\/#primaryimage\",\"url\":\"https:\\\/\\\/noht-eson.ca\\\/wp-content\\\/uploads\\\/shutterstock_614567879-scaled.jpg\",\"contentUrl\":\"https:\\\/\\\/noht-eson.ca\\\/wp-content\\\/uploads\\\/shutterstock_614567879-scaled.jpg\",\"width\":2560,\"height\":1707},{\"@type\":\"BreadcrumbList\",\"@id\":\"https:\\\/\\\/noht-eson.ca\\\/fr\\\/explorateur-de-ressources\\\/services-de-transport\\\/#breadcrumb\",\"itemListElement\":[{\"@type\":\"ListItem\",\"position\":1,\"name\":\"Home\",\"item\":\"https:\\\/\\\/noht-eson.ca\\\/fr\\\/\"},{\"@type\":\"ListItem\",\"position\":2,\"name\":\"Explorateur de ressources\",\"item\":\"https:\\\/\\\/noht-eson.ca\\\/fr\\\/explorateur-de-ressources\\\/\"},{\"@type\":\"ListItem\",\"position\":3,\"name\":\"Services de transport\"}]},{\"@type\":\"WebSite\",\"@id\":\"https:\\\/\\\/noht-eson.ca\\\/#website\",\"url\":\"https:\\\/\\\/noht-eson.ca\\\/\",\"name\":\"Niagara Ontario Health Team - \u00c9quipe Sant\u00e9 Ontario Niagara\",\"description\":\"Exceptional, connected care, now and for future generations\",\"publisher\":{\"@id\":\"https:\\\/\\\/noht-eson.ca\\\/#organization\"},\"potentialAction\":[{\"@type\":\"SearchAction\",\"target\":{\"@type\":\"EntryPoint\",\"urlTemplate\":\"https:\\\/\\\/noht-eson.ca\\\/?s={search_term_string}\"},\"query-input\":{\"@type\":\"PropertyValueSpecification\",\"valueRequired\":true,\"valueName\":\"search_term_string\"}}],\"inLanguage\":\"fr-FR\"},{\"@type\":\"Organization\",\"@id\":\"https:\\\/\\\/noht-eson.ca\\\/#organization\",\"name\":\"Niagara Ontario Health Team - \u00c9quipe Sant\u00e9 Ontario Niagara\",\"url\":\"https:\\\/\\\/noht-eson.ca\\\/\",\"logo\":{\"@type\":\"ImageObject\",\"inLanguage\":\"fr-FR\",\"@id\":\"https:\\\/\\\/noht-eson.ca\\\/#\\\/schema\\\/logo\\\/image\\\/\",\"url\":\"https:\\\/\\\/noht-eson.ca\\\/wp-content\\\/uploads\\\/NOHT_ESON_Logo_FINAL-1.jpg\",\"contentUrl\":\"https:\\\/\\\/noht-eson.ca\\\/wp-content\\\/uploads\\\/NOHT_ESON_Logo_FINAL-1.jpg\",\"width\":1500,\"height\":500,\"caption\":\"Niagara Ontario Health Team - \u00c9quipe Sant\u00e9 Ontario Niagara\"},\"image\":{\"@id\":\"https:\\\/\\\/noht-eson.ca\\\/#\\\/schema\\\/logo\\\/image\\\/\"},\"sameAs\":[\"https:\\\/\\\/facebook.com\\\/NiagaraOHT\\\/\",\"https:\\\/\\\/x.com\\\/niagaraoht\"]}]}<\/script>\n<!-- \/ Yoast SEO plugin. -->","yoast_head_json":{"title":"Services de transport - Niagara Ontario Health Team - \u00c9quipe Sant\u00e9 Ontario Niagara","robots":{"index":"index","follow":"follow","max-snippet":"max-snippet:-1","max-image-preview":"max-image-preview:large","max-video-preview":"max-video-preview:-1"},"canonical":"https:\/\/noht-eson.ca\/fr\/explorateur-de-ressources\/services-de-transport\/","og_locale":"fr_FR","og_type":"article","og_title":"Services de transport - Niagara Ontario Health Team - \u00c9quipe Sant\u00e9 Ontario Niagara","og_url":"https:\/\/noht-eson.ca\/fr\/explorateur-de-ressources\/services-de-transport\/","og_site_name":"Niagara Ontario Health Team - \u00c9quipe Sant\u00e9 Ontario Niagara","article_publisher":"https:\/\/facebook.com\/NiagaraOHT\/","article_modified_time":"2023-04-04T23:59:25+00:00","og_image":[{"width":1030,"height":687,"url":"https:\/\/noht-eson.ca\/wp-content\/uploads\/shutterstock_614567879-1030x687.jpg","type":"image\/jpeg"}],"twitter_card":"summary_large_image","twitter_site":"@niagaraoht","twitter_misc":{"Dur\u00e9e de lecture estim\u00e9e":"9 minutes"},"schema":{"@context":"https:\/\/schema.org","@graph":[{"@type":"WebPage","@id":"https:\/\/noht-eson.ca\/fr\/explorateur-de-ressources\/services-de-transport\/","url":"https:\/\/noht-eson.ca\/fr\/explorateur-de-ressources\/services-de-transport\/","name":"Services de transport - Niagara Ontario Health Team - \u00c9quipe Sant\u00e9 Ontario Niagara","isPartOf":{"@id":"https:\/\/noht-eson.ca\/#website"},"primaryImageOfPage":{"@id":"https:\/\/noht-eson.ca\/fr\/explorateur-de-ressources\/services-de-transport\/#primaryimage"},"image":{"@id":"https:\/\/noht-eson.ca\/fr\/explorateur-de-ressources\/services-de-transport\/#primaryimage"},"thumbnailUrl":"https:\/\/noht-eson.ca\/wp-content\/uploads\/shutterstock_614567879-scaled.jpg","datePublished":"2023-03-30T15:20:58+00:00","dateModified":"2023-04-04T23:59:25+00:00","breadcrumb":{"@id":"https:\/\/noht-eson.ca\/fr\/explorateur-de-ressources\/services-de-transport\/#breadcrumb"},"inLanguage":"fr-FR","potentialAction":[{"@type":"ReadAction","target":["https:\/\/noht-eson.ca\/fr\/explorateur-de-ressources\/services-de-transport\/"]}]},{"@type":"ImageObject","inLanguage":"fr-FR","@id":"https:\/\/noht-eson.ca\/fr\/explorateur-de-ressources\/services-de-transport\/#primaryimage","url":"https:\/\/noht-eson.ca\/wp-content\/uploads\/shutterstock_614567879-scaled.jpg","contentUrl":"https:\/\/noht-eson.ca\/wp-content\/uploads\/shutterstock_614567879-scaled.jpg","width":2560,"height":1707},{"@type":"BreadcrumbList","@id":"https:\/\/noht-eson.ca\/fr\/explorateur-de-ressources\/services-de-transport\/#breadcrumb","itemListElement":[{"@type":"ListItem","position":1,"name":"Home","item":"https:\/\/noht-eson.ca\/fr\/"},{"@type":"ListItem","position":2,"name":"Explorateur de ressources","item":"https:\/\/noht-eson.ca\/fr\/explorateur-de-ressources\/"},{"@type":"ListItem","position":3,"name":"Services de transport"}]},{"@type":"WebSite","@id":"https:\/\/noht-eson.ca\/#website","url":"https:\/\/noht-eson.ca\/","name":"Niagara Ontario Health Team - \u00c9quipe Sant\u00e9 Ontario Niagara","description":"Exceptional, connected care, now and for future generations","publisher":{"@id":"https:\/\/noht-eson.ca\/#organization"},"potentialAction":[{"@type":"SearchAction","target":{"@type":"EntryPoint","urlTemplate":"https:\/\/noht-eson.ca\/?s={search_term_string}"},"query-input":{"@type":"PropertyValueSpecification","valueRequired":true,"valueName":"search_term_string"}}],"inLanguage":"fr-FR"},{"@type":"Organization","@id":"https:\/\/noht-eson.ca\/#organization","name":"Niagara Ontario Health Team - \u00c9quipe Sant\u00e9 Ontario Niagara","url":"https:\/\/noht-eson.ca\/","logo":{"@type":"ImageObject","inLanguage":"fr-FR","@id":"https:\/\/noht-eson.ca\/#\/schema\/logo\/image\/","url":"https:\/\/noht-eson.ca\/wp-content\/uploads\/NOHT_ESON_Logo_FINAL-1.jpg","contentUrl":"https:\/\/noht-eson.ca\/wp-content\/uploads\/NOHT_ESON_Logo_FINAL-1.jpg","width":1500,"height":500,"caption":"Niagara Ontario Health Team - \u00c9quipe Sant\u00e9 Ontario Niagara"},"image":{"@id":"https:\/\/noht-eson.ca\/#\/schema\/logo\/image\/"},"sameAs":["https:\/\/facebook.com\/NiagaraOHT\/","https:\/\/x.com\/niagaraoht"]}]}},"_links":{"self":[{"href":"https:\/\/noht-eson.ca\/fr\/wp-json\/wp\/v2\/pages\/9185","targetHints":{"allow":["GET"]}}],"collection":[{"href":"https:\/\/noht-eson.ca\/fr\/wp-json\/wp\/v2\/pages"}],"about":[{"href":"https:\/\/noht-eson.ca\/fr\/wp-json\/wp\/v2\/types\/page"}],"author":[{"embeddable":true,"href":"https:\/\/noht-eson.ca\/fr\/wp-json\/wp\/v2\/users\/94"}],"replies":[{"embeddable":true,"href":"https:\/\/noht-eson.ca\/fr\/wp-json\/wp\/v2\/comments?post=9185"}],"version-history":[{"count":5,"href":"https:\/\/noht-eson.ca\/fr\/wp-json\/wp\/v2\/pages\/9185\/revisions"}],"predecessor-version":[{"id":9192,"href":"https:\/\/noht-eson.ca\/fr\/wp-json\/wp\/v2\/pages\/9185\/revisions\/9192"}],"up":[{"embeddable":true,"href":"https:\/\/noht-eson.ca\/fr\/wp-json\/wp\/v2\/pages\/9042"}],"wp:featuredmedia":[{"embeddable":true,"href":"https:\/\/noht-eson.ca\/fr\/wp-json\/wp\/v2\/media\/9141"}],"wp:attachment":[{"href":"https:\/\/noht-eson.ca\/fr\/wp-json\/wp\/v2\/media?parent=9185"}],"curies":[{"name":"wp","href":"https:\/\/api.w.org\/{rel}","templated":true}]}}