{"id":9020,"date":"2023-03-20T22:44:49","date_gmt":"2023-03-21T02:44:49","guid":{"rendered":"https:\/\/noht-eson.ca\/?page_id=9020"},"modified":"2023-03-21T00:24:54","modified_gmt":"2023-03-21T04:24:54","slug":"sante-dentaire","status":"publish","type":"page","link":"https:\/\/noht-eson.ca\/fr\/explorateur-de-ressources\/sante-dentaire\/","title":{"rendered":"Sant\u00e9 dentaire"},"content":{"rendered":"\n<style type=\"text\/css\" data-created_by=\"avia_inline_auto\" id=\"style-css-av-ldupgx15-c8243345b5492d71ee78c5447639020d\">\n#top .av-special-heading.av-ldupgx15-c8243345b5492d71ee78c5447639020d{\npadding-bottom:10px;\n}\nbody .av-special-heading.av-ldupgx15-c8243345b5492d71ee78c5447639020d .av-special-heading-tag .heading-char{\nfont-size:25px;\n}\n.av-special-heading.av-ldupgx15-c8243345b5492d71ee78c5447639020d .av-subheading{\nfont-size:15px;\n}\n<\/style>\n<div  class='av-special-heading av-ldupgx15-c8243345b5492d71ee78c5447639020d av-special-heading-h1 blockquote modern-quote modern-centered  avia-builder-el-0  el_before_av_section  avia-builder-el-no-sibling '><h1 class='av-special-heading-tag '  itemprop=\"headline\"  >Sant\u00e9 dentaire<\/h1><div class=\"special-heading-border\"><div class=\"special-heading-inner-border\"><\/div><\/div><\/div>\n<\/div><\/div><\/div><!-- close content main div --><\/div><\/div><div id='resources-1'  class='avia-section av-m4ualc-39bcc9a9764ba45b2cd441b8f19123ec main_color avia-section-default avia-no-border-styling  avia-builder-el-1  el_after_av_heading  avia-builder-el-last  avia-bg-style-scroll container_wrap sidebar_right'  ><div class='container av-section-cont-open' ><div class='template-page content  av-content-small alpha units'><div class='post-entry post-entry-type-page post-entry-9020'><div class='entry-content-wrapper clearfix'>\n<div class='flex_column_table av-17stia-587fcdec3ef957cdb1a310b8e7faf8ff sc-av_one_fourth av-equal-height-column-flextable'>\n<style type=\"text\/css\" data-created_by=\"avia_inline_auto\" id=\"style-css-av-17stia-587fcdec3ef957cdb1a310b8e7faf8ff\">\n#top .flex_column_table.av-equal-height-column-flextable.av-17stia-587fcdec3ef957cdb1a310b8e7faf8ff{\nmargin-top:1%;\nmargin-bottom:1%;\n}\n.flex_column.av-17stia-587fcdec3ef957cdb1a310b8e7faf8ff{\nwidth:23.5%;\nmargin-left:0;\npadding:20px 20px 20px 20px;\nbackground-color:#ffffff;\n}\n#top .flex_column_table.av-equal-height-column-flextable.av-17stia-587fcdec3ef957cdb1a310b8e7faf8ff .av-flex-placeholder{\nwidth:2%;\n}\n<\/style>\n<div  class='flex_column av-17stia-587fcdec3ef957cdb1a310b8e7faf8ff av_one_fourth  avia-builder-el-2  el_before_av_one_fourth  avia-builder-el-first  first flex_column_table_cell av-equal-height-column av-align-top av-animated-generic fade-in  '     ><section  class='av_textblock_section av-len79d5p-6a958ea98d61198f2607bfaa2a491984 '   itemscope=\"itemscope\" itemtype=\"https:\/\/schema.org\/CreativeWork\" ><div class='avia_textblock'  itemprop=\"text\" ><h4>Centre de sant\u00e9 communautaire Hamilton\/Niagara \u2013 Services d\u2019hygi\u00e8ne bucco\u2011dentaire<\/h4>\n<\/div><\/section><br \/>\n<div  class='avia-button-wrap av-len79poo-778fe262a6273682c7191db145f010f7-wrap avia-button-left  avia-builder-el-4  el_after_av_textblock  avia-builder-el-last '><a href='https:\/\/www.cschn.ca\/clinique-medicale\/services-dhygiene-bucco-dentaire\/'  class='avia-button av-len79poo-778fe262a6273682c7191db145f010f7 av-link-btn avia-icon_select-no avia-size-small avia-position-left avia-color-theme-color'  target=\"_blank\"  rel=\"noopener noreferrer\"  aria-label=\"En savoir plus\"><span class='avia_iconbox_title' >En savoir plus<\/span><\/a><\/div><\/p><\/div><div class='av-flex-placeholder'><\/div>\n<style type=\"text\/css\" data-created_by=\"avia_inline_auto\" id=\"style-css-av-aln10i-9cea0a326aa5b28e22ed34d5f6894c19\">\n#top .flex_column_table.av-equal-height-column-flextable.av-aln10i-9cea0a326aa5b28e22ed34d5f6894c19{\nmargin-top:1%;\nmargin-bottom:1%;\n}\n.flex_column.av-aln10i-9cea0a326aa5b28e22ed34d5f6894c19{\nwidth:23.5%;\nmargin-left:0;\npadding:20px 20px 20px 20px;\nbackground-color:#ffffff;\n}\n#top .flex_column_table.av-equal-height-column-flextable.av-aln10i-9cea0a326aa5b28e22ed34d5f6894c19 .av-flex-placeholder{\nwidth:2%;\n}\n<\/style>\n<div  class='flex_column av-aln10i-9cea0a326aa5b28e22ed34d5f6894c19 av_one_fourth  avia-builder-el-5  el_after_av_one_fourth  el_before_av_one_fourth  flex_column_table_cell av-equal-height-column av-align-top av-animated-generic fade-in  '     ><section  class='av_textblock_section av-9c8xuq-314d7cf3d58998b3ca002fa2c2e3a899 '   itemscope=\"itemscope\" itemtype=\"https:\/\/schema.org\/CreativeWork\" ><div class='avia_textblock'  itemprop=\"text\" ><h4>Niagara Dental Health Coalition &#8211; Liste des programmes de soins dentaires financ\u00e9s par le gouvernement, \u00e0 faible co\u00fbt et caritatifs<\/h4>\n<\/div><\/section><br \/>\n<div  class='avia-button-wrap av-ofdhe-2f87f422b54d8ca215e551156fa37da3-wrap avia-button-left  avia-builder-el-7  el_after_av_textblock  avia-builder-el-last '><a href='https:\/\/niagaradentalhealthcoalition.weebly.com\/uploads\/2\/1\/7\/3\/21738986\/client_dental_health_resource_december_2022.pdf'  class='avia-button av-ofdhe-2f87f422b54d8ca215e551156fa37da3 av-link-btn avia-icon_select-no avia-size-small avia-position-left avia-color-theme-color'  target=\"_blank\"  rel=\"noopener noreferrer\"  aria-label=\"En savoir plus\"><span class='avia_iconbox_title' >En savoir plus<\/span><\/a><\/div><\/p><\/div><div class='av-flex-placeholder'><\/div>\n<style type=\"text\/css\" data-created_by=\"avia_inline_auto\" id=\"style-css-av-65kuqq-6a7c1e6e20e93da6f74fe679e8cf2bc9\">\n#top .flex_column_table.av-equal-height-column-flextable.av-65kuqq-6a7c1e6e20e93da6f74fe679e8cf2bc9{\nmargin-top:1%;\nmargin-bottom:1%;\n}\n.flex_column.av-65kuqq-6a7c1e6e20e93da6f74fe679e8cf2bc9{\nwidth:23.5%;\nmargin-left:0;\npadding:20px 20px 20px 20px;\nbackground-color:#ffffff;\n}\n#top .flex_column_table.av-equal-height-column-flextable.av-65kuqq-6a7c1e6e20e93da6f74fe679e8cf2bc9 .av-flex-placeholder{\nwidth:2%;\n}\n<\/style>\n<div  class='flex_column av-65kuqq-6a7c1e6e20e93da6f74fe679e8cf2bc9 av_one_fourth  avia-builder-el-8  el_after_av_one_fourth  el_before_av_one_fourth  flex_column_table_cell av-equal-height-column av-align-top av-animated-generic fade-in  '     ><section  class='av_textblock_section av-3ps25u-a1d91438feeaebb89ae4534e7424d7ee '   itemscope=\"itemscope\" itemtype=\"https:\/\/schema.org\/CreativeWork\" ><div class='avia_textblock'  itemprop=\"text\" ><h4>Niagara Falls Community Health Centre &#8211; Services dentaires<\/h4>\n<\/div><\/section><br \/>\n<div  class='avia-button-wrap av-2zg22q-de656602cb84a4f48db84a51a62d5281-wrap avia-button-left  avia-builder-el-10  el_after_av_textblock  avia-builder-el-last '><a href='https:\/\/www.nfchc.ca\/dental'  class='avia-button av-2zg22q-de656602cb84a4f48db84a51a62d5281 av-link-btn avia-icon_select-no avia-size-small avia-position-left avia-color-theme-color'  target=\"_blank\"  rel=\"noopener noreferrer\"  aria-label=\"En savoir plus\"><span class='avia_iconbox_title' >En savoir plus<\/span><\/a><\/div><\/p><\/div><div class='av-flex-placeholder'><\/div>\n<style type=\"text\/css\" data-created_by=\"avia_inline_auto\" id=\"style-css-av-5n8x0y-818fa71f389cdb8a10b29a8ea735b983\">\n#top .flex_column_table.av-equal-height-column-flextable.av-5n8x0y-818fa71f389cdb8a10b29a8ea735b983{\nmargin-top:1%;\nmargin-bottom:1%;\n}\n.flex_column.av-5n8x0y-818fa71f389cdb8a10b29a8ea735b983{\nwidth:23.5%;\nmargin-left:0;\npadding:20px 20px 20px 20px;\nbackground-color:#ffffff;\n}\n#top .flex_column_table.av-equal-height-column-flextable.av-5n8x0y-818fa71f389cdb8a10b29a8ea735b983 .av-flex-placeholder{\nwidth:2%;\n}\n<\/style>\n<div  class='flex_column av-5n8x0y-818fa71f389cdb8a10b29a8ea735b983 av_one_fourth  avia-builder-el-11  el_after_av_one_fourth  el_before_av_one_fourth  flex_column_table_cell av-equal-height-column av-align-top av-animated-generic fade-in  '     ><section  class='av_textblock_section av-3sdq2q-f1de1db4161d5231f2ad9f88324350ce '   itemscope=\"itemscope\" itemtype=\"https:\/\/schema.org\/CreativeWork\" ><div class='avia_textblock'  itemprop=\"text\" ><h4>Niagara Region &#8211; Programme dentaire de sant\u00e9 publique<\/h4>\n<\/div><\/section><br \/>\n<div  class='avia-button-wrap av-31t5ci-bd77d61ba584f7258e7fcb3632d18c0d-wrap avia-button-left  avia-builder-el-13  el_after_av_textblock  avia-builder-el-last '><a href='https:\/\/www.niagararegion.ca\/living\/health_wellness\/dental\/default.aspx'  class='avia-button av-31t5ci-bd77d61ba584f7258e7fcb3632d18c0d av-link-btn avia-icon_select-no avia-size-small avia-position-left avia-color-theme-color'  target=\"_blank\"  rel=\"noopener noreferrer\"  aria-label=\"En savoir plus\"><span class='avia_iconbox_title' >En savoir plus<\/span><\/a><\/div><\/p><\/div><\/div><!--close column table wrapper. Autoclose: 1 --><div class='flex_column_table av-374js2-250e4a3d8895314fdab1c4e7ea3693b4 sc-av_one_fourth av-equal-height-column-flextable'>\n<style type=\"text\/css\" data-created_by=\"avia_inline_auto\" id=\"style-css-av-374js2-250e4a3d8895314fdab1c4e7ea3693b4\">\n#top .flex_column_table.av-equal-height-column-flextable.av-374js2-250e4a3d8895314fdab1c4e7ea3693b4{\nmargin-top:1%;\nmargin-bottom:1%;\n}\n.flex_column.av-374js2-250e4a3d8895314fdab1c4e7ea3693b4{\nwidth:23.5%;\nmargin-left:0;\npadding:20px 20px 20px 20px;\nbackground-color:#ffffff;\n}\n#top .flex_column_table.av-equal-height-column-flextable.av-374js2-250e4a3d8895314fdab1c4e7ea3693b4 .av-flex-placeholder{\nwidth:2%;\n}\n<\/style>\n<div  class='flex_column av-374js2-250e4a3d8895314fdab1c4e7ea3693b4 av_one_fourth  avia-builder-el-14  el_after_av_one_fourth  el_before_av_one_fourth  first flex_column_table_cell av-equal-height-column av-align-top av-animated-generic fade-in  column-top-margin'     ><section  class='av_textblock_section av-lehw2s3l-8eb9dd4e3d98af8d634e8bdeabefefdc '   itemscope=\"itemscope\" itemtype=\"https:\/\/schema.org\/CreativeWork\" ><div class='avia_textblock'  itemprop=\"text\" ><h4>Quest Community Health Centre &#8211; Programme de soins dentaires pour les a\u00een\u00e9s de l\u2019Ontario<\/h4>\n<\/div><\/section><br \/>\n<div  class='avia-button-wrap av-lehw32fy-add48e228f9f8b32ce49f5be44bc6e3c-wrap avia-button-left  avia-builder-el-16  el_after_av_textblock  avia-builder-el-last '><a href='https:\/\/questchc.ca\/osdcp\/'  class='avia-button av-lehw32fy-add48e228f9f8b32ce49f5be44bc6e3c av-link-btn avia-icon_select-no avia-size-small avia-position-left avia-color-theme-color'  target=\"_blank\"  rel=\"noopener noreferrer\"  aria-label=\"En savoir plus\"><span class='avia_iconbox_title' >En savoir plus<\/span><\/a><\/div><\/p><\/div><div class='av-flex-placeholder'><\/div>\n<style type=\"text\/css\" data-created_by=\"avia_inline_auto\" id=\"style-css-av-av_one_fourth-12f5cce6b49e51f763cf8db36928ce76\">\n#top .flex_column_table.av-equal-height-column-flextable.av-av_one_fourth-12f5cce6b49e51f763cf8db36928ce76{\nmargin-top:1%;\nmargin-bottom:1%;\n}\n.flex_column.av-av_one_fourth-12f5cce6b49e51f763cf8db36928ce76{\nwidth:23.5%;\nmargin-left:0;\npadding:20px 20px 20px 20px;\nbackground-color:#ffffff;\n}\n#top .flex_column_table.av-equal-height-column-flextable.av-av_one_fourth-12f5cce6b49e51f763cf8db36928ce76 .av-flex-placeholder{\nwidth:2%;\n}\n<\/style>\n<div  class='flex_column av-av_one_fourth-12f5cce6b49e51f763cf8db36928ce76 av_one_fourth  avia-builder-el-17  el_after_av_one_fourth  el_before_av_one_fourth  flex_column_table_cell av-equal-height-column av-align-top av-animated-generic fade-in  column-top-margin'     ><\/div><div class='av-flex-placeholder'><\/div>\n<style type=\"text\/css\" data-created_by=\"avia_inline_auto\" id=\"style-css-av-av_one_fourth-12f5cce6b49e51f763cf8db36928ce76\">\n#top .flex_column_table.av-equal-height-column-flextable.av-av_one_fourth-12f5cce6b49e51f763cf8db36928ce76{\nmargin-top:1%;\nmargin-bottom:1%;\n}\n.flex_column.av-av_one_fourth-12f5cce6b49e51f763cf8db36928ce76{\nwidth:23.5%;\nmargin-left:0;\npadding:20px 20px 20px 20px;\nbackground-color:#ffffff;\n}\n#top .flex_column_table.av-equal-height-column-flextable.av-av_one_fourth-12f5cce6b49e51f763cf8db36928ce76 .av-flex-placeholder{\nwidth:2%;\n}\n<\/style>\n<div  class='flex_column av-av_one_fourth-12f5cce6b49e51f763cf8db36928ce76 av_one_fourth  avia-builder-el-18  el_after_av_one_fourth  el_before_av_one_fourth  flex_column_table_cell av-equal-height-column av-align-top av-animated-generic fade-in  column-top-margin'     ><\/div><div class='av-flex-placeholder'><\/div>\n<style type=\"text\/css\" data-created_by=\"avia_inline_auto\" id=\"style-css-av-av_one_fourth-12f5cce6b49e51f763cf8db36928ce76\">\n#top .flex_column_table.av-equal-height-column-flextable.av-av_one_fourth-12f5cce6b49e51f763cf8db36928ce76{\nmargin-top:1%;\nmargin-bottom:1%;\n}\n.flex_column.av-av_one_fourth-12f5cce6b49e51f763cf8db36928ce76{\nwidth:23.5%;\nmargin-left:0;\npadding:20px 20px 20px 20px;\nbackground-color:#ffffff;\n}\n#top .flex_column_table.av-equal-height-column-flextable.av-av_one_fourth-12f5cce6b49e51f763cf8db36928ce76 .av-flex-placeholder{\nwidth:2%;\n}\n<\/style>\n<div  class='flex_column av-av_one_fourth-12f5cce6b49e51f763cf8db36928ce76 av_one_fourth  avia-builder-el-19  el_after_av_one_fourth  avia-builder-el-last  flex_column_table_cell av-equal-height-column av-align-top av-animated-generic fade-in  column-top-margin'     ><\/div><\/div><!--close column table wrapper. Autoclose: 1 --><\/div><\/div><\/div><!-- close content main div --><\/div><\/div><div id='after_section_1'  class='main_color av_default_container_wrap container_wrap sidebar_right'  ><div class='container av-section-cont-open' ><div class='template-page content  av-content-small alpha units'><div class='post-entry post-entry-type-page post-entry-9020'><div class='entry-content-wrapper clearfix'>\n","protected":false},"excerpt":{"rendered":"","protected":false},"author":94,"featured_media":8425,"parent":9042,"menu_order":0,"comment_status":"closed","ping_status":"closed","template":"","meta":{"_bbp_topic_count":0,"_bbp_reply_count":0,"_bbp_total_topic_count":0,"_bbp_total_reply_count":0,"_bbp_voice_count":0,"_bbp_anonymous_reply_count":0,"_bbp_topic_count_hidden":0,"_bbp_reply_count_hidden":0,"_bbp_forum_subforum_count":0,"footnotes":""},"class_list":["post-9020","page","type-page","status-publish","has-post-thumbnail","hentry"],"yoast_head":"<!-- This site is optimized with the Yoast SEO plugin v27.3 - https:\/\/yoast.com\/product\/yoast-seo-wordpress\/ -->\n<title>Sant\u00e9 dentaire - Niagara Ontario Health Team - \u00c9quipe Sant\u00e9 Ontario Niagara<\/title>\n<meta name=\"robots\" content=\"index, follow, max-snippet:-1, max-image-preview:large, max-video-preview:-1\" \/>\n<link rel=\"canonical\" href=\"https:\/\/noht-eson.ca\/fr\/explorateur-de-ressources\/sante-dentaire\/\" \/>\n<meta property=\"og:locale\" content=\"fr_FR\" \/>\n<meta property=\"og:type\" content=\"article\" \/>\n<meta property=\"og:title\" content=\"Sant\u00e9 dentaire - Niagara Ontario Health Team - \u00c9quipe Sant\u00e9 Ontario Niagara\" \/>\n<meta property=\"og:url\" content=\"https:\/\/noht-eson.ca\/fr\/explorateur-de-ressources\/sante-dentaire\/\" \/>\n<meta property=\"og:site_name\" content=\"Niagara Ontario Health Team - \u00c9quipe Sant\u00e9 Ontario Niagara\" \/>\n<meta property=\"article:publisher\" content=\"https:\/\/facebook.com\/NiagaraOHT\/\" \/>\n<meta property=\"article:modified_time\" content=\"2023-03-21T04:24:54+00:00\" \/>\n<meta property=\"og:image\" content=\"https:\/\/noht-eson.ca\/wp-content\/uploads\/shutterstock_1914474613-scaled-e1677771199269.jpg\" \/>\n\t<meta property=\"og:image:width\" content=\"2560\" \/>\n\t<meta property=\"og:image:height\" content=\"869\" \/>\n\t<meta property=\"og:image:type\" content=\"image\/jpeg\" \/>\n<meta name=\"twitter:card\" content=\"summary_large_image\" \/>\n<meta name=\"twitter:site\" content=\"@niagaraoht\" \/>\n<meta name=\"twitter:label1\" content=\"Dur\u00e9e de lecture estim\u00e9e\" \/>\n\t<meta name=\"twitter:data1\" content=\"8 minutes\" \/>\n<script type=\"application\/ld+json\" class=\"yoast-schema-graph\">{\"@context\":\"https:\\\/\\\/schema.org\",\"@graph\":[{\"@type\":\"WebPage\",\"@id\":\"https:\\\/\\\/noht-eson.ca\\\/fr\\\/explorateur-de-ressources\\\/sante-dentaire\\\/\",\"url\":\"https:\\\/\\\/noht-eson.ca\\\/fr\\\/explorateur-de-ressources\\\/sante-dentaire\\\/\",\"name\":\"Sant\u00e9 dentaire - Niagara Ontario Health Team - \u00c9quipe Sant\u00e9 Ontario Niagara\",\"isPartOf\":{\"@id\":\"https:\\\/\\\/noht-eson.ca\\\/#website\"},\"primaryImageOfPage\":{\"@id\":\"https:\\\/\\\/noht-eson.ca\\\/fr\\\/explorateur-de-ressources\\\/sante-dentaire\\\/#primaryimage\"},\"image\":{\"@id\":\"https:\\\/\\\/noht-eson.ca\\\/fr\\\/explorateur-de-ressources\\\/sante-dentaire\\\/#primaryimage\"},\"thumbnailUrl\":\"https:\\\/\\\/noht-eson.ca\\\/wp-content\\\/uploads\\\/shutterstock_1914474613-scaled-e1677771199269.jpg\",\"datePublished\":\"2023-03-21T02:44:49+00:00\",\"dateModified\":\"2023-03-21T04:24:54+00:00\",\"breadcrumb\":{\"@id\":\"https:\\\/\\\/noht-eson.ca\\\/fr\\\/explorateur-de-ressources\\\/sante-dentaire\\\/#breadcrumb\"},\"inLanguage\":\"fr-FR\",\"potentialAction\":[{\"@type\":\"ReadAction\",\"target\":[\"https:\\\/\\\/noht-eson.ca\\\/fr\\\/explorateur-de-ressources\\\/sante-dentaire\\\/\"]}]},{\"@type\":\"ImageObject\",\"inLanguage\":\"fr-FR\",\"@id\":\"https:\\\/\\\/noht-eson.ca\\\/fr\\\/explorateur-de-ressources\\\/sante-dentaire\\\/#primaryimage\",\"url\":\"https:\\\/\\\/noht-eson.ca\\\/wp-content\\\/uploads\\\/shutterstock_1914474613-scaled-e1677771199269.jpg\",\"contentUrl\":\"https:\\\/\\\/noht-eson.ca\\\/wp-content\\\/uploads\\\/shutterstock_1914474613-scaled-e1677771199269.jpg\",\"width\":2560,\"height\":869},{\"@type\":\"BreadcrumbList\",\"@id\":\"https:\\\/\\\/noht-eson.ca\\\/fr\\\/explorateur-de-ressources\\\/sante-dentaire\\\/#breadcrumb\",\"itemListElement\":[{\"@type\":\"ListItem\",\"position\":1,\"name\":\"Home\",\"item\":\"https:\\\/\\\/noht-eson.ca\\\/fr\\\/\"},{\"@type\":\"ListItem\",\"position\":2,\"name\":\"Explorateur de ressources\",\"item\":\"https:\\\/\\\/noht-eson.ca\\\/fr\\\/explorateur-de-ressources\\\/\"},{\"@type\":\"ListItem\",\"position\":3,\"name\":\"Sant\u00e9 dentaire\"}]},{\"@type\":\"WebSite\",\"@id\":\"https:\\\/\\\/noht-eson.ca\\\/#website\",\"url\":\"https:\\\/\\\/noht-eson.ca\\\/\",\"name\":\"Niagara Ontario Health Team - \u00c9quipe Sant\u00e9 Ontario Niagara\",\"description\":\"Exceptional, connected care, now and for future generations\",\"publisher\":{\"@id\":\"https:\\\/\\\/noht-eson.ca\\\/#organization\"},\"potentialAction\":[{\"@type\":\"SearchAction\",\"target\":{\"@type\":\"EntryPoint\",\"urlTemplate\":\"https:\\\/\\\/noht-eson.ca\\\/?s={search_term_string}\"},\"query-input\":{\"@type\":\"PropertyValueSpecification\",\"valueRequired\":true,\"valueName\":\"search_term_string\"}}],\"inLanguage\":\"fr-FR\"},{\"@type\":\"Organization\",\"@id\":\"https:\\\/\\\/noht-eson.ca\\\/#organization\",\"name\":\"Niagara Ontario Health Team - \u00c9quipe Sant\u00e9 Ontario Niagara\",\"url\":\"https:\\\/\\\/noht-eson.ca\\\/\",\"logo\":{\"@type\":\"ImageObject\",\"inLanguage\":\"fr-FR\",\"@id\":\"https:\\\/\\\/noht-eson.ca\\\/#\\\/schema\\\/logo\\\/image\\\/\",\"url\":\"https:\\\/\\\/noht-eson.ca\\\/wp-content\\\/uploads\\\/NOHT_ESON_Logo_FINAL-1.jpg\",\"contentUrl\":\"https:\\\/\\\/noht-eson.ca\\\/wp-content\\\/uploads\\\/NOHT_ESON_Logo_FINAL-1.jpg\",\"width\":1500,\"height\":500,\"caption\":\"Niagara Ontario Health Team - \u00c9quipe Sant\u00e9 Ontario Niagara\"},\"image\":{\"@id\":\"https:\\\/\\\/noht-eson.ca\\\/#\\\/schema\\\/logo\\\/image\\\/\"},\"sameAs\":[\"https:\\\/\\\/facebook.com\\\/NiagaraOHT\\\/\",\"https:\\\/\\\/x.com\\\/niagaraoht\"]}]}<\/script>\n<!-- \/ Yoast SEO plugin. -->","yoast_head_json":{"title":"Sant\u00e9 dentaire - Niagara Ontario Health Team - \u00c9quipe Sant\u00e9 Ontario Niagara","robots":{"index":"index","follow":"follow","max-snippet":"max-snippet:-1","max-image-preview":"max-image-preview:large","max-video-preview":"max-video-preview:-1"},"canonical":"https:\/\/noht-eson.ca\/fr\/explorateur-de-ressources\/sante-dentaire\/","og_locale":"fr_FR","og_type":"article","og_title":"Sant\u00e9 dentaire - Niagara Ontario Health Team - \u00c9quipe Sant\u00e9 Ontario Niagara","og_url":"https:\/\/noht-eson.ca\/fr\/explorateur-de-ressources\/sante-dentaire\/","og_site_name":"Niagara Ontario Health Team - \u00c9quipe Sant\u00e9 Ontario Niagara","article_publisher":"https:\/\/facebook.com\/NiagaraOHT\/","article_modified_time":"2023-03-21T04:24:54+00:00","og_image":[{"width":2560,"height":869,"url":"https:\/\/noht-eson.ca\/wp-content\/uploads\/shutterstock_1914474613-scaled-e1677771199269.jpg","type":"image\/jpeg"}],"twitter_card":"summary_large_image","twitter_site":"@niagaraoht","twitter_misc":{"Dur\u00e9e de lecture estim\u00e9e":"8 minutes"},"schema":{"@context":"https:\/\/schema.org","@graph":[{"@type":"WebPage","@id":"https:\/\/noht-eson.ca\/fr\/explorateur-de-ressources\/sante-dentaire\/","url":"https:\/\/noht-eson.ca\/fr\/explorateur-de-ressources\/sante-dentaire\/","name":"Sant\u00e9 dentaire - Niagara Ontario Health Team - \u00c9quipe Sant\u00e9 Ontario Niagara","isPartOf":{"@id":"https:\/\/noht-eson.ca\/#website"},"primaryImageOfPage":{"@id":"https:\/\/noht-eson.ca\/fr\/explorateur-de-ressources\/sante-dentaire\/#primaryimage"},"image":{"@id":"https:\/\/noht-eson.ca\/fr\/explorateur-de-ressources\/sante-dentaire\/#primaryimage"},"thumbnailUrl":"https:\/\/noht-eson.ca\/wp-content\/uploads\/shutterstock_1914474613-scaled-e1677771199269.jpg","datePublished":"2023-03-21T02:44:49+00:00","dateModified":"2023-03-21T04:24:54+00:00","breadcrumb":{"@id":"https:\/\/noht-eson.ca\/fr\/explorateur-de-ressources\/sante-dentaire\/#breadcrumb"},"inLanguage":"fr-FR","potentialAction":[{"@type":"ReadAction","target":["https:\/\/noht-eson.ca\/fr\/explorateur-de-ressources\/sante-dentaire\/"]}]},{"@type":"ImageObject","inLanguage":"fr-FR","@id":"https:\/\/noht-eson.ca\/fr\/explorateur-de-ressources\/sante-dentaire\/#primaryimage","url":"https:\/\/noht-eson.ca\/wp-content\/uploads\/shutterstock_1914474613-scaled-e1677771199269.jpg","contentUrl":"https:\/\/noht-eson.ca\/wp-content\/uploads\/shutterstock_1914474613-scaled-e1677771199269.jpg","width":2560,"height":869},{"@type":"BreadcrumbList","@id":"https:\/\/noht-eson.ca\/fr\/explorateur-de-ressources\/sante-dentaire\/#breadcrumb","itemListElement":[{"@type":"ListItem","position":1,"name":"Home","item":"https:\/\/noht-eson.ca\/fr\/"},{"@type":"ListItem","position":2,"name":"Explorateur de ressources","item":"https:\/\/noht-eson.ca\/fr\/explorateur-de-ressources\/"},{"@type":"ListItem","position":3,"name":"Sant\u00e9 dentaire"}]},{"@type":"WebSite","@id":"https:\/\/noht-eson.ca\/#website","url":"https:\/\/noht-eson.ca\/","name":"Niagara Ontario Health Team - \u00c9quipe Sant\u00e9 Ontario Niagara","description":"Exceptional, connected care, now and for future generations","publisher":{"@id":"https:\/\/noht-eson.ca\/#organization"},"potentialAction":[{"@type":"SearchAction","target":{"@type":"EntryPoint","urlTemplate":"https:\/\/noht-eson.ca\/?s={search_term_string}"},"query-input":{"@type":"PropertyValueSpecification","valueRequired":true,"valueName":"search_term_string"}}],"inLanguage":"fr-FR"},{"@type":"Organization","@id":"https:\/\/noht-eson.ca\/#organization","name":"Niagara Ontario Health Team - \u00c9quipe Sant\u00e9 Ontario Niagara","url":"https:\/\/noht-eson.ca\/","logo":{"@type":"ImageObject","inLanguage":"fr-FR","@id":"https:\/\/noht-eson.ca\/#\/schema\/logo\/image\/","url":"https:\/\/noht-eson.ca\/wp-content\/uploads\/NOHT_ESON_Logo_FINAL-1.jpg","contentUrl":"https:\/\/noht-eson.ca\/wp-content\/uploads\/NOHT_ESON_Logo_FINAL-1.jpg","width":1500,"height":500,"caption":"Niagara Ontario Health Team - \u00c9quipe Sant\u00e9 Ontario Niagara"},"image":{"@id":"https:\/\/noht-eson.ca\/#\/schema\/logo\/image\/"},"sameAs":["https:\/\/facebook.com\/NiagaraOHT\/","https:\/\/x.com\/niagaraoht"]}]}},"_links":{"self":[{"href":"https:\/\/noht-eson.ca\/fr\/wp-json\/wp\/v2\/pages\/9020","targetHints":{"allow":["GET"]}}],"collection":[{"href":"https:\/\/noht-eson.ca\/fr\/wp-json\/wp\/v2\/pages"}],"about":[{"href":"https:\/\/noht-eson.ca\/fr\/wp-json\/wp\/v2\/types\/page"}],"author":[{"embeddable":true,"href":"https:\/\/noht-eson.ca\/fr\/wp-json\/wp\/v2\/users\/94"}],"replies":[{"embeddable":true,"href":"https:\/\/noht-eson.ca\/fr\/wp-json\/wp\/v2\/comments?post=9020"}],"version-history":[{"count":4,"href":"https:\/\/noht-eson.ca\/fr\/wp-json\/wp\/v2\/pages\/9020\/revisions"}],"predecessor-version":[{"id":9052,"href":"https:\/\/noht-eson.ca\/fr\/wp-json\/wp\/v2\/pages\/9020\/revisions\/9052"}],"up":[{"embeddable":true,"href":"https:\/\/noht-eson.ca\/fr\/wp-json\/wp\/v2\/pages\/9042"}],"wp:featuredmedia":[{"embeddable":true,"href":"https:\/\/noht-eson.ca\/fr\/wp-json\/wp\/v2\/media\/8425"}],"wp:attachment":[{"href":"https:\/\/noht-eson.ca\/fr\/wp-json\/wp\/v2\/media?parent=9020"}],"curies":[{"name":"wp","href":"https:\/\/api.w.org\/{rel}","templated":true}]}}