{"id":9003,"date":"2023-03-20T20:29:23","date_gmt":"2023-03-21T00:29:23","guid":{"rendered":"https:\/\/noht-eson.ca\/?page_id=9003"},"modified":"2023-03-20T20:29:55","modified_gmt":"2023-03-21T00:29:55","slug":"proches-aidants","status":"publish","type":"page","link":"https:\/\/noht-eson.ca\/fr\/explorateur-de-ressources\/proches-aidants\/","title":{"rendered":"Proches aidants"},"content":{"rendered":"\n<style type=\"text\/css\" data-created_by=\"avia_inline_auto\" id=\"style-css-av-ldupjdfw-80f336bb5cd8cb74e4b3aa1fa3b5f42a\">\n#top .av-special-heading.av-ldupjdfw-80f336bb5cd8cb74e4b3aa1fa3b5f42a{\npadding-bottom:10px;\n}\nbody .av-special-heading.av-ldupjdfw-80f336bb5cd8cb74e4b3aa1fa3b5f42a .av-special-heading-tag .heading-char{\nfont-size:25px;\n}\n.av-special-heading.av-ldupjdfw-80f336bb5cd8cb74e4b3aa1fa3b5f42a .av-subheading{\nfont-size:15px;\n}\n<\/style>\n<div  class='av-special-heading av-ldupjdfw-80f336bb5cd8cb74e4b3aa1fa3b5f42a av-special-heading-h1 blockquote modern-quote modern-centered  avia-builder-el-0  el_before_av_section  avia-builder-el-no-sibling '><h1 class='av-special-heading-tag '  itemprop=\"headline\"  >Soutien aux proches aidants<\/h1><div class=\"special-heading-border\"><div class=\"special-heading-inner-border\"><\/div><\/div><\/div>\n<\/div><\/div><\/div><!-- close content main div --><\/div><\/div><div id='resources-1'  class='avia-section av-ma1u52-fc41f34896351b74dadd9498a5fea10b main_color avia-section-default avia-no-border-styling  avia-builder-el-1  el_after_av_heading  avia-builder-el-last  avia-bg-style-scroll container_wrap sidebar_right'  ><div class='container av-section-cont-open' ><div class='template-page content  av-content-small alpha units'><div class='post-entry post-entry-type-page post-entry-9003'><div class='entry-content-wrapper clearfix'>\n<div class='flex_column_table av-aynzq2-808a0d28a9cbd918084d2c688aea0c28 sc-av_one_fourth av-equal-height-column-flextable'>\n<style type=\"text\/css\" data-created_by=\"avia_inline_auto\" id=\"style-css-av-aynzq2-808a0d28a9cbd918084d2c688aea0c28\">\n#top .flex_column_table.av-equal-height-column-flextable.av-aynzq2-808a0d28a9cbd918084d2c688aea0c28{\nmargin-top:1%;\nmargin-bottom:1%;\n}\n.flex_column.av-aynzq2-808a0d28a9cbd918084d2c688aea0c28{\nwidth:23.5%;\nmargin-left:0;\npadding:20px 20px 20px 20px;\nbackground-color:#ffffff;\n}\n#top .flex_column_table.av-equal-height-column-flextable.av-aynzq2-808a0d28a9cbd918084d2c688aea0c28 .av-flex-placeholder{\nwidth:2%;\n}\n<\/style>\n<div  class='flex_column av-aynzq2-808a0d28a9cbd918084d2c688aea0c28 av_one_fourth  avia-builder-el-2  el_before_av_one_fourth  avia-builder-el-first  first flex_column_table_cell av-equal-height-column av-align-top av-animated-generic fade-in  '     ><section  class='av_textblock_section av-lehv9qie-3039a49f7a21e76c5332b1add1886c0e '   itemscope=\"itemscope\" itemtype=\"https:\/\/schema.org\/CreativeWork\" ><div class='avia_textblock'  itemprop=\"text\" ><h4>Soci\u00e9t\u00e9 Alzheimer de la r\u00e9gion de Niagara<\/h4>\n<\/div><\/section><br \/>\n<div  class='avia-button-wrap av-lehva40h-736cfd5a1888631835ce423cbb41fe2a-wrap avia-button-left  avia-builder-el-4  el_after_av_textblock  avia-builder-el-last '><a href='https:\/\/alzheimer.ca\/niagara\/'  class='avia-button av-lehva40h-736cfd5a1888631835ce423cbb41fe2a av-link-btn avia-icon_select-no avia-size-small avia-position-left avia-color-theme-color'  target=\"_blank\"  rel=\"noopener noreferrer\"  aria-label=\"En savoir plus\"><span class='avia_iconbox_title' >En savoir plus<\/span><\/a><\/div><\/p><\/div><div class='av-flex-placeholder'><\/div>\n<style type=\"text\/css\" data-created_by=\"avia_inline_auto\" id=\"style-css-av-95std6-5760ebe6e41d8f293d5f05acb919cc34\">\n#top .flex_column_table.av-equal-height-column-flextable.av-95std6-5760ebe6e41d8f293d5f05acb919cc34{\nmargin-top:1%;\nmargin-bottom:1%;\n}\n.flex_column.av-95std6-5760ebe6e41d8f293d5f05acb919cc34{\nwidth:23.5%;\nmargin-left:0;\npadding:20px 20px 20px 20px;\nbackground-color:#ffffff;\n}\n#top .flex_column_table.av-equal-height-column-flextable.av-95std6-5760ebe6e41d8f293d5f05acb919cc34 .av-flex-placeholder{\nwidth:2%;\n}\n<\/style>\n<div  class='flex_column av-95std6-5760ebe6e41d8f293d5f05acb919cc34 av_one_fourth  avia-builder-el-5  el_after_av_one_fourth  el_before_av_one_fourth  flex_column_table_cell av-equal-height-column av-align-top av-animated-generic fade-in  '     ><section  class='av_textblock_section av-7i0oii-8ac088c73389c0700f921c15f1bc6379 '   itemscope=\"itemscope\" itemtype=\"https:\/\/schema.org\/CreativeWork\" ><div class='avia_textblock'  itemprop=\"text\" ><h4>Hospice Niagara<\/h4>\n<\/div><\/section><br \/>\n<div  class='avia-button-wrap av-5xnkoa-d97a87fba653a401206d33266ca583b6-wrap avia-button-left  avia-builder-el-7  el_after_av_textblock  avia-builder-el-last '><a href='https:\/\/www.hospiceniagara.ca\/'  class='avia-button av-5xnkoa-d97a87fba653a401206d33266ca583b6 av-link-btn avia-icon_select-no avia-size-small avia-position-left avia-color-theme-color'  target=\"_blank\"  rel=\"noopener noreferrer\"  aria-label=\"En savoir plus\"><span class='avia_iconbox_title' >En savoir plus<\/span><\/a><\/div><\/p><\/div><div class='av-flex-placeholder'><\/div>\n<style type=\"text\/css\" data-created_by=\"avia_inline_auto\" id=\"style-css-av-4qr2tm-bfe6158915d52cd47370f33fa0ea6726\">\n#top .flex_column_table.av-equal-height-column-flextable.av-4qr2tm-bfe6158915d52cd47370f33fa0ea6726{\nmargin-top:1%;\nmargin-bottom:1%;\n}\n.flex_column.av-4qr2tm-bfe6158915d52cd47370f33fa0ea6726{\nwidth:23.5%;\nmargin-left:0;\npadding:20px 20px 20px 20px;\nbackground-color:#ffffff;\n}\n#top .flex_column_table.av-equal-height-column-flextable.av-4qr2tm-bfe6158915d52cd47370f33fa0ea6726 .av-flex-placeholder{\nwidth:2%;\n}\n<\/style>\n<div  class='flex_column av-4qr2tm-bfe6158915d52cd47370f33fa0ea6726 av_one_fourth  avia-builder-el-8  el_after_av_one_fourth  el_before_av_one_fourth  flex_column_table_cell av-equal-height-column av-align-top av-animated-generic fade-in  '     ><section  class='av_textblock_section av-lehvda7q-075b5177eef8683d41bc5954a5a3b132 '   itemscope=\"itemscope\" itemtype=\"https:\/\/schema.org\/CreativeWork\" ><div class='avia_textblock'  itemprop=\"text\" ><h4><strong>Niagara North Family Health Team \u2013 Soins pour le groupe de soignants \u00a0<\/strong><\/h4>\n<\/div><\/section><br \/>\n<div  class='avia-button-wrap av-lehvdo3u-bac99e19b2d961c59e7841e76e514e77-wrap avia-button-left  avia-builder-el-10  el_after_av_textblock  avia-builder-el-last '><a href='https:\/\/niagaranorthfht.ca\/programs\/care-for-the-caregiver?doing_wp_cron=1676317836.7327098846435546875000'  class='avia-button av-lehvdo3u-bac99e19b2d961c59e7841e76e514e77 av-link-btn avia-icon_select-no avia-size-small avia-position-left avia-color-theme-color'  target=\"_blank\"  rel=\"noopener noreferrer\"  aria-label=\"En savoir plus\"><span class='avia_iconbox_title' >En savoir plus<\/span><\/a><\/div><\/p><\/div><div class='av-flex-placeholder'><\/div>\n<style type=\"text\/css\" data-created_by=\"avia_inline_auto\" id=\"style-css-av-sba9mu-e93b130d148fb4d277ddf63e19b1064a\">\n#top .flex_column_table.av-equal-height-column-flextable.av-sba9mu-e93b130d148fb4d277ddf63e19b1064a{\nmargin-top:1%;\nmargin-bottom:1%;\n}\n.flex_column.av-sba9mu-e93b130d148fb4d277ddf63e19b1064a{\nwidth:23.5%;\nmargin-left:0;\npadding:20px 20px 20px 20px;\nbackground-color:#ffffff;\n}\n#top .flex_column_table.av-equal-height-column-flextable.av-sba9mu-e93b130d148fb4d277ddf63e19b1064a .av-flex-placeholder{\nwidth:2%;\n}\n<\/style>\n<div  class='flex_column av-sba9mu-e93b130d148fb4d277ddf63e19b1064a av_one_fourth  avia-builder-el-11  el_after_av_one_fourth  el_before_av_one_fourth  flex_column_table_cell av-equal-height-column av-align-top av-animated-generic fade-in  '     ><section  class='av_textblock_section av-ldw7ceiz-e14a70ed09be29c03477b8169c9bf81c '   itemscope=\"itemscope\" itemtype=\"https:\/\/schema.org\/CreativeWork\" ><div class='avia_textblock'  itemprop=\"text\" ><h4>Organisme de soutien aux aidants naturels de l\u2019Ontario<\/h4>\n<\/div><\/section><br \/>\n<div  class='avia-button-wrap av-ldw7cqy8-b2cf3d3e36e708511bcfa0f40fee6faf-wrap avia-button-left  avia-builder-el-13  el_after_av_textblock  avia-builder-el-last '><a href='https:\/\/ontariocaregiver.ca\/fr\/'  class='avia-button av-ldw7cqy8-b2cf3d3e36e708511bcfa0f40fee6faf av-link-btn avia-icon_select-no avia-size-small avia-position-left avia-color-theme-color'  target=\"_blank\"  rel=\"noopener noreferrer\"  aria-label=\"En savoir plus\"><span class='avia_iconbox_title' >En savoir plus<\/span><\/a><\/div><\/p><\/div><\/div><!--close column table wrapper. Autoclose: 1 --><div class='flex_column_table av-2xjgxm-a847df302f5cc286f93753dab2c70350 sc-av_one_fourth av-equal-height-column-flextable'>\n<style type=\"text\/css\" data-created_by=\"avia_inline_auto\" id=\"style-css-av-2xjgxm-a847df302f5cc286f93753dab2c70350\">\n#top .flex_column_table.av-equal-height-column-flextable.av-2xjgxm-a847df302f5cc286f93753dab2c70350{\nmargin-top:1%;\nmargin-bottom:1%;\n}\n.flex_column.av-2xjgxm-a847df302f5cc286f93753dab2c70350{\nwidth:23.5%;\nmargin-left:0;\npadding:20px 20px 20px 20px;\nbackground-color:#ffffff;\n}\n#top .flex_column_table.av-equal-height-column-flextable.av-2xjgxm-a847df302f5cc286f93753dab2c70350 .av-flex-placeholder{\nwidth:2%;\n}\n<\/style>\n<div  class='flex_column av-2xjgxm-a847df302f5cc286f93753dab2c70350 av_one_fourth  avia-builder-el-14  el_after_av_one_fourth  el_before_av_one_fourth  first flex_column_table_cell av-equal-height-column av-align-top av-animated-generic fade-in  column-top-margin'     ><section  class='av_textblock_section av-lehvbd5j-5dbbffe351334e9061deb0a821f2990b '   itemscope=\"itemscope\" itemtype=\"https:\/\/schema.org\/CreativeWork\" ><div class='avia_textblock'  itemprop=\"text\" ><h4>Young Caregivers Association<\/h4>\n<\/div><\/section><br \/>\n<div  class='avia-button-wrap av-lehvbq0t-b4060459275b4628d14fae38abf651c8-wrap avia-button-left  avia-builder-el-16  el_after_av_textblock  avia-builder-el-last '><a href='https:\/\/youngcaregivers.ca\/'  class='avia-button av-lehvbq0t-b4060459275b4628d14fae38abf651c8 av-link-btn avia-icon_select-no avia-size-small avia-position-left avia-color-theme-color'  target=\"_blank\"  rel=\"noopener noreferrer\"  aria-label=\"En savoir plus\"><span class='avia_iconbox_title' >En savoir plus<\/span><\/a><\/div><\/p><\/div><div class='av-flex-placeholder'><\/div>\n<style type=\"text\/css\" data-created_by=\"avia_inline_auto\" id=\"style-css-av-6heit6-0a0adf6487489b2876b750995cfc376b\">\n#top .flex_column_table.av-equal-height-column-flextable.av-6heit6-0a0adf6487489b2876b750995cfc376b{\nmargin-top:1%;\nmargin-bottom:1%;\n}\n.flex_column.av-6heit6-0a0adf6487489b2876b750995cfc376b{\nwidth:23.5%;\nmargin-left:0;\npadding:20px 20px 20px 20px;\nbackground-color:#ffffff;\n}\n#top .flex_column_table.av-equal-height-column-flextable.av-6heit6-0a0adf6487489b2876b750995cfc376b .av-flex-placeholder{\nwidth:2%;\n}\n<\/style>\n<div  class='flex_column av-6heit6-0a0adf6487489b2876b750995cfc376b av_one_fourth  avia-builder-el-17  el_after_av_one_fourth  el_before_av_one_fourth  flex_column_table_cell av-equal-height-column av-align-top av-animated-generic fade-in  column-top-margin'     ><\/div><div class='av-flex-placeholder'><\/div>\n<style type=\"text\/css\" data-created_by=\"avia_inline_auto\" id=\"style-css-av-4ofwzu-fa02bb902a065f716c2cdbbd0406a57d\">\n#top .flex_column_table.av-equal-height-column-flextable.av-4ofwzu-fa02bb902a065f716c2cdbbd0406a57d{\nmargin-top:1%;\nmargin-bottom:1%;\n}\n.flex_column.av-4ofwzu-fa02bb902a065f716c2cdbbd0406a57d{\nwidth:23.5%;\nmargin-left:0;\npadding:20px 20px 20px 20px;\nbackground-color:#ffffff;\n}\n#top .flex_column_table.av-equal-height-column-flextable.av-4ofwzu-fa02bb902a065f716c2cdbbd0406a57d .av-flex-placeholder{\nwidth:2%;\n}\n<\/style>\n<div  class='flex_column av-4ofwzu-fa02bb902a065f716c2cdbbd0406a57d av_one_fourth  avia-builder-el-18  el_after_av_one_fourth  el_before_av_one_fourth  flex_column_table_cell av-equal-height-column av-align-top av-animated-generic fade-in  column-top-margin'     ><\/div><div class='av-flex-placeholder'><\/div>\n<style type=\"text\/css\" data-created_by=\"avia_inline_auto\" id=\"style-css-av-1yge96-d6208667f150c9a4212026ee968cb1dc\">\n#top .flex_column_table.av-equal-height-column-flextable.av-1yge96-d6208667f150c9a4212026ee968cb1dc{\nmargin-top:1%;\nmargin-bottom:1%;\n}\n.flex_column.av-1yge96-d6208667f150c9a4212026ee968cb1dc{\nwidth:23.5%;\nmargin-left:0;\npadding:20px 20px 20px 20px;\nbackground-color:#ffffff;\n}\n#top .flex_column_table.av-equal-height-column-flextable.av-1yge96-d6208667f150c9a4212026ee968cb1dc .av-flex-placeholder{\nwidth:2%;\n}\n<\/style>\n<div  class='flex_column av-1yge96-d6208667f150c9a4212026ee968cb1dc av_one_fourth  avia-builder-el-19  el_after_av_one_fourth  avia-builder-el-last  flex_column_table_cell av-equal-height-column av-align-top av-animated-generic fade-in  column-top-margin'     ><\/div><\/div><!--close column table wrapper. Autoclose: 1 --><\/div><\/div><\/div><!-- close content main div --><\/div><\/div><div id='after_section_1'  class='main_color av_default_container_wrap container_wrap sidebar_right'  ><div class='container av-section-cont-open' ><div class='template-page content  av-content-small alpha units'><div class='post-entry post-entry-type-page post-entry-9003'><div class='entry-content-wrapper clearfix'>\n","protected":false},"excerpt":{"rendered":"","protected":false},"author":94,"featured_media":8419,"parent":9042,"menu_order":0,"comment_status":"closed","ping_status":"closed","template":"","meta":{"_bbp_topic_count":0,"_bbp_reply_count":0,"_bbp_total_topic_count":0,"_bbp_total_reply_count":0,"_bbp_voice_count":0,"_bbp_anonymous_reply_count":0,"_bbp_topic_count_hidden":0,"_bbp_reply_count_hidden":0,"_bbp_forum_subforum_count":0,"footnotes":""},"class_list":["post-9003","page","type-page","status-publish","has-post-thumbnail","hentry"],"yoast_head":"<!-- This site is optimized with the Yoast SEO plugin v27.3 - https:\/\/yoast.com\/product\/yoast-seo-wordpress\/ -->\n<title>Proches aidants - Niagara Ontario Health Team - \u00c9quipe Sant\u00e9 Ontario Niagara<\/title>\n<meta name=\"robots\" content=\"index, follow, max-snippet:-1, max-image-preview:large, max-video-preview:-1\" \/>\n<link rel=\"canonical\" href=\"https:\/\/noht-eson.ca\/fr\/explorateur-de-ressources__trashed\/proches-aidants\/\" \/>\n<meta property=\"og:locale\" content=\"fr_FR\" \/>\n<meta property=\"og:type\" content=\"article\" \/>\n<meta property=\"og:title\" content=\"Proches aidants - Niagara Ontario Health Team - \u00c9quipe Sant\u00e9 Ontario Niagara\" \/>\n<meta property=\"og:url\" content=\"https:\/\/noht-eson.ca\/fr\/explorateur-de-ressources__trashed\/proches-aidants\/\" \/>\n<meta property=\"og:site_name\" content=\"Niagara Ontario Health Team - \u00c9quipe Sant\u00e9 Ontario Niagara\" \/>\n<meta property=\"article:publisher\" content=\"https:\/\/facebook.com\/NiagaraOHT\/\" \/>\n<meta property=\"article:modified_time\" content=\"2023-03-21T00:29:55+00:00\" \/>\n<meta property=\"og:image\" content=\"https:\/\/noht-eson.ca\/wp-content\/uploads\/shutterstock_655349716-1030x687.jpg\" \/>\n\t<meta property=\"og:image:width\" content=\"1030\" \/>\n\t<meta property=\"og:image:height\" content=\"687\" \/>\n\t<meta property=\"og:image:type\" content=\"image\/jpeg\" \/>\n<meta name=\"twitter:card\" content=\"summary_large_image\" \/>\n<meta name=\"twitter:site\" content=\"@niagaraoht\" \/>\n<meta name=\"twitter:label1\" content=\"Dur\u00e9e de lecture estim\u00e9e\" \/>\n\t<meta name=\"twitter:data1\" content=\"8 minutes\" \/>\n<script type=\"application\/ld+json\" class=\"yoast-schema-graph\">{\"@context\":\"https:\\\/\\\/schema.org\",\"@graph\":[{\"@type\":\"WebPage\",\"@id\":\"https:\\\/\\\/noht-eson.ca\\\/fr\\\/explorateur-de-ressources__trashed\\\/proches-aidants\\\/\",\"url\":\"https:\\\/\\\/noht-eson.ca\\\/fr\\\/explorateur-de-ressources__trashed\\\/proches-aidants\\\/\",\"name\":\"Proches aidants - Niagara Ontario Health Team - \u00c9quipe Sant\u00e9 Ontario Niagara\",\"isPartOf\":{\"@id\":\"https:\\\/\\\/noht-eson.ca\\\/#website\"},\"primaryImageOfPage\":{\"@id\":\"https:\\\/\\\/noht-eson.ca\\\/fr\\\/explorateur-de-ressources__trashed\\\/proches-aidants\\\/#primaryimage\"},\"image\":{\"@id\":\"https:\\\/\\\/noht-eson.ca\\\/fr\\\/explorateur-de-ressources__trashed\\\/proches-aidants\\\/#primaryimage\"},\"thumbnailUrl\":\"https:\\\/\\\/noht-eson.ca\\\/wp-content\\\/uploads\\\/shutterstock_655349716-scaled-e1677770522812.jpg\",\"datePublished\":\"2023-03-21T00:29:23+00:00\",\"dateModified\":\"2023-03-21T00:29:55+00:00\",\"breadcrumb\":{\"@id\":\"https:\\\/\\\/noht-eson.ca\\\/fr\\\/explorateur-de-ressources__trashed\\\/proches-aidants\\\/#breadcrumb\"},\"inLanguage\":\"fr-FR\",\"potentialAction\":[{\"@type\":\"ReadAction\",\"target\":[\"https:\\\/\\\/noht-eson.ca\\\/fr\\\/explorateur-de-ressources__trashed\\\/proches-aidants\\\/\"]}]},{\"@type\":\"ImageObject\",\"inLanguage\":\"fr-FR\",\"@id\":\"https:\\\/\\\/noht-eson.ca\\\/fr\\\/explorateur-de-ressources__trashed\\\/proches-aidants\\\/#primaryimage\",\"url\":\"https:\\\/\\\/noht-eson.ca\\\/wp-content\\\/uploads\\\/shutterstock_655349716-scaled-e1677770522812.jpg\",\"contentUrl\":\"https:\\\/\\\/noht-eson.ca\\\/wp-content\\\/uploads\\\/shutterstock_655349716-scaled-e1677770522812.jpg\",\"width\":2560,\"height\":1707},{\"@type\":\"BreadcrumbList\",\"@id\":\"https:\\\/\\\/noht-eson.ca\\\/fr\\\/explorateur-de-ressources__trashed\\\/proches-aidants\\\/#breadcrumb\",\"itemListElement\":[{\"@type\":\"ListItem\",\"position\":1,\"name\":\"Home\",\"item\":\"https:\\\/\\\/noht-eson.ca\\\/fr\\\/\"},{\"@type\":\"ListItem\",\"position\":2,\"name\":\"Proches aidants\"}]},{\"@type\":\"WebSite\",\"@id\":\"https:\\\/\\\/noht-eson.ca\\\/#website\",\"url\":\"https:\\\/\\\/noht-eson.ca\\\/\",\"name\":\"Niagara Ontario Health Team - \u00c9quipe Sant\u00e9 Ontario Niagara\",\"description\":\"Exceptional, connected care, now and for future generations\",\"publisher\":{\"@id\":\"https:\\\/\\\/noht-eson.ca\\\/#organization\"},\"potentialAction\":[{\"@type\":\"SearchAction\",\"target\":{\"@type\":\"EntryPoint\",\"urlTemplate\":\"https:\\\/\\\/noht-eson.ca\\\/?s={search_term_string}\"},\"query-input\":{\"@type\":\"PropertyValueSpecification\",\"valueRequired\":true,\"valueName\":\"search_term_string\"}}],\"inLanguage\":\"fr-FR\"},{\"@type\":\"Organization\",\"@id\":\"https:\\\/\\\/noht-eson.ca\\\/#organization\",\"name\":\"Niagara Ontario Health Team - \u00c9quipe Sant\u00e9 Ontario Niagara\",\"url\":\"https:\\\/\\\/noht-eson.ca\\\/\",\"logo\":{\"@type\":\"ImageObject\",\"inLanguage\":\"fr-FR\",\"@id\":\"https:\\\/\\\/noht-eson.ca\\\/#\\\/schema\\\/logo\\\/image\\\/\",\"url\":\"https:\\\/\\\/noht-eson.ca\\\/wp-content\\\/uploads\\\/NOHT_ESON_Logo_FINAL-1.jpg\",\"contentUrl\":\"https:\\\/\\\/noht-eson.ca\\\/wp-content\\\/uploads\\\/NOHT_ESON_Logo_FINAL-1.jpg\",\"width\":1500,\"height\":500,\"caption\":\"Niagara Ontario Health Team - \u00c9quipe Sant\u00e9 Ontario Niagara\"},\"image\":{\"@id\":\"https:\\\/\\\/noht-eson.ca\\\/#\\\/schema\\\/logo\\\/image\\\/\"},\"sameAs\":[\"https:\\\/\\\/facebook.com\\\/NiagaraOHT\\\/\",\"https:\\\/\\\/x.com\\\/niagaraoht\"]}]}<\/script>\n<!-- \/ Yoast SEO plugin. -->","yoast_head_json":{"title":"Proches aidants - Niagara Ontario Health Team - \u00c9quipe Sant\u00e9 Ontario Niagara","robots":{"index":"index","follow":"follow","max-snippet":"max-snippet:-1","max-image-preview":"max-image-preview:large","max-video-preview":"max-video-preview:-1"},"canonical":"https:\/\/noht-eson.ca\/fr\/explorateur-de-ressources__trashed\/proches-aidants\/","og_locale":"fr_FR","og_type":"article","og_title":"Proches aidants - Niagara Ontario Health Team - \u00c9quipe Sant\u00e9 Ontario Niagara","og_url":"https:\/\/noht-eson.ca\/fr\/explorateur-de-ressources__trashed\/proches-aidants\/","og_site_name":"Niagara Ontario Health Team - \u00c9quipe Sant\u00e9 Ontario Niagara","article_publisher":"https:\/\/facebook.com\/NiagaraOHT\/","article_modified_time":"2023-03-21T00:29:55+00:00","og_image":[{"width":1030,"height":687,"url":"https:\/\/noht-eson.ca\/wp-content\/uploads\/shutterstock_655349716-1030x687.jpg","type":"image\/jpeg"}],"twitter_card":"summary_large_image","twitter_site":"@niagaraoht","twitter_misc":{"Dur\u00e9e de lecture estim\u00e9e":"8 minutes"},"schema":{"@context":"https:\/\/schema.org","@graph":[{"@type":"WebPage","@id":"https:\/\/noht-eson.ca\/fr\/explorateur-de-ressources__trashed\/proches-aidants\/","url":"https:\/\/noht-eson.ca\/fr\/explorateur-de-ressources__trashed\/proches-aidants\/","name":"Proches aidants - Niagara Ontario Health Team - \u00c9quipe Sant\u00e9 Ontario Niagara","isPartOf":{"@id":"https:\/\/noht-eson.ca\/#website"},"primaryImageOfPage":{"@id":"https:\/\/noht-eson.ca\/fr\/explorateur-de-ressources__trashed\/proches-aidants\/#primaryimage"},"image":{"@id":"https:\/\/noht-eson.ca\/fr\/explorateur-de-ressources__trashed\/proches-aidants\/#primaryimage"},"thumbnailUrl":"https:\/\/noht-eson.ca\/wp-content\/uploads\/shutterstock_655349716-scaled-e1677770522812.jpg","datePublished":"2023-03-21T00:29:23+00:00","dateModified":"2023-03-21T00:29:55+00:00","breadcrumb":{"@id":"https:\/\/noht-eson.ca\/fr\/explorateur-de-ressources__trashed\/proches-aidants\/#breadcrumb"},"inLanguage":"fr-FR","potentialAction":[{"@type":"ReadAction","target":["https:\/\/noht-eson.ca\/fr\/explorateur-de-ressources__trashed\/proches-aidants\/"]}]},{"@type":"ImageObject","inLanguage":"fr-FR","@id":"https:\/\/noht-eson.ca\/fr\/explorateur-de-ressources__trashed\/proches-aidants\/#primaryimage","url":"https:\/\/noht-eson.ca\/wp-content\/uploads\/shutterstock_655349716-scaled-e1677770522812.jpg","contentUrl":"https:\/\/noht-eson.ca\/wp-content\/uploads\/shutterstock_655349716-scaled-e1677770522812.jpg","width":2560,"height":1707},{"@type":"BreadcrumbList","@id":"https:\/\/noht-eson.ca\/fr\/explorateur-de-ressources__trashed\/proches-aidants\/#breadcrumb","itemListElement":[{"@type":"ListItem","position":1,"name":"Home","item":"https:\/\/noht-eson.ca\/fr\/"},{"@type":"ListItem","position":2,"name":"Proches aidants"}]},{"@type":"WebSite","@id":"https:\/\/noht-eson.ca\/#website","url":"https:\/\/noht-eson.ca\/","name":"Niagara Ontario Health Team - \u00c9quipe Sant\u00e9 Ontario Niagara","description":"Exceptional, connected care, now and for future generations","publisher":{"@id":"https:\/\/noht-eson.ca\/#organization"},"potentialAction":[{"@type":"SearchAction","target":{"@type":"EntryPoint","urlTemplate":"https:\/\/noht-eson.ca\/?s={search_term_string}"},"query-input":{"@type":"PropertyValueSpecification","valueRequired":true,"valueName":"search_term_string"}}],"inLanguage":"fr-FR"},{"@type":"Organization","@id":"https:\/\/noht-eson.ca\/#organization","name":"Niagara Ontario Health Team - \u00c9quipe Sant\u00e9 Ontario Niagara","url":"https:\/\/noht-eson.ca\/","logo":{"@type":"ImageObject","inLanguage":"fr-FR","@id":"https:\/\/noht-eson.ca\/#\/schema\/logo\/image\/","url":"https:\/\/noht-eson.ca\/wp-content\/uploads\/NOHT_ESON_Logo_FINAL-1.jpg","contentUrl":"https:\/\/noht-eson.ca\/wp-content\/uploads\/NOHT_ESON_Logo_FINAL-1.jpg","width":1500,"height":500,"caption":"Niagara Ontario Health Team - \u00c9quipe Sant\u00e9 Ontario Niagara"},"image":{"@id":"https:\/\/noht-eson.ca\/#\/schema\/logo\/image\/"},"sameAs":["https:\/\/facebook.com\/NiagaraOHT\/","https:\/\/x.com\/niagaraoht"]}]}},"_links":{"self":[{"href":"https:\/\/noht-eson.ca\/fr\/wp-json\/wp\/v2\/pages\/9003","targetHints":{"allow":["GET"]}}],"collection":[{"href":"https:\/\/noht-eson.ca\/fr\/wp-json\/wp\/v2\/pages"}],"about":[{"href":"https:\/\/noht-eson.ca\/fr\/wp-json\/wp\/v2\/types\/page"}],"author":[{"embeddable":true,"href":"https:\/\/noht-eson.ca\/fr\/wp-json\/wp\/v2\/users\/94"}],"replies":[{"embeddable":true,"href":"https:\/\/noht-eson.ca\/fr\/wp-json\/wp\/v2\/comments?post=9003"}],"version-history":[{"count":2,"href":"https:\/\/noht-eson.ca\/fr\/wp-json\/wp\/v2\/pages\/9003\/revisions"}],"predecessor-version":[{"id":9005,"href":"https:\/\/noht-eson.ca\/fr\/wp-json\/wp\/v2\/pages\/9003\/revisions\/9005"}],"up":[{"embeddable":true,"href":"https:\/\/noht-eson.ca\/fr\/wp-json\/wp\/v2\/pages\/9042"}],"wp:featuredmedia":[{"embeddable":true,"href":"https:\/\/noht-eson.ca\/fr\/wp-json\/wp\/v2\/media\/8419"}],"wp:attachment":[{"href":"https:\/\/noht-eson.ca\/fr\/wp-json\/wp\/v2\/media?parent=9003"}],"curies":[{"name":"wp","href":"https:\/\/api.w.org\/{rel}","templated":true}]}}