{"id":8971,"date":"2023-03-20T19:06:12","date_gmt":"2023-03-20T23:06:12","guid":{"rendered":"https:\/\/noht-eson.ca\/?page_id=8971"},"modified":"2023-03-20T19:06:12","modified_gmt":"2023-03-20T23:06:12","slug":"sante-a-domicile","status":"publish","type":"page","link":"https:\/\/noht-eson.ca\/fr\/explorateur-de-ressources\/sante-a-domicile\/","title":{"rendered":"Sant\u00e9 \u00e0 domicile"},"content":{"rendered":"\n<style type=\"text\/css\" data-created_by=\"avia_inline_auto\" id=\"style-css-av-ldup1tp3-475cbca678904b22534d8d129f66c076\">\n#top .av-special-heading.av-ldup1tp3-475cbca678904b22534d8d129f66c076{\npadding-bottom:10px;\n}\nbody .av-special-heading.av-ldup1tp3-475cbca678904b22534d8d129f66c076 .av-special-heading-tag .heading-char{\nfont-size:25px;\n}\n.av-special-heading.av-ldup1tp3-475cbca678904b22534d8d129f66c076 .av-subheading{\nfont-size:15px;\n}\n<\/style>\n<div  class='av-special-heading av-ldup1tp3-475cbca678904b22534d8d129f66c076 av-special-heading-h1 blockquote modern-quote modern-centered  avia-builder-el-0  el_before_av_section  avia-builder-el-no-sibling '><div class='av-subheading av-subheading_above'><p>Je suis \u00e0 la recherche de<\/p>\n<\/div><h1 class='av-special-heading-tag '  itemprop=\"headline\"  >Services de sant\u00e9 \u00e0 domicile et de soutien communautaire<\/h1><div class=\"special-heading-border\"><div class=\"special-heading-inner-border\"><\/div><\/div><\/div>\n<\/div><\/div><\/div><!-- close content main div --><\/div><\/div><div id='resources-1'  class='avia-section av-mx58ob-2c13c808e091bbebc8e9a973efc951be main_color avia-section-default avia-no-border-styling  avia-builder-el-1  el_after_av_heading  avia-builder-el-last  avia-bg-style-scroll container_wrap sidebar_right'  ><div class='container av-section-cont-open' ><div class='template-page content  av-content-small alpha units'><div class='post-entry post-entry-type-page post-entry-8971'><div class='entry-content-wrapper clearfix'>\n<div class='flex_column_table av-8t7hmz-decb694ce915b3b4f9c706273209ee20 sc-av_one_fourth av-equal-height-column-flextable'>\n<style type=\"text\/css\" data-created_by=\"avia_inline_auto\" id=\"style-css-av-8t7hmz-decb694ce915b3b4f9c706273209ee20\">\n#top .flex_column_table.av-equal-height-column-flextable.av-8t7hmz-decb694ce915b3b4f9c706273209ee20{\nmargin-top:1%;\nmargin-bottom:1%;\n}\n.flex_column.av-8t7hmz-decb694ce915b3b4f9c706273209ee20{\nwidth:23.5%;\nmargin-left:0;\npadding:20px 20px 20px 20px;\nbackground-color:#ffffff;\n}\n#top .flex_column_table.av-equal-height-column-flextable.av-8t7hmz-decb694ce915b3b4f9c706273209ee20 .av-flex-placeholder{\nwidth:2%;\n}\n<\/style>\n<div  class='flex_column av-8t7hmz-decb694ce915b3b4f9c706273209ee20 av_one_fourth  avia-builder-el-2  el_before_av_one_fourth  avia-builder-el-first  first flex_column_table_cell av-equal-height-column av-align-top av-animated-generic fade-in  '     ><section  class='av_textblock_section av-leq580m1-972f7b4372db36ea05988ca187b9f2fc '   itemscope=\"itemscope\" itemtype=\"https:\/\/schema.org\/CreativeWork\" ><div class='avia_textblock'  itemprop=\"text\" ><h4>Happy in my Home Community Support Services of Niagara<\/h4>\n<p>Happy in my Home, Community Support Services of Niagara est un service de soutien communautaire bas\u00e9 sur le b\u00e9n\u00e9volat et ax\u00e9 sur le client qui aide les personnes \u00e2g\u00e9es et les adultes handicap\u00e9s \u00e0 vivre de fa\u00e7on autonome dans leur propre domicile.<\/p>\n<\/div><\/section><br \/>\n<div  class='avia-button-wrap av-leq557n6-2dd370d4e9838f93f1930de1c5b45d78-wrap avia-button-left  avia-builder-el-4  el_after_av_textblock  avia-builder-el-last '><a href='https:\/\/happyinmyhome.ca\/'  class='avia-button av-leq557n6-2dd370d4e9838f93f1930de1c5b45d78 av-link-btn avia-icon_select-no avia-size-small avia-position-left avia-color-theme-color'  target=\"_blank\"  rel=\"noopener noreferrer\"  aria-label=\"En savoir plus\"><span class='avia_iconbox_title' >En savoir plus<\/span><\/a><\/div><\/p><\/div><div class='av-flex-placeholder'><\/div>\n<style type=\"text\/css\" data-created_by=\"avia_inline_auto\" id=\"style-css-av-6we7jf-7f3b561c59eda8c66b111ca992e46567\">\n#top .flex_column_table.av-equal-height-column-flextable.av-6we7jf-7f3b561c59eda8c66b111ca992e46567{\nmargin-top:1%;\nmargin-bottom:1%;\n}\n.flex_column.av-6we7jf-7f3b561c59eda8c66b111ca992e46567{\nwidth:23.5%;\nmargin-left:0;\npadding:20px 20px 20px 20px;\nbackground-color:#ffffff;\n}\n#top .flex_column_table.av-equal-height-column-flextable.av-6we7jf-7f3b561c59eda8c66b111ca992e46567 .av-flex-placeholder{\nwidth:2%;\n}\n<\/style>\n<div  class='flex_column av-6we7jf-7f3b561c59eda8c66b111ca992e46567 av_one_fourth  avia-builder-el-5  el_after_av_one_fourth  el_before_av_one_fourth  flex_column_table_cell av-equal-height-column av-align-top av-animated-generic fade-in  '     ><section  class='av_textblock_section av-631yuj-d133c390a82ab8282df1b03bba79da62 '   itemscope=\"itemscope\" itemtype=\"https:\/\/schema.org\/CreativeWork\" ><div class='avia_textblock'  itemprop=\"text\" ><h4>lignesant\u00e9hnhb.ca \u2013 Services de soutien \u00e0 domicile et en milieu communautaire<\/h4>\n<p>Les programmes de soins de sant\u00e9 \u00e0 domicile aident les personnes de tout \u00e2ge aux prises avec une vaste gamme de probl\u00e8mes de sant\u00e9 et de handicaps, et ce, \u00e0 domicile, \u00e0 l\u2019\u00e9cole et dans la communaut\u00e9. On peut recourir \u00e0 ces programmes directement, ou ils peuvent \u00eatre couverts par des r\u00e9gimes d\u2019assurance priv\u00e9s ou financ\u00e9s par le gouvernement. En Ontario, les Services de soutien \u00e0 domicile et en milieu communautaire g\u00e8rent les soins de sant\u00e9 \u00e0 domicile subventionn\u00e9s par le gouvernement. Les programmes d\u2019aide \u00e0 la vie autonome offrent un soutien, y compris de l\u2019\u00e9quipement m\u00e9dical et des fournitures m\u00e9dicales, afin que les personnes puissent vivre de mani\u00e8re autonome chez elles le plus longtemps possible.<\/p>\n<\/div><\/section><br \/>\n<div  class='avia-button-wrap av-46zh97-2eed6b6bc43862169d7427440f51a9fc-wrap avia-button-left  avia-builder-el-7  el_after_av_textblock  avia-builder-el-last '><a href='https:\/\/www.lignesantehnhb.ca\/listCategories.aspx?id=10012'  class='avia-button av-46zh97-2eed6b6bc43862169d7427440f51a9fc av-link-btn avia-icon_select-no avia-size-small avia-position-left avia-color-theme-color'  target=\"_blank\"  rel=\"noopener noreferrer\"  aria-label=\"En savoir plus\"><span class='avia_iconbox_title' >En savoir plus<\/span><\/a><\/div><\/p><\/div><div class='av-flex-placeholder'><\/div>\n<style type=\"text\/css\" data-created_by=\"avia_inline_auto\" id=\"style-css-av-k8bauj-3545cb217eca1e907809fa2f5bb2789e\">\n#top .flex_column_table.av-equal-height-column-flextable.av-k8bauj-3545cb217eca1e907809fa2f5bb2789e{\nmargin-top:1%;\nmargin-bottom:1%;\n}\n.flex_column.av-k8bauj-3545cb217eca1e907809fa2f5bb2789e{\nwidth:23.5%;\nmargin-left:0;\npadding:20px 20px 20px 20px;\nbackground-color:#ffffff;\n}\n#top .flex_column_table.av-equal-height-column-flextable.av-k8bauj-3545cb217eca1e907809fa2f5bb2789e .av-flex-placeholder{\nwidth:2%;\n}\n<\/style>\n<div  class='flex_column av-k8bauj-3545cb217eca1e907809fa2f5bb2789e av_one_fourth  avia-builder-el-8  el_after_av_one_fourth  el_before_av_one_fourth  flex_column_table_cell av-equal-height-column av-align-top av-animated-generic fade-in  '     ><section  class='av_textblock_section av-jkdgm3-bd5728bd42e21784451c5ab3a0f5b5c2 '   itemscope=\"itemscope\" itemtype=\"https:\/\/schema.org\/CreativeWork\" ><div class='avia_textblock'  itemprop=\"text\" ><h4>Services de soutien \u00e0 domicile et en milieu communautaire<\/h4>\n<p>Si vous croyez qu\u2019un soutien en mati\u00e8re de soins de sant\u00e9 \u00e0 la maison, \u00e0 l\u2019\u00e9cole ou dans la communaut\u00e9 serait b\u00e9n\u00e9fique pour vous ou pour une personne que vous connaissez, Services de soutien \u00e0 domicile et en milieu communautaire peut ouvrir la porte \u00e0 une vaste panoplie d\u2019options et de possibilit\u00e9s.<\/p>\n<\/div><\/section><br \/>\n<div  class='avia-button-wrap av-hm8du3-7b32623cb911bfe4caf7f17fa12ad9e1-wrap avia-button-left  avia-builder-el-10  el_after_av_textblock  avia-builder-el-last '><a href='https:\/\/healthcareathome.ca\/getting-started\/'  class='avia-button av-hm8du3-7b32623cb911bfe4caf7f17fa12ad9e1 av-link-btn avia-icon_select-no avia-size-small avia-position-left avia-color-theme-color'  target=\"_blank\"  rel=\"noopener noreferrer\"  aria-label=\"En savoir plus\"><span class='avia_iconbox_title' >En savoir plus<\/span><\/a><\/div><\/p><\/div><div class='av-flex-placeholder'><\/div>\n<style type=\"text\/css\" data-created_by=\"avia_inline_auto\" id=\"style-css-av-8ig6z-604b35674ef23ed1f7344d020e142dd3\">\n#top .flex_column_table.av-equal-height-column-flextable.av-8ig6z-604b35674ef23ed1f7344d020e142dd3{\nmargin-top:1%;\nmargin-bottom:1%;\n}\n.flex_column.av-8ig6z-604b35674ef23ed1f7344d020e142dd3{\nwidth:23.5%;\nmargin-left:0;\npadding:20px 20px 20px 20px;\nbackground-color:#ffffff;\n}\n#top .flex_column_table.av-equal-height-column-flextable.av-8ig6z-604b35674ef23ed1f7344d020e142dd3 .av-flex-placeholder{\nwidth:2%;\n}\n<\/style>\n<div  class='flex_column av-8ig6z-604b35674ef23ed1f7344d020e142dd3 av_one_fourth  avia-builder-el-11  el_after_av_one_fourth  avia-builder-el-last  flex_column_table_cell av-equal-height-column av-align-top av-animated-generic fade-in  '     ><section  class='av_textblock_section av-lehgnbr3-d3ef83aae94ca3739c4a80aebc36f016 '   itemscope=\"itemscope\" itemtype=\"https:\/\/schema.org\/CreativeWork\" ><div class='avia_textblock'  itemprop=\"text\" ><h4>Niagara Region &#8211; Mod\u00e8le de soins de sant\u00e9 int\u00e9gr\u00e9 mobile<\/h4>\n<p>Ce mod\u00e8le de soins de sant\u00e9 offre des visites de soins de sant\u00e9 centr\u00e9es sur le patient qui sont :<\/p>\n<ul>\n<li>Faites au domicile du patient ou \u00e0 l\u2019endroit o\u00f9 il se trouve<\/li>\n<li>En fonction des besoins du patient et des services pr\u00e9ventifs n\u00e9cessaires<\/li>\n<li>Services offerts 24 heures sur 24, 7 jours sur 7<\/li>\n<\/ul>\n<\/div><\/section><br \/>\n<div  class='avia-button-wrap av-lehgnscp-22ad9b0bcd966af0a73b79ea71939d46-wrap avia-button-left  avia-builder-el-13  el_after_av_textblock  avia-builder-el-last '><a href='https:\/\/www.niagararegion.ca\/living\/health_wellness\/ems\/mobile-integrated-health.aspx'  class='avia-button av-lehgnscp-22ad9b0bcd966af0a73b79ea71939d46 av-link-btn avia-icon_select-no avia-size-small avia-position-left avia-color-theme-color'  target=\"_blank\"  rel=\"noopener noreferrer\"  aria-label=\"En savoir plus\"><span class='avia_iconbox_title' >En savoir plus<\/span><\/a><\/div><\/p><\/div><\/div><!--close column table wrapper. Autoclose: 1 --><\/div><\/div><\/div><!-- close content main div --><\/div><\/div><div id='after_section_1'  class='main_color av_default_container_wrap container_wrap sidebar_right'  ><div class='container av-section-cont-open' ><div class='template-page content  av-content-small alpha units'><div class='post-entry post-entry-type-page post-entry-8971'><div class='entry-content-wrapper clearfix'>\n","protected":false},"excerpt":{"rendered":"","protected":false},"author":94,"featured_media":8396,"parent":9042,"menu_order":0,"comment_status":"closed","ping_status":"closed","template":"","meta":{"_bbp_topic_count":0,"_bbp_reply_count":0,"_bbp_total_topic_count":0,"_bbp_total_reply_count":0,"_bbp_voice_count":0,"_bbp_anonymous_reply_count":0,"_bbp_topic_count_hidden":0,"_bbp_reply_count_hidden":0,"_bbp_forum_subforum_count":0,"footnotes":""},"class_list":["post-8971","page","type-page","status-publish","has-post-thumbnail","hentry"],"yoast_head":"<!-- This site is optimized with the Yoast SEO plugin v27.3 - https:\/\/yoast.com\/product\/yoast-seo-wordpress\/ -->\n<title>Sant\u00e9 \u00e0 domicile - Niagara Ontario Health Team - \u00c9quipe Sant\u00e9 Ontario Niagara<\/title>\n<meta name=\"robots\" content=\"index, follow, max-snippet:-1, max-image-preview:large, max-video-preview:-1\" \/>\n<link rel=\"canonical\" href=\"https:\/\/noht-eson.ca\/fr\/explorateur-de-ressources__trashed\/sante-a-domicile\/\" \/>\n<meta property=\"og:locale\" content=\"fr_FR\" \/>\n<meta property=\"og:type\" content=\"article\" \/>\n<meta property=\"og:title\" content=\"Sant\u00e9 \u00e0 domicile - Niagara Ontario Health Team - \u00c9quipe Sant\u00e9 Ontario Niagara\" \/>\n<meta property=\"og:url\" content=\"https:\/\/noht-eson.ca\/fr\/explorateur-de-ressources__trashed\/sante-a-domicile\/\" \/>\n<meta property=\"og:site_name\" content=\"Niagara Ontario Health Team - \u00c9quipe Sant\u00e9 Ontario Niagara\" \/>\n<meta property=\"article:publisher\" content=\"https:\/\/facebook.com\/NiagaraOHT\/\" \/>\n<meta property=\"og:image\" content=\"https:\/\/noht-eson.ca\/wp-content\/uploads\/shutterstock_128133455-1030x687.jpg\" \/>\n\t<meta property=\"og:image:width\" content=\"1030\" \/>\n\t<meta property=\"og:image:height\" content=\"687\" \/>\n\t<meta property=\"og:image:type\" content=\"image\/jpeg\" \/>\n<meta name=\"twitter:card\" content=\"summary_large_image\" \/>\n<meta name=\"twitter:site\" content=\"@niagaraoht\" \/>\n<meta name=\"twitter:label1\" content=\"Dur\u00e9e de lecture estim\u00e9e\" \/>\n\t<meta name=\"twitter:data1\" content=\"6 minutes\" \/>\n<script type=\"application\/ld+json\" class=\"yoast-schema-graph\">{\"@context\":\"https:\\\/\\\/schema.org\",\"@graph\":[{\"@type\":\"WebPage\",\"@id\":\"https:\\\/\\\/noht-eson.ca\\\/fr\\\/explorateur-de-ressources__trashed\\\/sante-a-domicile\\\/\",\"url\":\"https:\\\/\\\/noht-eson.ca\\\/fr\\\/explorateur-de-ressources__trashed\\\/sante-a-domicile\\\/\",\"name\":\"Sant\u00e9 \u00e0 domicile - Niagara Ontario Health Team - \u00c9quipe Sant\u00e9 Ontario Niagara\",\"isPartOf\":{\"@id\":\"https:\\\/\\\/noht-eson.ca\\\/#website\"},\"primaryImageOfPage\":{\"@id\":\"https:\\\/\\\/noht-eson.ca\\\/fr\\\/explorateur-de-ressources__trashed\\\/sante-a-domicile\\\/#primaryimage\"},\"image\":{\"@id\":\"https:\\\/\\\/noht-eson.ca\\\/fr\\\/explorateur-de-ressources__trashed\\\/sante-a-domicile\\\/#primaryimage\"},\"thumbnailUrl\":\"https:\\\/\\\/noht-eson.ca\\\/wp-content\\\/uploads\\\/shutterstock_128133455-scaled-e1677770100642.jpg\",\"datePublished\":\"2023-03-20T23:06:12+00:00\",\"breadcrumb\":{\"@id\":\"https:\\\/\\\/noht-eson.ca\\\/fr\\\/explorateur-de-ressources__trashed\\\/sante-a-domicile\\\/#breadcrumb\"},\"inLanguage\":\"fr-FR\",\"potentialAction\":[{\"@type\":\"ReadAction\",\"target\":[\"https:\\\/\\\/noht-eson.ca\\\/fr\\\/explorateur-de-ressources__trashed\\\/sante-a-domicile\\\/\"]}]},{\"@type\":\"ImageObject\",\"inLanguage\":\"fr-FR\",\"@id\":\"https:\\\/\\\/noht-eson.ca\\\/fr\\\/explorateur-de-ressources__trashed\\\/sante-a-domicile\\\/#primaryimage\",\"url\":\"https:\\\/\\\/noht-eson.ca\\\/wp-content\\\/uploads\\\/shutterstock_128133455-scaled-e1677770100642.jpg\",\"contentUrl\":\"https:\\\/\\\/noht-eson.ca\\\/wp-content\\\/uploads\\\/shutterstock_128133455-scaled-e1677770100642.jpg\",\"width\":2560,\"height\":1707},{\"@type\":\"BreadcrumbList\",\"@id\":\"https:\\\/\\\/noht-eson.ca\\\/fr\\\/explorateur-de-ressources__trashed\\\/sante-a-domicile\\\/#breadcrumb\",\"itemListElement\":[{\"@type\":\"ListItem\",\"position\":1,\"name\":\"Home\",\"item\":\"https:\\\/\\\/noht-eson.ca\\\/fr\\\/\"},{\"@type\":\"ListItem\",\"position\":2,\"name\":\"Sant\u00e9 \u00e0 domicile\"}]},{\"@type\":\"WebSite\",\"@id\":\"https:\\\/\\\/noht-eson.ca\\\/#website\",\"url\":\"https:\\\/\\\/noht-eson.ca\\\/\",\"name\":\"Niagara Ontario Health Team - \u00c9quipe Sant\u00e9 Ontario Niagara\",\"description\":\"Exceptional, connected care, now and for future generations\",\"publisher\":{\"@id\":\"https:\\\/\\\/noht-eson.ca\\\/#organization\"},\"potentialAction\":[{\"@type\":\"SearchAction\",\"target\":{\"@type\":\"EntryPoint\",\"urlTemplate\":\"https:\\\/\\\/noht-eson.ca\\\/?s={search_term_string}\"},\"query-input\":{\"@type\":\"PropertyValueSpecification\",\"valueRequired\":true,\"valueName\":\"search_term_string\"}}],\"inLanguage\":\"fr-FR\"},{\"@type\":\"Organization\",\"@id\":\"https:\\\/\\\/noht-eson.ca\\\/#organization\",\"name\":\"Niagara Ontario Health Team - \u00c9quipe Sant\u00e9 Ontario Niagara\",\"url\":\"https:\\\/\\\/noht-eson.ca\\\/\",\"logo\":{\"@type\":\"ImageObject\",\"inLanguage\":\"fr-FR\",\"@id\":\"https:\\\/\\\/noht-eson.ca\\\/#\\\/schema\\\/logo\\\/image\\\/\",\"url\":\"https:\\\/\\\/noht-eson.ca\\\/wp-content\\\/uploads\\\/NOHT_ESON_Logo_FINAL-1.jpg\",\"contentUrl\":\"https:\\\/\\\/noht-eson.ca\\\/wp-content\\\/uploads\\\/NOHT_ESON_Logo_FINAL-1.jpg\",\"width\":1500,\"height\":500,\"caption\":\"Niagara Ontario Health Team - \u00c9quipe Sant\u00e9 Ontario Niagara\"},\"image\":{\"@id\":\"https:\\\/\\\/noht-eson.ca\\\/#\\\/schema\\\/logo\\\/image\\\/\"},\"sameAs\":[\"https:\\\/\\\/facebook.com\\\/NiagaraOHT\\\/\",\"https:\\\/\\\/x.com\\\/niagaraoht\"]}]}<\/script>\n<!-- \/ Yoast SEO plugin. -->","yoast_head_json":{"title":"Sant\u00e9 \u00e0 domicile - Niagara Ontario Health Team - \u00c9quipe Sant\u00e9 Ontario Niagara","robots":{"index":"index","follow":"follow","max-snippet":"max-snippet:-1","max-image-preview":"max-image-preview:large","max-video-preview":"max-video-preview:-1"},"canonical":"https:\/\/noht-eson.ca\/fr\/explorateur-de-ressources__trashed\/sante-a-domicile\/","og_locale":"fr_FR","og_type":"article","og_title":"Sant\u00e9 \u00e0 domicile - Niagara Ontario Health Team - \u00c9quipe Sant\u00e9 Ontario Niagara","og_url":"https:\/\/noht-eson.ca\/fr\/explorateur-de-ressources__trashed\/sante-a-domicile\/","og_site_name":"Niagara Ontario Health Team - \u00c9quipe Sant\u00e9 Ontario Niagara","article_publisher":"https:\/\/facebook.com\/NiagaraOHT\/","og_image":[{"width":1030,"height":687,"url":"https:\/\/noht-eson.ca\/wp-content\/uploads\/shutterstock_128133455-1030x687.jpg","type":"image\/jpeg"}],"twitter_card":"summary_large_image","twitter_site":"@niagaraoht","twitter_misc":{"Dur\u00e9e de lecture estim\u00e9e":"6 minutes"},"schema":{"@context":"https:\/\/schema.org","@graph":[{"@type":"WebPage","@id":"https:\/\/noht-eson.ca\/fr\/explorateur-de-ressources__trashed\/sante-a-domicile\/","url":"https:\/\/noht-eson.ca\/fr\/explorateur-de-ressources__trashed\/sante-a-domicile\/","name":"Sant\u00e9 \u00e0 domicile - Niagara Ontario Health Team - \u00c9quipe Sant\u00e9 Ontario Niagara","isPartOf":{"@id":"https:\/\/noht-eson.ca\/#website"},"primaryImageOfPage":{"@id":"https:\/\/noht-eson.ca\/fr\/explorateur-de-ressources__trashed\/sante-a-domicile\/#primaryimage"},"image":{"@id":"https:\/\/noht-eson.ca\/fr\/explorateur-de-ressources__trashed\/sante-a-domicile\/#primaryimage"},"thumbnailUrl":"https:\/\/noht-eson.ca\/wp-content\/uploads\/shutterstock_128133455-scaled-e1677770100642.jpg","datePublished":"2023-03-20T23:06:12+00:00","breadcrumb":{"@id":"https:\/\/noht-eson.ca\/fr\/explorateur-de-ressources__trashed\/sante-a-domicile\/#breadcrumb"},"inLanguage":"fr-FR","potentialAction":[{"@type":"ReadAction","target":["https:\/\/noht-eson.ca\/fr\/explorateur-de-ressources__trashed\/sante-a-domicile\/"]}]},{"@type":"ImageObject","inLanguage":"fr-FR","@id":"https:\/\/noht-eson.ca\/fr\/explorateur-de-ressources__trashed\/sante-a-domicile\/#primaryimage","url":"https:\/\/noht-eson.ca\/wp-content\/uploads\/shutterstock_128133455-scaled-e1677770100642.jpg","contentUrl":"https:\/\/noht-eson.ca\/wp-content\/uploads\/shutterstock_128133455-scaled-e1677770100642.jpg","width":2560,"height":1707},{"@type":"BreadcrumbList","@id":"https:\/\/noht-eson.ca\/fr\/explorateur-de-ressources__trashed\/sante-a-domicile\/#breadcrumb","itemListElement":[{"@type":"ListItem","position":1,"name":"Home","item":"https:\/\/noht-eson.ca\/fr\/"},{"@type":"ListItem","position":2,"name":"Sant\u00e9 \u00e0 domicile"}]},{"@type":"WebSite","@id":"https:\/\/noht-eson.ca\/#website","url":"https:\/\/noht-eson.ca\/","name":"Niagara Ontario Health Team - \u00c9quipe Sant\u00e9 Ontario Niagara","description":"Exceptional, connected care, now and for future generations","publisher":{"@id":"https:\/\/noht-eson.ca\/#organization"},"potentialAction":[{"@type":"SearchAction","target":{"@type":"EntryPoint","urlTemplate":"https:\/\/noht-eson.ca\/?s={search_term_string}"},"query-input":{"@type":"PropertyValueSpecification","valueRequired":true,"valueName":"search_term_string"}}],"inLanguage":"fr-FR"},{"@type":"Organization","@id":"https:\/\/noht-eson.ca\/#organization","name":"Niagara Ontario Health Team - \u00c9quipe Sant\u00e9 Ontario Niagara","url":"https:\/\/noht-eson.ca\/","logo":{"@type":"ImageObject","inLanguage":"fr-FR","@id":"https:\/\/noht-eson.ca\/#\/schema\/logo\/image\/","url":"https:\/\/noht-eson.ca\/wp-content\/uploads\/NOHT_ESON_Logo_FINAL-1.jpg","contentUrl":"https:\/\/noht-eson.ca\/wp-content\/uploads\/NOHT_ESON_Logo_FINAL-1.jpg","width":1500,"height":500,"caption":"Niagara Ontario Health Team - \u00c9quipe Sant\u00e9 Ontario Niagara"},"image":{"@id":"https:\/\/noht-eson.ca\/#\/schema\/logo\/image\/"},"sameAs":["https:\/\/facebook.com\/NiagaraOHT\/","https:\/\/x.com\/niagaraoht"]}]}},"_links":{"self":[{"href":"https:\/\/noht-eson.ca\/fr\/wp-json\/wp\/v2\/pages\/8971","targetHints":{"allow":["GET"]}}],"collection":[{"href":"https:\/\/noht-eson.ca\/fr\/wp-json\/wp\/v2\/pages"}],"about":[{"href":"https:\/\/noht-eson.ca\/fr\/wp-json\/wp\/v2\/types\/page"}],"author":[{"embeddable":true,"href":"https:\/\/noht-eson.ca\/fr\/wp-json\/wp\/v2\/users\/94"}],"replies":[{"embeddable":true,"href":"https:\/\/noht-eson.ca\/fr\/wp-json\/wp\/v2\/comments?post=8971"}],"version-history":[{"count":2,"href":"https:\/\/noht-eson.ca\/fr\/wp-json\/wp\/v2\/pages\/8971\/revisions"}],"predecessor-version":[{"id":8973,"href":"https:\/\/noht-eson.ca\/fr\/wp-json\/wp\/v2\/pages\/8971\/revisions\/8973"}],"up":[{"embeddable":true,"href":"https:\/\/noht-eson.ca\/fr\/wp-json\/wp\/v2\/pages\/9042"}],"wp:featuredmedia":[{"embeddable":true,"href":"https:\/\/noht-eson.ca\/fr\/wp-json\/wp\/v2\/media\/8396"}],"wp:attachment":[{"href":"https:\/\/noht-eson.ca\/fr\/wp-json\/wp\/v2\/media?parent=8971"}],"curies":[{"name":"wp","href":"https:\/\/api.w.org\/{rel}","templated":true}]}}