{"id":8960,"date":"2023-03-20T18:08:53","date_gmt":"2023-03-20T22:08:53","guid":{"rendered":"https:\/\/noht-eson.ca\/?page_id=8960"},"modified":"2026-02-11T11:04:25","modified_gmt":"2026-02-11T16:04:25","slug":"fournisseurs-de-soins-primaires","status":"publish","type":"page","link":"https:\/\/noht-eson.ca\/fr\/explorateur-de-ressources\/fournisseurs-de-soins-primaires\/","title":{"rendered":"Fournisseurs de soins primaires"},"content":{"rendered":"\n<style type=\"text\/css\" data-created_by=\"avia_inline_auto\" id=\"style-css-av-lduo0f5p-c09dc1838e0ccf0d04f734679e741569\">\n#top .av-special-heading.av-lduo0f5p-c09dc1838e0ccf0d04f734679e741569{\npadding-bottom:10px;\n}\nbody .av-special-heading.av-lduo0f5p-c09dc1838e0ccf0d04f734679e741569 .av-special-heading-tag .heading-char{\nfont-size:25px;\n}\n.av-special-heading.av-lduo0f5p-c09dc1838e0ccf0d04f734679e741569 .av-subheading{\nfont-size:15px;\n}\n<\/style>\n<div  class='av-special-heading av-lduo0f5p-c09dc1838e0ccf0d04f734679e741569 av-special-heading-h1 blockquote modern-quote modern-centered  avia-builder-el-0  el_before_av_section  avia-builder-el-no-sibling '><div class='av-subheading av-subheading_above'><p>Je suis \u00e0 la recherche de<\/p>\n<\/div><h1 class='av-special-heading-tag '  itemprop=\"headline\"  >Fournisseurs de soins primaires<\/h1><div class=\"special-heading-border\"><div class=\"special-heading-inner-border\"><\/div><\/div><\/div>\n<\/div><\/div><\/div><!-- close content main div --><\/div><\/div><div id='resources-1'  class='avia-section av-7e1xbn-99d4a3baa860865946a26604d4c061e1 main_color avia-section-default avia-no-border-styling  avia-builder-el-1  el_after_av_heading  avia-builder-el-last  avia-bg-style-scroll container_wrap sidebar_right'  ><div class='container av-section-cont-open' ><div class='template-page content  av-content-small alpha units'><div class='post-entry post-entry-type-page post-entry-8960'><div class='entry-content-wrapper clearfix'>\n<div class='flex_column_table av-7mz7oj-accf3717977704352361c1bc9aa16a02 sc-av_one_fourth av-equal-height-column-flextable'>\n<style type=\"text\/css\" data-created_by=\"avia_inline_auto\" id=\"style-css-av-7mz7oj-accf3717977704352361c1bc9aa16a02\">\n#top .flex_column_table.av-equal-height-column-flextable.av-7mz7oj-accf3717977704352361c1bc9aa16a02{\nmargin-top:1%;\nmargin-bottom:1%;\n}\n.flex_column.av-7mz7oj-accf3717977704352361c1bc9aa16a02{\nwidth:23.5%;\nmargin-left:0;\npadding:20px 20px 20px 20px;\nbackground-color:#ffffff;\n}\n#top .flex_column_table.av-equal-height-column-flextable.av-7mz7oj-accf3717977704352361c1bc9aa16a02 .av-flex-placeholder{\nwidth:2%;\n}\n<\/style>\n<div  class='flex_column av-7mz7oj-accf3717977704352361c1bc9aa16a02 av_one_fourth  avia-builder-el-2  el_before_av_one_fourth  avia-builder-el-first  first flex_column_table_cell av-equal-height-column av-align-top av-animated-generic fade-in  '     ><section  class='av_textblock_section av-5on9zn-eced59694547eb74e513572ad513977f '   itemscope=\"itemscope\" itemtype=\"https:\/\/schema.org\/CreativeWork\" ><div class='avia_textblock'  itemprop=\"text\" ><h4>Sant\u00e9811<\/h4>\n<p>Utilisez notre outil de recherche intelligent pour trouver des m\u00e9decins, des membres du personnel infirmier praticien, des sp\u00e9cialistes ou des services de sant\u00e9 pour vous et votre famille.<\/p>\n<\/div><\/section><br \/>\n<div  class='avia-button-wrap av-4xg72r-723d5f053ee5cc6a590aa45cc8f347ae-wrap avia-button-left  avia-builder-el-4  el_after_av_textblock  avia-builder-el-last '><a href='https:\/\/health811.ontario.ca\/static\/fr-ca\/guest\/find-a-service'  class='avia-button av-4xg72r-723d5f053ee5cc6a590aa45cc8f347ae av-link-btn avia-icon_select-no avia-size-small avia-position-left avia-color-theme-color'  target=\"_blank\"  rel=\"noopener noreferrer\"  aria-label=\"En savoir plus\"><span class='avia_iconbox_title' >En savoir plus<\/span><\/a><\/div><\/p><\/div><div class='av-flex-placeholder'><\/div>\n<style type=\"text\/css\" data-created_by=\"avia_inline_auto\" id=\"style-css-av-8oxds3-98c76b0c34f0823dcb9ada301f200815\">\n#top .flex_column_table.av-equal-height-column-flextable.av-8oxds3-98c76b0c34f0823dcb9ada301f200815{\nmargin-top:1%;\nmargin-bottom:1%;\n}\n.flex_column.av-8oxds3-98c76b0c34f0823dcb9ada301f200815{\nwidth:23.5%;\nmargin-left:0;\npadding:20px 20px 20px 20px;\nbackground-color:#ffffff;\n}\n#top .flex_column_table.av-equal-height-column-flextable.av-8oxds3-98c76b0c34f0823dcb9ada301f200815 .av-flex-placeholder{\nwidth:2%;\n}\n<\/style>\n<div  class='flex_column av-8oxds3-98c76b0c34f0823dcb9ada301f200815 av_one_fourth  avia-builder-el-5  el_after_av_one_fourth  el_before_av_one_fourth  flex_column_table_cell av-equal-height-column av-align-top av-animated-generic fade-in  '     ><section  class='av_textblock_section av-ldx71vlq-7a6726b6b9f0ea4a0a1009c641c45c5d '   itemscope=\"itemscope\" itemtype=\"https:\/\/schema.org\/CreativeWork\" ><div class='avia_textblock'  itemprop=\"text\" ><h4>Acc\u00e8s Soins<\/h4>\n<p>Acc\u00e8s Soins dirige les Ontariens et les Ontariennes qui n\u2019ont pas de m\u00e9decin vers un fournisseur de soins de sant\u00e9 familiale qui accepte de nouveaux patients.<\/p>\n<\/div><\/section><br \/>\n<div  class='avia-button-wrap av-ldx726av-a2705e8d652ed77b4870a5b81f24bdef-wrap avia-button-left  avia-builder-el-7  el_after_av_textblock  avia-builder-el-last '><a href='https:\/\/www.ontario.ca\/fr\/page\/trouver-un-medecin-de-famille-ou-une-infirmiere-praticienne'  class='avia-button av-ldx726av-a2705e8d652ed77b4870a5b81f24bdef av-link-btn avia-icon_select-no avia-size-small avia-position-left avia-color-theme-color'  target=\"_blank\"  rel=\"noopener noreferrer\"  aria-label=\"En savoir plus\"><span class='avia_iconbox_title' >En savoir plus<\/span><\/a><\/div><\/p><\/div><div class='av-flex-placeholder'><\/div>\n<style type=\"text\/css\" data-created_by=\"avia_inline_auto\" id=\"style-css-av-alxisj-14b0e832e67a9584f6d92a4aae37379c\">\n#top .flex_column_table.av-equal-height-column-flextable.av-alxisj-14b0e832e67a9584f6d92a4aae37379c{\nmargin-top:1%;\nmargin-bottom:1%;\n}\n.flex_column.av-alxisj-14b0e832e67a9584f6d92a4aae37379c{\nwidth:23.5%;\nmargin-left:0;\npadding:20px 20px 20px 20px;\nbackground-color:#ffffff;\n}\n#top .flex_column_table.av-equal-height-column-flextable.av-alxisj-14b0e832e67a9584f6d92a4aae37379c .av-flex-placeholder{\nwidth:2%;\n}\n<\/style>\n<div  class='flex_column av-alxisj-14b0e832e67a9584f6d92a4aae37379c av_one_fourth  avia-builder-el-8  el_after_av_one_fourth  el_before_av_one_fourth  flex_column_table_cell av-equal-height-column av-align-top av-animated-generic fade-in  '     ><section  class='av_textblock_section av-ldx72m4t-b1f52dd50772ac92b3a95ffc98c4ea8f '   itemscope=\"itemscope\" itemtype=\"https:\/\/schema.org\/CreativeWork\" ><div class='avia_textblock'  itemprop=\"text\" ><h4>Trouver un m\u00e9decin<\/h4>\n<p>Vous trouverez ci dessous une liste des m\u00e9decins de famille de la r\u00e9gion de Niagara qui acceptent de nouveaux patients.<\/p>\n<\/div><\/section><br \/>\n<div  class='avia-button-wrap av-ldx7318m-51be880aa9c45a150c053f8c0f27e9bc-wrap avia-button-left  avia-builder-el-10  el_after_av_textblock  avia-builder-el-last '><a href='https:\/\/www.niagararegion.ca\/health\/find-a-doctor.aspx'  class='avia-button av-ldx7318m-51be880aa9c45a150c053f8c0f27e9bc av-link-btn avia-icon_select-no avia-size-small avia-position-left avia-color-theme-color'  target=\"_blank\"  rel=\"noopener noreferrer\"  aria-label=\"En savoir plus\"><span class='avia_iconbox_title' >En savoir plus<\/span><\/a><\/div><\/p><\/div><div class='av-flex-placeholder'><\/div>\n<style type=\"text\/css\" data-created_by=\"avia_inline_auto\" id=\"style-css-av-30ecc3-8ea0df449f5c7cec626f92a9d624e495\">\n#top .flex_column_table.av-equal-height-column-flextable.av-30ecc3-8ea0df449f5c7cec626f92a9d624e495{\nmargin-top:1%;\nmargin-bottom:1%;\n}\n.flex_column.av-30ecc3-8ea0df449f5c7cec626f92a9d624e495{\nwidth:23.5%;\nmargin-left:0;\npadding:20px 20px 20px 20px;\nbackground-color:#ffffff;\n}\n#top .flex_column_table.av-equal-height-column-flextable.av-30ecc3-8ea0df449f5c7cec626f92a9d624e495 .av-flex-placeholder{\nwidth:2%;\n}\n<\/style>\n<div  class='flex_column av-30ecc3-8ea0df449f5c7cec626f92a9d624e495 av_one_fourth  avia-builder-el-11  el_after_av_one_fourth  avia-builder-el-last  flex_column_table_cell av-equal-height-column av-align-top av-animated-generic fade-in  '     ><\/div><\/div><!--close column table wrapper. Autoclose: 1 --><\/div><\/div><\/div><!-- close content main div --><\/div><\/div><div id='after_section_1'  class='main_color av_default_container_wrap container_wrap sidebar_right'  ><div class='container av-section-cont-open' ><div class='template-page content  av-content-small alpha units'><div class='post-entry post-entry-type-page post-entry-8960'><div class='entry-content-wrapper clearfix'>\n","protected":false},"excerpt":{"rendered":"","protected":false},"author":94,"featured_media":8407,"parent":9042,"menu_order":0,"comment_status":"closed","ping_status":"closed","template":"","meta":{"_bbp_topic_count":0,"_bbp_reply_count":0,"_bbp_total_topic_count":0,"_bbp_total_reply_count":0,"_bbp_voice_count":0,"_bbp_anonymous_reply_count":0,"_bbp_topic_count_hidden":0,"_bbp_reply_count_hidden":0,"_bbp_forum_subforum_count":0,"footnotes":""},"class_list":["post-8960","page","type-page","status-publish","has-post-thumbnail","hentry"],"yoast_head":"<!-- This site is optimized with the Yoast SEO plugin v27.3 - https:\/\/yoast.com\/product\/yoast-seo-wordpress\/ -->\n<title>Fournisseurs de soins primaires - Niagara Ontario Health Team - \u00c9quipe Sant\u00e9 Ontario Niagara<\/title>\n<meta name=\"robots\" content=\"index, follow, max-snippet:-1, max-image-preview:large, max-video-preview:-1\" \/>\n<link rel=\"canonical\" href=\"https:\/\/noht-eson.ca\/fr\/explorateur-de-ressources\/fournisseurs-de-soins-primaires\/\" \/>\n<meta property=\"og:locale\" content=\"fr_FR\" \/>\n<meta property=\"og:type\" content=\"article\" \/>\n<meta property=\"og:title\" content=\"Fournisseurs de soins primaires - Niagara Ontario Health Team - \u00c9quipe Sant\u00e9 Ontario Niagara\" \/>\n<meta property=\"og:url\" content=\"https:\/\/noht-eson.ca\/fr\/explorateur-de-ressources\/fournisseurs-de-soins-primaires\/\" \/>\n<meta property=\"og:site_name\" content=\"Niagara Ontario Health Team - \u00c9quipe Sant\u00e9 Ontario Niagara\" \/>\n<meta property=\"article:publisher\" content=\"https:\/\/facebook.com\/NiagaraOHT\/\" \/>\n<meta property=\"article:modified_time\" content=\"2026-02-11T16:04:25+00:00\" \/>\n<meta property=\"og:image\" content=\"https:\/\/noht-eson.ca\/wp-content\/uploads\/shutterstock_1996252295-1030x687.jpg\" \/>\n\t<meta property=\"og:image:width\" content=\"1030\" \/>\n\t<meta property=\"og:image:height\" content=\"687\" \/>\n\t<meta property=\"og:image:type\" content=\"image\/jpeg\" \/>\n<meta name=\"twitter:card\" content=\"summary_large_image\" \/>\n<meta name=\"twitter:site\" content=\"@niagaraoht\" \/>\n<meta name=\"twitter:label1\" content=\"Dur\u00e9e de lecture estim\u00e9e\" \/>\n\t<meta name=\"twitter:data1\" content=\"1 minute\" \/>\n<script type=\"application\/ld+json\" class=\"yoast-schema-graph\">{\"@context\":\"https:\\\/\\\/schema.org\",\"@graph\":[{\"@type\":\"WebPage\",\"@id\":\"https:\\\/\\\/noht-eson.ca\\\/fr\\\/explorateur-de-ressources\\\/fournisseurs-de-soins-primaires\\\/\",\"url\":\"https:\\\/\\\/noht-eson.ca\\\/fr\\\/explorateur-de-ressources\\\/fournisseurs-de-soins-primaires\\\/\",\"name\":\"Fournisseurs de soins primaires - Niagara Ontario Health Team - \u00c9quipe Sant\u00e9 Ontario Niagara\",\"isPartOf\":{\"@id\":\"https:\\\/\\\/noht-eson.ca\\\/#website\"},\"primaryImageOfPage\":{\"@id\":\"https:\\\/\\\/noht-eson.ca\\\/fr\\\/explorateur-de-ressources\\\/fournisseurs-de-soins-primaires\\\/#primaryimage\"},\"image\":{\"@id\":\"https:\\\/\\\/noht-eson.ca\\\/fr\\\/explorateur-de-ressources\\\/fournisseurs-de-soins-primaires\\\/#primaryimage\"},\"thumbnailUrl\":\"https:\\\/\\\/noht-eson.ca\\\/wp-content\\\/uploads\\\/shutterstock_1996252295-scaled-e1677767475914.jpg\",\"datePublished\":\"2023-03-20T22:08:53+00:00\",\"dateModified\":\"2026-02-11T16:04:25+00:00\",\"breadcrumb\":{\"@id\":\"https:\\\/\\\/noht-eson.ca\\\/fr\\\/explorateur-de-ressources\\\/fournisseurs-de-soins-primaires\\\/#breadcrumb\"},\"inLanguage\":\"fr-FR\",\"potentialAction\":[{\"@type\":\"ReadAction\",\"target\":[\"https:\\\/\\\/noht-eson.ca\\\/fr\\\/explorateur-de-ressources\\\/fournisseurs-de-soins-primaires\\\/\"]}]},{\"@type\":\"ImageObject\",\"inLanguage\":\"fr-FR\",\"@id\":\"https:\\\/\\\/noht-eson.ca\\\/fr\\\/explorateur-de-ressources\\\/fournisseurs-de-soins-primaires\\\/#primaryimage\",\"url\":\"https:\\\/\\\/noht-eson.ca\\\/wp-content\\\/uploads\\\/shutterstock_1996252295-scaled-e1677767475914.jpg\",\"contentUrl\":\"https:\\\/\\\/noht-eson.ca\\\/wp-content\\\/uploads\\\/shutterstock_1996252295-scaled-e1677767475914.jpg\",\"width\":2560,\"height\":1707},{\"@type\":\"BreadcrumbList\",\"@id\":\"https:\\\/\\\/noht-eson.ca\\\/fr\\\/explorateur-de-ressources\\\/fournisseurs-de-soins-primaires\\\/#breadcrumb\",\"itemListElement\":[{\"@type\":\"ListItem\",\"position\":1,\"name\":\"Home\",\"item\":\"https:\\\/\\\/noht-eson.ca\\\/fr\\\/\"},{\"@type\":\"ListItem\",\"position\":2,\"name\":\"Explorateur de ressources\",\"item\":\"https:\\\/\\\/noht-eson.ca\\\/fr\\\/explorateur-de-ressources\\\/\"},{\"@type\":\"ListItem\",\"position\":3,\"name\":\"Fournisseurs de soins primaires\"}]},{\"@type\":\"WebSite\",\"@id\":\"https:\\\/\\\/noht-eson.ca\\\/#website\",\"url\":\"https:\\\/\\\/noht-eson.ca\\\/\",\"name\":\"Niagara Ontario Health Team - \u00c9quipe Sant\u00e9 Ontario Niagara\",\"description\":\"Exceptional, connected care, now and for future generations\",\"publisher\":{\"@id\":\"https:\\\/\\\/noht-eson.ca\\\/#organization\"},\"potentialAction\":[{\"@type\":\"SearchAction\",\"target\":{\"@type\":\"EntryPoint\",\"urlTemplate\":\"https:\\\/\\\/noht-eson.ca\\\/?s={search_term_string}\"},\"query-input\":{\"@type\":\"PropertyValueSpecification\",\"valueRequired\":true,\"valueName\":\"search_term_string\"}}],\"inLanguage\":\"fr-FR\"},{\"@type\":\"Organization\",\"@id\":\"https:\\\/\\\/noht-eson.ca\\\/#organization\",\"name\":\"Niagara Ontario Health Team - \u00c9quipe Sant\u00e9 Ontario Niagara\",\"url\":\"https:\\\/\\\/noht-eson.ca\\\/\",\"logo\":{\"@type\":\"ImageObject\",\"inLanguage\":\"fr-FR\",\"@id\":\"https:\\\/\\\/noht-eson.ca\\\/#\\\/schema\\\/logo\\\/image\\\/\",\"url\":\"https:\\\/\\\/noht-eson.ca\\\/wp-content\\\/uploads\\\/NOHT_ESON_Logo_FINAL-1.jpg\",\"contentUrl\":\"https:\\\/\\\/noht-eson.ca\\\/wp-content\\\/uploads\\\/NOHT_ESON_Logo_FINAL-1.jpg\",\"width\":1500,\"height\":500,\"caption\":\"Niagara Ontario Health Team - \u00c9quipe Sant\u00e9 Ontario Niagara\"},\"image\":{\"@id\":\"https:\\\/\\\/noht-eson.ca\\\/#\\\/schema\\\/logo\\\/image\\\/\"},\"sameAs\":[\"https:\\\/\\\/facebook.com\\\/NiagaraOHT\\\/\",\"https:\\\/\\\/x.com\\\/niagaraoht\"]}]}<\/script>\n<!-- \/ Yoast SEO plugin. -->","yoast_head_json":{"title":"Fournisseurs de soins primaires - Niagara Ontario Health Team - \u00c9quipe Sant\u00e9 Ontario Niagara","robots":{"index":"index","follow":"follow","max-snippet":"max-snippet:-1","max-image-preview":"max-image-preview:large","max-video-preview":"max-video-preview:-1"},"canonical":"https:\/\/noht-eson.ca\/fr\/explorateur-de-ressources\/fournisseurs-de-soins-primaires\/","og_locale":"fr_FR","og_type":"article","og_title":"Fournisseurs de soins primaires - Niagara Ontario Health Team - \u00c9quipe Sant\u00e9 Ontario Niagara","og_url":"https:\/\/noht-eson.ca\/fr\/explorateur-de-ressources\/fournisseurs-de-soins-primaires\/","og_site_name":"Niagara Ontario Health Team - \u00c9quipe Sant\u00e9 Ontario Niagara","article_publisher":"https:\/\/facebook.com\/NiagaraOHT\/","article_modified_time":"2026-02-11T16:04:25+00:00","og_image":[{"width":1030,"height":687,"url":"https:\/\/noht-eson.ca\/wp-content\/uploads\/shutterstock_1996252295-1030x687.jpg","type":"image\/jpeg"}],"twitter_card":"summary_large_image","twitter_site":"@niagaraoht","twitter_misc":{"Dur\u00e9e de lecture estim\u00e9e":"1 minute"},"schema":{"@context":"https:\/\/schema.org","@graph":[{"@type":"WebPage","@id":"https:\/\/noht-eson.ca\/fr\/explorateur-de-ressources\/fournisseurs-de-soins-primaires\/","url":"https:\/\/noht-eson.ca\/fr\/explorateur-de-ressources\/fournisseurs-de-soins-primaires\/","name":"Fournisseurs de soins primaires - Niagara Ontario Health Team - \u00c9quipe Sant\u00e9 Ontario Niagara","isPartOf":{"@id":"https:\/\/noht-eson.ca\/#website"},"primaryImageOfPage":{"@id":"https:\/\/noht-eson.ca\/fr\/explorateur-de-ressources\/fournisseurs-de-soins-primaires\/#primaryimage"},"image":{"@id":"https:\/\/noht-eson.ca\/fr\/explorateur-de-ressources\/fournisseurs-de-soins-primaires\/#primaryimage"},"thumbnailUrl":"https:\/\/noht-eson.ca\/wp-content\/uploads\/shutterstock_1996252295-scaled-e1677767475914.jpg","datePublished":"2023-03-20T22:08:53+00:00","dateModified":"2026-02-11T16:04:25+00:00","breadcrumb":{"@id":"https:\/\/noht-eson.ca\/fr\/explorateur-de-ressources\/fournisseurs-de-soins-primaires\/#breadcrumb"},"inLanguage":"fr-FR","potentialAction":[{"@type":"ReadAction","target":["https:\/\/noht-eson.ca\/fr\/explorateur-de-ressources\/fournisseurs-de-soins-primaires\/"]}]},{"@type":"ImageObject","inLanguage":"fr-FR","@id":"https:\/\/noht-eson.ca\/fr\/explorateur-de-ressources\/fournisseurs-de-soins-primaires\/#primaryimage","url":"https:\/\/noht-eson.ca\/wp-content\/uploads\/shutterstock_1996252295-scaled-e1677767475914.jpg","contentUrl":"https:\/\/noht-eson.ca\/wp-content\/uploads\/shutterstock_1996252295-scaled-e1677767475914.jpg","width":2560,"height":1707},{"@type":"BreadcrumbList","@id":"https:\/\/noht-eson.ca\/fr\/explorateur-de-ressources\/fournisseurs-de-soins-primaires\/#breadcrumb","itemListElement":[{"@type":"ListItem","position":1,"name":"Home","item":"https:\/\/noht-eson.ca\/fr\/"},{"@type":"ListItem","position":2,"name":"Explorateur de ressources","item":"https:\/\/noht-eson.ca\/fr\/explorateur-de-ressources\/"},{"@type":"ListItem","position":3,"name":"Fournisseurs de soins primaires"}]},{"@type":"WebSite","@id":"https:\/\/noht-eson.ca\/#website","url":"https:\/\/noht-eson.ca\/","name":"Niagara Ontario Health Team - \u00c9quipe Sant\u00e9 Ontario Niagara","description":"Exceptional, connected care, now and for future generations","publisher":{"@id":"https:\/\/noht-eson.ca\/#organization"},"potentialAction":[{"@type":"SearchAction","target":{"@type":"EntryPoint","urlTemplate":"https:\/\/noht-eson.ca\/?s={search_term_string}"},"query-input":{"@type":"PropertyValueSpecification","valueRequired":true,"valueName":"search_term_string"}}],"inLanguage":"fr-FR"},{"@type":"Organization","@id":"https:\/\/noht-eson.ca\/#organization","name":"Niagara Ontario Health Team - \u00c9quipe Sant\u00e9 Ontario Niagara","url":"https:\/\/noht-eson.ca\/","logo":{"@type":"ImageObject","inLanguage":"fr-FR","@id":"https:\/\/noht-eson.ca\/#\/schema\/logo\/image\/","url":"https:\/\/noht-eson.ca\/wp-content\/uploads\/NOHT_ESON_Logo_FINAL-1.jpg","contentUrl":"https:\/\/noht-eson.ca\/wp-content\/uploads\/NOHT_ESON_Logo_FINAL-1.jpg","width":1500,"height":500,"caption":"Niagara Ontario Health Team - \u00c9quipe Sant\u00e9 Ontario Niagara"},"image":{"@id":"https:\/\/noht-eson.ca\/#\/schema\/logo\/image\/"},"sameAs":["https:\/\/facebook.com\/NiagaraOHT\/","https:\/\/x.com\/niagaraoht"]}]}},"_links":{"self":[{"href":"https:\/\/noht-eson.ca\/fr\/wp-json\/wp\/v2\/pages\/8960","targetHints":{"allow":["GET"]}}],"collection":[{"href":"https:\/\/noht-eson.ca\/fr\/wp-json\/wp\/v2\/pages"}],"about":[{"href":"https:\/\/noht-eson.ca\/fr\/wp-json\/wp\/v2\/types\/page"}],"author":[{"embeddable":true,"href":"https:\/\/noht-eson.ca\/fr\/wp-json\/wp\/v2\/users\/94"}],"replies":[{"embeddable":true,"href":"https:\/\/noht-eson.ca\/fr\/wp-json\/wp\/v2\/comments?post=8960"}],"version-history":[{"count":5,"href":"https:\/\/noht-eson.ca\/fr\/wp-json\/wp\/v2\/pages\/8960\/revisions"}],"predecessor-version":[{"id":16845,"href":"https:\/\/noht-eson.ca\/fr\/wp-json\/wp\/v2\/pages\/8960\/revisions\/16845"}],"up":[{"embeddable":true,"href":"https:\/\/noht-eson.ca\/fr\/wp-json\/wp\/v2\/pages\/9042"}],"wp:featuredmedia":[{"embeddable":true,"href":"https:\/\/noht-eson.ca\/fr\/wp-json\/wp\/v2\/media\/8407"}],"wp:attachment":[{"href":"https:\/\/noht-eson.ca\/fr\/wp-json\/wp\/v2\/media?parent=8960"}],"curies":[{"name":"wp","href":"https:\/\/api.w.org\/{rel}","templated":true}]}}