{"id":746,"date":"2022-02-09T23:34:08","date_gmt":"2022-02-09T23:34:08","guid":{"rendered":"http:\/\/noht-eson.ca\/?page_id=746"},"modified":"2023-04-13T15:23:21","modified_gmt":"2023-04-13T19:23:21","slug":"groupe-de-travail-equite-en-matiere-de-sante","status":"publish","type":"page","link":"https:\/\/noht-eson.ca\/fr\/a-propos\/la-table-de-planification\/groupe-de-travail-equite-en-matiere-de-sante\/","title":{"rendered":"Le Groupe de travail \u2013 \u00c9quit\u00e9 en mati\u00e8re de sant\u00e9"},"content":{"rendered":"<div id='av-layout-grid-1'  class='av-layout-grid-container av-155uut-c65bfd9355f9f6e5b6c7e547cc77c07a entry-content-wrapper main_color av-flex-cells  avia-builder-el-0  avia-builder-el-no-sibling   container_wrap sidebar_right'  >\n\n<style type=\"text\/css\" data-created_by=\"avia_inline_auto\" id=\"style-css-av-ueq4l-6f0db95ec86d9ec9fd8f628d83cded67\">\n.flex_cell.av-ueq4l-6f0db95ec86d9ec9fd8f628d83cded67{\nvertical-align:top;\n}\n.responsive #top #wrap_all .flex_cell.av-ueq4l-6f0db95ec86d9ec9fd8f628d83cded67{\npadding:4rem 4rem 4rem 4rem !important;\n}\n<\/style>\n<div class='flex_cell av-ueq4l-6f0db95ec86d9ec9fd8f628d83cded67 av-gridrow-cell av_two_fifth no_margin  avia-builder-el-1  el_before_av_cell_three_fifth  avia-builder-el-first  content-align-top'  ><div class='flex_cell_inner'>\n<style type=\"text\/css\" data-created_by=\"avia_inline_auto\" id=\"style-css-av-l01dplmp-d853e116004e6bef71395637782a54dd\">\n#top .av_textblock_section.av-l01dplmp-d853e116004e6bef71395637782a54dd .avia_textblock{\nfont-size:18px;\ncolor:#005cb9;\n}\n<\/style>\n<section  class='av_textblock_section av-l01dplmp-d853e116004e6bef71395637782a54dd '   itemscope=\"itemscope\" itemtype=\"https:\/\/schema.org\/CreativeWork\" ><div class='avia_textblock av_inherit_color'  itemprop=\"text\" ><p class=\"p1\">Le Groupe de travail \u2013 \u00c9quit\u00e9 en mati\u00e8re de sant\u00e9 \u2013 le groupe de travail le plus r\u00e9cemment cr\u00e9\u00e9 \u2013 en est aux premiers stades de son d\u00e9veloppement.<\/p>\n<\/div><\/section><br \/>\n<section  class='av_textblock_section av-l01dpch6-cabaf0120b84336a795783d8ec4bd38a '   itemscope=\"itemscope\" itemtype=\"https:\/\/schema.org\/CreativeWork\" ><div class='avia_textblock'  itemprop=\"text\" ><div class=\"small-12 medium-6 cell\">\n<p>Ce groupe a pour but de promouvoir les principes de diversit\u00e9, d&rsquo;\u00e9quit\u00e9 et d&rsquo;inclusion au sein de l&rsquo;organisme. Il permet aussi de veiller \u00e0 ce que ces id\u00e9aux se refl\u00e8tent dans les diverses initiatives entreprises par la NOHT-\u00c9SON pour am\u00e9liorer les r\u00e9sultats en mati\u00e8re de sant\u00e9 des personnes et de la population et pour cr\u00e9er des communaut\u00e9s plus saines dans la r\u00e9gion de Niagara.<\/p>\n<p>Pour contribuer \u00e0 ce groupe de travail, communiquez avec ses codirigeants Nadine Wallace (<a href=\"mailto:nadine@contactniagara.org\">nadine@contactniagara.org<\/a>) ou Frank Ruberto (<a href=\"mailto:frank.ruberto@niagaramedicalgroup.com\">frank.ruberto@niagaramedicalgroup.com<\/a>).<\/p>\n<\/div>\n<\/div><\/section><\/p>\n<\/div><\/div>\n<style type=\"text\/css\" data-created_by=\"avia_inline_auto\" id=\"style-css-av-pvxsd-a104aa25a12000bc33ae6be50fcaf038\">\n.flex_cell.av-pvxsd-a104aa25a12000bc33ae6be50fcaf038{\nvertical-align:top;\nbackground-color:#f2f9ff;\n}\n.responsive #top #wrap_all .flex_cell.av-pvxsd-a104aa25a12000bc33ae6be50fcaf038{\npadding:4rem 4rem 4rem 4rem !important;\n}\n<\/style>\n<div class='flex_cell av-pvxsd-a104aa25a12000bc33ae6be50fcaf038 av-gridrow-cell av_three_fifth no_margin  avia-builder-el-4  el_after_av_cell_two_fifth  avia-builder-el-last  content-align-top'  ><div class='flex_cell_inner'>\n<style type=\"text\/css\" data-created_by=\"avia_inline_auto\" id=\"style-css-av-na25p-9285481d2e3fc49ed160ed59c684ff1d\">\n#top .av_textblock_section.av-na25p-9285481d2e3fc49ed160ed59c684ff1d .avia_textblock{\ntext-align:center;\n}\n<\/style>\n<section  class='av_textblock_section av-na25p-9285481d2e3fc49ed160ed59c684ff1d '   itemscope=\"itemscope\" itemtype=\"https:\/\/schema.org\/CreativeWork\" ><div class='avia_textblock'  itemprop=\"text\" ><h2>Noms et affiliations des membres du groupe<\/h2>\n<\/div><\/section><br \/>\n<div class='flex_column_table av-hlyxp-47845d6d3b33c94444b4314d284f5a4e sc-av_one_half av-equal-height-column-flextable'><div  class='flex_column av-hlyxp-47845d6d3b33c94444b4314d284f5a4e av_one_half  avia-builder-el-6  el_after_av_textblock  el_before_av_one_half  first flex_column_table_cell av-equal-height-column av-align-top  column-top-margin'     ><style type=\"text\/css\" data-created_by=\"avia_inline_auto\" id=\"style-css-av-l5trrfk7-a763a3f3c65c770b0c45cc68a99616de\">\n#top #wrap_all .avia-team-member.av-l5trrfk7-a763a3f3c65c770b0c45cc68a99616de .team-member-name{\ncolor:#005cb9;\n}\n.avia-team-member.av-l5trrfk7-a763a3f3c65c770b0c45cc68a99616de .team-member-job-title{\ncolor:#363636;\n}\n.avia-team-member.av-l5trrfk7-a763a3f3c65c770b0c45cc68a99616de .team-member-description{\ncolor:#363636;\n}\n.avia-team-member.av-l5trrfk7-a763a3f3c65c770b0c45cc68a99616de .team-img-container img{\nborder-radius:150px 150px 150px 150px;\n}\n<\/style>\n<section  class='avia-team-member av-l5trrfk7-a763a3f3c65c770b0c45cc68a99616de  avia-builder-el-7  avia-builder-el-no-sibling  colead noht-team'  itemscope=\"itemscope\" itemtype=\"https:\/\/schema.org\/Person\" ><div class=\"team-img-container\"><img decoding=\"async\" fetchpriority=\"high\" class='wp-image-2372 avia-img-lazy-loading-not-2372 avia_image avia_image_team' src=\"https:\/\/noht-eson.ca\/wp-content\/uploads\/avatar.jpg\" alt='Nadine Wallace'  itemprop=\"image\"   height=\"289\" width=\"289\" srcset=\"https:\/\/noht-eson.ca\/wp-content\/uploads\/avatar.jpg 289w, https:\/\/noht-eson.ca\/wp-content\/uploads\/avatar-80x80.jpg 80w, https:\/\/noht-eson.ca\/wp-content\/uploads\/avatar-36x36.jpg 36w, https:\/\/noht-eson.ca\/wp-content\/uploads\/avatar-180x180.jpg 180w\" sizes=\"(max-width: 289px) 100vw, 289px\" \/><\/div><h3 class='team-member-name '  itemprop=\"name\" >Nadine Wallace<\/h3><div class='team-member-job-title av_opacity_variation'  itemprop=\"jobTitle\" >Codirigeant<\/div><div class='team-member-description av_inherit_color'  itemprop=\"description\" ><p>Contact Niagara for Children\u2019s and Developmental Services<\/p>\n<\/div><span class='hidden team-member-affiliation'  itemprop=\"affiliation\" >Niagara Ontario Health Team - \u00c9quipe Sant\u00e9 Ontario Niagara<\/span><\/section><\/div><div class='av-flex-placeholder'><\/div><div  class='flex_column av-9vkk5-030d1fba603006ef07f74c828022a870 av_one_half  avia-builder-el-8  el_after_av_one_half  el_before_av_textblock  flex_column_table_cell av-equal-height-column av-align-top  column-top-margin'     ><style type=\"text\/css\" data-created_by=\"avia_inline_auto\" id=\"style-css-av-l5trrjfk-0fe6e39cf44f634af71aabc9e9ec5678\">\n#top #wrap_all .avia-team-member.av-l5trrjfk-0fe6e39cf44f634af71aabc9e9ec5678 .team-member-name{\ncolor:#005cb9;\n}\n.avia-team-member.av-l5trrjfk-0fe6e39cf44f634af71aabc9e9ec5678 .team-member-job-title{\ncolor:#363636;\n}\n.avia-team-member.av-l5trrjfk-0fe6e39cf44f634af71aabc9e9ec5678 .team-member-description{\ncolor:#363636;\n}\n.avia-team-member.av-l5trrjfk-0fe6e39cf44f634af71aabc9e9ec5678 .team-img-container img{\nborder-radius:150px 150px 150px 150px;\n}\n<\/style>\n<section  class='avia-team-member av-l5trrjfk-0fe6e39cf44f634af71aabc9e9ec5678  avia-builder-el-9  avia-builder-el-no-sibling  colead noht-team'  itemscope=\"itemscope\" itemtype=\"https:\/\/schema.org\/Person\" ><div class=\"team-img-container\"><img decoding=\"async\" fetchpriority=\"high\" class='wp-image-611 avia-img-lazy-loading-not-611 avia_image avia_image_team av-team-img-original' src=\"https:\/\/noht-eson.ca\/wp-content\/uploads\/Frank-Ruberto-300x300.jpg\" alt='Frank Ruberto'  itemprop=\"image\"   height=\"300\" width=\"300\" srcset=\"https:\/\/noht-eson.ca\/wp-content\/uploads\/Frank-Ruberto-300x300.jpg 300w, https:\/\/noht-eson.ca\/wp-content\/uploads\/Frank-Ruberto-80x80.jpg 80w, https:\/\/noht-eson.ca\/wp-content\/uploads\/Frank-Ruberto-36x36.jpg 36w, https:\/\/noht-eson.ca\/wp-content\/uploads\/Frank-Ruberto-180x180.jpg 180w, https:\/\/noht-eson.ca\/wp-content\/uploads\/Frank-Ruberto-150x150.jpg 150w, https:\/\/noht-eson.ca\/wp-content\/uploads\/Frank-Ruberto-125x125.jpg 125w\" sizes=\"(max-width: 300px) 100vw, 300px\" \/><\/div><h3 class='team-member-name '  itemprop=\"name\" >Frank Ruberto<\/h3><div class='team-member-job-title av_opacity_variation'  itemprop=\"jobTitle\" >Codirigeant<\/div><div class='team-member-description av_inherit_color'  itemprop=\"description\" ><p>Niagara Medical Group Family Health Team<\/p>\n<\/div><span class='hidden team-member-affiliation'  itemprop=\"affiliation\" >Niagara Ontario Health Team - \u00c9quipe Sant\u00e9 Ontario Niagara<\/span><\/section><\/div><\/div><!--close column table wrapper. Autoclose: 1 -->\n<style type=\"text\/css\" data-created_by=\"avia_inline_auto\" id=\"style-css-av-l5trpykf-32d8bf5913ce4aab44befa9daeeb06cc\">\n#top .av_textblock_section.av-l5trpykf-32d8bf5913ce4aab44befa9daeeb06cc .avia_textblock{\ntext-align:left;\ncolumn-count:3;\ncolumn-gap:4rem;\n}\n\n@media only screen and (max-width: 479px){ \n#top .av_textblock_section.av-l5trpykf-32d8bf5913ce4aab44befa9daeeb06cc .avia_textblock{\ncolumn-count:1;\n}\n.av_textblock_section.av-l5trpykf-32d8bf5913ce4aab44befa9daeeb06cc .avia_textblock.av_multi_colums > p:first-child{\nmargin-top:0.85em;\n}\n}\n<\/style>\n<section  class='av_textblock_section av-l5trpykf-32d8bf5913ce4aab44befa9daeeb06cc '   itemscope=\"itemscope\" itemtype=\"https:\/\/schema.org\/CreativeWork\" ><div class='avia_textblock working-group-list av_multi_colums'  itemprop=\"text\" ><p><strong>Joan Hawks<br \/>\n<\/strong><span style=\"font-weight: 400;\">Hospice Niagara<\/span><\/p>\n<p><strong>Annie Boucher<br \/>\n<\/strong><span style=\"font-weight: 400;\">Entit\u00e9<\/span><\/p>\n<p><strong>Ariel Jackson<br \/>\n<\/strong><span style=\"font-weight: 400;\">Hotel Dieu Shaver<\/span><\/p>\n<p><strong>Ashley Chiarello<br \/>\n<\/strong><span style=\"font-weight: 400;\">Bridges Community Health Centre<\/span><\/p>\n<p><strong>Che\u00a0Latchford<br \/>\n<\/strong><span style=\"font-weight: 400;\">Contact Niagara for Children\u2019s and Developmental Services<\/span><\/p>\n<p><strong>Carol Nagy<br \/>\n<\/strong><span style=\"font-weight: 400;\">Hospice Niagara\u00a0<\/span><\/p>\n<p><strong>Celeste Turner<br \/>\n<\/strong><span style=\"font-weight: 400;\">Niagara Falls Community Health Centre<\/span><\/p>\n<p><strong>David Ceglie<br \/>\n<\/strong><span style=\"font-weight: 400;\">Hotel Dieu Shaver<\/span><\/p>\n<p><strong>Jackie Barrett-Greene<br \/>\n<\/strong><span style=\"font-weight: 400;\">Positive Living Niagara<\/span><\/p>\n<p><strong>Janice Gardner-Spiece<br \/>\n<\/strong><span style=\"font-weight: 400;\">Community Addiction Services of Niagara<\/span><\/p>\n<p><strong>Jenny Stranges<br \/>\n<\/strong><span style=\"font-weight: 400;\">Quest Community Health Centre<\/span><\/p>\n<p><strong>Lori Kleinsmith<br \/>\n<\/strong><span style=\"font-weight: 400;\">Bridges Community Health Centre<\/span><\/p>\n<p><strong>Olga McNeill<br \/>\n<\/strong>Patient\/Client &#038; Family\/Caregiver Representative<\/p>\n<p><strong>Paul Niesink<br \/>\n<\/strong><span style=\"font-weight: 400;\">Community Addiction Services of Niagara\u00a0<\/span><\/p>\n<p><strong>Sabrina Piluso<br \/>\n<\/strong><span style=\"font-weight: 400;\">NOHT-\u00c9SON<\/span><\/p>\n<\/div><\/section><\/p>\n<\/div><\/div><\/div>\n","protected":false},"excerpt":{"rendered":"","protected":false},"author":92,"featured_media":844,"parent":449,"menu_order":0,"comment_status":"closed","ping_status":"closed","template":"","meta":{"_bbp_topic_count":0,"_bbp_reply_count":0,"_bbp_total_topic_count":0,"_bbp_total_reply_count":0,"_bbp_voice_count":0,"_bbp_anonymous_reply_count":0,"_bbp_topic_count_hidden":0,"_bbp_reply_count_hidden":0,"_bbp_forum_subforum_count":0,"footnotes":""},"class_list":["post-746","page","type-page","status-publish","has-post-thumbnail","hentry"],"yoast_head":"<!-- This site is optimized with the Yoast SEO plugin v27.3 - https:\/\/yoast.com\/product\/yoast-seo-wordpress\/ -->\n<title>Le Groupe de travail \u2013 \u00c9quit\u00e9 en mati\u00e8re de sant\u00e9 - Niagara Ontario Health Team - \u00c9quipe Sant\u00e9 Ontario Niagara<\/title>\n<meta name=\"robots\" content=\"index, follow, max-snippet:-1, max-image-preview:large, max-video-preview:-1\" \/>\n<link rel=\"canonical\" href=\"https:\/\/noht-eson.ca\/fr\/a-propos\/la-table-de-planification\/groupe-de-travail-equite-en-matiere-de-sante\/\" \/>\n<meta property=\"og:locale\" content=\"fr_FR\" \/>\n<meta property=\"og:type\" content=\"article\" \/>\n<meta property=\"og:title\" content=\"Le Groupe de travail \u2013 \u00c9quit\u00e9 en mati\u00e8re de sant\u00e9 - Niagara Ontario Health Team - \u00c9quipe Sant\u00e9 Ontario Niagara\" \/>\n<meta property=\"og:url\" content=\"https:\/\/noht-eson.ca\/fr\/a-propos\/la-table-de-planification\/groupe-de-travail-equite-en-matiere-de-sante\/\" \/>\n<meta property=\"og:site_name\" content=\"Niagara Ontario Health Team - \u00c9quipe Sant\u00e9 Ontario Niagara\" \/>\n<meta property=\"article:publisher\" content=\"https:\/\/facebook.com\/NiagaraOHT\/\" \/>\n<meta property=\"article:modified_time\" content=\"2023-04-13T19:23:21+00:00\" \/>\n<meta property=\"og:image\" content=\"https:\/\/noht-eson.ca\/wp-content\/uploads\/Depositphotos_169577852_XL.jpg\" \/>\n\t<meta property=\"og:image:width\" content=\"1400\" \/>\n\t<meta property=\"og:image:height\" content=\"933\" \/>\n\t<meta property=\"og:image:type\" content=\"image\/jpeg\" \/>\n<meta name=\"twitter:card\" content=\"summary_large_image\" \/>\n<meta name=\"twitter:site\" content=\"@niagaraoht\" \/>\n<meta name=\"twitter:label1\" content=\"Dur\u00e9e de lecture estim\u00e9e\" \/>\n\t<meta name=\"twitter:data1\" content=\"7 minutes\" \/>\n<script type=\"application\/ld+json\" class=\"yoast-schema-graph\">{\"@context\":\"https:\\\/\\\/schema.org\",\"@graph\":[{\"@type\":\"WebPage\",\"@id\":\"https:\\\/\\\/noht-eson.ca\\\/fr\\\/a-propos\\\/la-table-de-planification\\\/groupe-de-travail-equite-en-matiere-de-sante\\\/\",\"url\":\"https:\\\/\\\/noht-eson.ca\\\/fr\\\/a-propos\\\/la-table-de-planification\\\/groupe-de-travail-equite-en-matiere-de-sante\\\/\",\"name\":\"Le Groupe de travail \u2013 \u00c9quit\u00e9 en mati\u00e8re de sant\u00e9 - Niagara Ontario Health Team - \u00c9quipe Sant\u00e9 Ontario Niagara\",\"isPartOf\":{\"@id\":\"https:\\\/\\\/noht-eson.ca\\\/#website\"},\"primaryImageOfPage\":{\"@id\":\"https:\\\/\\\/noht-eson.ca\\\/fr\\\/a-propos\\\/la-table-de-planification\\\/groupe-de-travail-equite-en-matiere-de-sante\\\/#primaryimage\"},\"image\":{\"@id\":\"https:\\\/\\\/noht-eson.ca\\\/fr\\\/a-propos\\\/la-table-de-planification\\\/groupe-de-travail-equite-en-matiere-de-sante\\\/#primaryimage\"},\"thumbnailUrl\":\"https:\\\/\\\/noht-eson.ca\\\/wp-content\\\/uploads\\\/Depositphotos_169577852_XL.jpg\",\"datePublished\":\"2022-02-09T23:34:08+00:00\",\"dateModified\":\"2023-04-13T19:23:21+00:00\",\"breadcrumb\":{\"@id\":\"https:\\\/\\\/noht-eson.ca\\\/fr\\\/a-propos\\\/la-table-de-planification\\\/groupe-de-travail-equite-en-matiere-de-sante\\\/#breadcrumb\"},\"inLanguage\":\"fr-FR\",\"potentialAction\":[{\"@type\":\"ReadAction\",\"target\":[\"https:\\\/\\\/noht-eson.ca\\\/fr\\\/a-propos\\\/la-table-de-planification\\\/groupe-de-travail-equite-en-matiere-de-sante\\\/\"]}]},{\"@type\":\"ImageObject\",\"inLanguage\":\"fr-FR\",\"@id\":\"https:\\\/\\\/noht-eson.ca\\\/fr\\\/a-propos\\\/la-table-de-planification\\\/groupe-de-travail-equite-en-matiere-de-sante\\\/#primaryimage\",\"url\":\"https:\\\/\\\/noht-eson.ca\\\/wp-content\\\/uploads\\\/Depositphotos_169577852_XL.jpg\",\"contentUrl\":\"https:\\\/\\\/noht-eson.ca\\\/wp-content\\\/uploads\\\/Depositphotos_169577852_XL.jpg\",\"width\":1400,\"height\":933},{\"@type\":\"BreadcrumbList\",\"@id\":\"https:\\\/\\\/noht-eson.ca\\\/fr\\\/a-propos\\\/la-table-de-planification\\\/groupe-de-travail-equite-en-matiere-de-sante\\\/#breadcrumb\",\"itemListElement\":[{\"@type\":\"ListItem\",\"position\":1,\"name\":\"Home\",\"item\":\"https:\\\/\\\/noht-eson.ca\\\/fr\\\/\"},{\"@type\":\"ListItem\",\"position\":2,\"name\":\"\u00c0 Propos\",\"item\":\"https:\\\/\\\/noht-eson.ca\\\/fr\\\/a-propos\\\/\"},{\"@type\":\"ListItem\",\"position\":3,\"name\":\"\u200bLa table de planification\u200b\",\"item\":\"https:\\\/\\\/noht-eson.ca\\\/fr\\\/a-propos\\\/la-table-de-planification\\\/\"},{\"@type\":\"ListItem\",\"position\":4,\"name\":\"Le Groupe de travail \u2013 \u00c9quit\u00e9 en mati\u00e8re de sant\u00e9\"}]},{\"@type\":\"WebSite\",\"@id\":\"https:\\\/\\\/noht-eson.ca\\\/#website\",\"url\":\"https:\\\/\\\/noht-eson.ca\\\/\",\"name\":\"Niagara Ontario Health Team - \u00c9quipe Sant\u00e9 Ontario Niagara\",\"description\":\"Exceptional, connected care, now and for future generations\",\"publisher\":{\"@id\":\"https:\\\/\\\/noht-eson.ca\\\/#organization\"},\"potentialAction\":[{\"@type\":\"SearchAction\",\"target\":{\"@type\":\"EntryPoint\",\"urlTemplate\":\"https:\\\/\\\/noht-eson.ca\\\/?s={search_term_string}\"},\"query-input\":{\"@type\":\"PropertyValueSpecification\",\"valueRequired\":true,\"valueName\":\"search_term_string\"}}],\"inLanguage\":\"fr-FR\"},{\"@type\":\"Organization\",\"@id\":\"https:\\\/\\\/noht-eson.ca\\\/#organization\",\"name\":\"Niagara Ontario Health Team - \u00c9quipe Sant\u00e9 Ontario Niagara\",\"url\":\"https:\\\/\\\/noht-eson.ca\\\/\",\"logo\":{\"@type\":\"ImageObject\",\"inLanguage\":\"fr-FR\",\"@id\":\"https:\\\/\\\/noht-eson.ca\\\/#\\\/schema\\\/logo\\\/image\\\/\",\"url\":\"https:\\\/\\\/noht-eson.ca\\\/wp-content\\\/uploads\\\/NOHT_ESON_Logo_FINAL-1.jpg\",\"contentUrl\":\"https:\\\/\\\/noht-eson.ca\\\/wp-content\\\/uploads\\\/NOHT_ESON_Logo_FINAL-1.jpg\",\"width\":1500,\"height\":500,\"caption\":\"Niagara Ontario Health Team - \u00c9quipe Sant\u00e9 Ontario Niagara\"},\"image\":{\"@id\":\"https:\\\/\\\/noht-eson.ca\\\/#\\\/schema\\\/logo\\\/image\\\/\"},\"sameAs\":[\"https:\\\/\\\/facebook.com\\\/NiagaraOHT\\\/\",\"https:\\\/\\\/x.com\\\/niagaraoht\"]}]}<\/script>\n<!-- \/ Yoast SEO plugin. -->","yoast_head_json":{"title":"Le Groupe de travail \u2013 \u00c9quit\u00e9 en mati\u00e8re de sant\u00e9 - Niagara Ontario Health Team - \u00c9quipe Sant\u00e9 Ontario Niagara","robots":{"index":"index","follow":"follow","max-snippet":"max-snippet:-1","max-image-preview":"max-image-preview:large","max-video-preview":"max-video-preview:-1"},"canonical":"https:\/\/noht-eson.ca\/fr\/a-propos\/la-table-de-planification\/groupe-de-travail-equite-en-matiere-de-sante\/","og_locale":"fr_FR","og_type":"article","og_title":"Le Groupe de travail \u2013 \u00c9quit\u00e9 en mati\u00e8re de sant\u00e9 - Niagara Ontario Health Team - \u00c9quipe Sant\u00e9 Ontario Niagara","og_url":"https:\/\/noht-eson.ca\/fr\/a-propos\/la-table-de-planification\/groupe-de-travail-equite-en-matiere-de-sante\/","og_site_name":"Niagara Ontario Health Team - \u00c9quipe Sant\u00e9 Ontario Niagara","article_publisher":"https:\/\/facebook.com\/NiagaraOHT\/","article_modified_time":"2023-04-13T19:23:21+00:00","og_image":[{"width":1400,"height":933,"url":"https:\/\/noht-eson.ca\/wp-content\/uploads\/Depositphotos_169577852_XL.jpg","type":"image\/jpeg"}],"twitter_card":"summary_large_image","twitter_site":"@niagaraoht","twitter_misc":{"Dur\u00e9e de lecture estim\u00e9e":"7 minutes"},"schema":{"@context":"https:\/\/schema.org","@graph":[{"@type":"WebPage","@id":"https:\/\/noht-eson.ca\/fr\/a-propos\/la-table-de-planification\/groupe-de-travail-equite-en-matiere-de-sante\/","url":"https:\/\/noht-eson.ca\/fr\/a-propos\/la-table-de-planification\/groupe-de-travail-equite-en-matiere-de-sante\/","name":"Le Groupe de travail \u2013 \u00c9quit\u00e9 en mati\u00e8re de sant\u00e9 - Niagara Ontario Health Team - \u00c9quipe Sant\u00e9 Ontario Niagara","isPartOf":{"@id":"https:\/\/noht-eson.ca\/#website"},"primaryImageOfPage":{"@id":"https:\/\/noht-eson.ca\/fr\/a-propos\/la-table-de-planification\/groupe-de-travail-equite-en-matiere-de-sante\/#primaryimage"},"image":{"@id":"https:\/\/noht-eson.ca\/fr\/a-propos\/la-table-de-planification\/groupe-de-travail-equite-en-matiere-de-sante\/#primaryimage"},"thumbnailUrl":"https:\/\/noht-eson.ca\/wp-content\/uploads\/Depositphotos_169577852_XL.jpg","datePublished":"2022-02-09T23:34:08+00:00","dateModified":"2023-04-13T19:23:21+00:00","breadcrumb":{"@id":"https:\/\/noht-eson.ca\/fr\/a-propos\/la-table-de-planification\/groupe-de-travail-equite-en-matiere-de-sante\/#breadcrumb"},"inLanguage":"fr-FR","potentialAction":[{"@type":"ReadAction","target":["https:\/\/noht-eson.ca\/fr\/a-propos\/la-table-de-planification\/groupe-de-travail-equite-en-matiere-de-sante\/"]}]},{"@type":"ImageObject","inLanguage":"fr-FR","@id":"https:\/\/noht-eson.ca\/fr\/a-propos\/la-table-de-planification\/groupe-de-travail-equite-en-matiere-de-sante\/#primaryimage","url":"https:\/\/noht-eson.ca\/wp-content\/uploads\/Depositphotos_169577852_XL.jpg","contentUrl":"https:\/\/noht-eson.ca\/wp-content\/uploads\/Depositphotos_169577852_XL.jpg","width":1400,"height":933},{"@type":"BreadcrumbList","@id":"https:\/\/noht-eson.ca\/fr\/a-propos\/la-table-de-planification\/groupe-de-travail-equite-en-matiere-de-sante\/#breadcrumb","itemListElement":[{"@type":"ListItem","position":1,"name":"Home","item":"https:\/\/noht-eson.ca\/fr\/"},{"@type":"ListItem","position":2,"name":"\u00c0 Propos","item":"https:\/\/noht-eson.ca\/fr\/a-propos\/"},{"@type":"ListItem","position":3,"name":"\u200bLa table de planification\u200b","item":"https:\/\/noht-eson.ca\/fr\/a-propos\/la-table-de-planification\/"},{"@type":"ListItem","position":4,"name":"Le Groupe de travail \u2013 \u00c9quit\u00e9 en mati\u00e8re de sant\u00e9"}]},{"@type":"WebSite","@id":"https:\/\/noht-eson.ca\/#website","url":"https:\/\/noht-eson.ca\/","name":"Niagara Ontario Health Team - \u00c9quipe Sant\u00e9 Ontario Niagara","description":"Exceptional, connected care, now and for future generations","publisher":{"@id":"https:\/\/noht-eson.ca\/#organization"},"potentialAction":[{"@type":"SearchAction","target":{"@type":"EntryPoint","urlTemplate":"https:\/\/noht-eson.ca\/?s={search_term_string}"},"query-input":{"@type":"PropertyValueSpecification","valueRequired":true,"valueName":"search_term_string"}}],"inLanguage":"fr-FR"},{"@type":"Organization","@id":"https:\/\/noht-eson.ca\/#organization","name":"Niagara Ontario Health Team - \u00c9quipe Sant\u00e9 Ontario Niagara","url":"https:\/\/noht-eson.ca\/","logo":{"@type":"ImageObject","inLanguage":"fr-FR","@id":"https:\/\/noht-eson.ca\/#\/schema\/logo\/image\/","url":"https:\/\/noht-eson.ca\/wp-content\/uploads\/NOHT_ESON_Logo_FINAL-1.jpg","contentUrl":"https:\/\/noht-eson.ca\/wp-content\/uploads\/NOHT_ESON_Logo_FINAL-1.jpg","width":1500,"height":500,"caption":"Niagara Ontario Health Team - \u00c9quipe Sant\u00e9 Ontario Niagara"},"image":{"@id":"https:\/\/noht-eson.ca\/#\/schema\/logo\/image\/"},"sameAs":["https:\/\/facebook.com\/NiagaraOHT\/","https:\/\/x.com\/niagaraoht"]}]}},"_links":{"self":[{"href":"https:\/\/noht-eson.ca\/fr\/wp-json\/wp\/v2\/pages\/746","targetHints":{"allow":["GET"]}}],"collection":[{"href":"https:\/\/noht-eson.ca\/fr\/wp-json\/wp\/v2\/pages"}],"about":[{"href":"https:\/\/noht-eson.ca\/fr\/wp-json\/wp\/v2\/types\/page"}],"author":[{"embeddable":true,"href":"https:\/\/noht-eson.ca\/fr\/wp-json\/wp\/v2\/users\/92"}],"replies":[{"embeddable":true,"href":"https:\/\/noht-eson.ca\/fr\/wp-json\/wp\/v2\/comments?post=746"}],"version-history":[{"count":1,"href":"https:\/\/noht-eson.ca\/fr\/wp-json\/wp\/v2\/pages\/746\/revisions"}],"predecessor-version":[{"id":9257,"href":"https:\/\/noht-eson.ca\/fr\/wp-json\/wp\/v2\/pages\/746\/revisions\/9257"}],"up":[{"embeddable":true,"href":"https:\/\/noht-eson.ca\/fr\/wp-json\/wp\/v2\/pages\/449"}],"wp:featuredmedia":[{"embeddable":true,"href":"https:\/\/noht-eson.ca\/fr\/wp-json\/wp\/v2\/media\/844"}],"wp:attachment":[{"href":"https:\/\/noht-eson.ca\/fr\/wp-json\/wp\/v2\/media?parent=746"}],"curies":[{"name":"wp","href":"https:\/\/api.w.org\/{rel}","templated":true}]}}