{"id":709,"date":"2022-02-05T00:12:11","date_gmt":"2022-02-05T00:12:11","guid":{"rendered":"http:\/\/noht-eson.ca\/?page_id=709"},"modified":"2023-04-13T15:23:20","modified_gmt":"2023-04-13T19:23:20","slug":"groupe-de-travail-des-finances","status":"publish","type":"page","link":"https:\/\/noht-eson.ca\/fr\/a-propos\/la-table-de-planification\/groupe-de-travail-des-finances\/","title":{"rendered":"Groupe de travail des finances"},"content":{"rendered":"<div id='av-layout-grid-1'  class='av-layout-grid-container av-12z69m-480c8aa661db0fc29a216530e87c462e entry-content-wrapper main_color av-flex-cells  avia-builder-el-0  avia-builder-el-no-sibling   container_wrap sidebar_right'  >\n\n<style type=\"text\/css\" data-created_by=\"avia_inline_auto\" id=\"style-css-av-xo46i-e3d5fb578877bd71a09b0cfe49dce347\">\n.flex_cell.av-xo46i-e3d5fb578877bd71a09b0cfe49dce347{\nvertical-align:top;\n}\n.responsive #top #wrap_all .flex_cell.av-xo46i-e3d5fb578877bd71a09b0cfe49dce347{\npadding:4rem 4rem 4rem 4rem !important;\n}\n<\/style>\n<div class='flex_cell av-xo46i-e3d5fb578877bd71a09b0cfe49dce347 av-gridrow-cell av_two_fifth no_margin  avia-builder-el-1  el_before_av_cell_three_fifth  avia-builder-el-first  content-align-top'  ><div class='flex_cell_inner'>\n<style type=\"text\/css\" data-created_by=\"avia_inline_auto\" id=\"style-css-av-l01hnzox-377f51173b4ac88927d45b70691ae05f\">\n#top .av_textblock_section.av-l01hnzox-377f51173b4ac88927d45b70691ae05f .avia_textblock{\nfont-size:18px;\ncolor:#005cb9;\n}\n<\/style>\n<section  class='av_textblock_section av-l01hnzox-377f51173b4ac88927d45b70691ae05f '   itemscope=\"itemscope\" itemtype=\"https:\/\/schema.org\/CreativeWork\" ><div class='avia_textblock av_inherit_color'  itemprop=\"text\" ><p class=\"p1\">Le Groupe de travail des finances r\u00e9unit chaque mois l&rsquo;un des dirigeants de chacun des autres groupes de travail afin de surveiller le d\u00e9ploiement des fonds fournis par le minist\u00e8re de la Sant\u00e9 pour mettre en \u0153uvre le nouveau mod\u00e8le de prestation des soins de sant\u00e9 de la population dans la r\u00e9gion de Niagara.<\/p>\n<\/div><\/section><br \/>\n<section  class='av_textblock_section av-l01ho45h-443a1066e5635b8e534d1a94e2efe410 '   itemscope=\"itemscope\" itemtype=\"https:\/\/schema.org\/CreativeWork\" ><div class='avia_textblock'  itemprop=\"text\" ><div class=\"small-12 medium-6 cell\">\n<p>Le groupe s&rsquo;assure que la NOHT-\u00c9SON respecte son plan de d\u00e9penses et ses obligations en mati\u00e8re de reddition de comptes au minist\u00e8re de la Sant\u00e9.<\/p>\n<\/div>\n<\/div><\/section><\/p>\n<\/div><\/div>\n<style type=\"text\/css\" data-created_by=\"avia_inline_auto\" id=\"style-css-av-rsl7m-9b57410f850eec733d68b5cbc93579e3\">\n.flex_cell.av-rsl7m-9b57410f850eec733d68b5cbc93579e3{\nvertical-align:top;\nbackground-color:#f2f9ff;\n}\n.responsive #top #wrap_all .flex_cell.av-rsl7m-9b57410f850eec733d68b5cbc93579e3{\npadding:4rem 4rem 4rem 4rem !important;\n}\n<\/style>\n<div class='flex_cell av-rsl7m-9b57410f850eec733d68b5cbc93579e3 av-gridrow-cell av_three_fifth no_margin  avia-builder-el-4  el_after_av_cell_two_fifth  avia-builder-el-last  content-align-top'  ><div class='flex_cell_inner'>\n<style type=\"text\/css\" data-created_by=\"avia_inline_auto\" id=\"style-css-av-av_textblock-48cb8dc7d15d272fe6b29408b99be5b7\">\n#top .av_textblock_section.av-av_textblock-48cb8dc7d15d272fe6b29408b99be5b7 .avia_textblock{\ntext-align:center;\n}\n<\/style>\n<section  class='av_textblock_section av-av_textblock-48cb8dc7d15d272fe6b29408b99be5b7 '   itemscope=\"itemscope\" itemtype=\"https:\/\/schema.org\/CreativeWork\" ><div class='avia_textblock'  itemprop=\"text\" ><h2>Noms et affiliations des membres du groupe<\/h2>\n<\/div><\/section><br \/>\n<div class='flex_column_table av-ne2f6-6c53dec012b3ce2f6ee5a68adc94077e sc-av_one_half av-equal-height-column-flextable'><div  class='flex_column av-ne2f6-6c53dec012b3ce2f6ee5a68adc94077e av_one_half  avia-builder-el-6  el_after_av_textblock  el_before_av_one_half  first flex_column_table_cell av-equal-height-column av-align-top  column-top-margin'     ><style type=\"text\/css\" data-created_by=\"avia_inline_auto\" id=\"style-css-av-l0k2e4y5-e9dc21df2312e130841df4064a34c697\">\n#top #wrap_all .avia-team-member.av-l0k2e4y5-e9dc21df2312e130841df4064a34c697 .team-member-name{\ncolor:#005cb9;\n}\n.avia-team-member.av-l0k2e4y5-e9dc21df2312e130841df4064a34c697 .team-member-job-title{\ncolor:#363636;\n}\n.avia-team-member.av-l0k2e4y5-e9dc21df2312e130841df4064a34c697 .team-member-description{\ncolor:#363636;\n}\n.avia-team-member.av-l0k2e4y5-e9dc21df2312e130841df4064a34c697 .team-img-container img{\nborder-radius:150px 150px 150px 150px;\n}\n<\/style>\n<section  class='avia-team-member av-l0k2e4y5-e9dc21df2312e130841df4064a34c697  avia-builder-el-7  avia-builder-el-no-sibling  colead noht-team'  itemscope=\"itemscope\" itemtype=\"https:\/\/schema.org\/Person\" ><div class=\"team-img-container\"><img decoding=\"async\" fetchpriority=\"high\" class='wp-image-721 avia-img-lazy-loading-not-721 avia_image avia_image_team' src=\"https:\/\/noht-eson.ca\/wp-content\/uploads\/CAROL-STEWART-KIRKBY-e1644275182414-300x300.jpg\" alt='Carol Stewart'  itemprop=\"image\"   height=\"300\" width=\"300\" srcset=\"https:\/\/noht-eson.ca\/wp-content\/uploads\/CAROL-STEWART-KIRKBY-e1644275182414-300x300.jpg 300w, https:\/\/noht-eson.ca\/wp-content\/uploads\/CAROL-STEWART-KIRKBY-e1644275182414-80x80.jpg 80w, https:\/\/noht-eson.ca\/wp-content\/uploads\/CAROL-STEWART-KIRKBY-e1644275182414-36x36.jpg 36w, https:\/\/noht-eson.ca\/wp-content\/uploads\/CAROL-STEWART-KIRKBY-e1644275182414-180x180.jpg 180w\" sizes=\"(max-width: 300px) 100vw, 300px\" \/><\/div><h3 class='team-member-name '  itemprop=\"name\" >Carol Stewart<\/h3><div class='team-member-job-title av_opacity_variation'  itemprop=\"jobTitle\" >Codirigeant<\/div><div class='team-member-description av_inherit_color'  itemprop=\"description\" ><p>Kirkby-Portage Family Health Team<\/p>\n<\/div><span class='hidden team-member-affiliation'  itemprop=\"affiliation\" >Niagara Ontario Health Team - \u00c9quipe Sant\u00e9 Ontario Niagara<\/span><\/section><\/div><div class='av-flex-placeholder'><\/div><div  class='flex_column av-1eia2-95f0606b9c700e4e58018e0583dd6a7b av_one_half  avia-builder-el-8  el_after_av_one_half  el_before_av_one_full  flex_column_table_cell av-equal-height-column av-align-top  column-top-margin'     ><style type=\"text\/css\" data-created_by=\"avia_inline_auto\" id=\"style-css-av-l5tqs8tj-464a03566d195cd1298c493085de1023\">\n#top #wrap_all .avia-team-member.av-l5tqs8tj-464a03566d195cd1298c493085de1023 .team-member-name{\ncolor:#005cb9;\n}\n.avia-team-member.av-l5tqs8tj-464a03566d195cd1298c493085de1023 .team-member-job-title{\ncolor:#363636;\n}\n.avia-team-member.av-l5tqs8tj-464a03566d195cd1298c493085de1023 .team-member-description{\ncolor:#363636;\n}\n.avia-team-member.av-l5tqs8tj-464a03566d195cd1298c493085de1023 .team-img-container img{\nborder-radius:150px 150px 150px 150px;\n}\n<\/style>\n<section  class='avia-team-member av-l5tqs8tj-464a03566d195cd1298c493085de1023  avia-builder-el-9  avia-builder-el-no-sibling  colead noht-team'  itemscope=\"itemscope\" itemtype=\"https:\/\/schema.org\/Person\" ><div class=\"team-img-container\"><img decoding=\"async\" fetchpriority=\"high\" class='wp-image-3115 avia-img-lazy-loading-not-3115 avia_image avia_image_team av-team-img-original' src=\"https:\/\/noht-eson.ca\/wp-content\/uploads\/LindaBoich1767s-300x300.jpg\" alt='Linda Boich'  itemprop=\"image\"   height=\"300\" width=\"300\" srcset=\"https:\/\/noht-eson.ca\/wp-content\/uploads\/LindaBoich1767s-300x300.jpg 300w, https:\/\/noht-eson.ca\/wp-content\/uploads\/LindaBoich1767s-80x80.jpg 80w, https:\/\/noht-eson.ca\/wp-content\/uploads\/LindaBoich1767s-36x36.jpg 36w, https:\/\/noht-eson.ca\/wp-content\/uploads\/LindaBoich1767s-180x180.jpg 180w\" sizes=\"(max-width: 300px) 100vw, 300px\" \/><\/div><h3 class='team-member-name '  itemprop=\"name\" >Linda Boich<\/h3><div class='team-member-job-title av_opacity_variation'  itemprop=\"jobTitle\" >Codirigeant<\/div><div class='team-member-description av_inherit_color'  itemprop=\"description\" ><p>Niagara Health<\/p>\n<\/div><span class='hidden team-member-affiliation'  itemprop=\"affiliation\" >Niagara Ontario Health Team - \u00c9quipe Sant\u00e9 Ontario Niagara<\/span><\/section><\/div><\/div><!--close column table wrapper. Autoclose: 1 --><div  class='flex_column av-bf95u-81d6c7efb67cda2a69ad0c336aff1367 av_one_full  avia-builder-el-10  el_after_av_one_half  avia-builder-el-last  first flex_column_div  column-top-margin'     ><style type=\"text\/css\" data-created_by=\"avia_inline_auto\" id=\"style-css-av-l01hqiem-a37b94e309d3e806ba0157c32ad7d66e\">\n#top .av_textblock_section.av-l01hqiem-a37b94e309d3e806ba0157c32ad7d66e .avia_textblock{\ntext-align:left;\ncolumn-count:3;\ncolumn-gap:4rem;\n}\n\n@media only screen and (max-width: 479px){ \n#top .av_textblock_section.av-l01hqiem-a37b94e309d3e806ba0157c32ad7d66e .avia_textblock{\ncolumn-count:1;\n}\n.av_textblock_section.av-l01hqiem-a37b94e309d3e806ba0157c32ad7d66e .avia_textblock.av_multi_colums > p:first-child{\nmargin-top:0.85em;\n}\n}\n<\/style>\n<section  class='av_textblock_section av-l01hqiem-a37b94e309d3e806ba0157c32ad7d66e '   itemscope=\"itemscope\" itemtype=\"https:\/\/schema.org\/CreativeWork\" ><div class='avia_textblock av_multi_colums'  itemprop=\"text\" ><p><strong>Jenny Stranges<\/strong><br \/>\nQuest Community Health Centre<\/p>\n<p><strong>Judy George<\/strong><br \/>\nCanadian Mental Health Association, Niagara Branch<\/p>\n<p><strong>Tara McKendrick<\/strong><br \/>\nCanadian Mental Health Association, Niagara Branch<\/p>\n<p><strong>Frank Ruberto<\/strong><br \/>\nNiagara Medical Group Family Health Team<\/p>\n<p><strong>Carol Nagy<\/strong><br \/>\nHospice Niagara<\/p>\n<p><strong>Diane Martin<\/strong><br \/>\nPatient\/Client &amp; Family\/Caregiver Representative<\/p>\n<p><strong>David Ceglie<\/strong><br \/>\nHotel Dieu Shaver Health and Rehabilitation Centre<\/p>\n<p><strong>Mary Keith<\/strong><br \/>\nNiagara North Family Health Team<\/p>\n<p><strong>Nancy Garner<\/strong><br \/>\nQuest Community Health Centre<\/p>\n<\/div><\/section><\/div><\/p>\n<\/div><\/div><\/div>\n","protected":false},"excerpt":{"rendered":"","protected":false},"author":92,"featured_media":1300,"parent":449,"menu_order":0,"comment_status":"closed","ping_status":"closed","template":"","meta":{"_bbp_topic_count":0,"_bbp_reply_count":0,"_bbp_total_topic_count":0,"_bbp_total_reply_count":0,"_bbp_voice_count":0,"_bbp_anonymous_reply_count":0,"_bbp_topic_count_hidden":0,"_bbp_reply_count_hidden":0,"_bbp_forum_subforum_count":0,"footnotes":""},"class_list":["post-709","page","type-page","status-publish","has-post-thumbnail","hentry"],"yoast_head":"<!-- This site is optimized with the Yoast SEO plugin v27.3 - https:\/\/yoast.com\/product\/yoast-seo-wordpress\/ -->\n<title>Groupe de travail des finances - Niagara Ontario Health Team - \u00c9quipe Sant\u00e9 Ontario Niagara<\/title>\n<meta name=\"robots\" content=\"index, follow, max-snippet:-1, max-image-preview:large, max-video-preview:-1\" \/>\n<link rel=\"canonical\" href=\"https:\/\/noht-eson.ca\/fr\/a-propos\/la-table-de-planification\/groupe-de-travail-des-finances\/\" \/>\n<meta property=\"og:locale\" content=\"fr_FR\" \/>\n<meta property=\"og:type\" content=\"article\" \/>\n<meta property=\"og:title\" content=\"Groupe de travail des finances - Niagara Ontario Health Team - \u00c9quipe Sant\u00e9 Ontario Niagara\" \/>\n<meta property=\"og:url\" content=\"https:\/\/noht-eson.ca\/fr\/a-propos\/la-table-de-planification\/groupe-de-travail-des-finances\/\" \/>\n<meta property=\"og:site_name\" content=\"Niagara Ontario Health Team - \u00c9quipe Sant\u00e9 Ontario Niagara\" \/>\n<meta property=\"article:publisher\" content=\"https:\/\/facebook.com\/NiagaraOHT\/\" \/>\n<meta property=\"article:modified_time\" content=\"2023-04-13T19:23:20+00:00\" \/>\n<meta property=\"og:image\" content=\"https:\/\/noht-eson.ca\/wp-content\/uploads\/discussing-work-in-business-meeting-2021-09-24-04-00-40-utc-1030x687.jpeg\" \/>\n\t<meta property=\"og:image:width\" content=\"1030\" \/>\n\t<meta property=\"og:image:height\" content=\"687\" \/>\n\t<meta property=\"og:image:type\" content=\"image\/jpeg\" \/>\n<meta name=\"twitter:card\" content=\"summary_large_image\" \/>\n<meta name=\"twitter:site\" content=\"@niagaraoht\" \/>\n<meta name=\"twitter:label1\" content=\"Dur\u00e9e de lecture estim\u00e9e\" \/>\n\t<meta name=\"twitter:data1\" content=\"8 minutes\" \/>\n<script type=\"application\/ld+json\" class=\"yoast-schema-graph\">{\"@context\":\"https:\\\/\\\/schema.org\",\"@graph\":[{\"@type\":\"WebPage\",\"@id\":\"https:\\\/\\\/noht-eson.ca\\\/fr\\\/a-propos\\\/la-table-de-planification\\\/groupe-de-travail-des-finances\\\/\",\"url\":\"https:\\\/\\\/noht-eson.ca\\\/fr\\\/a-propos\\\/la-table-de-planification\\\/groupe-de-travail-des-finances\\\/\",\"name\":\"Groupe de travail des finances - Niagara Ontario Health Team - \u00c9quipe Sant\u00e9 Ontario Niagara\",\"isPartOf\":{\"@id\":\"https:\\\/\\\/noht-eson.ca\\\/#website\"},\"primaryImageOfPage\":{\"@id\":\"https:\\\/\\\/noht-eson.ca\\\/fr\\\/a-propos\\\/la-table-de-planification\\\/groupe-de-travail-des-finances\\\/#primaryimage\"},\"image\":{\"@id\":\"https:\\\/\\\/noht-eson.ca\\\/fr\\\/a-propos\\\/la-table-de-planification\\\/groupe-de-travail-des-finances\\\/#primaryimage\"},\"thumbnailUrl\":\"https:\\\/\\\/noht-eson.ca\\\/wp-content\\\/uploads\\\/discussing-work-in-business-meeting-2021-09-24-04-00-40-utc-scaled.jpeg\",\"datePublished\":\"2022-02-05T00:12:11+00:00\",\"dateModified\":\"2023-04-13T19:23:20+00:00\",\"breadcrumb\":{\"@id\":\"https:\\\/\\\/noht-eson.ca\\\/fr\\\/a-propos\\\/la-table-de-planification\\\/groupe-de-travail-des-finances\\\/#breadcrumb\"},\"inLanguage\":\"fr-FR\",\"potentialAction\":[{\"@type\":\"ReadAction\",\"target\":[\"https:\\\/\\\/noht-eson.ca\\\/fr\\\/a-propos\\\/la-table-de-planification\\\/groupe-de-travail-des-finances\\\/\"]}]},{\"@type\":\"ImageObject\",\"inLanguage\":\"fr-FR\",\"@id\":\"https:\\\/\\\/noht-eson.ca\\\/fr\\\/a-propos\\\/la-table-de-planification\\\/groupe-de-travail-des-finances\\\/#primaryimage\",\"url\":\"https:\\\/\\\/noht-eson.ca\\\/wp-content\\\/uploads\\\/discussing-work-in-business-meeting-2021-09-24-04-00-40-utc-scaled.jpeg\",\"contentUrl\":\"https:\\\/\\\/noht-eson.ca\\\/wp-content\\\/uploads\\\/discussing-work-in-business-meeting-2021-09-24-04-00-40-utc-scaled.jpeg\",\"width\":2560,\"height\":1709,\"caption\":\"High angle view at group of business people sitting in circle during meeting in office, copy space\"},{\"@type\":\"BreadcrumbList\",\"@id\":\"https:\\\/\\\/noht-eson.ca\\\/fr\\\/a-propos\\\/la-table-de-planification\\\/groupe-de-travail-des-finances\\\/#breadcrumb\",\"itemListElement\":[{\"@type\":\"ListItem\",\"position\":1,\"name\":\"Home\",\"item\":\"https:\\\/\\\/noht-eson.ca\\\/fr\\\/\"},{\"@type\":\"ListItem\",\"position\":2,\"name\":\"\u00c0 Propos\",\"item\":\"https:\\\/\\\/noht-eson.ca\\\/fr\\\/a-propos\\\/\"},{\"@type\":\"ListItem\",\"position\":3,\"name\":\"\u200bLa table de planification\u200b\",\"item\":\"https:\\\/\\\/noht-eson.ca\\\/fr\\\/a-propos\\\/la-table-de-planification\\\/\"},{\"@type\":\"ListItem\",\"position\":4,\"name\":\"Groupe de travail des finances\"}]},{\"@type\":\"WebSite\",\"@id\":\"https:\\\/\\\/noht-eson.ca\\\/#website\",\"url\":\"https:\\\/\\\/noht-eson.ca\\\/\",\"name\":\"Niagara Ontario Health Team - \u00c9quipe Sant\u00e9 Ontario Niagara\",\"description\":\"Exceptional, connected care, now and for future generations\",\"publisher\":{\"@id\":\"https:\\\/\\\/noht-eson.ca\\\/#organization\"},\"potentialAction\":[{\"@type\":\"SearchAction\",\"target\":{\"@type\":\"EntryPoint\",\"urlTemplate\":\"https:\\\/\\\/noht-eson.ca\\\/?s={search_term_string}\"},\"query-input\":{\"@type\":\"PropertyValueSpecification\",\"valueRequired\":true,\"valueName\":\"search_term_string\"}}],\"inLanguage\":\"fr-FR\"},{\"@type\":\"Organization\",\"@id\":\"https:\\\/\\\/noht-eson.ca\\\/#organization\",\"name\":\"Niagara Ontario Health Team - \u00c9quipe Sant\u00e9 Ontario Niagara\",\"url\":\"https:\\\/\\\/noht-eson.ca\\\/\",\"logo\":{\"@type\":\"ImageObject\",\"inLanguage\":\"fr-FR\",\"@id\":\"https:\\\/\\\/noht-eson.ca\\\/#\\\/schema\\\/logo\\\/image\\\/\",\"url\":\"https:\\\/\\\/noht-eson.ca\\\/wp-content\\\/uploads\\\/NOHT_ESON_Logo_FINAL-1.jpg\",\"contentUrl\":\"https:\\\/\\\/noht-eson.ca\\\/wp-content\\\/uploads\\\/NOHT_ESON_Logo_FINAL-1.jpg\",\"width\":1500,\"height\":500,\"caption\":\"Niagara Ontario Health Team - \u00c9quipe Sant\u00e9 Ontario Niagara\"},\"image\":{\"@id\":\"https:\\\/\\\/noht-eson.ca\\\/#\\\/schema\\\/logo\\\/image\\\/\"},\"sameAs\":[\"https:\\\/\\\/facebook.com\\\/NiagaraOHT\\\/\",\"https:\\\/\\\/x.com\\\/niagaraoht\"]}]}<\/script>\n<!-- \/ Yoast SEO plugin. -->","yoast_head_json":{"title":"Groupe de travail des finances - Niagara Ontario Health Team - \u00c9quipe Sant\u00e9 Ontario Niagara","robots":{"index":"index","follow":"follow","max-snippet":"max-snippet:-1","max-image-preview":"max-image-preview:large","max-video-preview":"max-video-preview:-1"},"canonical":"https:\/\/noht-eson.ca\/fr\/a-propos\/la-table-de-planification\/groupe-de-travail-des-finances\/","og_locale":"fr_FR","og_type":"article","og_title":"Groupe de travail des finances - Niagara Ontario Health Team - \u00c9quipe Sant\u00e9 Ontario Niagara","og_url":"https:\/\/noht-eson.ca\/fr\/a-propos\/la-table-de-planification\/groupe-de-travail-des-finances\/","og_site_name":"Niagara Ontario Health Team - \u00c9quipe Sant\u00e9 Ontario Niagara","article_publisher":"https:\/\/facebook.com\/NiagaraOHT\/","article_modified_time":"2023-04-13T19:23:20+00:00","og_image":[{"width":1030,"height":687,"url":"https:\/\/noht-eson.ca\/wp-content\/uploads\/discussing-work-in-business-meeting-2021-09-24-04-00-40-utc-1030x687.jpeg","type":"image\/jpeg"}],"twitter_card":"summary_large_image","twitter_site":"@niagaraoht","twitter_misc":{"Dur\u00e9e de lecture estim\u00e9e":"8 minutes"},"schema":{"@context":"https:\/\/schema.org","@graph":[{"@type":"WebPage","@id":"https:\/\/noht-eson.ca\/fr\/a-propos\/la-table-de-planification\/groupe-de-travail-des-finances\/","url":"https:\/\/noht-eson.ca\/fr\/a-propos\/la-table-de-planification\/groupe-de-travail-des-finances\/","name":"Groupe de travail des finances - Niagara Ontario Health Team - \u00c9quipe Sant\u00e9 Ontario Niagara","isPartOf":{"@id":"https:\/\/noht-eson.ca\/#website"},"primaryImageOfPage":{"@id":"https:\/\/noht-eson.ca\/fr\/a-propos\/la-table-de-planification\/groupe-de-travail-des-finances\/#primaryimage"},"image":{"@id":"https:\/\/noht-eson.ca\/fr\/a-propos\/la-table-de-planification\/groupe-de-travail-des-finances\/#primaryimage"},"thumbnailUrl":"https:\/\/noht-eson.ca\/wp-content\/uploads\/discussing-work-in-business-meeting-2021-09-24-04-00-40-utc-scaled.jpeg","datePublished":"2022-02-05T00:12:11+00:00","dateModified":"2023-04-13T19:23:20+00:00","breadcrumb":{"@id":"https:\/\/noht-eson.ca\/fr\/a-propos\/la-table-de-planification\/groupe-de-travail-des-finances\/#breadcrumb"},"inLanguage":"fr-FR","potentialAction":[{"@type":"ReadAction","target":["https:\/\/noht-eson.ca\/fr\/a-propos\/la-table-de-planification\/groupe-de-travail-des-finances\/"]}]},{"@type":"ImageObject","inLanguage":"fr-FR","@id":"https:\/\/noht-eson.ca\/fr\/a-propos\/la-table-de-planification\/groupe-de-travail-des-finances\/#primaryimage","url":"https:\/\/noht-eson.ca\/wp-content\/uploads\/discussing-work-in-business-meeting-2021-09-24-04-00-40-utc-scaled.jpeg","contentUrl":"https:\/\/noht-eson.ca\/wp-content\/uploads\/discussing-work-in-business-meeting-2021-09-24-04-00-40-utc-scaled.jpeg","width":2560,"height":1709,"caption":"High angle view at group of business people sitting in circle during meeting in office, copy space"},{"@type":"BreadcrumbList","@id":"https:\/\/noht-eson.ca\/fr\/a-propos\/la-table-de-planification\/groupe-de-travail-des-finances\/#breadcrumb","itemListElement":[{"@type":"ListItem","position":1,"name":"Home","item":"https:\/\/noht-eson.ca\/fr\/"},{"@type":"ListItem","position":2,"name":"\u00c0 Propos","item":"https:\/\/noht-eson.ca\/fr\/a-propos\/"},{"@type":"ListItem","position":3,"name":"\u200bLa table de planification\u200b","item":"https:\/\/noht-eson.ca\/fr\/a-propos\/la-table-de-planification\/"},{"@type":"ListItem","position":4,"name":"Groupe de travail des finances"}]},{"@type":"WebSite","@id":"https:\/\/noht-eson.ca\/#website","url":"https:\/\/noht-eson.ca\/","name":"Niagara Ontario Health Team - \u00c9quipe Sant\u00e9 Ontario Niagara","description":"Exceptional, connected care, now and for future generations","publisher":{"@id":"https:\/\/noht-eson.ca\/#organization"},"potentialAction":[{"@type":"SearchAction","target":{"@type":"EntryPoint","urlTemplate":"https:\/\/noht-eson.ca\/?s={search_term_string}"},"query-input":{"@type":"PropertyValueSpecification","valueRequired":true,"valueName":"search_term_string"}}],"inLanguage":"fr-FR"},{"@type":"Organization","@id":"https:\/\/noht-eson.ca\/#organization","name":"Niagara Ontario Health Team - \u00c9quipe Sant\u00e9 Ontario Niagara","url":"https:\/\/noht-eson.ca\/","logo":{"@type":"ImageObject","inLanguage":"fr-FR","@id":"https:\/\/noht-eson.ca\/#\/schema\/logo\/image\/","url":"https:\/\/noht-eson.ca\/wp-content\/uploads\/NOHT_ESON_Logo_FINAL-1.jpg","contentUrl":"https:\/\/noht-eson.ca\/wp-content\/uploads\/NOHT_ESON_Logo_FINAL-1.jpg","width":1500,"height":500,"caption":"Niagara Ontario Health Team - \u00c9quipe Sant\u00e9 Ontario Niagara"},"image":{"@id":"https:\/\/noht-eson.ca\/#\/schema\/logo\/image\/"},"sameAs":["https:\/\/facebook.com\/NiagaraOHT\/","https:\/\/x.com\/niagaraoht"]}]}},"_links":{"self":[{"href":"https:\/\/noht-eson.ca\/fr\/wp-json\/wp\/v2\/pages\/709","targetHints":{"allow":["GET"]}}],"collection":[{"href":"https:\/\/noht-eson.ca\/fr\/wp-json\/wp\/v2\/pages"}],"about":[{"href":"https:\/\/noht-eson.ca\/fr\/wp-json\/wp\/v2\/types\/page"}],"author":[{"embeddable":true,"href":"https:\/\/noht-eson.ca\/fr\/wp-json\/wp\/v2\/users\/92"}],"replies":[{"embeddable":true,"href":"https:\/\/noht-eson.ca\/fr\/wp-json\/wp\/v2\/comments?post=709"}],"version-history":[{"count":1,"href":"https:\/\/noht-eson.ca\/fr\/wp-json\/wp\/v2\/pages\/709\/revisions"}],"predecessor-version":[{"id":9255,"href":"https:\/\/noht-eson.ca\/fr\/wp-json\/wp\/v2\/pages\/709\/revisions\/9255"}],"up":[{"embeddable":true,"href":"https:\/\/noht-eson.ca\/fr\/wp-json\/wp\/v2\/pages\/449"}],"wp:featuredmedia":[{"embeddable":true,"href":"https:\/\/noht-eson.ca\/fr\/wp-json\/wp\/v2\/media\/1300"}],"wp:attachment":[{"href":"https:\/\/noht-eson.ca\/fr\/wp-json\/wp\/v2\/media?parent=709"}],"curies":[{"name":"wp","href":"https:\/\/api.w.org\/{rel}","templated":true}]}}