{"id":6858,"date":"2022-11-10T14:22:06","date_gmt":"2022-11-10T19:22:06","guid":{"rendered":"https:\/\/noht-eson.ca\/?page_id=6858"},"modified":"2025-05-21T11:26:47","modified_gmt":"2025-05-21T15:26:47","slug":"notre-equipe","status":"publish","type":"page","link":"https:\/\/noht-eson.ca\/fr\/a-propos\/notre-equipe\/","title":{"rendered":"Notre \u00e9quipe"},"content":{"rendered":"<div id='av-layout-grid-1'  class='av-layout-grid-container av-av_layout_row-575c31e8c6cc3da0551a44f6e7e59d11 entry-content-wrapper main_color av-flex-cells  avia-builder-el-0  el_before_av_layout_row  avia-builder-el-first   container_wrap sidebar_right'  >\n\n<style type=\"text\/css\" data-created_by=\"avia_inline_auto\" id=\"style-css-av-luigwbqj-3095df0ff7d4293531e4d696cafc6168\">\n.flex_cell.av-luigwbqj-3095df0ff7d4293531e4d696cafc6168{\nvertical-align:top;\nbackground-color:#f2f9ff;\n}\n.responsive #top #wrap_all .flex_cell.av-luigwbqj-3095df0ff7d4293531e4d696cafc6168{\npadding:20px 20px 20px 20px !important;\n}\n<\/style>\n<div class='flex_cell av-luigwbqj-3095df0ff7d4293531e4d696cafc6168 av-gridrow-cell av_one_half no_margin  avia-builder-el-1  el_before_av_cell_one_half  avia-builder-el-first  content-align-top'  ><div class='flex_cell_inner'>\n<style type=\"text\/css\" data-created_by=\"avia_inline_auto\" id=\"style-css-av-may3ivo7-59061bf3ab06efdc5daba2fd1f754222\">\n.avia-team-member.av-may3ivo7-59061bf3ab06efdc5daba2fd1f754222 .team-img-container img{\nborder-radius:10px 10px 10px 10px;\n}\n<\/style>\n<section  class='avia-team-member av-may3ivo7-59061bf3ab06efdc5daba2fd1f754222  avia-builder-el-2  avia-builder-el-no-sibling '  itemscope=\"itemscope\" itemtype=\"https:\/\/schema.org\/Person\" ><div class=\"team-img-container\"><img decoding=\"async\" fetchpriority=\"high\" class='wp-image-3281 avia-img-lazy-loading-not-3281 avia_image avia_image_team' src=\"https:\/\/noht-eson.ca\/wp-content\/uploads\/avatar-300x300.png\" alt='Tara Galitz'  itemprop=\"image\"   height=\"300\" width=\"300\" srcset=\"https:\/\/noht-eson.ca\/wp-content\/uploads\/avatar-300x300.png 300w, https:\/\/noht-eson.ca\/wp-content\/uploads\/avatar-80x80.png 80w, https:\/\/noht-eson.ca\/wp-content\/uploads\/avatar-36x36.png 36w, https:\/\/noht-eson.ca\/wp-content\/uploads\/avatar-180x180.png 180w, https:\/\/noht-eson.ca\/wp-content\/uploads\/avatar-150x150.png 150w, https:\/\/noht-eson.ca\/wp-content\/uploads\/avatar-125x125.png 125w, https:\/\/noht-eson.ca\/wp-content\/uploads\/avatar.png 640w\" sizes=\"(max-width: 300px) 100vw, 300px\" \/><div class=\"team-social\"><div class=\"team-social-inner\"><span class='hidden av_member_url_markup '  itemprop=\"email\" >mailto:Sabrina.Piluso@cschn.ca<\/span><a href='mailto:Sabrina.Piluso@cschn.ca' class='avia-team-icon av-av_team_icon-107c95210e51e343dafa89be58147106 avia-iconfont avia-font-entypo-fontello' rel='v:url'  target='_blank' data-av_icon='\ue805' data-av_iconfont='entypo-fontello' ><\/a><\/div><\/div><\/div><h3 class='team-member-name '  itemprop=\"name\" >Tara Galitz<\/h3><div class='team-member-job-title '  itemprop=\"jobTitle\" >Directrice ex\u00e9cutive<\/div><div class='team-member-description '  itemprop=\"description\" ><p>Avec plus d\u2018une dizaine d\u2019ann\u00e9es de leadership dans le secteur de la sant\u00e9 communautaire, Tara Galitz est profond\u00e9ment attach\u00e9e \u00e0 l\u2018\u00e9quit\u00e9 en mati\u00e8re de sant\u00e9, \u00e0 l\u2019int\u00e9gration des syst\u00e8mes et \u00e0 la transformation strat\u00e9gique.<\/p>\n<p>Elle a notamment occup\u00e9 des postes de direction tels que responsable des politiques et des relations avec les parties prenantes \u00e0 l\u2019Alliance pour des communaut\u00e9s en sant\u00e9, directrice des soins primaires au Centre de sant\u00e9 communautaire Hamilton\/Niagara et directrice principale des services de sant\u00e9 clinique au Lamp Community Health Centre.<\/p>\n<p>Tara conna\u00eet bien la r\u00e9gion de Niagara et a jou\u00e9 un r\u00f4le cl\u00e9 dans le d\u00e9veloppement initial de la NOHT-\u00c9SON, en contribuant \u00e0 la soumission qui a permis d\u2019obtenir son approbation. Son retour dans la r\u00e9gion t\u00e9moigne de sa volont\u00e9 de faire progresser un syst\u00e8me de sant\u00e9 et de soins sociaux plus connect\u00e9 et plus \u00e9quitable.<\/p>\n<p>Guid\u00e9e par la conviction qu\u2018il ne peut y avoir de solution unique, Tara applique une lentille d\u2019\u00e9quit\u00e9 en sant\u00e9 \u00e0 son travail et s\u2019attache \u00e0 d\u00e9montrer que le syst\u00e8me de sant\u00e9 de Niagara peut fonctionner de mani\u00e8re coordonn\u00e9e et performante.<\/p>\n<\/div><span class='hidden team-member-affiliation'  itemprop=\"affiliation\" >Niagara Ontario Health Team - \u00c9quipe Sant\u00e9 Ontario Niagara<\/span><\/section>\n<\/div><\/div>\n<style type=\"text\/css\" data-created_by=\"avia_inline_auto\" id=\"style-css-av-luigwht3-e85dfa4a755258a4296b4444db97151e\">\n.flex_cell.av-luigwht3-e85dfa4a755258a4296b4444db97151e{\nvertical-align:top;\nbackground-color:#ffffff;\n}\n.responsive #top #wrap_all .flex_cell.av-luigwht3-e85dfa4a755258a4296b4444db97151e{\npadding:20px 20px 20px 20px !important;\n}\n<\/style>\n<div class='flex_cell av-luigwht3-e85dfa4a755258a4296b4444db97151e av-gridrow-cell av_one_half no_margin  avia-builder-el-3  el_after_av_cell_one_half  avia-builder-el-last  content-align-top'  ><div class='flex_cell_inner'>\n<style type=\"text\/css\" data-created_by=\"avia_inline_auto\" id=\"style-css-av-luk4huvu-7dba030901d1db5add655fd76808fd41\">\n.avia-team-member.av-luk4huvu-7dba030901d1db5add655fd76808fd41 .team-img-container img{\nborder-radius:10px 10px 10px 10px;\n}\n<\/style>\n<section  class='avia-team-member av-luk4huvu-7dba030901d1db5add655fd76808fd41  avia-builder-el-4  avia-builder-el-no-sibling '  itemscope=\"itemscope\" itemtype=\"https:\/\/schema.org\/Person\" ><div class=\"team-img-container\"><img decoding=\"async\" fetchpriority=\"high\" class='wp-image-6825 avia-img-lazy-loading-not-6825 avia_image avia_image_team' src=\"https:\/\/noht-eson.ca\/wp-content\/uploads\/Ibolya-C-233x300.jpg\" alt='Ibolya Csiszar'  itemprop=\"image\"   height=\"300\" width=\"233\" srcset=\"https:\/\/noht-eson.ca\/wp-content\/uploads\/Ibolya-C-233x300.jpg 233w, https:\/\/noht-eson.ca\/wp-content\/uploads\/Ibolya-C-799x1030.jpg 799w, https:\/\/noht-eson.ca\/wp-content\/uploads\/Ibolya-C-768x990.jpg 768w, https:\/\/noht-eson.ca\/wp-content\/uploads\/Ibolya-C-547x705.jpg 547w, https:\/\/noht-eson.ca\/wp-content\/uploads\/Ibolya-C.jpg 1012w\" sizes=\"(max-width: 233px) 100vw, 233px\" \/><div class=\"team-social\"><div class=\"team-social-inner\"><span class='hidden av_member_url_markup '  itemprop=\"email\" >mailto:Hrishikesh.Navare@niagararegion.ca<\/span><a href='mailto:Hrishikesh.Navare@niagararegion.ca' class='avia-team-icon av-av_team_icon-5028da44de61fea7bec4f94316e6920e avia-iconfont avia-font-entypo-fontello' rel='v:url'  target='_blank' data-av_icon='\ue805' data-av_iconfont='entypo-fontello' ><\/a><\/div><\/div><\/div><h3 class='team-member-name '  itemprop=\"name\" >Ibolya Csiszar<\/h3><div class='team-member-job-title '  itemprop=\"jobTitle\" >Adjointe de la direction<\/div><div class='team-member-description '  itemprop=\"description\" ><p>Au cours des quinze ann\u00e9es qu\u2018elle a pass\u00e9es dans le secteur des soins de sant\u00e9, Mme Csiszar a occup\u00e9 des postes administratifs dans les domaines de la finance, de l\u2019interpr\u00e9tation et de la traduction, et les sept derni\u00e8res ann\u00e9es dans le domaine de l\u2019\u00e9thique chez Trillium Health Partners.<\/p>\n<p>Ces fonctions n\u00e9cessitent un \u00e9ventail de connaissances et de comp\u00e9tences : service de premi\u00e8re ligne, maintien de relations de travail avec diverses organisations, agences communautaires et h\u00f4pitaux, coordination des cadres d\u2018entreprise, acuit\u00e9 financi\u00e8re, coordination des forums d\u2019engagement, suivi de l\u2018avancement de multiples projets et rapports de fin d\u2019ann\u00e9e.<\/p>\n<p>Mme Csiszar est titulaire d\u2018une licence en administration des affaires de l\u2019universit\u00e9 de Guelph, d\u2018un dipl\u00f4me en gestion des affaires du Humber College et d\u2019un certificat d\u2019interpr\u00e8te en langue hongroise d\u00e9livr\u00e9 par le minist\u00e8re du procureur g\u00e9n\u00e9ral.<\/p>\n<p>Elle est motiv\u00e9e pour exploiter ses comp\u00e9tences tout en apportant des contributions significatives. Mme Csiszar est \u00e9galement fi\u00e8re de pouvoir servir sa communaut\u00e9 et d\u2018aider \u00e0 \u00e9tablir des liens essentiels en tant que membre de l\u2019\u00c9quipe Sant\u00e9 Ontario Niagara.<\/p>\n<\/div><span class='hidden team-member-affiliation'  itemprop=\"affiliation\" >Niagara Ontario Health Team - \u00c9quipe Sant\u00e9 Ontario Niagara<\/span><\/section>\n<\/div><\/div><\/div><div id='av-layout-grid-2'  class='av-layout-grid-container av-av_layout_row-575c31e8c6cc3da0551a44f6e7e59d11 entry-content-wrapper main_color av-flex-cells  avia-builder-el-5  el_after_av_layout_row  avia-builder-el-last  grid-row-not-first  container_wrap sidebar_right'  >\n\n<style type=\"text\/css\" data-created_by=\"avia_inline_auto\" id=\"style-css-av-luk4dq2u-fea3802dcc51cf739027d8809c886296\">\n.flex_cell.av-luk4dq2u-fea3802dcc51cf739027d8809c886296{\nvertical-align:top;\nbackground-color:#ffffff;\n}\n.responsive #top #wrap_all .flex_cell.av-luk4dq2u-fea3802dcc51cf739027d8809c886296{\npadding:20px 20px 20px 20px !important;\n}\n<\/style>\n<div class='flex_cell av-luk4dq2u-fea3802dcc51cf739027d8809c886296 av-gridrow-cell av_one_half no_margin  avia-builder-el-6  el_before_av_cell_one_half  avia-builder-el-first  content-align-top'  ><div class='flex_cell_inner'>\n<style type=\"text\/css\" data-created_by=\"avia_inline_auto\" id=\"style-css-av-av_team_member-178c4abf3d64e295448269f3a075884a\">\n.avia-team-member.av-av_team_member-178c4abf3d64e295448269f3a075884a .team-img-container img{\nborder-radius:10px 10px 10px 10px;\n}\n<\/style>\n<section  class='avia-team-member av-av_team_member-178c4abf3d64e295448269f3a075884a  avia-builder-el-7  avia-builder-el-no-sibling '  itemscope=\"itemscope\" itemtype=\"https:\/\/schema.org\/Person\" ><div class=\"team-img-container\"><img decoding=\"async\" fetchpriority=\"high\" class='wp-image-6639 avia-img-lazy-loading-not-6639 avia_image avia_image_team' src=\"https:\/\/noht-eson.ca\/wp-content\/uploads\/Ron-Laroche-Headshot-300x300.jpg\" alt='Ron Laroche'  itemprop=\"image\"   height=\"300\" width=\"300\" srcset=\"https:\/\/noht-eson.ca\/wp-content\/uploads\/Ron-Laroche-Headshot-300x300.jpg 300w, https:\/\/noht-eson.ca\/wp-content\/uploads\/Ron-Laroche-Headshot-80x80.jpg 80w, https:\/\/noht-eson.ca\/wp-content\/uploads\/Ron-Laroche-Headshot-36x36.jpg 36w, https:\/\/noht-eson.ca\/wp-content\/uploads\/Ron-Laroche-Headshot-180x180.jpg 180w, https:\/\/noht-eson.ca\/wp-content\/uploads\/Ron-Laroche-Headshot.jpg 400w\" sizes=\"(max-width: 300px) 100vw, 300px\" \/><div class=\"team-social\"><div class=\"team-social-inner\"><span class='hidden av_member_url_markup '  itemprop=\"email\" >mailto:communications@noht-eson.ca<\/span><a href='mailto:communications@noht-eson.ca' class='avia-team-icon av-av_team_icon-a2b6a8ec40065ab30594be51d4e3f326 avia-iconfont avia-font-entypo-fontello' rel='v:url'  target='_blank' data-av_icon='\ue805' data-av_iconfont='entypo-fontello' ><\/a><\/div><\/div><\/div><h3 class='team-member-name '  itemprop=\"name\" >Ron Laroche<\/h3><div class='team-member-job-title '  itemprop=\"jobTitle\" >Gestionnaire, Communications et de l\u2019engagement<\/div><div class='team-member-description '  itemprop=\"description\" ><p>M. Laroche travaille dans le domaine des communications depuis plus de 15 ans \u00e0 divers titres; il a notamment occup\u00e9 des postes de journaliste en radiot\u00e9l\u00e9diffusion dans les r\u00e9gions de Niagara et de Chatham-Kent, et de directeur des communications et de l\u2019acquisition de fonds pour l\u2019organisme Int\u00e9gration communautaire Ontario (ICO).<\/p>\n<p>En plus de ICO, M. Laroche a fait partie de l\u2019\u00e9quipe de direction de l\u2019organisme Int\u00e9gration communautaire Grimsby, Lincoln et West Lincoln \u00e0 titre de directeur des op\u00e9rations et de directeur g\u00e9n\u00e9ral int\u00e9rimaire. Parmi les \u00e9l\u00e9ments de sa carri\u00e8re les plus gratifiants, M. Laroche a aid\u00e9 des personnes ayant diff\u00e9rentes capacit\u00e9s \u00e0 contribuer \u00e0 leur collectivit\u00e9 et il a aid\u00e9 la collectivit\u00e9 m\u00eame \u00e0 int\u00e9grer ces personnes.<\/p>\n<p>En tant que gestionnaire des communications et de l\u2018engagement pour le Niagara Ontario Health Team-\u00c9quipe Sant\u00e9 Ontario Niagara, M. Laroche supervise les strat\u00e9gies de communication et de l\u2019engagement de l\u2019organisation dans le but d\u2019am\u00e9liorer les r\u00e9sultats en mati\u00e8re de sant\u00e9 et de soins sociaux pour les r\u00e9sidents de la r\u00e9gion.<\/p>\n<\/div><span class='hidden team-member-affiliation'  itemprop=\"affiliation\" >Niagara Ontario Health Team - \u00c9quipe Sant\u00e9 Ontario Niagara<\/span><\/section>\n<\/div><\/div>\n<style type=\"text\/css\" data-created_by=\"avia_inline_auto\" id=\"style-css-av-luk4cm1w-e1c943e94ee8b15de1a4adade6530556\">\n.flex_cell.av-luk4cm1w-e1c943e94ee8b15de1a4adade6530556{\nvertical-align:top;\nbackground-color:#f2f9ff;\n}\n.responsive #top #wrap_all .flex_cell.av-luk4cm1w-e1c943e94ee8b15de1a4adade6530556{\npadding:20px 20px 20px 20px !important;\n}\n<\/style>\n<div class='flex_cell av-luk4cm1w-e1c943e94ee8b15de1a4adade6530556 av-gridrow-cell av_one_half no_margin  avia-builder-el-8  el_after_av_cell_one_half  avia-builder-el-last  content-align-top'  ><div class='flex_cell_inner'><\/div><\/div>\n<\/div><\/p>\n","protected":false},"excerpt":{"rendered":"","protected":false},"author":94,"featured_media":0,"parent":400,"menu_order":3,"comment_status":"closed","ping_status":"closed","template":"","meta":{"_bbp_topic_count":0,"_bbp_reply_count":0,"_bbp_total_topic_count":0,"_bbp_total_reply_count":0,"_bbp_voice_count":0,"_bbp_anonymous_reply_count":0,"_bbp_topic_count_hidden":0,"_bbp_reply_count_hidden":0,"_bbp_forum_subforum_count":0,"footnotes":""},"class_list":["post-6858","page","type-page","status-publish","hentry"],"yoast_head":"<!-- This site is optimized with the Yoast SEO plugin v27.3 - https:\/\/yoast.com\/product\/yoast-seo-wordpress\/ -->\n<title>Notre \u00e9quipe - Niagara Ontario Health Team - \u00c9quipe Sant\u00e9 Ontario Niagara<\/title>\n<meta name=\"robots\" content=\"index, follow, max-snippet:-1, max-image-preview:large, max-video-preview:-1\" \/>\n<link rel=\"canonical\" href=\"https:\/\/noht-eson.ca\/fr\/a-propos\/notre-equipe\/\" \/>\n<meta property=\"og:locale\" content=\"fr_FR\" \/>\n<meta property=\"og:type\" content=\"article\" \/>\n<meta property=\"og:title\" content=\"Notre \u00e9quipe - Niagara Ontario Health Team - \u00c9quipe Sant\u00e9 Ontario Niagara\" \/>\n<meta property=\"og:url\" content=\"https:\/\/noht-eson.ca\/fr\/a-propos\/notre-equipe\/\" \/>\n<meta property=\"og:site_name\" content=\"Niagara Ontario Health Team - \u00c9quipe Sant\u00e9 Ontario Niagara\" \/>\n<meta property=\"article:publisher\" content=\"https:\/\/facebook.com\/NiagaraOHT\/\" \/>\n<meta property=\"article:modified_time\" content=\"2025-05-21T15:26:47+00:00\" \/>\n<meta name=\"twitter:card\" content=\"summary_large_image\" \/>\n<meta name=\"twitter:site\" content=\"@niagaraoht\" \/>\n<meta name=\"twitter:label1\" content=\"Dur\u00e9e de lecture estim\u00e9e\" \/>\n\t<meta name=\"twitter:data1\" content=\"3 minutes\" \/>\n<script type=\"application\/ld+json\" class=\"yoast-schema-graph\">{\"@context\":\"https:\\\/\\\/schema.org\",\"@graph\":[{\"@type\":\"WebPage\",\"@id\":\"https:\\\/\\\/noht-eson.ca\\\/fr\\\/a-propos\\\/notre-equipe\\\/\",\"url\":\"https:\\\/\\\/noht-eson.ca\\\/fr\\\/a-propos\\\/notre-equipe\\\/\",\"name\":\"Notre \u00e9quipe - Niagara Ontario Health Team - \u00c9quipe Sant\u00e9 Ontario Niagara\",\"isPartOf\":{\"@id\":\"https:\\\/\\\/noht-eson.ca\\\/#website\"},\"datePublished\":\"2022-11-10T19:22:06+00:00\",\"dateModified\":\"2025-05-21T15:26:47+00:00\",\"breadcrumb\":{\"@id\":\"https:\\\/\\\/noht-eson.ca\\\/fr\\\/a-propos\\\/notre-equipe\\\/#breadcrumb\"},\"inLanguage\":\"fr-FR\",\"potentialAction\":[{\"@type\":\"ReadAction\",\"target\":[\"https:\\\/\\\/noht-eson.ca\\\/fr\\\/a-propos\\\/notre-equipe\\\/\"]}]},{\"@type\":\"BreadcrumbList\",\"@id\":\"https:\\\/\\\/noht-eson.ca\\\/fr\\\/a-propos\\\/notre-equipe\\\/#breadcrumb\",\"itemListElement\":[{\"@type\":\"ListItem\",\"position\":1,\"name\":\"Home\",\"item\":\"https:\\\/\\\/noht-eson.ca\\\/fr\\\/\"},{\"@type\":\"ListItem\",\"position\":2,\"name\":\"\u00c0 Propos\",\"item\":\"https:\\\/\\\/noht-eson.ca\\\/fr\\\/a-propos\\\/\"},{\"@type\":\"ListItem\",\"position\":3,\"name\":\"Notre \u00e9quipe\"}]},{\"@type\":\"WebSite\",\"@id\":\"https:\\\/\\\/noht-eson.ca\\\/#website\",\"url\":\"https:\\\/\\\/noht-eson.ca\\\/\",\"name\":\"Niagara Ontario Health Team - \u00c9quipe Sant\u00e9 Ontario Niagara\",\"description\":\"Exceptional, connected care, now and for future generations\",\"publisher\":{\"@id\":\"https:\\\/\\\/noht-eson.ca\\\/#organization\"},\"potentialAction\":[{\"@type\":\"SearchAction\",\"target\":{\"@type\":\"EntryPoint\",\"urlTemplate\":\"https:\\\/\\\/noht-eson.ca\\\/?s={search_term_string}\"},\"query-input\":{\"@type\":\"PropertyValueSpecification\",\"valueRequired\":true,\"valueName\":\"search_term_string\"}}],\"inLanguage\":\"fr-FR\"},{\"@type\":\"Organization\",\"@id\":\"https:\\\/\\\/noht-eson.ca\\\/#organization\",\"name\":\"Niagara Ontario Health Team - \u00c9quipe Sant\u00e9 Ontario Niagara\",\"url\":\"https:\\\/\\\/noht-eson.ca\\\/\",\"logo\":{\"@type\":\"ImageObject\",\"inLanguage\":\"fr-FR\",\"@id\":\"https:\\\/\\\/noht-eson.ca\\\/#\\\/schema\\\/logo\\\/image\\\/\",\"url\":\"https:\\\/\\\/noht-eson.ca\\\/wp-content\\\/uploads\\\/NOHT_ESON_Logo_FINAL-1.jpg\",\"contentUrl\":\"https:\\\/\\\/noht-eson.ca\\\/wp-content\\\/uploads\\\/NOHT_ESON_Logo_FINAL-1.jpg\",\"width\":1500,\"height\":500,\"caption\":\"Niagara Ontario Health Team - \u00c9quipe Sant\u00e9 Ontario Niagara\"},\"image\":{\"@id\":\"https:\\\/\\\/noht-eson.ca\\\/#\\\/schema\\\/logo\\\/image\\\/\"},\"sameAs\":[\"https:\\\/\\\/facebook.com\\\/NiagaraOHT\\\/\",\"https:\\\/\\\/x.com\\\/niagaraoht\"]}]}<\/script>\n<!-- \/ Yoast SEO plugin. -->","yoast_head_json":{"title":"Notre \u00e9quipe - Niagara Ontario Health Team - \u00c9quipe Sant\u00e9 Ontario Niagara","robots":{"index":"index","follow":"follow","max-snippet":"max-snippet:-1","max-image-preview":"max-image-preview:large","max-video-preview":"max-video-preview:-1"},"canonical":"https:\/\/noht-eson.ca\/fr\/a-propos\/notre-equipe\/","og_locale":"fr_FR","og_type":"article","og_title":"Notre \u00e9quipe - Niagara Ontario Health Team - \u00c9quipe Sant\u00e9 Ontario Niagara","og_url":"https:\/\/noht-eson.ca\/fr\/a-propos\/notre-equipe\/","og_site_name":"Niagara Ontario Health Team - \u00c9quipe Sant\u00e9 Ontario Niagara","article_publisher":"https:\/\/facebook.com\/NiagaraOHT\/","article_modified_time":"2025-05-21T15:26:47+00:00","twitter_card":"summary_large_image","twitter_site":"@niagaraoht","twitter_misc":{"Dur\u00e9e de lecture estim\u00e9e":"3 minutes"},"schema":{"@context":"https:\/\/schema.org","@graph":[{"@type":"WebPage","@id":"https:\/\/noht-eson.ca\/fr\/a-propos\/notre-equipe\/","url":"https:\/\/noht-eson.ca\/fr\/a-propos\/notre-equipe\/","name":"Notre \u00e9quipe - Niagara Ontario Health Team - \u00c9quipe Sant\u00e9 Ontario Niagara","isPartOf":{"@id":"https:\/\/noht-eson.ca\/#website"},"datePublished":"2022-11-10T19:22:06+00:00","dateModified":"2025-05-21T15:26:47+00:00","breadcrumb":{"@id":"https:\/\/noht-eson.ca\/fr\/a-propos\/notre-equipe\/#breadcrumb"},"inLanguage":"fr-FR","potentialAction":[{"@type":"ReadAction","target":["https:\/\/noht-eson.ca\/fr\/a-propos\/notre-equipe\/"]}]},{"@type":"BreadcrumbList","@id":"https:\/\/noht-eson.ca\/fr\/a-propos\/notre-equipe\/#breadcrumb","itemListElement":[{"@type":"ListItem","position":1,"name":"Home","item":"https:\/\/noht-eson.ca\/fr\/"},{"@type":"ListItem","position":2,"name":"\u00c0 Propos","item":"https:\/\/noht-eson.ca\/fr\/a-propos\/"},{"@type":"ListItem","position":3,"name":"Notre \u00e9quipe"}]},{"@type":"WebSite","@id":"https:\/\/noht-eson.ca\/#website","url":"https:\/\/noht-eson.ca\/","name":"Niagara Ontario Health Team - \u00c9quipe Sant\u00e9 Ontario Niagara","description":"Exceptional, connected care, now and for future generations","publisher":{"@id":"https:\/\/noht-eson.ca\/#organization"},"potentialAction":[{"@type":"SearchAction","target":{"@type":"EntryPoint","urlTemplate":"https:\/\/noht-eson.ca\/?s={search_term_string}"},"query-input":{"@type":"PropertyValueSpecification","valueRequired":true,"valueName":"search_term_string"}}],"inLanguage":"fr-FR"},{"@type":"Organization","@id":"https:\/\/noht-eson.ca\/#organization","name":"Niagara Ontario Health Team - \u00c9quipe Sant\u00e9 Ontario Niagara","url":"https:\/\/noht-eson.ca\/","logo":{"@type":"ImageObject","inLanguage":"fr-FR","@id":"https:\/\/noht-eson.ca\/#\/schema\/logo\/image\/","url":"https:\/\/noht-eson.ca\/wp-content\/uploads\/NOHT_ESON_Logo_FINAL-1.jpg","contentUrl":"https:\/\/noht-eson.ca\/wp-content\/uploads\/NOHT_ESON_Logo_FINAL-1.jpg","width":1500,"height":500,"caption":"Niagara Ontario Health Team - \u00c9quipe Sant\u00e9 Ontario Niagara"},"image":{"@id":"https:\/\/noht-eson.ca\/#\/schema\/logo\/image\/"},"sameAs":["https:\/\/facebook.com\/NiagaraOHT\/","https:\/\/x.com\/niagaraoht"]}]}},"_links":{"self":[{"href":"https:\/\/noht-eson.ca\/fr\/wp-json\/wp\/v2\/pages\/6858","targetHints":{"allow":["GET"]}}],"collection":[{"href":"https:\/\/noht-eson.ca\/fr\/wp-json\/wp\/v2\/pages"}],"about":[{"href":"https:\/\/noht-eson.ca\/fr\/wp-json\/wp\/v2\/types\/page"}],"author":[{"embeddable":true,"href":"https:\/\/noht-eson.ca\/fr\/wp-json\/wp\/v2\/users\/94"}],"replies":[{"embeddable":true,"href":"https:\/\/noht-eson.ca\/fr\/wp-json\/wp\/v2\/comments?post=6858"}],"version-history":[{"count":11,"href":"https:\/\/noht-eson.ca\/fr\/wp-json\/wp\/v2\/pages\/6858\/revisions"}],"predecessor-version":[{"id":15185,"href":"https:\/\/noht-eson.ca\/fr\/wp-json\/wp\/v2\/pages\/6858\/revisions\/15185"}],"up":[{"embeddable":true,"href":"https:\/\/noht-eson.ca\/fr\/wp-json\/wp\/v2\/pages\/400"}],"wp:attachment":[{"href":"https:\/\/noht-eson.ca\/fr\/wp-json\/wp\/v2\/media?parent=6858"}],"curies":[{"name":"wp","href":"https:\/\/api.w.org\/{rel}","templated":true}]}}