{"id":603,"date":"2022-01-28T18:35:06","date_gmt":"2022-01-28T18:35:06","guid":{"rendered":"http:\/\/noht-eson.ca\/?page_id=603"},"modified":"2023-04-13T15:23:22","modified_gmt":"2023-04-13T19:23:22","slug":"groupe-de-travail-soins-integres","status":"publish","type":"page","link":"https:\/\/noht-eson.ca\/fr\/a-propos\/la-table-de-planification\/groupe-de-travail-soins-integres\/","title":{"rendered":"Groupe de travail \u2013 Soins int\u00e9gr\u00e9s"},"content":{"rendered":"<div id='av-layout-grid-1'  class='av-layout-grid-container av-12zimr-4f042d5d66c3b8b1a591bf270639f336 entry-content-wrapper main_color av-flex-cells  avia-builder-el-0  el_before_av_textblock  avia-builder-el-first   container_wrap sidebar_right'  >\n\n<style type=\"text\/css\" data-created_by=\"avia_inline_auto\" id=\"style-css-av-y7gyj-2d61b11a17e501d80879d6d114c30131\">\n.flex_cell.av-y7gyj-2d61b11a17e501d80879d6d114c30131{\nvertical-align:top;\n}\n.responsive #top #wrap_all .flex_cell.av-y7gyj-2d61b11a17e501d80879d6d114c30131{\npadding:4rem 4rem 4rem 4rem !important;\n}\n<\/style>\n<div class='flex_cell av-y7gyj-2d61b11a17e501d80879d6d114c30131 av-gridrow-cell av_two_fifth no_margin  avia-builder-el-1  el_before_av_cell_three_fifth  avia-builder-el-first  content-align-top'  ><div class='flex_cell_inner'>\n<style type=\"text\/css\" data-created_by=\"avia_inline_auto\" id=\"style-css-av-l01ivvim-72c244451db10fe182fd541c00c6863b\">\n#top .av_textblock_section.av-l01ivvim-72c244451db10fe182fd541c00c6863b .avia_textblock{\nfont-size:18px;\ncolor:#005cb9;\n}\n<\/style>\n<section  class='av_textblock_section av-l01ivvim-72c244451db10fe182fd541c00c6863b '   itemscope=\"itemscope\" itemtype=\"https:\/\/schema.org\/CreativeWork\" ><div class='avia_textblock av_inherit_color'  itemprop=\"text\" ><p class=\"p1\">Le Groupe de travail \u2013 Soins int\u00e9gr\u00e9s se concentre sur la coordination des activit\u00e9s de soins entre tous les fournisseurs de soins de sant\u00e9 de la NOHT-\u00c9SON afin d&rsquo;obtenir les meilleurs r\u00e9sultats possibles pour les services fournis aux patients et aux clients, tout au long de leur vie. Cet engagement \u00e0 \u00e9liminer les chevauchements, les retards et les lacunes dans la prestation des services est un aspect essentiel du mandat visant \u00e0 fa\u00e7onner l&rsquo;avenir des soins de sant\u00e9 en Ontario que nous a confi\u00e9 le minist\u00e8re de la Sant\u00e9.<\/p>\n<\/div><\/section><br \/>\n<section  class='av_textblock_section av-l01iw2zs-f1e96da7740f20650c652fe7e0504e2e '   itemscope=\"itemscope\" itemtype=\"https:\/\/schema.org\/CreativeWork\" ><div class='avia_textblock'  itemprop=\"text\" ><p>Le Groupe de travail \u2013 Soins int\u00e9gr\u00e9s se r\u00e9unit tous les mois pour d\u00e9finir et mettre au point son plan visant \u00e0 promouvoir la coordination des soins au sein de la NOHT-\u00c9SON. Au fur et \u00e0 mesure que la NOHT-\u00c9SON progresse vers la maturit\u00e9 organisationnelle, il s&rsquo;efforce de r\u00e9pondre aux besoins imm\u00e9diats des populations prioritaires actuelles &#8211; patients et clients en soins palliatifs, victimes d&rsquo;accidents vasculaires c\u00e9r\u00e9braux, enfants et jeunes ayant besoin de services de sant\u00e9 mentale.<\/p>\n<p><strong>R\u00e9alisations \u00e0 ce jour<\/strong><\/p>\n<ul>\n<li>Consultation de personnes ayant un savoir v\u00e9cu pour conna\u00eetre leurs perspectives et leurs exp\u00e9riences en mati\u00e8re de soins int\u00e9gr\u00e9s.<\/li>\n<li>Consultation du Carrefour bien-\u00eatre des jeunes du Niagara pour d\u00e9finir les soins int\u00e9gr\u00e9s.<\/li>\n<li>Cr\u00e9ation d&rsquo;un plan d&rsquo;engagement pour \u00e9tendre la planification des soins int\u00e9gr\u00e9s tout au long de la vie \u00e0 l&rsquo;ensemble des syst\u00e8mes et des secteurs, en incluant la voix des Autochtones, des clients, familles et soignants, des francophones, des jeunes et des soins primaires.<\/li>\n<li>Engagement avec des partenaires de services dans tous les secteurs pour accro\u00eetre la port\u00e9e et l&rsquo;\u00e9chelle de l&rsquo;initiative afin d&rsquo;\u00e9largir les liens de la NOHT-\u00c9SON avec les organismes de la r\u00e9gion du Niagara.<\/li>\n<li>Collaboration avec le Groupe de travail \u2013 Services de sant\u00e9 num\u00e9riques de la NOHT-\u00c9SON pour veiller \u00e0 ce que la technologie soit utilis\u00e9e de mani\u00e8re strat\u00e9gique pour soutenir un acc\u00e8s \u00e9quitable aux soins int\u00e9gr\u00e9s.<\/li>\n<\/ul>\n<p>Pour plus d\u2019information, veuillez communiquer avec Nadine Wallace (<a href=\"mailto:nadine@contactniagara.org\">nadine@contactniagara.org<\/a>) ou Jenny Stranges (<a href=\"mailto:jstranges@questchc.ca\">jstranges@questchc.ca<\/a>).<\/p>\n<\/div><\/section><\/p>\n<\/div><\/div>\n<style type=\"text\/css\" data-created_by=\"avia_inline_auto\" id=\"style-css-av-qog0j-2c6480680e154b095dc8bbc0ab9bbc82\">\n.flex_cell.av-qog0j-2c6480680e154b095dc8bbc0ab9bbc82{\nvertical-align:top;\nbackground-color:#f2f9ff;\n}\n.responsive #top #wrap_all .flex_cell.av-qog0j-2c6480680e154b095dc8bbc0ab9bbc82{\npadding:4rem 4rem 4rem 4rem !important;\n}\n<\/style>\n<div class='flex_cell av-qog0j-2c6480680e154b095dc8bbc0ab9bbc82 av-gridrow-cell av_three_fifth no_margin  avia-builder-el-4  el_after_av_cell_two_fifth  avia-builder-el-last  content-align-top'  ><div class='flex_cell_inner'>\n<style type=\"text\/css\" data-created_by=\"avia_inline_auto\" id=\"style-css-av-l01iwcyb-b58d7789c806e31bea24c718cf4f8fe0\">\n#top .av_textblock_section.av-l01iwcyb-b58d7789c806e31bea24c718cf4f8fe0 .avia_textblock{\ntext-align:center;\n}\n<\/style>\n<section  class='av_textblock_section av-l01iwcyb-b58d7789c806e31bea24c718cf4f8fe0 '   itemscope=\"itemscope\" itemtype=\"https:\/\/schema.org\/CreativeWork\" ><div class='avia_textblock'  itemprop=\"text\" ><h2>Noms et affiliations des membres du groupe<\/h2>\n<\/div><\/section><br \/>\n<div class='flex_column_table av-k4ye3-36ea9e8e89d9279ba14494a415c30741 sc-av_one_half av-equal-height-column-flextable'><div  class='flex_column av-k4ye3-36ea9e8e89d9279ba14494a415c30741 av_one_half  avia-builder-el-6  el_after_av_textblock  el_before_av_one_half  first flex_column_table_cell av-equal-height-column av-align-top  column-top-margin'     ><style type=\"text\/css\" data-created_by=\"avia_inline_auto\" id=\"style-css-av-l5trhtnh-f118f468cc5bc3d54db74ce6ca0c8243\">\n#top #wrap_all .avia-team-member.av-l5trhtnh-f118f468cc5bc3d54db74ce6ca0c8243 .team-member-name{\ncolor:#005cb9;\n}\n.avia-team-member.av-l5trhtnh-f118f468cc5bc3d54db74ce6ca0c8243 .team-member-job-title{\ncolor:#363636;\n}\n.avia-team-member.av-l5trhtnh-f118f468cc5bc3d54db74ce6ca0c8243 .team-member-description{\ncolor:#363636;\n}\n.avia-team-member.av-l5trhtnh-f118f468cc5bc3d54db74ce6ca0c8243 .team-img-container img{\nborder-radius:150px 150px 150px 150px;\n}\n<\/style>\n<section  class='avia-team-member av-l5trhtnh-f118f468cc5bc3d54db74ce6ca0c8243  avia-builder-el-7  avia-builder-el-no-sibling  colead noht-team'  itemscope=\"itemscope\" itemtype=\"https:\/\/schema.org\/Person\" ><div class=\"team-img-container\"><img decoding=\"async\" fetchpriority=\"high\" class='wp-image-2372 avia-img-lazy-loading-not-2372 avia_image avia_image_team' src=\"https:\/\/noht-eson.ca\/wp-content\/uploads\/avatar.jpg\" alt='Nadine Wallace'  itemprop=\"image\"   height=\"289\" width=\"289\" srcset=\"https:\/\/noht-eson.ca\/wp-content\/uploads\/avatar.jpg 289w, https:\/\/noht-eson.ca\/wp-content\/uploads\/avatar-80x80.jpg 80w, https:\/\/noht-eson.ca\/wp-content\/uploads\/avatar-36x36.jpg 36w, https:\/\/noht-eson.ca\/wp-content\/uploads\/avatar-180x180.jpg 180w\" sizes=\"(max-width: 289px) 100vw, 289px\" \/><\/div><h3 class='team-member-name '  itemprop=\"name\" >Nadine Wallace<\/h3><div class='team-member-job-title av_opacity_variation'  itemprop=\"jobTitle\" >Codirigeant<\/div><div class='team-member-description av_inherit_color'  itemprop=\"description\" ><p>Contact Niagara for Children\u2019s and Developmental Services<\/p>\n<\/div><span class='hidden team-member-affiliation'  itemprop=\"affiliation\" >Niagara Ontario Health Team - \u00c9quipe Sant\u00e9 Ontario Niagara<\/span><\/section><\/div><div class='av-flex-placeholder'><\/div><div  class='flex_column av-hr6ff-c79847aa67747d659a286ed604ce460b av_one_half  avia-builder-el-8  el_after_av_one_half  el_before_av_one_full  flex_column_table_cell av-equal-height-column av-align-top  column-top-margin'     ><style type=\"text\/css\" data-created_by=\"avia_inline_auto\" id=\"style-css-av-l0k2tq6x-1fd1447e9057d9ee2b8fe2e332813808\">\n#top #wrap_all .avia-team-member.av-l0k2tq6x-1fd1447e9057d9ee2b8fe2e332813808 .team-member-name{\ncolor:#005cb9;\n}\n.avia-team-member.av-l0k2tq6x-1fd1447e9057d9ee2b8fe2e332813808 .team-member-job-title{\ncolor:#363636;\n}\n.avia-team-member.av-l0k2tq6x-1fd1447e9057d9ee2b8fe2e332813808 .team-member-description{\ncolor:#363636;\n}\n.avia-team-member.av-l0k2tq6x-1fd1447e9057d9ee2b8fe2e332813808 .team-img-container img{\nborder-radius:150px 150px 150px 150px;\n}\n<\/style>\n<section  class='avia-team-member av-l0k2tq6x-1fd1447e9057d9ee2b8fe2e332813808  avia-builder-el-9  avia-builder-el-no-sibling  colead noht-team'  itemscope=\"itemscope\" itemtype=\"https:\/\/schema.org\/Person\" ><div class=\"team-img-container\"><img decoding=\"async\" fetchpriority=\"high\" class='wp-image-620 avia-img-lazy-loading-not-620 avia_image avia_image_team' src=\"https:\/\/noht-eson.ca\/wp-content\/uploads\/jenny-photo-300x300.jpg\" alt='Jenny Stranges'  itemprop=\"image\"   height=\"300\" width=\"300\" srcset=\"https:\/\/noht-eson.ca\/wp-content\/uploads\/jenny-photo-300x300.jpg 300w, https:\/\/noht-eson.ca\/wp-content\/uploads\/jenny-photo-80x80.jpg 80w, https:\/\/noht-eson.ca\/wp-content\/uploads\/jenny-photo-36x36.jpg 36w, https:\/\/noht-eson.ca\/wp-content\/uploads\/jenny-photo-180x180.jpg 180w, https:\/\/noht-eson.ca\/wp-content\/uploads\/jenny-photo-150x150.jpg 150w, https:\/\/noht-eson.ca\/wp-content\/uploads\/jenny-photo-125x125.jpg 125w\" sizes=\"(max-width: 300px) 100vw, 300px\" \/><\/div><h3 class='team-member-name '  itemprop=\"name\" >Jenny Stranges<\/h3><div class='team-member-job-title av_opacity_variation'  itemprop=\"jobTitle\" >Codirigeant<\/div><div class='team-member-description av_inherit_color'  itemprop=\"description\" ><p>Quest Community Health Centre<\/p>\n<\/div><span class='hidden team-member-affiliation'  itemprop=\"affiliation\" >Niagara Ontario Health Team - \u00c9quipe Sant\u00e9 Ontario Niagara<\/span><\/section><\/div><\/div><!--close column table wrapper. Autoclose: 1 --><div  class='flex_column av-bb2pv-1854facbd103ac6ee5a009915e799d66 av_one_full  avia-builder-el-10  el_after_av_one_half  avia-builder-el-last  first flex_column_div  column-top-margin'     ><style type=\"text\/css\" data-created_by=\"avia_inline_auto\" id=\"style-css-av-l01iwqkd-ee048f43f50b5119e59571a2ce53d261\">\n#top .av_textblock_section.av-l01iwqkd-ee048f43f50b5119e59571a2ce53d261 .avia_textblock{\ntext-align:left;\ncolumn-count:3;\ncolumn-gap:4rem;\n}\n\n@media only screen and (max-width: 479px){ \n#top .av_textblock_section.av-l01iwqkd-ee048f43f50b5119e59571a2ce53d261 .avia_textblock{\ncolumn-count:1;\n}\n.av_textblock_section.av-l01iwqkd-ee048f43f50b5119e59571a2ce53d261 .avia_textblock.av_multi_colums > p:first-child{\nmargin-top:0.85em;\n}\n}\n<\/style>\n<section  class='av_textblock_section av-l01iwqkd-ee048f43f50b5119e59571a2ce53d261 '   itemscope=\"itemscope\" itemtype=\"https:\/\/schema.org\/CreativeWork\" ><div class='avia_textblock av_multi_colums'  itemprop=\"text\" ><p><strong>Elizabeth Davies<br \/>\n<\/strong>Home and Community Care Support Services<\/p>\n<p><strong>Chris Pollard<\/strong><br \/>\nHotel Dieu Shaver<\/p>\n<p><strong>Heather Gillespie<\/strong><br \/>\nCanadian Mental Health Association<\/p>\n<p><strong>Jennifer Butera<\/strong><br \/>\nNiagara Region<\/p>\n<p><strong>Frank Ruberto<br \/>\n<\/strong>Niagara Medical Group Family Health Team<\/p>\n<p><strong>Kelly Stack<\/strong><br \/>\nBrain Injury Community Re-entry Niagara Inc.<\/p>\n<p><strong>Lisa Panetta<\/strong><br \/>\nNiagara Region<\/p>\n<p><strong>Marty Mako<\/strong><br \/>\nNiagara Emergency Medical Services<\/p>\n<p><strong>Lindsay Holman<\/strong><br \/>\nDevelopmental Services Ontario<\/p>\n<p><strong>Paul Niesink<\/strong><br \/>\nCommunity Addiction Services of Niagara (CASON)<\/p>\n<p><strong>Sarah Putman<\/strong><br \/>\nAlzheimer Society Niagara Region<\/p>\n<p><strong>Tahera Vawda<\/strong><br \/>\nBridges Community Health Centre<\/p>\n<p><strong>Talia Storm<\/strong><br \/>\nPositive Living Niagara<\/p>\n<p><strong>Leah Jeffrey<br \/>\n<\/strong>Bethesda<\/p>\n<p><strong>Ashley Hardman<\/strong><br \/>\nContact Niagara for Children\u2019s and Developmental Services<\/p>\n<p><strong>Shelly Cricenti<\/strong><br \/>\nQuest Community Health Centre<\/p>\n<p><strong>Jennifer Smith<\/strong><br \/>\nHome and Community Care Support Services<\/p>\n<p><strong>Sue Shipley<\/strong><br \/>\nHospice Niagara<\/p>\n<p><strong>Olga McNeill<\/strong><br \/>\nPatient\/Client &#038; Family\/Caregiver Representative<\/p>\n<\/div><\/section><\/div><\/p>\n<\/div><\/div><\/div><div id='after_grid_row_1'  class='main_color av_default_container_wrap container_wrap sidebar_right'  ><div class='container av-section-cont-open' ><div class='template-page content  av-content-small alpha units'><div class='post-entry post-entry-type-page post-entry-603'><div class='entry-content-wrapper clearfix'><section  class='av_textblock_section av-av_textblock-c485d65446d5a40a7b5bbc25f444d469 '   itemscope=\"itemscope\" itemtype=\"https:\/\/schema.org\/CreativeWork\" ><div class='avia_textblock'  itemprop=\"text\" ><\/div><\/section><\/p>\n","protected":false},"excerpt":{"rendered":"","protected":false},"author":92,"featured_media":824,"parent":449,"menu_order":0,"comment_status":"closed","ping_status":"closed","template":"","meta":{"_bbp_topic_count":0,"_bbp_reply_count":0,"_bbp_total_topic_count":0,"_bbp_total_reply_count":0,"_bbp_voice_count":0,"_bbp_anonymous_reply_count":0,"_bbp_topic_count_hidden":0,"_bbp_reply_count_hidden":0,"_bbp_forum_subforum_count":0,"footnotes":""},"class_list":["post-603","page","type-page","status-publish","has-post-thumbnail","hentry"],"yoast_head":"<!-- This site is optimized with the Yoast SEO plugin v27.4 - https:\/\/yoast.com\/product\/yoast-seo-wordpress\/ -->\n<title>Groupe de travail \u2013 Soins int\u00e9gr\u00e9s - Niagara Ontario Health Team - \u00c9quipe Sant\u00e9 Ontario Niagara<\/title>\n<meta name=\"robots\" content=\"index, follow, max-snippet:-1, max-image-preview:large, max-video-preview:-1\" \/>\n<link rel=\"canonical\" href=\"https:\/\/noht-eson.ca\/fr\/a-propos\/la-table-de-planification\/groupe-de-travail-soins-integres\/\" \/>\n<meta property=\"og:locale\" content=\"fr_FR\" \/>\n<meta property=\"og:type\" content=\"article\" \/>\n<meta property=\"og:title\" content=\"Groupe de travail \u2013 Soins int\u00e9gr\u00e9s - Niagara Ontario Health Team - \u00c9quipe Sant\u00e9 Ontario Niagara\" \/>\n<meta property=\"og:url\" content=\"https:\/\/noht-eson.ca\/fr\/a-propos\/la-table-de-planification\/groupe-de-travail-soins-integres\/\" \/>\n<meta property=\"og:site_name\" content=\"Niagara Ontario Health Team - \u00c9quipe Sant\u00e9 Ontario Niagara\" \/>\n<meta property=\"article:publisher\" content=\"https:\/\/facebook.com\/NiagaraOHT\/\" \/>\n<meta property=\"article:modified_time\" content=\"2023-04-13T19:23:22+00:00\" \/>\n<meta property=\"og:image\" content=\"https:\/\/noht-eson.ca\/wp-content\/uploads\/Depositphotos_61631605_XL-e1645739891236.jpg\" \/>\n\t<meta property=\"og:image:width\" content=\"1400\" \/>\n\t<meta property=\"og:image:height\" content=\"612\" \/>\n\t<meta property=\"og:image:type\" content=\"image\/jpeg\" \/>\n<meta name=\"twitter:card\" content=\"summary_large_image\" \/>\n<meta name=\"twitter:site\" content=\"@niagaraoht\" \/>\n<meta name=\"twitter:label1\" content=\"Dur\u00e9e de lecture estim\u00e9e\" \/>\n\t<meta name=\"twitter:data1\" content=\"10 minutes\" \/>\n<script type=\"application\/ld+json\" class=\"yoast-schema-graph\">{\"@context\":\"https:\\\/\\\/schema.org\",\"@graph\":[{\"@type\":\"WebPage\",\"@id\":\"https:\\\/\\\/noht-eson.ca\\\/fr\\\/a-propos\\\/la-table-de-planification\\\/groupe-de-travail-soins-integres\\\/\",\"url\":\"https:\\\/\\\/noht-eson.ca\\\/fr\\\/a-propos\\\/la-table-de-planification\\\/groupe-de-travail-soins-integres\\\/\",\"name\":\"Groupe de travail \u2013 Soins int\u00e9gr\u00e9s - Niagara Ontario Health Team - \u00c9quipe Sant\u00e9 Ontario Niagara\",\"isPartOf\":{\"@id\":\"https:\\\/\\\/noht-eson.ca\\\/#website\"},\"primaryImageOfPage\":{\"@id\":\"https:\\\/\\\/noht-eson.ca\\\/fr\\\/a-propos\\\/la-table-de-planification\\\/groupe-de-travail-soins-integres\\\/#primaryimage\"},\"image\":{\"@id\":\"https:\\\/\\\/noht-eson.ca\\\/fr\\\/a-propos\\\/la-table-de-planification\\\/groupe-de-travail-soins-integres\\\/#primaryimage\"},\"thumbnailUrl\":\"https:\\\/\\\/noht-eson.ca\\\/wp-content\\\/uploads\\\/Depositphotos_61631605_XL-e1645739891236.jpg\",\"datePublished\":\"2022-01-28T18:35:06+00:00\",\"dateModified\":\"2023-04-13T19:23:22+00:00\",\"breadcrumb\":{\"@id\":\"https:\\\/\\\/noht-eson.ca\\\/fr\\\/a-propos\\\/la-table-de-planification\\\/groupe-de-travail-soins-integres\\\/#breadcrumb\"},\"inLanguage\":\"fr-FR\",\"potentialAction\":[{\"@type\":\"ReadAction\",\"target\":[\"https:\\\/\\\/noht-eson.ca\\\/fr\\\/a-propos\\\/la-table-de-planification\\\/groupe-de-travail-soins-integres\\\/\"]}]},{\"@type\":\"ImageObject\",\"inLanguage\":\"fr-FR\",\"@id\":\"https:\\\/\\\/noht-eson.ca\\\/fr\\\/a-propos\\\/la-table-de-planification\\\/groupe-de-travail-soins-integres\\\/#primaryimage\",\"url\":\"https:\\\/\\\/noht-eson.ca\\\/wp-content\\\/uploads\\\/Depositphotos_61631605_XL-e1645739891236.jpg\",\"contentUrl\":\"https:\\\/\\\/noht-eson.ca\\\/wp-content\\\/uploads\\\/Depositphotos_61631605_XL-e1645739891236.jpg\",\"width\":1400,\"height\":612},{\"@type\":\"BreadcrumbList\",\"@id\":\"https:\\\/\\\/noht-eson.ca\\\/fr\\\/a-propos\\\/la-table-de-planification\\\/groupe-de-travail-soins-integres\\\/#breadcrumb\",\"itemListElement\":[{\"@type\":\"ListItem\",\"position\":1,\"name\":\"Home\",\"item\":\"https:\\\/\\\/noht-eson.ca\\\/fr\\\/\"},{\"@type\":\"ListItem\",\"position\":2,\"name\":\"\u00c0 Propos\",\"item\":\"https:\\\/\\\/noht-eson.ca\\\/fr\\\/a-propos\\\/\"},{\"@type\":\"ListItem\",\"position\":3,\"name\":\"\u200bLa table de planification\u200b\",\"item\":\"https:\\\/\\\/noht-eson.ca\\\/fr\\\/a-propos\\\/la-table-de-planification\\\/\"},{\"@type\":\"ListItem\",\"position\":4,\"name\":\"Groupe de travail \u2013 Soins int\u00e9gr\u00e9s\"}]},{\"@type\":\"WebSite\",\"@id\":\"https:\\\/\\\/noht-eson.ca\\\/#website\",\"url\":\"https:\\\/\\\/noht-eson.ca\\\/\",\"name\":\"Niagara Ontario Health Team - \u00c9quipe Sant\u00e9 Ontario Niagara\",\"description\":\"Exceptional, connected care, now and for future generations\",\"publisher\":{\"@id\":\"https:\\\/\\\/noht-eson.ca\\\/#organization\"},\"potentialAction\":[{\"@type\":\"SearchAction\",\"target\":{\"@type\":\"EntryPoint\",\"urlTemplate\":\"https:\\\/\\\/noht-eson.ca\\\/?s={search_term_string}\"},\"query-input\":{\"@type\":\"PropertyValueSpecification\",\"valueRequired\":true,\"valueName\":\"search_term_string\"}}],\"inLanguage\":\"fr-FR\"},{\"@type\":\"Organization\",\"@id\":\"https:\\\/\\\/noht-eson.ca\\\/#organization\",\"name\":\"Niagara Ontario Health Team - \u00c9quipe Sant\u00e9 Ontario Niagara\",\"url\":\"https:\\\/\\\/noht-eson.ca\\\/\",\"logo\":{\"@type\":\"ImageObject\",\"inLanguage\":\"fr-FR\",\"@id\":\"https:\\\/\\\/noht-eson.ca\\\/#\\\/schema\\\/logo\\\/image\\\/\",\"url\":\"https:\\\/\\\/noht-eson.ca\\\/wp-content\\\/uploads\\\/NOHT_ESON_Logo_FINAL-1.jpg\",\"contentUrl\":\"https:\\\/\\\/noht-eson.ca\\\/wp-content\\\/uploads\\\/NOHT_ESON_Logo_FINAL-1.jpg\",\"width\":1500,\"height\":500,\"caption\":\"Niagara Ontario Health Team - \u00c9quipe Sant\u00e9 Ontario Niagara\"},\"image\":{\"@id\":\"https:\\\/\\\/noht-eson.ca\\\/#\\\/schema\\\/logo\\\/image\\\/\"},\"sameAs\":[\"https:\\\/\\\/facebook.com\\\/NiagaraOHT\\\/\",\"https:\\\/\\\/x.com\\\/niagaraoht\"]}]}<\/script>\n<!-- \/ Yoast SEO plugin. -->","yoast_head_json":{"title":"Groupe de travail \u2013 Soins int\u00e9gr\u00e9s - Niagara Ontario Health Team - \u00c9quipe Sant\u00e9 Ontario Niagara","robots":{"index":"index","follow":"follow","max-snippet":"max-snippet:-1","max-image-preview":"max-image-preview:large","max-video-preview":"max-video-preview:-1"},"canonical":"https:\/\/noht-eson.ca\/fr\/a-propos\/la-table-de-planification\/groupe-de-travail-soins-integres\/","og_locale":"fr_FR","og_type":"article","og_title":"Groupe de travail \u2013 Soins int\u00e9gr\u00e9s - Niagara Ontario Health Team - \u00c9quipe Sant\u00e9 Ontario Niagara","og_url":"https:\/\/noht-eson.ca\/fr\/a-propos\/la-table-de-planification\/groupe-de-travail-soins-integres\/","og_site_name":"Niagara Ontario Health Team - \u00c9quipe Sant\u00e9 Ontario Niagara","article_publisher":"https:\/\/facebook.com\/NiagaraOHT\/","article_modified_time":"2023-04-13T19:23:22+00:00","og_image":[{"width":1400,"height":612,"url":"https:\/\/noht-eson.ca\/wp-content\/uploads\/Depositphotos_61631605_XL-e1645739891236.jpg","type":"image\/jpeg"}],"twitter_card":"summary_large_image","twitter_site":"@niagaraoht","twitter_misc":{"Dur\u00e9e de lecture estim\u00e9e":"10 minutes"},"schema":{"@context":"https:\/\/schema.org","@graph":[{"@type":"WebPage","@id":"https:\/\/noht-eson.ca\/fr\/a-propos\/la-table-de-planification\/groupe-de-travail-soins-integres\/","url":"https:\/\/noht-eson.ca\/fr\/a-propos\/la-table-de-planification\/groupe-de-travail-soins-integres\/","name":"Groupe de travail \u2013 Soins int\u00e9gr\u00e9s - Niagara Ontario Health Team - \u00c9quipe Sant\u00e9 Ontario Niagara","isPartOf":{"@id":"https:\/\/noht-eson.ca\/#website"},"primaryImageOfPage":{"@id":"https:\/\/noht-eson.ca\/fr\/a-propos\/la-table-de-planification\/groupe-de-travail-soins-integres\/#primaryimage"},"image":{"@id":"https:\/\/noht-eson.ca\/fr\/a-propos\/la-table-de-planification\/groupe-de-travail-soins-integres\/#primaryimage"},"thumbnailUrl":"https:\/\/noht-eson.ca\/wp-content\/uploads\/Depositphotos_61631605_XL-e1645739891236.jpg","datePublished":"2022-01-28T18:35:06+00:00","dateModified":"2023-04-13T19:23:22+00:00","breadcrumb":{"@id":"https:\/\/noht-eson.ca\/fr\/a-propos\/la-table-de-planification\/groupe-de-travail-soins-integres\/#breadcrumb"},"inLanguage":"fr-FR","potentialAction":[{"@type":"ReadAction","target":["https:\/\/noht-eson.ca\/fr\/a-propos\/la-table-de-planification\/groupe-de-travail-soins-integres\/"]}]},{"@type":"ImageObject","inLanguage":"fr-FR","@id":"https:\/\/noht-eson.ca\/fr\/a-propos\/la-table-de-planification\/groupe-de-travail-soins-integres\/#primaryimage","url":"https:\/\/noht-eson.ca\/wp-content\/uploads\/Depositphotos_61631605_XL-e1645739891236.jpg","contentUrl":"https:\/\/noht-eson.ca\/wp-content\/uploads\/Depositphotos_61631605_XL-e1645739891236.jpg","width":1400,"height":612},{"@type":"BreadcrumbList","@id":"https:\/\/noht-eson.ca\/fr\/a-propos\/la-table-de-planification\/groupe-de-travail-soins-integres\/#breadcrumb","itemListElement":[{"@type":"ListItem","position":1,"name":"Home","item":"https:\/\/noht-eson.ca\/fr\/"},{"@type":"ListItem","position":2,"name":"\u00c0 Propos","item":"https:\/\/noht-eson.ca\/fr\/a-propos\/"},{"@type":"ListItem","position":3,"name":"\u200bLa table de planification\u200b","item":"https:\/\/noht-eson.ca\/fr\/a-propos\/la-table-de-planification\/"},{"@type":"ListItem","position":4,"name":"Groupe de travail \u2013 Soins int\u00e9gr\u00e9s"}]},{"@type":"WebSite","@id":"https:\/\/noht-eson.ca\/#website","url":"https:\/\/noht-eson.ca\/","name":"Niagara Ontario Health Team - \u00c9quipe Sant\u00e9 Ontario Niagara","description":"Exceptional, connected care, now and for future generations","publisher":{"@id":"https:\/\/noht-eson.ca\/#organization"},"potentialAction":[{"@type":"SearchAction","target":{"@type":"EntryPoint","urlTemplate":"https:\/\/noht-eson.ca\/?s={search_term_string}"},"query-input":{"@type":"PropertyValueSpecification","valueRequired":true,"valueName":"search_term_string"}}],"inLanguage":"fr-FR"},{"@type":"Organization","@id":"https:\/\/noht-eson.ca\/#organization","name":"Niagara Ontario Health Team - \u00c9quipe Sant\u00e9 Ontario Niagara","url":"https:\/\/noht-eson.ca\/","logo":{"@type":"ImageObject","inLanguage":"fr-FR","@id":"https:\/\/noht-eson.ca\/#\/schema\/logo\/image\/","url":"https:\/\/noht-eson.ca\/wp-content\/uploads\/NOHT_ESON_Logo_FINAL-1.jpg","contentUrl":"https:\/\/noht-eson.ca\/wp-content\/uploads\/NOHT_ESON_Logo_FINAL-1.jpg","width":1500,"height":500,"caption":"Niagara Ontario Health Team - \u00c9quipe Sant\u00e9 Ontario Niagara"},"image":{"@id":"https:\/\/noht-eson.ca\/#\/schema\/logo\/image\/"},"sameAs":["https:\/\/facebook.com\/NiagaraOHT\/","https:\/\/x.com\/niagaraoht"]}]}},"_links":{"self":[{"href":"https:\/\/noht-eson.ca\/fr\/wp-json\/wp\/v2\/pages\/603","targetHints":{"allow":["GET"]}}],"collection":[{"href":"https:\/\/noht-eson.ca\/fr\/wp-json\/wp\/v2\/pages"}],"about":[{"href":"https:\/\/noht-eson.ca\/fr\/wp-json\/wp\/v2\/types\/page"}],"author":[{"embeddable":true,"href":"https:\/\/noht-eson.ca\/fr\/wp-json\/wp\/v2\/users\/92"}],"replies":[{"embeddable":true,"href":"https:\/\/noht-eson.ca\/fr\/wp-json\/wp\/v2\/comments?post=603"}],"version-history":[{"count":1,"href":"https:\/\/noht-eson.ca\/fr\/wp-json\/wp\/v2\/pages\/603\/revisions"}],"predecessor-version":[{"id":9254,"href":"https:\/\/noht-eson.ca\/fr\/wp-json\/wp\/v2\/pages\/603\/revisions\/9254"}],"up":[{"embeddable":true,"href":"https:\/\/noht-eson.ca\/fr\/wp-json\/wp\/v2\/pages\/449"}],"wp:featuredmedia":[{"embeddable":true,"href":"https:\/\/noht-eson.ca\/fr\/wp-json\/wp\/v2\/media\/824"}],"wp:attachment":[{"href":"https:\/\/noht-eson.ca\/fr\/wp-json\/wp\/v2\/media?parent=603"}],"curies":[{"name":"wp","href":"https:\/\/api.w.org\/{rel}","templated":true}]}}