{"id":596,"date":"2022-01-28T16:33:28","date_gmt":"2022-01-28T16:33:28","guid":{"rendered":"http:\/\/noht-eson.ca\/?page_id=596"},"modified":"2023-04-13T15:23:22","modified_gmt":"2023-04-13T19:23:22","slug":"groupe-de-travail-sante-mentale-et-dependances","status":"publish","type":"page","link":"https:\/\/noht-eson.ca\/fr\/a-propos\/la-table-de-planification\/groupe-de-travail-sante-mentale-et-dependances\/","title":{"rendered":"Groupe de travail \u2013 Sant\u00e9 mentale et d\u00e9pendances"},"content":{"rendered":"<div id='av-layout-grid-1'  class='av-layout-grid-container av-5mdod3-5d63faf0bd3f0da7fdab55f63812580f entry-content-wrapper main_color av-flex-cells  avia-builder-el-0  avia-builder-el-no-sibling   container_wrap sidebar_right'  >\n\n<style type=\"text\/css\" data-created_by=\"avia_inline_auto\" id=\"style-css-av-5fftrj-b766f600328290c567ab498ff4397205\">\n.flex_cell.av-5fftrj-b766f600328290c567ab498ff4397205{\nvertical-align:top;\n}\n.responsive #top #wrap_all .flex_cell.av-5fftrj-b766f600328290c567ab498ff4397205{\npadding:4rem 4rem 4rem 4rem !important;\n}\n<\/style>\n<div class='flex_cell av-5fftrj-b766f600328290c567ab498ff4397205 av-gridrow-cell av_two_fifth no_margin  avia-builder-el-1  el_before_av_cell_three_fifth  avia-builder-el-first  content-align-top'  ><div class='flex_cell_inner'>\n<style type=\"text\/css\" data-created_by=\"avia_inline_auto\" id=\"style-css-av-56wx5j-8bb7dd57c1fa9883eabaf3e3efa99dd5\">\n#top .av_textblock_section.av-56wx5j-8bb7dd57c1fa9883eabaf3e3efa99dd5 .avia_textblock{\nfont-size:18px;\ncolor:#005cb9;\n}\n<\/style>\n<section  class='av_textblock_section av-56wx5j-8bb7dd57c1fa9883eabaf3e3efa99dd5 '   itemscope=\"itemscope\" itemtype=\"https:\/\/schema.org\/CreativeWork\" ><div class='avia_textblock av_inherit_color'  itemprop=\"text\" ><p class=\"p1\">Le Groupe de travail \u2013 Sant\u00e9 mentale et d\u00e9pendances est une \u00e9quipe de demandeurs d\u2019aide, de membres des familles, de soignants et de fournisseurs de services qui trouvent de nouvelles fa\u00e7ons d\u2019am\u00e9liorer les r\u00e9sultats et les exp\u00e9riences des demandeurs d\u2019aide. Cet effort repose sur certaines strat\u00e9gies cl\u00e9s, dont la simplification et la coordination d\u2019un acc\u00e8s \u00e9quitable \u00e0 des services de sant\u00e9 mentale et de traitement des d\u00e9pendances de haute qualit\u00e9 et fond\u00e9s sur des donn\u00e9es probantes.<\/p>\n<\/div><\/section><br \/>\n<section  class='av_textblock_section av-51e627-ac67e2c7421cf38a031fb8862d2f0460 '   itemscope=\"itemscope\" itemtype=\"https:\/\/schema.org\/CreativeWork\" ><div class='avia_textblock'  itemprop=\"text\" ><div class=\"small-12 medium-6 cell\">\n<p>\u00c9tant donn\u00e9 que la NOHT-\u00c9SON reconna\u00eet et valorise les services de sant\u00e9 mentale et de traitement des d\u00e9pendances comme faisant partie int\u00e9grante des soins de sant\u00e9 holistiques, le Groupe de travail \u2013 Sant\u00e9 mentale et d\u00e9pendances est d\u00e9termin\u00e9 \u00e0 comprendre les besoins des r\u00e9sidents de la r\u00e9gion de Niagara en analysant les donn\u00e9es, en examinant les r\u00e9sultats des recherches et en consultant divers groupes communautaires. Les recommandations de changement seront \u00e9valu\u00e9es, class\u00e9es par ordre de priorit\u00e9 et mises en \u0153uvre par la NOHT-\u00c9SON.<\/p>\n<p>Nos membres mettent actuellement au point un plan triennal pour g\u00e9rer les changements dans le syst\u00e8me de sant\u00e9 mentale. Cette initiative comprend la cr\u00e9ation d\u2019une fiche d\u2019\u00e9valuation de la sant\u00e9 mentale et du traitement des d\u00e9pendances con\u00e7ue pour \u00e9valuer les d\u00e9fis et les succ\u00e8s v\u00e9cus dans le cadre de notre travail de collaboration pour changer le syst\u00e8me.<\/p>\n<p>Le Groupe de travail est actuellement compos\u00e9 d\u2019un m\u00e9lange dynamique de professionnels de la sant\u00e9 enthousiastes provenant de divers secteurs du syst\u00e8me de soins de sant\u00e9. Voici un aper\u00e7u de ses membres.<\/p>\n<ul>\n<li>15 fournisseurs de services de sant\u00e9 mentale et de traitement des d\u00e9pendances, y compris des organisations de langue fran\u00e7aise<\/li>\n<li>10 fournisseurs de services connexes, dont les services de gestion des urgences (SGU) et la police<\/li>\n<li>2 \u00e9tablissements d\u2019enseignement postsecondaire (Niagara College et Universit\u00e9 Brock)<\/li>\n<li>7 personnes ayant une exp\u00e9rience v\u00e9cue (clients et patients, familles et soignants)<\/li>\n<li>4 centres de soins de sant\u00e9 communautaires<\/li>\n<li>4 fournisseurs de soins primaires<\/li>\n<\/ul>\n<p>Votre contribution est \u00e0 la fois bienvenue et n\u00e9cessaire. Pour de plus amples renseignements ou pour exprimer votre int\u00e9r\u00eat \u00e0 mettre vos comp\u00e9tences ou votre exp\u00e9rience au service du Groupe de travail \u2013 Sant\u00e9 mentale et d\u00e9pendances, veuillez contacter Tara McKendrick (tmckendrick@cmniagara.ca) ou Bill Helmeczi (bhelmeczi@pathstone.ca).<\/p>\n<\/div>\n<\/div><\/section><\/p>\n<\/div><\/div>\n<style type=\"text\/css\" data-created_by=\"avia_inline_auto\" id=\"style-css-av-4ufz47-372fee7ca58253ccd39c258d1ce022f6\">\n.flex_cell.av-4ufz47-372fee7ca58253ccd39c258d1ce022f6{\nvertical-align:top;\nbackground-color:#f2f9ff;\n}\n.responsive #top #wrap_all .flex_cell.av-4ufz47-372fee7ca58253ccd39c258d1ce022f6{\npadding:4rem 4rem 4rem 4rem !important;\n}\n<\/style>\n<div class='flex_cell av-4ufz47-372fee7ca58253ccd39c258d1ce022f6 av-gridrow-cell av_three_fifth no_margin  avia-builder-el-4  el_after_av_cell_two_fifth  avia-builder-el-last  content-align-top'  ><div class='flex_cell_inner'>\n<style type=\"text\/css\" data-created_by=\"avia_inline_auto\" id=\"style-css-av-gruu7-3b3060561a8db334580cd89e47a8c24e\">\n#top .av_textblock_section.av-gruu7-3b3060561a8db334580cd89e47a8c24e .avia_textblock{\ntext-align:center;\n}\n<\/style>\n<section  class='av_textblock_section av-gruu7-3b3060561a8db334580cd89e47a8c24e '   itemscope=\"itemscope\" itemtype=\"https:\/\/schema.org\/CreativeWork\" ><div class='avia_textblock'  itemprop=\"text\" ><h2>Noms et affiliations des membres du groupe<\/h2>\n<\/div><\/section><br \/>\n<div class='flex_column_table av-4k9tsf-ffc73c9ec28815f54005c2113ba4b3d8 sc-av_one_half av-equal-height-column-flextable'><div  class='flex_column av-4k9tsf-ffc73c9ec28815f54005c2113ba4b3d8 av_one_half  avia-builder-el-6  el_after_av_textblock  el_before_av_one_half  first flex_column_table_cell av-equal-height-column av-align-top  column-top-margin'     ><style type=\"text\/css\" data-created_by=\"avia_inline_auto\" id=\"style-css-av-l0k2f9rw-96eb233bedc2f672cd0c2ad544ef18fb\">\n#top #wrap_all .avia-team-member.av-l0k2f9rw-96eb233bedc2f672cd0c2ad544ef18fb .team-member-name{\ncolor:#005cb9;\n}\n.avia-team-member.av-l0k2f9rw-96eb233bedc2f672cd0c2ad544ef18fb .team-member-job-title{\ncolor:#363636;\n}\n.avia-team-member.av-l0k2f9rw-96eb233bedc2f672cd0c2ad544ef18fb .team-member-description{\ncolor:#363636;\n}\n.avia-team-member.av-l0k2f9rw-96eb233bedc2f672cd0c2ad544ef18fb .team-img-container img{\nborder-radius:150px 150px 150px 150px;\n}\n<\/style>\n<section  class='avia-team-member av-l0k2f9rw-96eb233bedc2f672cd0c2ad544ef18fb  avia-builder-el-7  avia-builder-el-no-sibling  colead noht-team'  itemscope=\"itemscope\" itemtype=\"https:\/\/schema.org\/Person\" ><div class=\"team-img-container\"><img decoding=\"async\" fetchpriority=\"high\" class='wp-image-778 avia-img-lazy-loading-not-778 avia_image avia_image_team' src=\"https:\/\/noht-eson.ca\/wp-content\/uploads\/avatar.png\" alt='Shaun Baylis'  itemprop=\"image\"   \/><\/div><h3 class='team-member-name '  itemprop=\"name\" >Shaun Baylis<\/h3><div class='team-member-job-title av_opacity_variation'  itemprop=\"jobTitle\" >Codirigeant<\/div><div class='team-member-description av_inherit_color'  itemprop=\"description\" ><p>Pathstone Mental Health<\/p>\n<\/div><span class='hidden team-member-affiliation'  itemprop=\"affiliation\" >Niagara Ontario Health Team - \u00c9quipe Sant\u00e9 Ontario Niagara<\/span><\/section><\/div><div class='av-flex-placeholder'><\/div><div  class='flex_column av-4ekil3-96af8c9260ef29421684fe40a26dcd3f av_one_half  avia-builder-el-8  el_after_av_one_half  el_before_av_one_full  flex_column_table_cell av-equal-height-column av-align-top  column-top-margin'     ><style type=\"text\/css\" data-created_by=\"avia_inline_auto\" id=\"style-css-av-l0k2feqz-e66f10a1e20130c18fcc139b2d7632c4\">\n#top #wrap_all .avia-team-member.av-l0k2feqz-e66f10a1e20130c18fcc139b2d7632c4 .team-member-name{\ncolor:#005cb9;\n}\n.avia-team-member.av-l0k2feqz-e66f10a1e20130c18fcc139b2d7632c4 .team-member-job-title{\ncolor:#363636;\n}\n.avia-team-member.av-l0k2feqz-e66f10a1e20130c18fcc139b2d7632c4 .team-member-description{\ncolor:#363636;\n}\n.avia-team-member.av-l0k2feqz-e66f10a1e20130c18fcc139b2d7632c4 .team-img-container img{\nborder-radius:150px 150px 150px 150px;\n}\n<\/style>\n<section  class='avia-team-member av-l0k2feqz-e66f10a1e20130c18fcc139b2d7632c4  avia-builder-el-9  avia-builder-el-no-sibling  colead noht-team'  itemscope=\"itemscope\" itemtype=\"https:\/\/schema.org\/Person\" ><div class=\"team-img-container\"><img decoding=\"async\" fetchpriority=\"high\" class='wp-image-633 avia-img-lazy-loading-not-633 avia_image avia_image_team av-team-img-original' src=\"https:\/\/noht-eson.ca\/wp-content\/uploads\/Laura-Blundell-e1645632611449-300x300.jpg\" alt='Laura Blundell'  itemprop=\"image\"   height=\"300\" width=\"300\" srcset=\"https:\/\/noht-eson.ca\/wp-content\/uploads\/Laura-Blundell-e1645632611449-300x300.jpg 300w, https:\/\/noht-eson.ca\/wp-content\/uploads\/Laura-Blundell-e1645632611449-80x80.jpg 80w, https:\/\/noht-eson.ca\/wp-content\/uploads\/Laura-Blundell-e1645632611449-768x768.jpg 768w, https:\/\/noht-eson.ca\/wp-content\/uploads\/Laura-Blundell-e1645632611449-36x36.jpg 36w, https:\/\/noht-eson.ca\/wp-content\/uploads\/Laura-Blundell-e1645632611449-180x180.jpg 180w, https:\/\/noht-eson.ca\/wp-content\/uploads\/Laura-Blundell-e1645632611449-705x705.jpg 705w, https:\/\/noht-eson.ca\/wp-content\/uploads\/Laura-Blundell-e1645632611449.jpg 944w\" sizes=\"(max-width: 300px) 100vw, 300px\" \/><\/div><h3 class='team-member-name '  itemprop=\"name\" >Laura Blundell<\/h3><div class='team-member-job-title av_opacity_variation'  itemprop=\"jobTitle\" >Codirigeant<\/div><div class='team-member-description av_inherit_color'  itemprop=\"description\" ><p>Niagara Falls Community Mental Health<\/p>\n<\/div><span class='hidden team-member-affiliation'  itemprop=\"affiliation\" >Niagara Ontario Health Team - \u00c9quipe Sant\u00e9 Ontario Niagara<\/span><\/section><\/div><\/div><!--close column table wrapper. Autoclose: 1 --><div  class='flex_column av-bghy7-a68f29362e9c86ddb96514480c20f466 av_one_full  avia-builder-el-10  el_after_av_one_half  avia-builder-el-last  first flex_column_div  column-top-margin'     ><style type=\"text\/css\" data-created_by=\"avia_inline_auto\" id=\"style-css-av-l01gu6dq-fb2492223655838557a02693bddc4bd1\">\n#top .av_textblock_section.av-l01gu6dq-fb2492223655838557a02693bddc4bd1 .avia_textblock{\ntext-align:center;\ncolumn-count:4;\ncolumn-gap:4rem;\n}\n\n@media only screen and (max-width: 479px){ \n#top .av_textblock_section.av-l01gu6dq-fb2492223655838557a02693bddc4bd1 .avia_textblock{\ncolumn-count:1;\n}\n.av_textblock_section.av-l01gu6dq-fb2492223655838557a02693bddc4bd1 .avia_textblock.av_multi_colums > p:first-child{\nmargin-top:0.85em;\n}\n}\n<\/style>\n<section  class='av_textblock_section av-l01gu6dq-fb2492223655838557a02693bddc4bd1 '   itemscope=\"itemscope\" itemtype=\"https:\/\/schema.org\/CreativeWork\" ><div class='avia_textblock av_multi_colums'  itemprop=\"text\" ><p><strong>Melissa Bollinger<\/strong><br \/>\nWelland McMaster Family Health Team<\/p>\n<p><strong>Jim Borysko<\/strong><br \/>\nWelland McMaster Family Health Team<\/p>\n<p><strong>Jay Burdon<\/strong><br \/>\nNiagara College, Faculty of Community &amp; Health Studies<\/p>\n<p><strong>Albert Calaguiro<\/strong><br \/>\nWayside Transitional Home<\/p>\n<p><strong>Sarah Cannon<\/strong><br \/>\nPathstone Mental Health<\/p>\n<p><strong>Thomas Coyne<\/strong><br \/>\n(Pathstone) Youth Wellness Hub<\/p>\n<p><strong>Tammy Dumas<\/strong><br \/>\n211 Communities<\/p>\n<p><strong>Barb Evans<\/strong><br \/>\nNiagara Health<\/p>\n<p><strong>Julie Evans<\/strong><br \/>\nNiagara Region Community Services (Homelessness)<\/p>\n<p><strong>Scott Faraway<\/strong><br \/>\nBrain Injury Community Re-Entry<\/p>\n<p><strong>Liz Froese<\/strong><br \/>\nBethesda<\/p>\n<p><strong>Janice Spiece<\/strong><br \/>\nCommunity Addictions Services of Niagara<\/p>\n<p><strong>Nancy Garner<\/strong><br \/>\nQuest Community Health Centre<\/p>\n<p><strong>Sydney Garvin<\/strong><br \/>\nConsumer\/Survivor Initiative of Niagara<\/p>\n<p><strong>Marco Giannico<\/strong><br \/>\nNiagara Regional Police Service<\/p>\n<p><strong>Heather Gillespie<\/strong><br \/>\nCMHA Niagara<\/p>\n<p><strong>Matthew Goodman<\/strong><br \/>\nPC\/FC Representative<\/p>\n<p><strong>Judy Hoover<\/strong><br \/>\nConsumer\/Survivor Initiative of Niagara<\/p>\n<p><strong>Leah Jeffery<\/strong><br \/>\nBethesda<\/p>\n<p><strong>Aidan Johnson<\/strong><br \/>\nNiagara Community Legal Clinic<\/p>\n<p><strong>Mike Lambert<\/strong><br \/>\nARID Recovery Homes<\/p>\n<p><strong>Maxine Lewis<\/strong><br \/>\nNiagara Health Services<\/p>\n<p><strong>Lise Corriveau<\/strong><br \/>\nCentre de Sante Communautaire Hamilton\/Niagara<\/p>\n<p><strong>Ken MacKenzie<\/strong><br \/>\nARID Recovery Homes<\/p>\n<p><strong>Marty Mako<\/strong><br \/>\nNiagara Region Emergency Medical Services<\/p>\n<p><strong>Carol Nagy<\/strong><br \/>\nHospice Niagara<\/p>\n<p><strong>Cathy Neil<\/strong><br \/>\nPC\/FC Representative<\/p>\n<\/div><\/section><\/div><\/p>\n<\/div><\/div><\/div>\n","protected":false},"excerpt":{"rendered":"","protected":false},"author":92,"featured_media":812,"parent":449,"menu_order":0,"comment_status":"closed","ping_status":"closed","template":"","meta":{"_bbp_topic_count":0,"_bbp_reply_count":0,"_bbp_total_topic_count":0,"_bbp_total_reply_count":0,"_bbp_voice_count":0,"_bbp_anonymous_reply_count":0,"_bbp_topic_count_hidden":0,"_bbp_reply_count_hidden":0,"_bbp_forum_subforum_count":0,"footnotes":""},"class_list":["post-596","page","type-page","status-publish","has-post-thumbnail","hentry"],"yoast_head":"<!-- This site is optimized with the Yoast SEO plugin v27.2 - https:\/\/yoast.com\/product\/yoast-seo-wordpress\/ -->\n<title>Groupe de travail \u2013 Sant\u00e9 mentale et d\u00e9pendances - Niagara Ontario Health Team - \u00c9quipe Sant\u00e9 Ontario Niagara<\/title>\n<meta name=\"robots\" content=\"index, follow, max-snippet:-1, max-image-preview:large, max-video-preview:-1\" \/>\n<link rel=\"canonical\" href=\"https:\/\/noht-eson.ca\/fr\/a-propos\/la-table-de-planification\/groupe-de-travail-sante-mentale-et-dependances\/\" \/>\n<meta property=\"og:locale\" content=\"fr_FR\" \/>\n<meta property=\"og:type\" content=\"article\" \/>\n<meta property=\"og:title\" content=\"Groupe de travail \u2013 Sant\u00e9 mentale et d\u00e9pendances - Niagara Ontario Health Team - \u00c9quipe Sant\u00e9 Ontario Niagara\" \/>\n<meta property=\"og:url\" content=\"https:\/\/noht-eson.ca\/fr\/a-propos\/la-table-de-planification\/groupe-de-travail-sante-mentale-et-dependances\/\" \/>\n<meta property=\"og:site_name\" content=\"Niagara Ontario Health Team - \u00c9quipe Sant\u00e9 Ontario Niagara\" \/>\n<meta property=\"article:publisher\" content=\"https:\/\/facebook.com\/NiagaraOHT\/\" \/>\n<meta property=\"article:modified_time\" content=\"2023-04-13T19:23:22+00:00\" \/>\n<meta property=\"og:image\" content=\"https:\/\/noht-eson.ca\/wp-content\/uploads\/Depositphotos_24649775_XL-e1645737017621.jpg\" \/>\n\t<meta property=\"og:image:width\" content=\"1400\" \/>\n\t<meta property=\"og:image:height\" content=\"612\" \/>\n\t<meta property=\"og:image:type\" content=\"image\/jpeg\" \/>\n<meta name=\"twitter:card\" content=\"summary_large_image\" \/>\n<meta name=\"twitter:site\" content=\"@niagaraoht\" \/>\n<meta name=\"twitter:label1\" content=\"Dur\u00e9e de lecture estim\u00e9e\" \/>\n\t<meta name=\"twitter:data1\" content=\"10 minutes\" \/>\n<script type=\"application\/ld+json\" class=\"yoast-schema-graph\">{\"@context\":\"https:\/\/schema.org\",\"@graph\":[{\"@type\":\"WebPage\",\"@id\":\"https:\/\/noht-eson.ca\/fr\/a-propos\/la-table-de-planification\/groupe-de-travail-sante-mentale-et-dependances\/\",\"url\":\"https:\/\/noht-eson.ca\/fr\/a-propos\/la-table-de-planification\/groupe-de-travail-sante-mentale-et-dependances\/\",\"name\":\"Groupe de travail \u2013 Sant\u00e9 mentale et d\u00e9pendances - Niagara Ontario Health Team - \u00c9quipe Sant\u00e9 Ontario Niagara\",\"isPartOf\":{\"@id\":\"https:\/\/noht-eson.ca\/#website\"},\"primaryImageOfPage\":{\"@id\":\"https:\/\/noht-eson.ca\/fr\/a-propos\/la-table-de-planification\/groupe-de-travail-sante-mentale-et-dependances\/#primaryimage\"},\"image\":{\"@id\":\"https:\/\/noht-eson.ca\/fr\/a-propos\/la-table-de-planification\/groupe-de-travail-sante-mentale-et-dependances\/#primaryimage\"},\"thumbnailUrl\":\"https:\/\/noht-eson.ca\/wp-content\/uploads\/Depositphotos_24649775_XL-e1645737017621.jpg\",\"datePublished\":\"2022-01-28T16:33:28+00:00\",\"dateModified\":\"2023-04-13T19:23:22+00:00\",\"breadcrumb\":{\"@id\":\"https:\/\/noht-eson.ca\/fr\/a-propos\/la-table-de-planification\/groupe-de-travail-sante-mentale-et-dependances\/#breadcrumb\"},\"inLanguage\":\"fr-FR\",\"potentialAction\":[{\"@type\":\"ReadAction\",\"target\":[\"https:\/\/noht-eson.ca\/fr\/a-propos\/la-table-de-planification\/groupe-de-travail-sante-mentale-et-dependances\/\"]}]},{\"@type\":\"ImageObject\",\"inLanguage\":\"fr-FR\",\"@id\":\"https:\/\/noht-eson.ca\/fr\/a-propos\/la-table-de-planification\/groupe-de-travail-sante-mentale-et-dependances\/#primaryimage\",\"url\":\"https:\/\/noht-eson.ca\/wp-content\/uploads\/Depositphotos_24649775_XL-e1645737017621.jpg\",\"contentUrl\":\"https:\/\/noht-eson.ca\/wp-content\/uploads\/Depositphotos_24649775_XL-e1645737017621.jpg\",\"width\":1400,\"height\":612},{\"@type\":\"BreadcrumbList\",\"@id\":\"https:\/\/noht-eson.ca\/fr\/a-propos\/la-table-de-planification\/groupe-de-travail-sante-mentale-et-dependances\/#breadcrumb\",\"itemListElement\":[{\"@type\":\"ListItem\",\"position\":1,\"name\":\"Home\",\"item\":\"https:\/\/noht-eson.ca\/fr\/\"},{\"@type\":\"ListItem\",\"position\":2,\"name\":\"\u00c0 Propos\",\"item\":\"https:\/\/noht-eson.ca\/fr\/a-propos\/\"},{\"@type\":\"ListItem\",\"position\":3,\"name\":\"\u200bLa table de planification\u200b\",\"item\":\"https:\/\/noht-eson.ca\/fr\/a-propos\/la-table-de-planification\/\"},{\"@type\":\"ListItem\",\"position\":4,\"name\":\"Groupe de travail \u2013 Sant\u00e9 mentale et d\u00e9pendances\"}]},{\"@type\":\"WebSite\",\"@id\":\"https:\/\/noht-eson.ca\/#website\",\"url\":\"https:\/\/noht-eson.ca\/\",\"name\":\"Niagara Ontario Health Team - \u00c9quipe Sant\u00e9 Ontario Niagara\",\"description\":\"Exceptional, connected care, now and for future generations\",\"publisher\":{\"@id\":\"https:\/\/noht-eson.ca\/#organization\"},\"potentialAction\":[{\"@type\":\"SearchAction\",\"target\":{\"@type\":\"EntryPoint\",\"urlTemplate\":\"https:\/\/noht-eson.ca\/?s={search_term_string}\"},\"query-input\":{\"@type\":\"PropertyValueSpecification\",\"valueRequired\":true,\"valueName\":\"search_term_string\"}}],\"inLanguage\":\"fr-FR\"},{\"@type\":\"Organization\",\"@id\":\"https:\/\/noht-eson.ca\/#organization\",\"name\":\"Niagara Ontario Health Team - \u00c9quipe Sant\u00e9 Ontario Niagara\",\"url\":\"https:\/\/noht-eson.ca\/\",\"logo\":{\"@type\":\"ImageObject\",\"inLanguage\":\"fr-FR\",\"@id\":\"https:\/\/noht-eson.ca\/#\/schema\/logo\/image\/\",\"url\":\"https:\/\/noht-eson.ca\/wp-content\/uploads\/NOHT_ESON_Logo_FINAL-1.jpg\",\"contentUrl\":\"https:\/\/noht-eson.ca\/wp-content\/uploads\/NOHT_ESON_Logo_FINAL-1.jpg\",\"width\":1500,\"height\":500,\"caption\":\"Niagara Ontario Health Team - \u00c9quipe Sant\u00e9 Ontario Niagara\"},\"image\":{\"@id\":\"https:\/\/noht-eson.ca\/#\/schema\/logo\/image\/\"},\"sameAs\":[\"https:\/\/facebook.com\/NiagaraOHT\/\",\"https:\/\/x.com\/niagaraoht\"]}]}<\/script>\n<!-- \/ Yoast SEO plugin. -->","yoast_head_json":{"title":"Groupe de travail \u2013 Sant\u00e9 mentale et d\u00e9pendances - Niagara Ontario Health Team - \u00c9quipe Sant\u00e9 Ontario Niagara","robots":{"index":"index","follow":"follow","max-snippet":"max-snippet:-1","max-image-preview":"max-image-preview:large","max-video-preview":"max-video-preview:-1"},"canonical":"https:\/\/noht-eson.ca\/fr\/a-propos\/la-table-de-planification\/groupe-de-travail-sante-mentale-et-dependances\/","og_locale":"fr_FR","og_type":"article","og_title":"Groupe de travail \u2013 Sant\u00e9 mentale et d\u00e9pendances - Niagara Ontario Health Team - \u00c9quipe Sant\u00e9 Ontario Niagara","og_url":"https:\/\/noht-eson.ca\/fr\/a-propos\/la-table-de-planification\/groupe-de-travail-sante-mentale-et-dependances\/","og_site_name":"Niagara Ontario Health Team - \u00c9quipe Sant\u00e9 Ontario Niagara","article_publisher":"https:\/\/facebook.com\/NiagaraOHT\/","article_modified_time":"2023-04-13T19:23:22+00:00","og_image":[{"width":1400,"height":612,"url":"https:\/\/noht-eson.ca\/wp-content\/uploads\/Depositphotos_24649775_XL-e1645737017621.jpg","type":"image\/jpeg"}],"twitter_card":"summary_large_image","twitter_site":"@niagaraoht","twitter_misc":{"Dur\u00e9e de lecture estim\u00e9e":"10 minutes"},"schema":{"@context":"https:\/\/schema.org","@graph":[{"@type":"WebPage","@id":"https:\/\/noht-eson.ca\/fr\/a-propos\/la-table-de-planification\/groupe-de-travail-sante-mentale-et-dependances\/","url":"https:\/\/noht-eson.ca\/fr\/a-propos\/la-table-de-planification\/groupe-de-travail-sante-mentale-et-dependances\/","name":"Groupe de travail \u2013 Sant\u00e9 mentale et d\u00e9pendances - Niagara Ontario Health Team - \u00c9quipe Sant\u00e9 Ontario Niagara","isPartOf":{"@id":"https:\/\/noht-eson.ca\/#website"},"primaryImageOfPage":{"@id":"https:\/\/noht-eson.ca\/fr\/a-propos\/la-table-de-planification\/groupe-de-travail-sante-mentale-et-dependances\/#primaryimage"},"image":{"@id":"https:\/\/noht-eson.ca\/fr\/a-propos\/la-table-de-planification\/groupe-de-travail-sante-mentale-et-dependances\/#primaryimage"},"thumbnailUrl":"https:\/\/noht-eson.ca\/wp-content\/uploads\/Depositphotos_24649775_XL-e1645737017621.jpg","datePublished":"2022-01-28T16:33:28+00:00","dateModified":"2023-04-13T19:23:22+00:00","breadcrumb":{"@id":"https:\/\/noht-eson.ca\/fr\/a-propos\/la-table-de-planification\/groupe-de-travail-sante-mentale-et-dependances\/#breadcrumb"},"inLanguage":"fr-FR","potentialAction":[{"@type":"ReadAction","target":["https:\/\/noht-eson.ca\/fr\/a-propos\/la-table-de-planification\/groupe-de-travail-sante-mentale-et-dependances\/"]}]},{"@type":"ImageObject","inLanguage":"fr-FR","@id":"https:\/\/noht-eson.ca\/fr\/a-propos\/la-table-de-planification\/groupe-de-travail-sante-mentale-et-dependances\/#primaryimage","url":"https:\/\/noht-eson.ca\/wp-content\/uploads\/Depositphotos_24649775_XL-e1645737017621.jpg","contentUrl":"https:\/\/noht-eson.ca\/wp-content\/uploads\/Depositphotos_24649775_XL-e1645737017621.jpg","width":1400,"height":612},{"@type":"BreadcrumbList","@id":"https:\/\/noht-eson.ca\/fr\/a-propos\/la-table-de-planification\/groupe-de-travail-sante-mentale-et-dependances\/#breadcrumb","itemListElement":[{"@type":"ListItem","position":1,"name":"Home","item":"https:\/\/noht-eson.ca\/fr\/"},{"@type":"ListItem","position":2,"name":"\u00c0 Propos","item":"https:\/\/noht-eson.ca\/fr\/a-propos\/"},{"@type":"ListItem","position":3,"name":"\u200bLa table de planification\u200b","item":"https:\/\/noht-eson.ca\/fr\/a-propos\/la-table-de-planification\/"},{"@type":"ListItem","position":4,"name":"Groupe de travail \u2013 Sant\u00e9 mentale et d\u00e9pendances"}]},{"@type":"WebSite","@id":"https:\/\/noht-eson.ca\/#website","url":"https:\/\/noht-eson.ca\/","name":"Niagara Ontario Health Team - \u00c9quipe Sant\u00e9 Ontario Niagara","description":"Exceptional, connected care, now and for future generations","publisher":{"@id":"https:\/\/noht-eson.ca\/#organization"},"potentialAction":[{"@type":"SearchAction","target":{"@type":"EntryPoint","urlTemplate":"https:\/\/noht-eson.ca\/?s={search_term_string}"},"query-input":{"@type":"PropertyValueSpecification","valueRequired":true,"valueName":"search_term_string"}}],"inLanguage":"fr-FR"},{"@type":"Organization","@id":"https:\/\/noht-eson.ca\/#organization","name":"Niagara Ontario Health Team - \u00c9quipe Sant\u00e9 Ontario Niagara","url":"https:\/\/noht-eson.ca\/","logo":{"@type":"ImageObject","inLanguage":"fr-FR","@id":"https:\/\/noht-eson.ca\/#\/schema\/logo\/image\/","url":"https:\/\/noht-eson.ca\/wp-content\/uploads\/NOHT_ESON_Logo_FINAL-1.jpg","contentUrl":"https:\/\/noht-eson.ca\/wp-content\/uploads\/NOHT_ESON_Logo_FINAL-1.jpg","width":1500,"height":500,"caption":"Niagara Ontario Health Team - \u00c9quipe Sant\u00e9 Ontario Niagara"},"image":{"@id":"https:\/\/noht-eson.ca\/#\/schema\/logo\/image\/"},"sameAs":["https:\/\/facebook.com\/NiagaraOHT\/","https:\/\/x.com\/niagaraoht"]}]}},"_links":{"self":[{"href":"https:\/\/noht-eson.ca\/fr\/wp-json\/wp\/v2\/pages\/596","targetHints":{"allow":["GET"]}}],"collection":[{"href":"https:\/\/noht-eson.ca\/fr\/wp-json\/wp\/v2\/pages"}],"about":[{"href":"https:\/\/noht-eson.ca\/fr\/wp-json\/wp\/v2\/types\/page"}],"author":[{"embeddable":true,"href":"https:\/\/noht-eson.ca\/fr\/wp-json\/wp\/v2\/users\/92"}],"replies":[{"embeddable":true,"href":"https:\/\/noht-eson.ca\/fr\/wp-json\/wp\/v2\/comments?post=596"}],"version-history":[{"count":1,"href":"https:\/\/noht-eson.ca\/fr\/wp-json\/wp\/v2\/pages\/596\/revisions"}],"predecessor-version":[{"id":9251,"href":"https:\/\/noht-eson.ca\/fr\/wp-json\/wp\/v2\/pages\/596\/revisions\/9251"}],"up":[{"embeddable":true,"href":"https:\/\/noht-eson.ca\/fr\/wp-json\/wp\/v2\/pages\/449"}],"wp:featuredmedia":[{"embeddable":true,"href":"https:\/\/noht-eson.ca\/fr\/wp-json\/wp\/v2\/media\/812"}],"wp:attachment":[{"href":"https:\/\/noht-eson.ca\/fr\/wp-json\/wp\/v2\/media?parent=596"}],"curies":[{"name":"wp","href":"https:\/\/api.w.org\/{rel}","templated":true}]}}