{"id":400,"date":"2021-11-18T20:35:35","date_gmt":"2021-11-18T20:35:35","guid":{"rendered":"http:\/\/noht-eson.ca\/?page_id=400"},"modified":"2023-04-13T15:22:35","modified_gmt":"2023-04-13T19:22:35","slug":"a-propos","status":"publish","type":"page","link":"https:\/\/noht-eson.ca\/fr\/a-propos\/","title":{"rendered":"\u00c0 Propos"},"content":{"rendered":"<div class='flex_column_table av-5u1cw-01742ca9cabe63ff998bd9a634f7eff1 sc-av_one_half av-equal-height-column-flextable'><div  class='flex_column av-5u1cw-01742ca9cabe63ff998bd9a634f7eff1 av_one_half  avia-builder-el-0  el_before_av_one_half  avia-builder-el-first  first flex_column_table_cell av-equal-height-column av-align-middle  '     ><section  class='av_textblock_section av-l01jxwhq-73969fb02034b4055d05f6a72bcb7201 '   itemscope=\"itemscope\" itemtype=\"https:\/\/schema.org\/CreativeWork\" ><div class='avia_textblock'  itemprop=\"text\" ><h2>Qui nous sommes<\/h2>\n<p>L\u2019\u00e9quipe Niagara Ontario Health &#8211; \u00c9quipe Sant\u00e9 Ontario Niagara (NOHT-\u00c9SON) est un partenariat des fournisseurs de soins de sant\u00e9 de la r\u00e9gion de Niagara organis\u00e9 dans le cadre de l\u2019initiative <a href=\"https:\/\/health.gov.on.ca\/en\/pro\/programs\/connectedcare\/oht\/\" target=\"_blank\" rel=\"noopener\">\u00c9quipes Sant\u00e9 Ontario<\/a> de la province.<\/p>\n<p>Ensemble, les membres de NOHT-\u00c9SON travaillent \u00e0 cr\u00e9er un syst\u00e8me de soins de sant\u00e9 inclusif et efficace, qui int\u00e8gre et simplifie la prestation des services de soins de sant\u00e9, ce qui facilite l\u2019acc\u00e8s des r\u00e9sidents de Niagara aux soins dont ils ont besoin et am\u00e9liore l\u2019exp\u00e9rience globale et les r\u00e9sultats en mati\u00e8re de sant\u00e9 pour les r\u00e9sidents de la r\u00e9gion de Niagara.<\/p>\n<p>Nous comptons parmi nos membres presque tous les types d\u2019organisations de soins de sant\u00e9 de la r\u00e9gion, y compris des \u00e9tablissements universitaires, des fournisseurs de soins hospitaliers pr\u00e9cis et complexes, des centres de sant\u00e9 communautaire, des organismes de soutien communautaire, des fournisseurs de services de sant\u00e9 et de services sociaux autochtones, des fournisseurs de soins de sant\u00e9 mentale et de traitement des d\u00e9pendances, les r\u00e9seaux locaux de services de sant\u00e9 int\u00e9gr\u00e9s, les fournisseurs de soins primaires, les fournisseurs de services de r\u00e9adaptation et de soins complexes, les organismes de soutien de langue fran\u00e7aise et plusieurs minist\u00e8res de la r\u00e9gion de Niagara.<\/p>\n<p>En plus d\u2019am\u00e9liorer la sant\u00e9 des r\u00e9sidents de Niagara, le NOHT-\u00c9SON sert \u00e9galement de plateforme pour faire progresser les connaissances institutionnelles de ses membres, maintenir des communications efficaces avec le public et offrir aux organisations de soins de sant\u00e9 une voix unifi\u00e9e pour r\u00e9pondre aux pr\u00e9occupations des r\u00e9sidents de la r\u00e9gion de Niagara en mati\u00e8re de sant\u00e9.<\/p>\n<\/div><\/section><\/div>\n<div class='av-flex-placeholder'><\/div><div  class='flex_column av-53bxs-47078941ab9429db0437eaefba835626 av_one_half  avia-builder-el-2  el_after_av_one_half  el_before_av_section  avia-builder-el-last  flex_column_table_cell av-equal-height-column av-align-middle  '     ><style type=\"text\/css\" data-created_by=\"avia_inline_auto\" id=\"style-css-av-4ffg0-a0eeb96ada35ce17c75b07781ef7328f\">\n.avia-image-container.av-4ffg0-a0eeb96ada35ce17c75b07781ef7328f img.avia_image{\nbox-shadow:none;\n}\n.avia-image-container.av-4ffg0-a0eeb96ada35ce17c75b07781ef7328f .av-image-caption-overlay-center{\ncolor:#ffffff;\n}\n<\/style>\n<div  class='avia-image-container av-4ffg0-a0eeb96ada35ce17c75b07781ef7328f av-styling- avia-align-center  avia-builder-el-3  avia-builder-el-no-sibling '   itemprop=\"image\" itemscope=\"itemscope\" itemtype=\"https:\/\/schema.org\/ImageObject\" ><div class=\"avia-image-container-inner\"><div class=\"avia-image-overlay-wrap\"><img decoding=\"async\" fetchpriority=\"high\" class='wp-image-2648 avia-img-lazy-loading-not-2648 avia_image ' src=\"https:\/\/noht-eson.ca\/wp-content\/uploads\/shutterstock_663456385-1.jpg\" alt='' title='shutterstock_663456385'  height=\"534\" width=\"800\"  itemprop=\"thumbnailUrl\" srcset=\"https:\/\/noht-eson.ca\/wp-content\/uploads\/shutterstock_663456385-1.jpg 800w, https:\/\/noht-eson.ca\/wp-content\/uploads\/shutterstock_663456385-1-300x200.jpg 300w, https:\/\/noht-eson.ca\/wp-content\/uploads\/shutterstock_663456385-1-768x513.jpg 768w, https:\/\/noht-eson.ca\/wp-content\/uploads\/shutterstock_663456385-1-391x260.jpg 391w, https:\/\/noht-eson.ca\/wp-content\/uploads\/shutterstock_663456385-1-705x471.jpg 705w, https:\/\/noht-eson.ca\/wp-content\/uploads\/shutterstock_663456385-1-600x400.jpg 600w\" sizes=\"(max-width: 800px) 100vw, 800px\" \/><\/div><\/div><\/div><\/div><\/div><!--close column table wrapper. Autoclose: 1 --><\/div><\/div><\/div><!-- close content main div --><\/div><\/div>\n<style type=\"text\/css\" data-created_by=\"avia_inline_auto\" id=\"style-css-av-l01kj0zd-5c6df40de032371d492667a53dc24232\">\n.avia-section.av-l01kj0zd-5c6df40de032371d492667a53dc24232{\nbackground-color:#f2f9ff;\nbackground-image:unset;\n}\n<\/style>\n<div id='av_section_1'  class='avia-section av-l01kj0zd-5c6df40de032371d492667a53dc24232 main_color avia-section-large avia-no-border-styling  avia-builder-el-4  el_after_av_one_half  el_before_av_one_half  avia-bg-style-scroll container_wrap sidebar_right'  ><div class='container av-section-cont-open' ><div class='template-page content  av-content-small alpha units'><div class='post-entry post-entry-type-page post-entry-400'><div class='entry-content-wrapper clearfix'>\n<div class='flex_column_table av-3pi18-27b065ee15882bdbf7d35fc2e5c9938a sc-av_one_half av-equal-height-column-flextable'>\n<style type=\"text\/css\" data-created_by=\"avia_inline_auto\" id=\"style-css-av-3pi18-27b065ee15882bdbf7d35fc2e5c9938a\">\n.flex_column.av-3pi18-27b065ee15882bdbf7d35fc2e5c9938a{\nwidth:45%;\nmargin-left:0;\n}\n#top .flex_column_table.av-equal-height-column-flextable.av-3pi18-27b065ee15882bdbf7d35fc2e5c9938a .av-flex-placeholder{\nwidth:10%;\n}\n<\/style>\n<div  class='flex_column av-3pi18-27b065ee15882bdbf7d35fc2e5c9938a av_one_half  avia-builder-el-5  el_before_av_one_half  avia-builder-el-first  first flex_column_table_cell av-equal-height-column av-align-middle  '     ><style type=\"text\/css\" data-created_by=\"avia_inline_auto\" id=\"style-css-av-37rzs-3174a6ad7a4da8fdde2e298ae6d7e063\">\n.avia-image-container.av-37rzs-3174a6ad7a4da8fdde2e298ae6d7e063 img.avia_image{\nbox-shadow:none;\n}\n.avia-image-container.av-37rzs-3174a6ad7a4da8fdde2e298ae6d7e063 .av-image-caption-overlay-center{\ncolor:#ffffff;\n}\n<\/style>\n<div  class='avia-image-container av-37rzs-3174a6ad7a4da8fdde2e298ae6d7e063 av-styling- avia-align-center  avia-builder-el-6  avia-builder-el-no-sibling '   itemprop=\"image\" itemscope=\"itemscope\" itemtype=\"https:\/\/schema.org\/ImageObject\" ><div class=\"avia-image-container-inner\"><div class=\"avia-image-overlay-wrap\"><img decoding=\"async\" fetchpriority=\"high\" class='wp-image-826 avia-img-lazy-loading-not-826 avia_image ' src=\"https:\/\/noht-eson.ca\/wp-content\/uploads\/Depositphotos_91647814_XL-1030x686.jpg\" alt='' title='Depositphotos_91647814_XL'  height=\"686\" width=\"1030\"  itemprop=\"thumbnailUrl\" srcset=\"https:\/\/noht-eson.ca\/wp-content\/uploads\/Depositphotos_91647814_XL-1030x686.jpg 1030w, https:\/\/noht-eson.ca\/wp-content\/uploads\/Depositphotos_91647814_XL-300x200.jpg 300w, https:\/\/noht-eson.ca\/wp-content\/uploads\/Depositphotos_91647814_XL-768x512.jpg 768w, https:\/\/noht-eson.ca\/wp-content\/uploads\/Depositphotos_91647814_XL-391x260.jpg 391w, https:\/\/noht-eson.ca\/wp-content\/uploads\/Depositphotos_91647814_XL-705x470.jpg 705w, https:\/\/noht-eson.ca\/wp-content\/uploads\/Depositphotos_91647814_XL-600x400.jpg 600w, https:\/\/noht-eson.ca\/wp-content\/uploads\/Depositphotos_91647814_XL-1024x682.jpg 1024w, https:\/\/noht-eson.ca\/wp-content\/uploads\/Depositphotos_91647814_XL.jpg 1400w\" sizes=\"(max-width: 1030px) 100vw, 1030px\" \/><\/div><\/div><\/div><\/div><div class='av-flex-placeholder'><\/div>\n<style type=\"text\/css\" data-created_by=\"avia_inline_auto\" id=\"style-css-av-2rapg-e766ea4238fb5d90907de79f71b0b2e6\">\n.flex_column.av-2rapg-e766ea4238fb5d90907de79f71b0b2e6{\nwidth:45%;\nmargin-left:0;\n}\n#top .flex_column_table.av-equal-height-column-flextable.av-2rapg-e766ea4238fb5d90907de79f71b0b2e6 .av-flex-placeholder{\nwidth:10%;\n}\n<\/style>\n<div  class='flex_column av-2rapg-e766ea4238fb5d90907de79f71b0b2e6 av_one_half  avia-builder-el-7  el_after_av_one_half  avia-builder-el-last  flex_column_table_cell av-equal-height-column av-align-middle  '     ><section  class='av_textblock_section av-l01jzmzn-5fe39ed5121b31c3a34d02ff7f56673a '   itemscope=\"itemscope\" itemtype=\"https:\/\/schema.org\/CreativeWork\" ><div class='avia_textblock'  itemprop=\"text\" ><h2>Cat\u00e9gories de soins de sant\u00e9<\/h2>\n<p>Dans le cadre de l\u2019initiative de l\u2019\u00c9quipe Sant\u00e9 Ontario, les fournisseurs de soins de sant\u00e9 des cat\u00e9gories suivantes sont admissibles au NOHT-\u00c9SON :<\/p>\n<ul>\n<li>Soins primaires (y compris les soins primaires interprofessionnels et les m\u00e9decins)<\/li>\n<li>Soins secondaires (c\u2019est-\u00e0-dire, services m\u00e9dicaux et chirurgicaux en milieu hospitalier et ambulatoire, y compris services de sp\u00e9cialistes)<\/li>\n<li>Soins de sant\u00e9 \u00e0 domicile<\/li>\n<li>Services de soutien communautaire<\/li>\n<li>Services de sant\u00e9 mentale et de lutte contre les d\u00e9pendances<\/li>\n<li>Services de promotion de la sant\u00e9 et de pr\u00e9vention des maladies<\/li>\n<li>R\u00e9adaptation et soins complexes<\/li>\n<li>Soins palliatifs (c\u2019est-\u00e0-dire, h\u00f4pital)<\/li>\n<li>Soins en \u00e9tablissement et soins de transition \u00e0 court terme (c\u2019est-\u00e0-dire, logements avec services de soutien, foyers de soins de longue dur\u00e9e, maisons de retraite)<\/li>\n<li>Placement en foyer de soins de longue dur\u00e9e<\/li>\n<li>Services de sant\u00e9 d\u2019urgence<\/li>\n<li>Services de laboratoire et de diagnostic<\/li>\n<li>Services de sages-femmes<\/li>\n<\/ul>\n<p>Pour voir la liste compl\u00e8te des membres de l\u2019\u00e9quipe Sant\u00e9 Ontario de Niagara, <a href=\"https:\/\/noht-eson.ca\/fr\/a-propos\/our-partners\/\">cliquez ici<\/a> \u00a0ou s\u00e9lectionnez Nos partenaires dans le menu \u00e0 gauche.<\/p>\n<\/div><\/section><\/div><\/div><!--close column table wrapper. Autoclose: 1 -->\n<\/div><\/div><\/div><!-- close content main div --><\/div><\/div><div id='after_section_1'  class='main_color av_default_container_wrap container_wrap sidebar_right'  ><div class='container av-section-cont-open' ><div class='template-page content  av-content-small alpha units'><div class='post-entry post-entry-type-page post-entry-400'><div class='entry-content-wrapper clearfix'><\/p>\n<div class='flex_column_table av-286ig-a5c90a6606080e91fa0750434bfc29b3 sc-av_one_half av-equal-height-column-flextable'><div  class='flex_column av-286ig-a5c90a6606080e91fa0750434bfc29b3 av_one_half  avia-builder-el-9  el_after_av_section  el_before_av_one_half  avia-builder-el-first  first flex_column_table_cell av-equal-height-column av-align-middle  '     ><section  class='av_textblock_section av-l01jz2q3-a545798fd346d6289d242ed94c1ff618 '   itemscope=\"itemscope\" itemtype=\"https:\/\/schema.org\/CreativeWork\" ><div class='avia_textblock'  itemprop=\"text\" ><h2>Communaut\u00e9s de Niagara au sein du NOHT-\u00c9SON<\/h2>\n<p>Les membres du NOHT-\u00c9SON comprennent des organisations situ\u00e9es \u00e0 Fort \u00c9ri\u00e9, Lincoln, Niagara Falls, Niagara-on-the-Lake, Pelham, Port Colborne, St. Catharines, Thorold, Wainfleet et Welland.<\/p>\n<p>Bien que les villes de Grimsby et de West Lincoln fassent g\u00e9ographiquement partie de la r\u00e9gion de Niagara, les organisations de soins de sant\u00e9 de ces communaut\u00e9s sont membres de l\u2019\u00e9quipe Sant\u00e9 Ontario de Hamilton. Aussi, les statistiques recueillies aupr\u00e8s des fournisseurs de soins de sant\u00e9 de Grimsby\u00a0et\u00a0de\u00a0West\u00a0Lincoln\u00a0sont\u00a0rapport\u00e9es\u00a0par\u00a0l\u2019\u00e9quipe\u00a0Sant\u00e9\u00a0Ontario\u00a0de\u00a0Hamilton.<\/p>\n<h3>Acc\u00e8s aux services de soins de sant\u00e9 \u00e0 Grimsby et West Lincoln<\/h3>\n<p>M\u00eame si les fournisseurs de soins de sant\u00e9 de Grimsby et de West Lincoln sont membres de l\u2019\u00e9quipe Sant\u00e9 Ontario de Hamilton, les r\u00e9sidents de Niagara, y compris les r\u00e9sidents de Grimsby et de West Lincoln, peuvent utiliser tous les services de sant\u00e9 dans la communaut\u00e9 de leur choix. Il n\u2019y a pas de restrictions\u00a0g\u00e9ographiques\u00a0pour\u00a0l\u2019acc\u00e8s\u00a0aux\u00a0soins.<\/p>\n<\/div><\/section><\/div>\n<div class='av-flex-placeholder'><\/div><div  class='flex_column av-4ypw-519092cc19e0b79ac866b774a2980750 av_one_half  avia-builder-el-11  el_after_av_one_half  avia-builder-el-last  flex_column_table_cell av-equal-height-column av-align-middle  '     ><style type=\"text\/css\" data-created_by=\"avia_inline_auto\" id=\"style-css-av-12gqk-75ba197580589ac5004d74a2d89bf524\">\n.avia-image-container.av-12gqk-75ba197580589ac5004d74a2d89bf524 img.avia_image{\nbox-shadow:none;\n}\n.avia-image-container.av-12gqk-75ba197580589ac5004d74a2d89bf524 .av-image-caption-overlay-center{\ncolor:#ffffff;\n}\n<\/style>\n<div  class='avia-image-container av-12gqk-75ba197580589ac5004d74a2d89bf524 av-styling- avia-align-center  avia-builder-el-12  avia-builder-el-no-sibling '   itemprop=\"image\" itemscope=\"itemscope\" itemtype=\"https:\/\/schema.org\/ImageObject\" ><div class=\"avia-image-container-inner\"><div class=\"avia-image-overlay-wrap\"><img decoding=\"async\" fetchpriority=\"high\" class='wp-image-1334 avia-img-lazy-loading-not-1334 avia_image ' src=\"https:\/\/noht-eson.ca\/wp-content\/uploads\/niagara-map.png\" alt='' title='niagara-map'  height=\"379\" width=\"550\"  itemprop=\"thumbnailUrl\" srcset=\"https:\/\/noht-eson.ca\/wp-content\/uploads\/niagara-map.png 550w, https:\/\/noht-eson.ca\/wp-content\/uploads\/niagara-map-300x207.png 300w\" sizes=\"(max-width: 550px) 100vw, 550px\" \/><\/div><\/div><\/div><\/div><\/div><!--close column table wrapper. Autoclose: 1 -->\n","protected":false},"excerpt":{"rendered":"","protected":false},"author":92,"featured_media":2539,"parent":0,"menu_order":0,"comment_status":"closed","ping_status":"closed","template":"","meta":{"_bbp_topic_count":0,"_bbp_reply_count":0,"_bbp_total_topic_count":0,"_bbp_total_reply_count":0,"_bbp_voice_count":0,"_bbp_anonymous_reply_count":0,"_bbp_topic_count_hidden":0,"_bbp_reply_count_hidden":0,"_bbp_forum_subforum_count":0,"footnotes":""},"class_list":["post-400","page","type-page","status-publish","has-post-thumbnail","hentry"],"yoast_head":"<!-- This site is optimized with the Yoast SEO plugin v27.4 - https:\/\/yoast.com\/product\/yoast-seo-wordpress\/ -->\n<title>\u00c0 Propos - Niagara Ontario Health Team - \u00c9quipe Sant\u00e9 Ontario Niagara<\/title>\n<meta name=\"robots\" content=\"index, follow, max-snippet:-1, max-image-preview:large, max-video-preview:-1\" \/>\n<link rel=\"canonical\" href=\"https:\/\/noht-eson.ca\/fr\/a-propos\/\" \/>\n<meta property=\"og:locale\" content=\"fr_FR\" \/>\n<meta property=\"og:type\" content=\"article\" \/>\n<meta property=\"og:title\" content=\"\u00c0 Propos - Niagara Ontario Health Team - \u00c9quipe Sant\u00e9 Ontario Niagara\" \/>\n<meta property=\"og:url\" content=\"https:\/\/noht-eson.ca\/fr\/a-propos\/\" \/>\n<meta property=\"og:site_name\" content=\"Niagara Ontario Health Team - \u00c9quipe Sant\u00e9 Ontario Niagara\" \/>\n<meta property=\"article:publisher\" content=\"https:\/\/facebook.com\/NiagaraOHT\/\" \/>\n<meta property=\"article:modified_time\" content=\"2023-04-13T19:22:35+00:00\" \/>\n<meta property=\"og:image\" content=\"https:\/\/noht-eson.ca\/wp-content\/uploads\/shutterstock_1735036061.jpg\" \/>\n\t<meta property=\"og:image:width\" content=\"1920\" \/>\n\t<meta property=\"og:image:height\" content=\"900\" \/>\n\t<meta property=\"og:image:type\" content=\"image\/jpeg\" \/>\n<meta name=\"twitter:card\" content=\"summary_large_image\" \/>\n<meta name=\"twitter:site\" content=\"@niagaraoht\" \/>\n<meta name=\"twitter:label1\" content=\"Dur\u00e9e de lecture estim\u00e9e\" \/>\n\t<meta name=\"twitter:data1\" content=\"15 minutes\" \/>\n<script type=\"application\/ld+json\" class=\"yoast-schema-graph\">{\"@context\":\"https:\\\/\\\/schema.org\",\"@graph\":[{\"@type\":\"WebPage\",\"@id\":\"https:\\\/\\\/noht-eson.ca\\\/fr\\\/a-propos\\\/\",\"url\":\"https:\\\/\\\/noht-eson.ca\\\/fr\\\/a-propos\\\/\",\"name\":\"\u00c0 Propos - Niagara Ontario Health Team - \u00c9quipe Sant\u00e9 Ontario Niagara\",\"isPartOf\":{\"@id\":\"https:\\\/\\\/noht-eson.ca\\\/#website\"},\"primaryImageOfPage\":{\"@id\":\"https:\\\/\\\/noht-eson.ca\\\/fr\\\/a-propos\\\/#primaryimage\"},\"image\":{\"@id\":\"https:\\\/\\\/noht-eson.ca\\\/fr\\\/a-propos\\\/#primaryimage\"},\"thumbnailUrl\":\"https:\\\/\\\/noht-eson.ca\\\/wp-content\\\/uploads\\\/shutterstock_1735036061.jpg\",\"datePublished\":\"2021-11-18T20:35:35+00:00\",\"dateModified\":\"2023-04-13T19:22:35+00:00\",\"breadcrumb\":{\"@id\":\"https:\\\/\\\/noht-eson.ca\\\/fr\\\/a-propos\\\/#breadcrumb\"},\"inLanguage\":\"fr-FR\",\"potentialAction\":[{\"@type\":\"ReadAction\",\"target\":[\"https:\\\/\\\/noht-eson.ca\\\/fr\\\/a-propos\\\/\"]}]},{\"@type\":\"ImageObject\",\"inLanguage\":\"fr-FR\",\"@id\":\"https:\\\/\\\/noht-eson.ca\\\/fr\\\/a-propos\\\/#primaryimage\",\"url\":\"https:\\\/\\\/noht-eson.ca\\\/wp-content\\\/uploads\\\/shutterstock_1735036061.jpg\",\"contentUrl\":\"https:\\\/\\\/noht-eson.ca\\\/wp-content\\\/uploads\\\/shutterstock_1735036061.jpg\",\"width\":1920,\"height\":900},{\"@type\":\"BreadcrumbList\",\"@id\":\"https:\\\/\\\/noht-eson.ca\\\/fr\\\/a-propos\\\/#breadcrumb\",\"itemListElement\":[{\"@type\":\"ListItem\",\"position\":1,\"name\":\"Home\",\"item\":\"https:\\\/\\\/noht-eson.ca\\\/fr\\\/\"},{\"@type\":\"ListItem\",\"position\":2,\"name\":\"\u00c0 Propos\"}]},{\"@type\":\"WebSite\",\"@id\":\"https:\\\/\\\/noht-eson.ca\\\/#website\",\"url\":\"https:\\\/\\\/noht-eson.ca\\\/\",\"name\":\"Niagara Ontario Health Team - \u00c9quipe Sant\u00e9 Ontario Niagara\",\"description\":\"Exceptional, connected care, now and for future generations\",\"publisher\":{\"@id\":\"https:\\\/\\\/noht-eson.ca\\\/#organization\"},\"potentialAction\":[{\"@type\":\"SearchAction\",\"target\":{\"@type\":\"EntryPoint\",\"urlTemplate\":\"https:\\\/\\\/noht-eson.ca\\\/?s={search_term_string}\"},\"query-input\":{\"@type\":\"PropertyValueSpecification\",\"valueRequired\":true,\"valueName\":\"search_term_string\"}}],\"inLanguage\":\"fr-FR\"},{\"@type\":\"Organization\",\"@id\":\"https:\\\/\\\/noht-eson.ca\\\/#organization\",\"name\":\"Niagara Ontario Health Team - \u00c9quipe Sant\u00e9 Ontario Niagara\",\"url\":\"https:\\\/\\\/noht-eson.ca\\\/\",\"logo\":{\"@type\":\"ImageObject\",\"inLanguage\":\"fr-FR\",\"@id\":\"https:\\\/\\\/noht-eson.ca\\\/#\\\/schema\\\/logo\\\/image\\\/\",\"url\":\"https:\\\/\\\/noht-eson.ca\\\/wp-content\\\/uploads\\\/NOHT_ESON_Logo_FINAL-1.jpg\",\"contentUrl\":\"https:\\\/\\\/noht-eson.ca\\\/wp-content\\\/uploads\\\/NOHT_ESON_Logo_FINAL-1.jpg\",\"width\":1500,\"height\":500,\"caption\":\"Niagara Ontario Health Team - \u00c9quipe Sant\u00e9 Ontario Niagara\"},\"image\":{\"@id\":\"https:\\\/\\\/noht-eson.ca\\\/#\\\/schema\\\/logo\\\/image\\\/\"},\"sameAs\":[\"https:\\\/\\\/facebook.com\\\/NiagaraOHT\\\/\",\"https:\\\/\\\/x.com\\\/niagaraoht\"]}]}<\/script>\n<!-- \/ Yoast SEO plugin. -->","yoast_head_json":{"title":"\u00c0 Propos - Niagara Ontario Health Team - \u00c9quipe Sant\u00e9 Ontario Niagara","robots":{"index":"index","follow":"follow","max-snippet":"max-snippet:-1","max-image-preview":"max-image-preview:large","max-video-preview":"max-video-preview:-1"},"canonical":"https:\/\/noht-eson.ca\/fr\/a-propos\/","og_locale":"fr_FR","og_type":"article","og_title":"\u00c0 Propos - Niagara Ontario Health Team - \u00c9quipe Sant\u00e9 Ontario Niagara","og_url":"https:\/\/noht-eson.ca\/fr\/a-propos\/","og_site_name":"Niagara Ontario Health Team - \u00c9quipe Sant\u00e9 Ontario Niagara","article_publisher":"https:\/\/facebook.com\/NiagaraOHT\/","article_modified_time":"2023-04-13T19:22:35+00:00","og_image":[{"width":1920,"height":900,"url":"https:\/\/noht-eson.ca\/wp-content\/uploads\/shutterstock_1735036061.jpg","type":"image\/jpeg"}],"twitter_card":"summary_large_image","twitter_site":"@niagaraoht","twitter_misc":{"Dur\u00e9e de lecture estim\u00e9e":"15 minutes"},"schema":{"@context":"https:\/\/schema.org","@graph":[{"@type":"WebPage","@id":"https:\/\/noht-eson.ca\/fr\/a-propos\/","url":"https:\/\/noht-eson.ca\/fr\/a-propos\/","name":"\u00c0 Propos - Niagara Ontario Health Team - \u00c9quipe Sant\u00e9 Ontario Niagara","isPartOf":{"@id":"https:\/\/noht-eson.ca\/#website"},"primaryImageOfPage":{"@id":"https:\/\/noht-eson.ca\/fr\/a-propos\/#primaryimage"},"image":{"@id":"https:\/\/noht-eson.ca\/fr\/a-propos\/#primaryimage"},"thumbnailUrl":"https:\/\/noht-eson.ca\/wp-content\/uploads\/shutterstock_1735036061.jpg","datePublished":"2021-11-18T20:35:35+00:00","dateModified":"2023-04-13T19:22:35+00:00","breadcrumb":{"@id":"https:\/\/noht-eson.ca\/fr\/a-propos\/#breadcrumb"},"inLanguage":"fr-FR","potentialAction":[{"@type":"ReadAction","target":["https:\/\/noht-eson.ca\/fr\/a-propos\/"]}]},{"@type":"ImageObject","inLanguage":"fr-FR","@id":"https:\/\/noht-eson.ca\/fr\/a-propos\/#primaryimage","url":"https:\/\/noht-eson.ca\/wp-content\/uploads\/shutterstock_1735036061.jpg","contentUrl":"https:\/\/noht-eson.ca\/wp-content\/uploads\/shutterstock_1735036061.jpg","width":1920,"height":900},{"@type":"BreadcrumbList","@id":"https:\/\/noht-eson.ca\/fr\/a-propos\/#breadcrumb","itemListElement":[{"@type":"ListItem","position":1,"name":"Home","item":"https:\/\/noht-eson.ca\/fr\/"},{"@type":"ListItem","position":2,"name":"\u00c0 Propos"}]},{"@type":"WebSite","@id":"https:\/\/noht-eson.ca\/#website","url":"https:\/\/noht-eson.ca\/","name":"Niagara Ontario Health Team - \u00c9quipe Sant\u00e9 Ontario Niagara","description":"Exceptional, connected care, now and for future generations","publisher":{"@id":"https:\/\/noht-eson.ca\/#organization"},"potentialAction":[{"@type":"SearchAction","target":{"@type":"EntryPoint","urlTemplate":"https:\/\/noht-eson.ca\/?s={search_term_string}"},"query-input":{"@type":"PropertyValueSpecification","valueRequired":true,"valueName":"search_term_string"}}],"inLanguage":"fr-FR"},{"@type":"Organization","@id":"https:\/\/noht-eson.ca\/#organization","name":"Niagara Ontario Health Team - \u00c9quipe Sant\u00e9 Ontario Niagara","url":"https:\/\/noht-eson.ca\/","logo":{"@type":"ImageObject","inLanguage":"fr-FR","@id":"https:\/\/noht-eson.ca\/#\/schema\/logo\/image\/","url":"https:\/\/noht-eson.ca\/wp-content\/uploads\/NOHT_ESON_Logo_FINAL-1.jpg","contentUrl":"https:\/\/noht-eson.ca\/wp-content\/uploads\/NOHT_ESON_Logo_FINAL-1.jpg","width":1500,"height":500,"caption":"Niagara Ontario Health Team - \u00c9quipe Sant\u00e9 Ontario Niagara"},"image":{"@id":"https:\/\/noht-eson.ca\/#\/schema\/logo\/image\/"},"sameAs":["https:\/\/facebook.com\/NiagaraOHT\/","https:\/\/x.com\/niagaraoht"]}]}},"_links":{"self":[{"href":"https:\/\/noht-eson.ca\/fr\/wp-json\/wp\/v2\/pages\/400","targetHints":{"allow":["GET"]}}],"collection":[{"href":"https:\/\/noht-eson.ca\/fr\/wp-json\/wp\/v2\/pages"}],"about":[{"href":"https:\/\/noht-eson.ca\/fr\/wp-json\/wp\/v2\/types\/page"}],"author":[{"embeddable":true,"href":"https:\/\/noht-eson.ca\/fr\/wp-json\/wp\/v2\/users\/92"}],"replies":[{"embeddable":true,"href":"https:\/\/noht-eson.ca\/fr\/wp-json\/wp\/v2\/comments?post=400"}],"version-history":[{"count":1,"href":"https:\/\/noht-eson.ca\/fr\/wp-json\/wp\/v2\/pages\/400\/revisions"}],"predecessor-version":[{"id":9247,"href":"https:\/\/noht-eson.ca\/fr\/wp-json\/wp\/v2\/pages\/400\/revisions\/9247"}],"wp:featuredmedia":[{"embeddable":true,"href":"https:\/\/noht-eson.ca\/fr\/wp-json\/wp\/v2\/media\/2539"}],"wp:attachment":[{"href":"https:\/\/noht-eson.ca\/fr\/wp-json\/wp\/v2\/media?parent=400"}],"curies":[{"name":"wp","href":"https:\/\/api.w.org\/{rel}","templated":true}]}}