{"id":384,"date":"2021-11-18T20:23:41","date_gmt":"2021-11-18T20:23:41","guid":{"rendered":"http:\/\/noht-eson.ca\/?page_id=384"},"modified":"2023-04-13T15:22:45","modified_gmt":"2023-04-13T19:22:45","slug":"priorites-2","status":"publish","type":"page","link":"https:\/\/noht-eson.ca\/fr\/a-propos\/priorites-2\/","title":{"rendered":"Priorit\u00e9s"},"content":{"rendered":"<div class='flex_column_table av-l01kts2o-547d1585e322b8ea9effe2edcc0744b0 sc-av_two_fifth av-equal-height-column-flextable'><div  class='flex_column av-l01kts2o-547d1585e322b8ea9effe2edcc0744b0 av_two_fifth  avia-builder-el-0  el_before_av_three_fifth  avia-builder-el-first  first flex_column_table_cell av-equal-height-column av-align-top  '     ><section  class='av_textblock_section av-l01ks9l8-6b74a05d303281892120596847daa666 '   itemscope=\"itemscope\" itemtype=\"https:\/\/schema.org\/CreativeWork\" ><div class='avia_textblock'  itemprop=\"text\" ><h2>Nos\u00a0priorit\u00e9s<\/h2>\n<p>Chaque ann\u00e9e, l\u2019\u00e9quipe Niagara Ontario Health &#8211; \u00c9quipe Sant\u00e9 Ontario Niagara (NOHT-\u00c9SON) d\u00e9termine les priorit\u00e9s en mati\u00e8re de soins de sant\u00e9 pour la r\u00e9gion de Niagara. Lors de l\u2019\u00e9tablissement des priorit\u00e9s, le NOHT-\u00c9SON utilise une mine de donn\u00e9es recueillies aupr\u00e8s d\u2019organisations de toute la r\u00e9gion, ainsi que les points de vue uniques de ses membres. Gr\u00e2ce \u00e0 ces renseignements, nous d\u00e9terminons les services de sant\u00e9 les plus couramment utilis\u00e9s dans la r\u00e9gion et les domaines o\u00f9 l\u2019int\u00e9gration des services peut produire les r\u00e9sultats les plus positifs pour les r\u00e9sidents de Niagara, maintenant et \u00e0 l\u2019avenir.<\/p>\n<\/div><\/section><\/div>\n<div class='av-flex-placeholder'><\/div><div  class='flex_column av-l01ktlql-c151b50e88b515fa9e20f18c596fc199 av_three_fifth  avia-builder-el-2  el_after_av_two_fifth  el_before_av_section  avia-builder-el-last  flex_column_table_cell av-equal-height-column av-align-top  '     ><section  class='av_textblock_section av-l01kt2qr-e0339f882a72eaacadd84a9469454af3 '   itemscope=\"itemscope\" itemtype=\"https:\/\/schema.org\/CreativeWork\" ><div class='avia_textblock'  itemprop=\"text\" ><h2>Comment nous mesurons le succ\u00e8s<\/h2>\n<p>La NOHT-\u00c9SON en est aux premi\u00e8res \u00e9tapes de la transformation de la prestation des soins de sant\u00e9 et des services sociaux dans la r\u00e9gion de Niagara. \u00c0 sa maturit\u00e9, les changements comprendront :<\/p>\n<ul>\n<li>Une gamme de soins et de services enti\u00e8rement coordonn\u00e9s.<\/li>\n<li>Un acc\u00e8s 24 heures sur 24 et 7 jours sur 7 aux services de navigation du syst\u00e8me et \u00e0 des transitions transparentes tout au long de votre parcours de soins.<\/li>\n<li>Un meilleur acc\u00e8s aux outils num\u00e9riques s\u00e9curis\u00e9s, aux dossiers m\u00e9dicaux en ligne et aux possibilit\u00e9s de soins virtuels.<\/li>\n<\/ul>\n<p><strong>Ces changements m\u00e8neront ultimement \u00e0 :<\/strong><\/p>\n<ul>\n<li>De meilleurs r\u00e9sultats en mati\u00e8re de sant\u00e9 pour la population de Niagara.<\/li>\n<li>De meilleures interactions et exp\u00e9riences en mati\u00e8re de soins de sant\u00e9 et de services sociaux pour les patients, les clients, les familles et les soignants.<\/li>\n<\/ul>\n<\/div><\/section><\/div><\/div><!--close column table wrapper. Autoclose: 1 -->\n<\/div><\/div><\/div><!-- close content main div --><\/div><\/div>\n<style type=\"text\/css\" data-created_by=\"avia_inline_auto\" id=\"style-css-av-l01l4y3w-b94c36a1c0c374eee0135f066cb3dc9b\">\n.avia-section.av-l01l4y3w-b94c36a1c0c374eee0135f066cb3dc9b{\nbackground-color:#f2f9ff;\nbackground-image:unset;\n}\n<\/style>\n<div id='av_section_1'  class='avia-section av-l01l4y3w-b94c36a1c0c374eee0135f066cb3dc9b main_color avia-section-default avia-no-border-styling  avia-builder-el-4  el_after_av_three_fifth  avia-builder-el-last  av-desktop-hide av-medium-hide av-small-hide av-mini-hide avia-bg-style-scroll container_wrap sidebar_right'  ><div class='container av-section-cont-open' ><div class='template-page content  av-content-small alpha units'><div class='post-entry post-entry-type-page post-entry-384'><div class='entry-content-wrapper clearfix'>\n<div  class='flex_column av-7zpca-f5d0b84164c395f34d289045d9891484 av_one_full  avia-builder-el-5  el_before_av_timeline  avia-builder-el-first  first flex_column_div  '     ><style type=\"text\/css\" data-created_by=\"avia_inline_auto\" id=\"style-css-av-l01l5nn2-c32540764cc3a49d0284fe169fd678c1\">\n#top .av-special-heading.av-l01l5nn2-c32540764cc3a49d0284fe169fd678c1{\npadding-bottom:10px;\n}\nbody .av-special-heading.av-l01l5nn2-c32540764cc3a49d0284fe169fd678c1 .av-special-heading-tag .heading-char{\nfont-size:25px;\n}\n.av-special-heading.av-l01l5nn2-c32540764cc3a49d0284fe169fd678c1 .av-subheading{\nfont-size:15px;\n}\n<\/style>\n<div  class='av-special-heading av-l01l5nn2-c32540764cc3a49d0284fe169fd678c1 av-special-heading-h3 blockquote classic-quote  avia-builder-el-6  avia-builder-el-no-sibling '><h3 class='av-special-heading-tag '  itemprop=\"headline\"  >Priorit\u00e9s de la premi\u00e8re ann\u00e9e <\/h3><div class=\"special-heading-border\"><div class=\"special-heading-inner-border\"><\/div><\/div><\/div><\/div>\n<style type=\"text\/css\" data-created_by=\"avia_inline_auto\" id=\"style-css-sub-av-l12ou2ic-a6fb777f4a29ef5d411c1aa997610994\">\n.avia-timeline-container .av-milestone.av-av_timeline_item-8c536e59d7f3eebb6f5a2e3bd0deace7 .av-milestone-icon-inner{\nbackground-image:url(https:\/\/noht-eson.ca\/wp-content\/uploads\/Depositphotos_191384168_XL-300x200.jpg);\n}\n.avia-timeline-container .av-milestone.av-av_timeline_item-9d3f0c9cc853e156ee5333cd8e293a14 .av-milestone-icon-inner{\nbackground-image:url(https:\/\/noht-eson.ca\/wp-content\/uploads\/Depositphotos_152687008_XL-1030x686.jpg);\n}\n.avia-timeline-container .av-milestone.av-av_timeline_item-d3fdb4ba0c5b17b6ecabc707afb54b77 .av-milestone-icon-inner{\nbackground-image:url(https:\/\/noht-eson.ca\/wp-content\/uploads\/Depositphotos_176572838_XL-1030x686.jpg);\n}\n<\/style>\n<div  id=\"avia-timeline-1\"  class='avia-timeline-container av-l12ou2ic-a6fb777f4a29ef5d411c1aa997610994 av-slideshow-ui  avia-builder-el-7  el_after_av_one_full  avia-builder-el-last ' ><ul class='avia-timeline avia-timeline-vertical av-milestone-placement-left avia-timeline-boxshadow avia_animate_when_almost_visible avia-timeline-animate'>\n<li  class='av-milestone av-av_timeline_item-8c536e59d7f3eebb6f5a2e3bd0deace7 av-animated-generic fade-in av-milestone-valign-middle av-milestone-odd'><h2 class='av-milestone-date ' id='milestone-' aria-hidden='true' tabindex='-1'><strong><span class='av-milestone-indicator'><\/span><\/strong><\/h2><div class=\"av-milestone-icon-wrap\"><span class='av-milestone-icon milestone_icon milestone-icon-hasborder'><span class='av-milestone-icon-inner milestone_inner'>&nbsp;<\/span><\/span><\/div><article class='av-milestone-content-wrap'><div class='av-milestone-contentbox'><header class=\"entry-content-header\" aria-label=\"\u00c9tape : Int\u00e9gration des besoins de soins complexes dans les soins palliatifs et les soins li\u00e9s aux accidents vasculaires c\u00e9r\u00e9braux\"><h4 class='av-milestone-title '>Int\u00e9gration des besoins de soins complexes dans les soins palliatifs et les soins li\u00e9s aux accidents vasculaires c\u00e9r\u00e9braux<\/h4><\/header><div class='av-milestone-content'><p>Les besoins complexes d\u00e9crivent les personnes qui ont besoin de plus d\u2019un m\u00e9dicament ou qui ont plus d\u2019une personne dans leur \u00e9quipe de soins de sant\u00e9. Les personnes qui re\u00e7oivent des soins palliatifs ou des soins li\u00e9s aux accidents vasculaires c\u00e9r\u00e9braux sont habituellement class\u00e9es dans la cat\u00e9gorie des personnes ayant des besoins complexes. Le traitement des besoins complexes en mati\u00e8re de soins palliatifs et d\u2019AVC exige un haut niveau de coordination entre les \u00e9quipes de soins de sant\u00e9, et le NOHT-\u00c9SON a \u00e9tabli comme priorit\u00e9 le d\u00e9veloppement d\u2019int\u00e9grations pour rationaliser ces services de soins de sant\u00e9 dans la r\u00e9gion.<\/p>\n<\/div><\/div><footer class='av-milestone-article-footer entry-footer'><\/footer><\/article><\/li>\n<li  class='av-milestone av-av_timeline_item-9d3f0c9cc853e156ee5333cd8e293a14 av-animated-generic fade-in av-milestone-valign-middle av-milestone-even'><h2 class='av-milestone-date ' id='milestone-' aria-hidden='true' tabindex='-1'><strong><span class='av-milestone-indicator'><\/span><\/strong><\/h2><div class=\"av-milestone-icon-wrap\"><span class='av-milestone-icon milestone_icon milestone-icon-hasborder'><span class='av-milestone-icon-inner milestone_inner'>&nbsp;<\/span><\/span><\/div><article class='av-milestone-content-wrap'><div class='av-milestone-contentbox'><header class=\"entry-content-header\" aria-label=\"\u00c9tape : Enfants et jeunes ayant des besoins en sant\u00e9 mentale et en toxicomanie\"><h4 class='av-milestone-title '>Enfants et jeunes ayant des besoins en sant\u00e9 mentale et en toxicomanie<\/h4><\/header><div class='av-milestone-content'><section class=\"grid-container\">\n<div class=\"grid-x grid-padding-x\">\n<div class=\"cell\">\n<div class=\"grid-x grid-padding-x\">\n<div class=\"cell\">\n<p>Les fournisseurs de soins de sant\u00e9 de la r\u00e9gion comprennent diverses organisations qui offrent des programmes et des services de pr\u00e9vention, de diagnostic et de traitement aux enfants et aux jeunes ayant des besoins en mati\u00e8re de sant\u00e9 mentale et de toxicomanie. En travaillant ensemble pour int\u00e9grer les soins parmi les fournisseurs de services de sant\u00e9 mentale et de lutte contre les d\u00e9pendances de la r\u00e9gion, le NOHT-\u00c9SON vise \u00e0 fournir des niveaux accrus de soutien \u00e0 ces enfants et \u00e0 ces jeunes, ainsi qu\u2019\u00e0 leurs familles, afin de les doter des comp\u00e9tences et des outils dont ils ont besoin pour bien g\u00e9rer leurs besoins en mati\u00e8re de sant\u00e9 mentale et de toxicomanie.<\/p>\n<\/div>\n<\/div>\n<\/div>\n<\/div>\n<\/section>\n<\/div><\/div><footer class='av-milestone-article-footer entry-footer'><\/footer><\/article><\/li>\n<li  class='av-milestone av-av_timeline_item-d3fdb4ba0c5b17b6ecabc707afb54b77 av-animated-generic fade-in av-milestone-valign-middle av-milestone-odd'><h2 class='av-milestone-date ' id='milestone-' aria-hidden='true' tabindex='-1'><strong><span class='av-milestone-indicator'><\/span><\/strong><\/h2><div class=\"av-milestone-icon-wrap\"><span class='av-milestone-icon milestone_icon milestone-icon-hasborder'><span class='av-milestone-icon-inner milestone_inner'>&nbsp;<\/span><\/span><\/div><article class='av-milestone-content-wrap'><div class='av-milestone-contentbox'><header class=\"entry-content-header\" aria-label=\"\u00c9tape : Personnes ayant des probl\u00e8mes aigus mineurs n\u00e9cessitant des soins \u00e0 domicile\"><h4 class='av-milestone-title '>Personnes ayant des probl\u00e8mes aigus mineurs n\u00e9cessitant des soins \u00e0 domicile<\/h4><\/header><div class='av-milestone-content'><p>Les probl\u00e8mes aigus mineurs comprennent un large \u00e9ventail de besoins de soins, y compris le traitement de maladies soudaines, le traitement continu de blessures, l\u2019aide pour les t\u00e2ches quotidiennes, les rappels de m\u00e9dicaments et l\u2019administration, et bien d\u2019autres. Les fournisseurs de soins \u00e0 domicile de la r\u00e9gion fournissent des soins pour r\u00e9pondre \u00e0 ces besoins et travaillent souvent en \u00e9troite collaboration avec d\u2019autres membres de la communaut\u00e9 des soins de sant\u00e9. En int\u00e9grant les soins entre les divers fournisseurs de services, nous pouvons offrir des soins \u00e0 domicile int\u00e9gr\u00e9s et simplifi\u00e9s aux personnes qui ont des probl\u00e8mes aigus mineurs dans l\u2019ensemble de la r\u00e9gion de Niagara.<\/p>\n<\/div><\/div><footer class='av-milestone-article-footer entry-footer'><\/footer><\/article><\/li>\n<\/ul><\/div>\n<\/div><\/div><\/div><!-- close content main div --><\/div><\/div><div id='after_section_1'  class='main_color av_default_container_wrap container_wrap sidebar_right'  ><div class='container av-section-cont-open' ><div class='template-page content  av-content-small alpha units'><div class='post-entry post-entry-type-page post-entry-384'><div class='entry-content-wrapper clearfix'>\n","protected":false},"excerpt":{"rendered":"","protected":false},"author":92,"featured_media":840,"parent":400,"menu_order":0,"comment_status":"closed","ping_status":"closed","template":"","meta":{"_bbp_topic_count":0,"_bbp_reply_count":0,"_bbp_total_topic_count":0,"_bbp_total_reply_count":0,"_bbp_voice_count":0,"_bbp_anonymous_reply_count":0,"_bbp_topic_count_hidden":0,"_bbp_reply_count_hidden":0,"_bbp_forum_subforum_count":0,"footnotes":""},"class_list":["post-384","page","type-page","status-publish","has-post-thumbnail","hentry"],"yoast_head":"<!-- This site is optimized with the Yoast SEO plugin v27.5 - https:\/\/yoast.com\/product\/yoast-seo-wordpress\/ -->\n<title>Priorit\u00e9s - Niagara Ontario Health Team - \u00c9quipe Sant\u00e9 Ontario Niagara<\/title>\n<meta name=\"robots\" content=\"index, follow, max-snippet:-1, max-image-preview:large, max-video-preview:-1\" \/>\n<link rel=\"canonical\" href=\"https:\/\/noht-eson.ca\/fr\/a-propos\/priorites-2\/\" \/>\n<meta property=\"og:locale\" content=\"fr_FR\" \/>\n<meta property=\"og:type\" content=\"article\" \/>\n<meta property=\"og:title\" content=\"Priorit\u00e9s - Niagara Ontario Health Team - \u00c9quipe Sant\u00e9 Ontario Niagara\" \/>\n<meta property=\"og:url\" content=\"https:\/\/noht-eson.ca\/fr\/a-propos\/priorites-2\/\" \/>\n<meta property=\"og:site_name\" content=\"Niagara Ontario Health Team - \u00c9quipe Sant\u00e9 Ontario Niagara\" \/>\n<meta property=\"article:publisher\" content=\"https:\/\/facebook.com\/NiagaraOHT\/\" \/>\n<meta property=\"article:modified_time\" content=\"2023-04-13T19:22:45+00:00\" \/>\n<meta property=\"og:image\" content=\"https:\/\/noht-eson.ca\/wp-content\/uploads\/Depositphotos_162100864_XL-e1647986514561.jpg\" \/>\n\t<meta property=\"og:image:width\" content=\"1400\" \/>\n\t<meta property=\"og:image:height\" content=\"700\" \/>\n\t<meta property=\"og:image:type\" content=\"image\/jpeg\" \/>\n<meta name=\"twitter:card\" content=\"summary_large_image\" \/>\n<meta name=\"twitter:site\" content=\"@niagaraoht\" \/>\n<meta name=\"twitter:label1\" content=\"Dur\u00e9e de lecture estim\u00e9e\" \/>\n\t<meta name=\"twitter:data1\" content=\"11 minutes\" \/>\n<script type=\"application\/ld+json\" class=\"yoast-schema-graph\">{\"@context\":\"https:\\\/\\\/schema.org\",\"@graph\":[{\"@type\":\"WebPage\",\"@id\":\"https:\\\/\\\/noht-eson.ca\\\/fr\\\/a-propos\\\/priorites-2\\\/\",\"url\":\"https:\\\/\\\/noht-eson.ca\\\/fr\\\/a-propos\\\/priorites-2\\\/\",\"name\":\"Priorit\u00e9s - Niagara Ontario Health Team - \u00c9quipe Sant\u00e9 Ontario Niagara\",\"isPartOf\":{\"@id\":\"https:\\\/\\\/noht-eson.ca\\\/#website\"},\"primaryImageOfPage\":{\"@id\":\"https:\\\/\\\/noht-eson.ca\\\/fr\\\/a-propos\\\/priorites-2\\\/#primaryimage\"},\"image\":{\"@id\":\"https:\\\/\\\/noht-eson.ca\\\/fr\\\/a-propos\\\/priorites-2\\\/#primaryimage\"},\"thumbnailUrl\":\"https:\\\/\\\/noht-eson.ca\\\/wp-content\\\/uploads\\\/Depositphotos_162100864_XL-e1647986514561.jpg\",\"datePublished\":\"2021-11-18T20:23:41+00:00\",\"dateModified\":\"2023-04-13T19:22:45+00:00\",\"breadcrumb\":{\"@id\":\"https:\\\/\\\/noht-eson.ca\\\/fr\\\/a-propos\\\/priorites-2\\\/#breadcrumb\"},\"inLanguage\":\"fr-FR\",\"potentialAction\":[{\"@type\":\"ReadAction\",\"target\":[\"https:\\\/\\\/noht-eson.ca\\\/fr\\\/a-propos\\\/priorites-2\\\/\"]}]},{\"@type\":\"ImageObject\",\"inLanguage\":\"fr-FR\",\"@id\":\"https:\\\/\\\/noht-eson.ca\\\/fr\\\/a-propos\\\/priorites-2\\\/#primaryimage\",\"url\":\"https:\\\/\\\/noht-eson.ca\\\/wp-content\\\/uploads\\\/Depositphotos_162100864_XL-e1647986514561.jpg\",\"contentUrl\":\"https:\\\/\\\/noht-eson.ca\\\/wp-content\\\/uploads\\\/Depositphotos_162100864_XL-e1647986514561.jpg\",\"width\":1400,\"height\":700},{\"@type\":\"BreadcrumbList\",\"@id\":\"https:\\\/\\\/noht-eson.ca\\\/fr\\\/a-propos\\\/priorites-2\\\/#breadcrumb\",\"itemListElement\":[{\"@type\":\"ListItem\",\"position\":1,\"name\":\"Home\",\"item\":\"https:\\\/\\\/noht-eson.ca\\\/fr\\\/\"},{\"@type\":\"ListItem\",\"position\":2,\"name\":\"\u00c0 Propos\",\"item\":\"https:\\\/\\\/noht-eson.ca\\\/fr\\\/a-propos\\\/\"},{\"@type\":\"ListItem\",\"position\":3,\"name\":\"Priorit\u00e9s\"}]},{\"@type\":\"WebSite\",\"@id\":\"https:\\\/\\\/noht-eson.ca\\\/#website\",\"url\":\"https:\\\/\\\/noht-eson.ca\\\/\",\"name\":\"Niagara Ontario Health Team - \u00c9quipe Sant\u00e9 Ontario Niagara\",\"description\":\"Exceptional, connected care, now and for future generations\",\"publisher\":{\"@id\":\"https:\\\/\\\/noht-eson.ca\\\/#organization\"},\"potentialAction\":[{\"@type\":\"SearchAction\",\"target\":{\"@type\":\"EntryPoint\",\"urlTemplate\":\"https:\\\/\\\/noht-eson.ca\\\/?s={search_term_string}\"},\"query-input\":{\"@type\":\"PropertyValueSpecification\",\"valueRequired\":true,\"valueName\":\"search_term_string\"}}],\"inLanguage\":\"fr-FR\"},{\"@type\":\"Organization\",\"@id\":\"https:\\\/\\\/noht-eson.ca\\\/#organization\",\"name\":\"Niagara Ontario Health Team - \u00c9quipe Sant\u00e9 Ontario Niagara\",\"url\":\"https:\\\/\\\/noht-eson.ca\\\/\",\"logo\":{\"@type\":\"ImageObject\",\"inLanguage\":\"fr-FR\",\"@id\":\"https:\\\/\\\/noht-eson.ca\\\/#\\\/schema\\\/logo\\\/image\\\/\",\"url\":\"https:\\\/\\\/noht-eson.ca\\\/wp-content\\\/uploads\\\/NOHT_ESON_Logo_FINAL-1.jpg\",\"contentUrl\":\"https:\\\/\\\/noht-eson.ca\\\/wp-content\\\/uploads\\\/NOHT_ESON_Logo_FINAL-1.jpg\",\"width\":1500,\"height\":500,\"caption\":\"Niagara Ontario Health Team - \u00c9quipe Sant\u00e9 Ontario Niagara\"},\"image\":{\"@id\":\"https:\\\/\\\/noht-eson.ca\\\/#\\\/schema\\\/logo\\\/image\\\/\"},\"sameAs\":[\"https:\\\/\\\/facebook.com\\\/NiagaraOHT\\\/\",\"https:\\\/\\\/x.com\\\/niagaraoht\"]}]}<\/script>\n<!-- \/ Yoast SEO plugin. -->","yoast_head_json":{"title":"Priorit\u00e9s - Niagara Ontario Health Team - \u00c9quipe Sant\u00e9 Ontario Niagara","robots":{"index":"index","follow":"follow","max-snippet":"max-snippet:-1","max-image-preview":"max-image-preview:large","max-video-preview":"max-video-preview:-1"},"canonical":"https:\/\/noht-eson.ca\/fr\/a-propos\/priorites-2\/","og_locale":"fr_FR","og_type":"article","og_title":"Priorit\u00e9s - Niagara Ontario Health Team - \u00c9quipe Sant\u00e9 Ontario Niagara","og_url":"https:\/\/noht-eson.ca\/fr\/a-propos\/priorites-2\/","og_site_name":"Niagara Ontario Health Team - \u00c9quipe Sant\u00e9 Ontario Niagara","article_publisher":"https:\/\/facebook.com\/NiagaraOHT\/","article_modified_time":"2023-04-13T19:22:45+00:00","og_image":[{"width":1400,"height":700,"url":"https:\/\/noht-eson.ca\/wp-content\/uploads\/Depositphotos_162100864_XL-e1647986514561.jpg","type":"image\/jpeg"}],"twitter_card":"summary_large_image","twitter_site":"@niagaraoht","twitter_misc":{"Dur\u00e9e de lecture estim\u00e9e":"11 minutes"},"schema":{"@context":"https:\/\/schema.org","@graph":[{"@type":"WebPage","@id":"https:\/\/noht-eson.ca\/fr\/a-propos\/priorites-2\/","url":"https:\/\/noht-eson.ca\/fr\/a-propos\/priorites-2\/","name":"Priorit\u00e9s - Niagara Ontario Health Team - \u00c9quipe Sant\u00e9 Ontario Niagara","isPartOf":{"@id":"https:\/\/noht-eson.ca\/#website"},"primaryImageOfPage":{"@id":"https:\/\/noht-eson.ca\/fr\/a-propos\/priorites-2\/#primaryimage"},"image":{"@id":"https:\/\/noht-eson.ca\/fr\/a-propos\/priorites-2\/#primaryimage"},"thumbnailUrl":"https:\/\/noht-eson.ca\/wp-content\/uploads\/Depositphotos_162100864_XL-e1647986514561.jpg","datePublished":"2021-11-18T20:23:41+00:00","dateModified":"2023-04-13T19:22:45+00:00","breadcrumb":{"@id":"https:\/\/noht-eson.ca\/fr\/a-propos\/priorites-2\/#breadcrumb"},"inLanguage":"fr-FR","potentialAction":[{"@type":"ReadAction","target":["https:\/\/noht-eson.ca\/fr\/a-propos\/priorites-2\/"]}]},{"@type":"ImageObject","inLanguage":"fr-FR","@id":"https:\/\/noht-eson.ca\/fr\/a-propos\/priorites-2\/#primaryimage","url":"https:\/\/noht-eson.ca\/wp-content\/uploads\/Depositphotos_162100864_XL-e1647986514561.jpg","contentUrl":"https:\/\/noht-eson.ca\/wp-content\/uploads\/Depositphotos_162100864_XL-e1647986514561.jpg","width":1400,"height":700},{"@type":"BreadcrumbList","@id":"https:\/\/noht-eson.ca\/fr\/a-propos\/priorites-2\/#breadcrumb","itemListElement":[{"@type":"ListItem","position":1,"name":"Home","item":"https:\/\/noht-eson.ca\/fr\/"},{"@type":"ListItem","position":2,"name":"\u00c0 Propos","item":"https:\/\/noht-eson.ca\/fr\/a-propos\/"},{"@type":"ListItem","position":3,"name":"Priorit\u00e9s"}]},{"@type":"WebSite","@id":"https:\/\/noht-eson.ca\/#website","url":"https:\/\/noht-eson.ca\/","name":"Niagara Ontario Health Team - \u00c9quipe Sant\u00e9 Ontario Niagara","description":"Exceptional, connected care, now and for future generations","publisher":{"@id":"https:\/\/noht-eson.ca\/#organization"},"potentialAction":[{"@type":"SearchAction","target":{"@type":"EntryPoint","urlTemplate":"https:\/\/noht-eson.ca\/?s={search_term_string}"},"query-input":{"@type":"PropertyValueSpecification","valueRequired":true,"valueName":"search_term_string"}}],"inLanguage":"fr-FR"},{"@type":"Organization","@id":"https:\/\/noht-eson.ca\/#organization","name":"Niagara Ontario Health Team - \u00c9quipe Sant\u00e9 Ontario Niagara","url":"https:\/\/noht-eson.ca\/","logo":{"@type":"ImageObject","inLanguage":"fr-FR","@id":"https:\/\/noht-eson.ca\/#\/schema\/logo\/image\/","url":"https:\/\/noht-eson.ca\/wp-content\/uploads\/NOHT_ESON_Logo_FINAL-1.jpg","contentUrl":"https:\/\/noht-eson.ca\/wp-content\/uploads\/NOHT_ESON_Logo_FINAL-1.jpg","width":1500,"height":500,"caption":"Niagara Ontario Health Team - \u00c9quipe Sant\u00e9 Ontario Niagara"},"image":{"@id":"https:\/\/noht-eson.ca\/#\/schema\/logo\/image\/"},"sameAs":["https:\/\/facebook.com\/NiagaraOHT\/","https:\/\/x.com\/niagaraoht"]}]}},"_links":{"self":[{"href":"https:\/\/noht-eson.ca\/fr\/wp-json\/wp\/v2\/pages\/384","targetHints":{"allow":["GET"]}}],"collection":[{"href":"https:\/\/noht-eson.ca\/fr\/wp-json\/wp\/v2\/pages"}],"about":[{"href":"https:\/\/noht-eson.ca\/fr\/wp-json\/wp\/v2\/types\/page"}],"author":[{"embeddable":true,"href":"https:\/\/noht-eson.ca\/fr\/wp-json\/wp\/v2\/users\/92"}],"replies":[{"embeddable":true,"href":"https:\/\/noht-eson.ca\/fr\/wp-json\/wp\/v2\/comments?post=384"}],"version-history":[{"count":1,"href":"https:\/\/noht-eson.ca\/fr\/wp-json\/wp\/v2\/pages\/384\/revisions"}],"predecessor-version":[{"id":9262,"href":"https:\/\/noht-eson.ca\/fr\/wp-json\/wp\/v2\/pages\/384\/revisions\/9262"}],"up":[{"embeddable":true,"href":"https:\/\/noht-eson.ca\/fr\/wp-json\/wp\/v2\/pages\/400"}],"wp:featuredmedia":[{"embeddable":true,"href":"https:\/\/noht-eson.ca\/fr\/wp-json\/wp\/v2\/media\/840"}],"wp:attachment":[{"href":"https:\/\/noht-eson.ca\/fr\/wp-json\/wp\/v2\/media?parent=384"}],"curies":[{"name":"wp","href":"https:\/\/api.w.org\/{rel}","templated":true}]}}