{"id":381,"date":"2021-11-18T20:19:25","date_gmt":"2021-11-18T20:19:25","guid":{"rendered":"http:\/\/noht-eson.ca\/?page_id=381"},"modified":"2023-04-13T15:22:39","modified_gmt":"2023-04-13T19:22:39","slug":"mission-vision-et-valeurs","status":"publish","type":"page","link":"https:\/\/noht-eson.ca\/fr\/a-propos\/mission-vision-et-valeurs\/","title":{"rendered":"Mission, vision et valeurs"},"content":{"rendered":"<div  class='flex_column av-av_one_half-e35d4d7392d344ede5b92e9eb6686da9 av_one_half  avia-builder-el-0  el_before_av_one_half  avia-builder-el-first  first flex_column_div  '     ><section  class='av_textblock_section av-l01kn98q-63802c74668b11766b18ee1971b81e41 '   itemscope=\"itemscope\" itemtype=\"https:\/\/schema.org\/CreativeWork\" ><div class='avia_textblock'  itemprop=\"text\" ><p>L\u2019\u00e9quipe Niagara Ontario Health \u2013 \u00c9quipe Sant\u00e9 Ontario Niagara (NOHT-\u00c9SON) s\u2019efforce d\u2019offrir des services de sant\u00e9 inclusifs, de r\u00e9pondre aux besoins actuels et futurs et de maximiser la capacit\u00e9 de tous ses membres \u00e0 offrir des services de sant\u00e9 int\u00e9gr\u00e9s et de premier ordre \u00e0 la population de la r\u00e9gion de Niagara. Nos \u00e9nonc\u00e9s de mission, de vision et de valeurs d\u00e9crivent en d\u00e9tail les principes et l\u2019esprit de notre collaboration pour servir les gens de Niagara.<\/p>\n<\/div><\/section><\/div>\n<div  class='flex_column av-av_one_half-42d37b427ea0fe62155da7ff29a9dab8 av_one_half  avia-builder-el-2  el_after_av_one_half  avia-builder-el-last  flex_column_div  '     ><style type=\"text\/css\" data-created_by=\"avia_inline_auto\" id=\"style-css-av-l5ts23ud-a7dd24752b974d3c693e983797fc42a0\">\n#top .avia-icon-list-container.av-l5ts23ud-a7dd24752b974d3c693e983797fc42a0 .iconlist_icon{\ncolor:#ffffff;\nbackground-color:#8bc53f;\n}\n#top .avia-icon-list-container.av-l5ts23ud-a7dd24752b974d3c693e983797fc42a0 .iconlist_icon svg:first-child{\nstroke:#ffffff;\nfill:#ffffff;\n}\n<\/style>\n<div  class='avia-icon-list-container av-l5ts23ud-a7dd24752b974d3c693e983797fc42a0  avia-builder-el-3  avia-builder-el-no-sibling '><ul class='avia-icon-list avia_animate_when_almost_visible avia-icon-list-left av-iconlist-big av-l5ts23ud-a7dd24752b974d3c693e983797fc42a0 avia-iconlist-animate'>\n<li><div class='iconlist_icon av-av_iconlist_item-6e8564570b3cdaabf88465c4c6be2489 avia-font-fontello avia-iconfont avia-font-fontello'><span class='av-icon-char' data-av_icon='\uf124' data-av_iconfont='fontello' aria-hidden=\"true\"><\/span><\/div><article class=\"article-icon-entry \"  itemscope=\"itemscope\" itemtype=\"https:\/\/schema.org\/CreativeWork\" ><div class=\"iconlist_content_wrap\"><header class=\"entry-content-header\" aria-label=\"Ic\u00f4ne : La vision\"><h3 class='av_iconlist_title iconlist_title  '  itemprop=\"headline\" >La vision<\/h3><\/header><div class='iconlist_content '  itemprop=\"text\" ><section class=\"grid-container\">\n<div class=\"grid-x grid-padding-x\">\n<div class=\"cell\">\n<div class=\"grid-x grid-padding-x\">\n<div class=\"cell\">\n<section class=\"grid-container\">\n<div class=\"grid-x grid-padding-x\">\n<div class=\"cell\">\n<div class=\"grid-x grid-padding-x\">\n<div class=\"cell\">\n<p>En sant\u00e9, ensemble. Des soins exceptionnels et interconnect\u00e9s, maintenant et pour les g\u00e9n\u00e9rations futures.<\/p>\n<\/div>\n<\/div>\n<\/div>\n<\/div>\n<\/section>\n<section class=\"grid-container\">\n<div class=\"grid-x grid-padding-x\">\n<div class=\"cell\">\n<div class=\"grid-x grid-padding-x\"><\/div>\n<\/div>\n<\/div>\n<\/section>\n<\/div>\n<\/div>\n<\/div>\n<\/div>\n<\/section>\n<\/div><\/div><footer class=\"entry-footer\"><\/footer><\/article><div class=\"iconlist-timeline\"><\/div><\/li>\n<li><div class='iconlist_icon av-av_iconlist_item-c26a68bf2c90ff926b59e627f4dac1bf avia-font-fontello avia-iconfont avia-font-fontello'><span class='av-icon-char' data-av_icon='\ue801' data-av_iconfont='fontello' aria-hidden=\"true\"><\/span><\/div><article class=\"article-icon-entry \"  itemscope=\"itemscope\" itemtype=\"https:\/\/schema.org\/CreativeWork\" ><div class=\"iconlist_content_wrap\"><header class=\"entry-content-header\" aria-label=\"Ic\u00f4ne : La mission\"><h3 class='av_iconlist_title iconlist_title  '  itemprop=\"headline\" >La mission<\/h3><\/header><div class='iconlist_content '  itemprop=\"text\" ><section class=\"grid-container\">\n<div class=\"grid-x grid-padding-x\">\n<div class=\"cell\">\n<div class=\"grid-x grid-padding-x\">\n<div class=\"cell\">\n<section class=\"grid-container\">\n<div class=\"grid-x grid-padding-x\">\n<div class=\"cell\">\n<div class=\"grid-x grid-padding-x\">\n<div class=\"cell\">\n<p>Travailler en \u00e9quipe coordonn\u00e9e pour fournir des soins, peu importe o\u00f9 et quand vous en avez besoin.<\/p>\n<\/div>\n<\/div>\n<\/div>\n<\/div>\n<\/section>\n<section class=\"grid-container\">\n<div class=\"grid-x grid-padding-x\">\n<div class=\"cell\">\n<div class=\"grid-x grid-padding-x\"><\/div>\n<\/div>\n<\/div>\n<\/section>\n<\/div>\n<\/div>\n<\/div>\n<\/div>\n<\/section>\n<\/div><\/div><footer class=\"entry-footer\"><\/footer><\/article><div class=\"iconlist-timeline\"><\/div><\/li>\n<li><div class='iconlist_icon av-av_iconlist_item-bb71305334fccf4b6ac21fd74f061fb4 avia-font-fontello avia-iconfont avia-font-fontello'><span class='av-icon-char' data-av_icon='\uf21e' data-av_iconfont='fontello' aria-hidden=\"true\"><\/span><\/div><article class=\"article-icon-entry \"  itemscope=\"itemscope\" itemtype=\"https:\/\/schema.org\/CreativeWork\" ><div class=\"iconlist_content_wrap\"><header class=\"entry-content-header\" aria-label=\"Ic\u00f4ne : Valeurs\"><h3 class='av_iconlist_title iconlist_title  '  itemprop=\"headline\" >Valeurs<\/h3><\/header><div class='iconlist_content '  itemprop=\"text\" ><p><strong>Respect\u00a0:<\/strong>\u00a0Nous honorons les sentiments, les d\u00e9sirs, les droits et les traditions de tous. Nous sommes anim\u00e9s par l\u2019empathie et nous sommes d\u00e9termin\u00e9s \u00e0 fournir des soins appropri\u00e9s et s\u00e9curitaires sur le plan culturel.<\/p>\n<p><strong>\u00c9quit\u00e9\u00a0:<\/strong>\u00a0Nous sommes d\u00e9termin\u00e9s \u00e0 r\u00e9duire les obstacles \u00e0 l\u2019acc\u00e8s aux soins et \u00e0 r\u00e9aliser des soins de sant\u00e9 inclusifs pour tous.<\/p>\n<p><strong>Soins centr\u00e9s sur le patient\u00a0:<\/strong>\u00a0Nous sommes d\u00e9termin\u00e9s \u00e0 adopter une approche r\u00e9ceptive et ouverte d\u2019esprit pour travailler en partenariat et \u00e9tablir des relations significatives avec les gens que nous servons.<\/p>\n<p><strong>Int\u00e9grit\u00e9\u00a0:<\/strong>\u00a0Nous sommes responsables, honn\u00eates, \u00e9thiques et dignes de confiance.<\/p>\n<p><strong>Engagement\u00a0:<\/strong>\u00a0Nous ferons participer les parties int\u00e9ress\u00e9es et touch\u00e9es \u00e0 la planification et \u00e0 la prise de d\u00e9cisions cibl\u00e9es en mati\u00e8re de sant\u00e9 et de services sociaux communautaires. Nous utiliserons une grande vari\u00e9t\u00e9 d\u2019interactions planifi\u00e9es et actives et nous nous efforcerons de nous engager dans un continuum de mobilisation*.<\/p>\n<\/div><\/div><footer class=\"entry-footer\"><\/footer><\/article><div class=\"iconlist-timeline\"><\/div><\/li>\n<\/ul><\/div><\/div>\n","protected":false},"excerpt":{"rendered":"","protected":false},"author":92,"featured_media":822,"parent":400,"menu_order":0,"comment_status":"closed","ping_status":"closed","template":"","meta":{"_bbp_topic_count":0,"_bbp_reply_count":0,"_bbp_total_topic_count":0,"_bbp_total_reply_count":0,"_bbp_voice_count":0,"_bbp_anonymous_reply_count":0,"_bbp_topic_count_hidden":0,"_bbp_reply_count_hidden":0,"_bbp_forum_subforum_count":0,"footnotes":""},"class_list":["post-381","page","type-page","status-publish","has-post-thumbnail","hentry"],"yoast_head":"<!-- This site is optimized with the Yoast SEO plugin v27.3 - https:\/\/yoast.com\/product\/yoast-seo-wordpress\/ -->\n<title>Mission, vision et valeurs - Niagara Ontario Health Team - \u00c9quipe Sant\u00e9 Ontario Niagara<\/title>\n<meta name=\"robots\" content=\"index, follow, max-snippet:-1, max-image-preview:large, max-video-preview:-1\" \/>\n<link rel=\"canonical\" href=\"https:\/\/noht-eson.ca\/fr\/a-propos\/mission-vision-et-valeurs\/\" \/>\n<meta property=\"og:locale\" content=\"fr_FR\" \/>\n<meta property=\"og:type\" content=\"article\" \/>\n<meta property=\"og:title\" content=\"Mission, vision et valeurs - Niagara Ontario Health Team - \u00c9quipe Sant\u00e9 Ontario Niagara\" \/>\n<meta property=\"og:url\" content=\"https:\/\/noht-eson.ca\/fr\/a-propos\/mission-vision-et-valeurs\/\" \/>\n<meta property=\"og:site_name\" content=\"Niagara Ontario Health Team - \u00c9quipe Sant\u00e9 Ontario Niagara\" \/>\n<meta property=\"article:publisher\" content=\"https:\/\/facebook.com\/NiagaraOHT\/\" \/>\n<meta property=\"article:modified_time\" content=\"2023-04-13T19:22:39+00:00\" \/>\n<meta property=\"og:image\" content=\"https:\/\/noht-eson.ca\/wp-content\/uploads\/Depositphotos_42939439_XL-e1651093039674.jpg\" \/>\n\t<meta property=\"og:image:width\" content=\"1396\" \/>\n\t<meta property=\"og:image:height\" content=\"674\" \/>\n\t<meta property=\"og:image:type\" content=\"image\/jpeg\" \/>\n<meta name=\"twitter:card\" content=\"summary_large_image\" \/>\n<meta name=\"twitter:site\" content=\"@niagaraoht\" \/>\n<meta name=\"twitter:label1\" content=\"Dur\u00e9e de lecture estim\u00e9e\" \/>\n\t<meta name=\"twitter:data1\" content=\"6 minutes\" \/>\n<script type=\"application\/ld+json\" class=\"yoast-schema-graph\">{\"@context\":\"https:\\\/\\\/schema.org\",\"@graph\":[{\"@type\":\"WebPage\",\"@id\":\"https:\\\/\\\/noht-eson.ca\\\/fr\\\/a-propos\\\/mission-vision-et-valeurs\\\/\",\"url\":\"https:\\\/\\\/noht-eson.ca\\\/fr\\\/a-propos\\\/mission-vision-et-valeurs\\\/\",\"name\":\"Mission, vision et valeurs - Niagara Ontario Health Team - \u00c9quipe Sant\u00e9 Ontario Niagara\",\"isPartOf\":{\"@id\":\"https:\\\/\\\/noht-eson.ca\\\/#website\"},\"primaryImageOfPage\":{\"@id\":\"https:\\\/\\\/noht-eson.ca\\\/fr\\\/a-propos\\\/mission-vision-et-valeurs\\\/#primaryimage\"},\"image\":{\"@id\":\"https:\\\/\\\/noht-eson.ca\\\/fr\\\/a-propos\\\/mission-vision-et-valeurs\\\/#primaryimage\"},\"thumbnailUrl\":\"https:\\\/\\\/noht-eson.ca\\\/wp-content\\\/uploads\\\/Depositphotos_42939439_XL-e1651093039674.jpg\",\"datePublished\":\"2021-11-18T20:19:25+00:00\",\"dateModified\":\"2023-04-13T19:22:39+00:00\",\"breadcrumb\":{\"@id\":\"https:\\\/\\\/noht-eson.ca\\\/fr\\\/a-propos\\\/mission-vision-et-valeurs\\\/#breadcrumb\"},\"inLanguage\":\"fr-FR\",\"potentialAction\":[{\"@type\":\"ReadAction\",\"target\":[\"https:\\\/\\\/noht-eson.ca\\\/fr\\\/a-propos\\\/mission-vision-et-valeurs\\\/\"]}]},{\"@type\":\"ImageObject\",\"inLanguage\":\"fr-FR\",\"@id\":\"https:\\\/\\\/noht-eson.ca\\\/fr\\\/a-propos\\\/mission-vision-et-valeurs\\\/#primaryimage\",\"url\":\"https:\\\/\\\/noht-eson.ca\\\/wp-content\\\/uploads\\\/Depositphotos_42939439_XL-e1651093039674.jpg\",\"contentUrl\":\"https:\\\/\\\/noht-eson.ca\\\/wp-content\\\/uploads\\\/Depositphotos_42939439_XL-e1651093039674.jpg\",\"width\":1396,\"height\":674},{\"@type\":\"BreadcrumbList\",\"@id\":\"https:\\\/\\\/noht-eson.ca\\\/fr\\\/a-propos\\\/mission-vision-et-valeurs\\\/#breadcrumb\",\"itemListElement\":[{\"@type\":\"ListItem\",\"position\":1,\"name\":\"Home\",\"item\":\"https:\\\/\\\/noht-eson.ca\\\/fr\\\/\"},{\"@type\":\"ListItem\",\"position\":2,\"name\":\"\u00c0 Propos\",\"item\":\"https:\\\/\\\/noht-eson.ca\\\/fr\\\/a-propos\\\/\"},{\"@type\":\"ListItem\",\"position\":3,\"name\":\"Mission, vision et valeurs\"}]},{\"@type\":\"WebSite\",\"@id\":\"https:\\\/\\\/noht-eson.ca\\\/#website\",\"url\":\"https:\\\/\\\/noht-eson.ca\\\/\",\"name\":\"Niagara Ontario Health Team - \u00c9quipe Sant\u00e9 Ontario Niagara\",\"description\":\"Exceptional, connected care, now and for future generations\",\"publisher\":{\"@id\":\"https:\\\/\\\/noht-eson.ca\\\/#organization\"},\"potentialAction\":[{\"@type\":\"SearchAction\",\"target\":{\"@type\":\"EntryPoint\",\"urlTemplate\":\"https:\\\/\\\/noht-eson.ca\\\/?s={search_term_string}\"},\"query-input\":{\"@type\":\"PropertyValueSpecification\",\"valueRequired\":true,\"valueName\":\"search_term_string\"}}],\"inLanguage\":\"fr-FR\"},{\"@type\":\"Organization\",\"@id\":\"https:\\\/\\\/noht-eson.ca\\\/#organization\",\"name\":\"Niagara Ontario Health Team - \u00c9quipe Sant\u00e9 Ontario Niagara\",\"url\":\"https:\\\/\\\/noht-eson.ca\\\/\",\"logo\":{\"@type\":\"ImageObject\",\"inLanguage\":\"fr-FR\",\"@id\":\"https:\\\/\\\/noht-eson.ca\\\/#\\\/schema\\\/logo\\\/image\\\/\",\"url\":\"https:\\\/\\\/noht-eson.ca\\\/wp-content\\\/uploads\\\/NOHT_ESON_Logo_FINAL-1.jpg\",\"contentUrl\":\"https:\\\/\\\/noht-eson.ca\\\/wp-content\\\/uploads\\\/NOHT_ESON_Logo_FINAL-1.jpg\",\"width\":1500,\"height\":500,\"caption\":\"Niagara Ontario Health Team - \u00c9quipe Sant\u00e9 Ontario Niagara\"},\"image\":{\"@id\":\"https:\\\/\\\/noht-eson.ca\\\/#\\\/schema\\\/logo\\\/image\\\/\"},\"sameAs\":[\"https:\\\/\\\/facebook.com\\\/NiagaraOHT\\\/\",\"https:\\\/\\\/x.com\\\/niagaraoht\"]}]}<\/script>\n<!-- \/ Yoast SEO plugin. -->","yoast_head_json":{"title":"Mission, vision et valeurs - Niagara Ontario Health Team - \u00c9quipe Sant\u00e9 Ontario Niagara","robots":{"index":"index","follow":"follow","max-snippet":"max-snippet:-1","max-image-preview":"max-image-preview:large","max-video-preview":"max-video-preview:-1"},"canonical":"https:\/\/noht-eson.ca\/fr\/a-propos\/mission-vision-et-valeurs\/","og_locale":"fr_FR","og_type":"article","og_title":"Mission, vision et valeurs - Niagara Ontario Health Team - \u00c9quipe Sant\u00e9 Ontario Niagara","og_url":"https:\/\/noht-eson.ca\/fr\/a-propos\/mission-vision-et-valeurs\/","og_site_name":"Niagara Ontario Health Team - \u00c9quipe Sant\u00e9 Ontario Niagara","article_publisher":"https:\/\/facebook.com\/NiagaraOHT\/","article_modified_time":"2023-04-13T19:22:39+00:00","og_image":[{"width":1396,"height":674,"url":"https:\/\/noht-eson.ca\/wp-content\/uploads\/Depositphotos_42939439_XL-e1651093039674.jpg","type":"image\/jpeg"}],"twitter_card":"summary_large_image","twitter_site":"@niagaraoht","twitter_misc":{"Dur\u00e9e de lecture estim\u00e9e":"6 minutes"},"schema":{"@context":"https:\/\/schema.org","@graph":[{"@type":"WebPage","@id":"https:\/\/noht-eson.ca\/fr\/a-propos\/mission-vision-et-valeurs\/","url":"https:\/\/noht-eson.ca\/fr\/a-propos\/mission-vision-et-valeurs\/","name":"Mission, vision et valeurs - Niagara Ontario Health Team - \u00c9quipe Sant\u00e9 Ontario Niagara","isPartOf":{"@id":"https:\/\/noht-eson.ca\/#website"},"primaryImageOfPage":{"@id":"https:\/\/noht-eson.ca\/fr\/a-propos\/mission-vision-et-valeurs\/#primaryimage"},"image":{"@id":"https:\/\/noht-eson.ca\/fr\/a-propos\/mission-vision-et-valeurs\/#primaryimage"},"thumbnailUrl":"https:\/\/noht-eson.ca\/wp-content\/uploads\/Depositphotos_42939439_XL-e1651093039674.jpg","datePublished":"2021-11-18T20:19:25+00:00","dateModified":"2023-04-13T19:22:39+00:00","breadcrumb":{"@id":"https:\/\/noht-eson.ca\/fr\/a-propos\/mission-vision-et-valeurs\/#breadcrumb"},"inLanguage":"fr-FR","potentialAction":[{"@type":"ReadAction","target":["https:\/\/noht-eson.ca\/fr\/a-propos\/mission-vision-et-valeurs\/"]}]},{"@type":"ImageObject","inLanguage":"fr-FR","@id":"https:\/\/noht-eson.ca\/fr\/a-propos\/mission-vision-et-valeurs\/#primaryimage","url":"https:\/\/noht-eson.ca\/wp-content\/uploads\/Depositphotos_42939439_XL-e1651093039674.jpg","contentUrl":"https:\/\/noht-eson.ca\/wp-content\/uploads\/Depositphotos_42939439_XL-e1651093039674.jpg","width":1396,"height":674},{"@type":"BreadcrumbList","@id":"https:\/\/noht-eson.ca\/fr\/a-propos\/mission-vision-et-valeurs\/#breadcrumb","itemListElement":[{"@type":"ListItem","position":1,"name":"Home","item":"https:\/\/noht-eson.ca\/fr\/"},{"@type":"ListItem","position":2,"name":"\u00c0 Propos","item":"https:\/\/noht-eson.ca\/fr\/a-propos\/"},{"@type":"ListItem","position":3,"name":"Mission, vision et valeurs"}]},{"@type":"WebSite","@id":"https:\/\/noht-eson.ca\/#website","url":"https:\/\/noht-eson.ca\/","name":"Niagara Ontario Health Team - \u00c9quipe Sant\u00e9 Ontario Niagara","description":"Exceptional, connected care, now and for future generations","publisher":{"@id":"https:\/\/noht-eson.ca\/#organization"},"potentialAction":[{"@type":"SearchAction","target":{"@type":"EntryPoint","urlTemplate":"https:\/\/noht-eson.ca\/?s={search_term_string}"},"query-input":{"@type":"PropertyValueSpecification","valueRequired":true,"valueName":"search_term_string"}}],"inLanguage":"fr-FR"},{"@type":"Organization","@id":"https:\/\/noht-eson.ca\/#organization","name":"Niagara Ontario Health Team - \u00c9quipe Sant\u00e9 Ontario Niagara","url":"https:\/\/noht-eson.ca\/","logo":{"@type":"ImageObject","inLanguage":"fr-FR","@id":"https:\/\/noht-eson.ca\/#\/schema\/logo\/image\/","url":"https:\/\/noht-eson.ca\/wp-content\/uploads\/NOHT_ESON_Logo_FINAL-1.jpg","contentUrl":"https:\/\/noht-eson.ca\/wp-content\/uploads\/NOHT_ESON_Logo_FINAL-1.jpg","width":1500,"height":500,"caption":"Niagara Ontario Health Team - \u00c9quipe Sant\u00e9 Ontario Niagara"},"image":{"@id":"https:\/\/noht-eson.ca\/#\/schema\/logo\/image\/"},"sameAs":["https:\/\/facebook.com\/NiagaraOHT\/","https:\/\/x.com\/niagaraoht"]}]}},"_links":{"self":[{"href":"https:\/\/noht-eson.ca\/fr\/wp-json\/wp\/v2\/pages\/381","targetHints":{"allow":["GET"]}}],"collection":[{"href":"https:\/\/noht-eson.ca\/fr\/wp-json\/wp\/v2\/pages"}],"about":[{"href":"https:\/\/noht-eson.ca\/fr\/wp-json\/wp\/v2\/types\/page"}],"author":[{"embeddable":true,"href":"https:\/\/noht-eson.ca\/fr\/wp-json\/wp\/v2\/users\/92"}],"replies":[{"embeddable":true,"href":"https:\/\/noht-eson.ca\/fr\/wp-json\/wp\/v2\/comments?post=381"}],"version-history":[{"count":1,"href":"https:\/\/noht-eson.ca\/fr\/wp-json\/wp\/v2\/pages\/381\/revisions"}],"predecessor-version":[{"id":9259,"href":"https:\/\/noht-eson.ca\/fr\/wp-json\/wp\/v2\/pages\/381\/revisions\/9259"}],"up":[{"embeddable":true,"href":"https:\/\/noht-eson.ca\/fr\/wp-json\/wp\/v2\/pages\/400"}],"wp:featuredmedia":[{"embeddable":true,"href":"https:\/\/noht-eson.ca\/fr\/wp-json\/wp\/v2\/media\/822"}],"wp:attachment":[{"href":"https:\/\/noht-eson.ca\/fr\/wp-json\/wp\/v2\/media?parent=381"}],"curies":[{"name":"wp","href":"https:\/\/api.w.org\/{rel}","templated":true}]}}