{"id":3509,"date":"2022-02-16T21:47:28","date_gmt":"2022-02-16T21:47:28","guid":{"rendered":"http:\/\/noht-eson.ca\/participez\/community-engagement\/"},"modified":"2022-07-20T17:01:59","modified_gmt":"2022-07-20T17:01:59","slug":"engagement-communautaire","status":"publish","type":"page","link":"https:\/\/noht-eson.ca\/fr\/participez\/engagement-communautaire\/","title":{"rendered":"Engagement communautaire"},"content":{"rendered":"<section  class='av_textblock_section av-l2i3gqp8-10043e8326889f2d131dbdfa9a53149f '   itemscope=\"itemscope\" itemtype=\"https:\/\/schema.org\/CreativeWork\" ><div class='avia_textblock'  itemprop=\"text\" ><div><div class=\"frm_forms  with_frm_style frm_style_formidable-style\" id=\"frm_form_3_container\" data-token=\"f3ee3a4ed9ca494a55cf8269a45500cf\">\n<form enctype=\"multipart\/form-data\" method=\"post\" class=\"frm-show-form  frm_ajax_submit  frm_pro_form \" id=\"form_communityengagementcontactform\" data-token=\"f3ee3a4ed9ca494a55cf8269a45500cf\">\n<div class=\"frm_form_fields \">\n<fieldset>\n<legend class=\"frm_screen_reader\">Formulaire de contact pour l'engagement communautaire\t<\/legend>\r\n\r\n<div class=\"frm_fields_container\">\n<input type=\"hidden\" name=\"frm_action\" value=\"create\" \/>\n<input type=\"hidden\" name=\"form_id\" value=\"3\" \/>\n<input type=\"hidden\" name=\"frm_hide_fields_3\" id=\"frm_hide_fields_3\" value=\"\" \/>\n<input type=\"hidden\" name=\"form_key\" value=\"communityengagementcontactform\" \/>\n<input type=\"hidden\" name=\"item_meta[0]\" value=\"\" \/>\n<input type=\"hidden\" id=\"frm_submit_entry_3\" name=\"frm_submit_entry_3\" value=\"bc2aa67fdd\" \/><input type=\"hidden\" name=\"_wp_http_referer\" value=\"\/fr\/wp-json\/wp\/v2\/pages\/3509\" \/><div id=\"frm_field_24_container\" class=\"frm_form_field form-field  frm_required_field frm_top_container frm6 frm_half frm_first\">\r\n    <label for=\"field_lqqrd\" id=\"field_lqqrd_label\" class=\"frm_primary_label\">Pr\u00e9nom<span class=\"frm_required\" aria-hidden=\"true\">*<\/span><\/label>\r\n    <input  type=\"text\" id=\"field_lqqrd\" name=\"item_meta[24]\" value=\"\"  data-reqmsg=\"Ce champ ne peut pas \u00eatre vide.\" aria-required=\"true\" data-invmsg=\"Le texte est invalide.\" aria-invalid=\"false\"   \/>\r\n    \r\n    \r\n<\/div>\n<div id=\"frm_field_25_container\" class=\"frm_form_field form-field  frm_required_field frm_top_container frm6\">\r\n    <label for=\"field_7ywr7\" id=\"field_7ywr7_label\" class=\"frm_primary_label\">Nom de famille\t<span class=\"frm_required\" aria-hidden=\"true\">*<\/span><\/label>\r\n    <input  type=\"text\" id=\"field_7ywr7\" name=\"item_meta[25]\" value=\"\"  data-reqmsg=\"Nom de famille\t cannot be blank.\" aria-required=\"true\" data-invmsg=\"Le texte est invalide.\" aria-invalid=\"false\"   \/>\r\n    \r\n    \r\n<\/div>\n<div id=\"frm_field_18_container\" class=\"frm_form_field form-field  frm_required_field frm_top_container\">\r\n    <label for=\"field_r4uk8\" id=\"field_r4uk8_label\" class=\"frm_primary_label\">Courriel <span class=\"frm_required\" aria-hidden=\"true\">*<\/span><\/label>\r\n    <input type=\"email\" id=\"field_r4uk8\" name=\"item_meta[18]\" value=\"\"  data-reqmsg=\"Courriel  cannot be blank.\" aria-required=\"true\" data-invmsg=\"L&#039;email n&#039;est pas valide\t\" aria-invalid=\"false\"  \/>\r\n    \r\n    \r\n<\/div>\n<div id=\"frm_field_19_container\" class=\"frm_form_field form-field  frm_required_field frm_top_container frm12 frm_two_col frm_display_format_buttons frm_text_align_center\">\r\n    <label for=\"field_g78io\" id=\"field_g78io_label\" class=\"frm_primary_label\">Affiliation\t<span class=\"frm_required\" aria-hidden=\"true\">*<\/span><\/label>\r\n    <div class=\"frm_opt_container\" aria-labelledby=\"field_g78io_label\" role=\"radiogroup\" aria-required=\"true\">\t\t<div class=\"frm_radio\" id=\"frm_radio_19-2\">\t\t\t<label  for=\"field_g78io-2\">\n\t\t\t\t\t<input type=\"radio\" name=\"item_meta[19]\" id=\"field_g78io-2\" value=\"Private Citizen\"\n\t\t data-frmval=\"Private Citizen\" data-reqmsg=\"Ce champ ne peut pas \u00eatre vide.\" data-invmsg=\"Affiliation\t is invalid\"  checked=\"checked\" \/> <div class=\"frm_label_button_container\">Citoyen priv\u00e9\t<\/div><\/label><\/div>\n\t\t<div class=\"frm_radio\" id=\"frm_radio_19-1\">\t\t\t<label  for=\"field_g78io-1\">\n\t\t\t\t\t<input type=\"radio\" name=\"item_meta[19]\" id=\"field_g78io-1\" value=\"Organization\"\n\t\t data-frmval=\"Private Citizen\" data-reqmsg=\"Ce champ ne peut pas \u00eatre vide.\" data-invmsg=\"Affiliation\t is invalid\"   \/> <div class=\"frm_label_button_container\">Organisation<\/div><\/label><\/div>\n<\/div>\r\n    \r\n    \r\n<\/div>\n<div id=\"frm_field_20_container\" class=\"frm_form_field form-field  frm_top_container\">\r\n    <label for=\"field_gl6cq\" id=\"field_gl6cq_label\" class=\"frm_primary_label\">Nom de l'organisation\t<span class=\"frm_required\" aria-hidden=\"true\"><\/span><\/label>\r\n    <input  type=\"text\" id=\"field_gl6cq\" name=\"item_meta[20]\" value=\"\"  data-invmsg=\"Le texte est invalide.\" aria-invalid=\"false\"   \/>\r\n    \r\n    \r\n<\/div>\n<div id=\"frm_field_21_container\" class=\"frm_form_field form-field  frm_top_container vertical_radio\">\r\n    <label for=\"field_9lsdc\" id=\"field_9lsdc_label\" class=\"frm_primary_label\">J'aimerais rester en contact avec le travail de la NOHT-\u00c9SON :\t<span class=\"frm_required\" aria-hidden=\"true\"><\/span><\/label>\r\n    <div class=\"frm_opt_container\" aria-labelledby=\"field_9lsdc_label\" role=\"group\">\t\t<div class=\"frm_checkbox\" id=\"frm_checkbox_21-0\">\t\t\t<label  for=\"field_9lsdc-0\">\n\t\t\t<input type=\"checkbox\" name=\"item_meta[21][]\" id=\"field_9lsdc-0\" value=\"Informed\"  data-invmsg=\"J&#039;aimerais rester en contact avec le travail de la NOHT-\u00c9SON :\t is invalid\"   \/> Rester inform\u00e9 gr\u00e2ce aux bulletins d'information, aux mises \u00e0 jour par courrier \u00e9lectronique, aux invitations \u00e0 des \u00e9v\u00e9nements, etc.\t<\/label><\/div>\n\t\t<div class=\"frm_checkbox\" id=\"frm_checkbox_21-1\">\t\t\t<label  for=\"field_9lsdc-1\">\n\t\t\t<input type=\"checkbox\" name=\"item_meta[21][]\" id=\"field_9lsdc-1\" value=\"Consult\"  data-invmsg=\"J&#039;aimerais rester en contact avec le travail de la NOHT-\u00c9SON :\t is invalid\"   \/> \u00catre consult\u00e9 par le biais de groupes de discussion et d'enqu\u00eates.\t<\/label><\/div>\n\t\t<div class=\"frm_checkbox\" id=\"frm_checkbox_21-2\">\t\t\t<label  for=\"field_9lsdc-2\">\n\t\t\t<input type=\"checkbox\" name=\"item_meta[21][]\" id=\"field_9lsdc-2\" value=\"Involve\"  data-invmsg=\"J&#039;aimerais rester en contact avec le travail de la NOHT-\u00c9SON :\t is invalid\"   \/> Participer au processus de prise de d\u00e9cision en apportant mon expertise de diverses mani\u00e8res, notamment en soutenant le r\u00e9seau des personnes ayant une exp\u00e9rience v\u00e9cue, en analysant la collecte de donn\u00e9es.<\/label><\/div>\n\t\t<div class=\"frm_checkbox\" id=\"frm_checkbox_21-3\">\t\t\t<label  for=\"field_9lsdc-3\">\n\t\t\t<input type=\"checkbox\" name=\"item_meta[21][]\" id=\"field_9lsdc-3\" value=\"Collaborate\"  data-invmsg=\"J&#039;aimerais rester en contact avec le travail de la NOHT-\u00c9SON :\t is invalid\"   \/> \u00catre votre partenaire et collaborateur dans vos processus d\u00e9cisionnels en participant aux comit\u00e9s consultatifs et autres groupes participatifs.\t<\/label><\/div>\n<\/div>\r\n    <div class=\"frm_description\" id=\"frm_desc_field_9lsdc\">S\u00e9lectionnez toutes les r\u00e9ponses qui s'appliquent.\t<\/div>\r\n    \r\n<\/div>\n<div id=\"frm_field_22_container\" class=\"frm_form_field form-field  frm_top_container\">\r\n    <label for=\"field_2x9h1\" id=\"field_2x9h1_label\" class=\"frm_primary_label\">O\u00f9 habitez-vous ?\t<span class=\"frm_required\" aria-hidden=\"true\"><\/span><\/label>\r\n    \t\t<select name=\"item_meta[22]\" id=\"field_2x9h1\"  data-placeholder=\"S\u00e9lectionnez une ville\"  placeholder=\"S\u00e9lectionnez une ville\" data-invmsg=\"O\u00f9 habitez-vous ?\t is invalid\" class=\"frm_slimselect\" aria-invalid=\"false\"  >\n\t\t<option  class=\"frm-select-placeholder\" value=\"\" data-placeholder=\"true\">S\u00e9lectionnez une ville<\/option><option  value=\"Fort Erie\">Fort Erie\t<\/option><option  value=\"Lincoln\">Lincoln<\/option><option  value=\"Niagara Falls\">Niagara Falls\t<\/option><option  value=\"Niagara on the Lake\">Niagara on the Lake\t<\/option><option  value=\"Pelham\">Pelham<\/option><option  value=\"Port Colborne\">Port Colborne\t<\/option><option  value=\"St. Catharines\">St. Catharines\t<\/option><option  value=\"Thorold\">Thorold<\/option><option  value=\"Wainfleet\">Wainfleet<\/option><option  value=\"Welland\">Welland<\/option>\t<\/select>\n\t\r\n    \r\n    \r\n<\/div>\n<div id=\"frm_field_23_container\" class=\"frm_form_field form-field  frm_top_container\">\r\n    <label for=\"field_kkr72\" id=\"field_kkr72_label\" class=\"frm_primary_label\">Dites-nous quelles questions sp\u00e9cifiques vous int\u00e9ressent\/affectent:<span class=\"frm_required\" aria-hidden=\"true\"><\/span><\/label>\r\n    <textarea name=\"item_meta[23]\" id=\"field_kkr72\" rows=\"5\"  data-invmsg=\"Dites-nous quelles questions sp\u00e9cifiques vous int\u00e9ressent\/affectent: is invalid\" aria-invalid=\"false\"  ><\/textarea>\r\n    \r\n    \r\n<\/div>\n<div id=\"frm_field_160_container\" class=\"frm_form_field form-field  frm_none_container\">\n\t<label for=\"g-recaptcha-response\" id=\"field_bsc4p_label\" class=\"frm_primary_label\">Captcha\n\t\t<span class=\"frm_required\" aria-hidden=\"true\"><\/span>\n\t<\/label>\n\t<div  id=\"field_bsc4p\" class=\"g-recaptcha\" data-sitekey=\"6Lf1-ZUrAAAAABv_Hj9K_WJBt1GaO0CQ7UZZWpa_\" data-size=\"invisible\" data-theme=\"light\" data-callback=\"frmAfterRecaptcha\"><\/div>\n\t\n\t\n<\/div>\n<div id=\"frm_field_152_container\" class=\"frm_form_field form-field \">\n\t<div class=\"frm_submit\">\r\n\r\n<button class=\"frm_button_submit frm_final_submit\" type=\"submit\"   formnovalidate=\"formnovalidate\">Submit<\/button>\r\n\r\n<\/div>\n<\/div>\n\t<input type=\"hidden\" name=\"item_key\" value=\"\" \/>\n\t<input name=\"frm_state\" type=\"hidden\" value=\"QgszIICJDt4mpjcp2HkDb1H0oeFnTIhVyr\/yCNGopjk=\" \/><\/div>\n<\/fieldset>\n<\/div>\n\n<\/form>\n<\/div>\n<\/div>\n<\/div><\/section>\n","protected":false},"excerpt":{"rendered":"","protected":false},"author":92,"featured_media":2574,"parent":431,"menu_order":0,"comment_status":"closed","ping_status":"closed","template":"","meta":{"_bbp_topic_count":0,"_bbp_reply_count":0,"_bbp_total_topic_count":0,"_bbp_total_reply_count":0,"_bbp_voice_count":0,"_bbp_anonymous_reply_count":0,"_bbp_topic_count_hidden":0,"_bbp_reply_count_hidden":0,"_bbp_forum_subforum_count":0,"footnotes":""},"class_list":["post-3509","page","type-page","status-publish","has-post-thumbnail","hentry"],"yoast_head":"<!-- This site is optimized with the Yoast SEO plugin v27.4 - https:\/\/yoast.com\/product\/yoast-seo-wordpress\/ -->\n<title>Engagement communautaire - Niagara Ontario Health Team - \u00c9quipe Sant\u00e9 Ontario Niagara<\/title>\n<meta name=\"robots\" content=\"index, follow, max-snippet:-1, max-image-preview:large, max-video-preview:-1\" \/>\n<link rel=\"canonical\" href=\"https:\/\/noht-eson.ca\/fr\/participez\/engagement-communautaire\/\" \/>\n<meta property=\"og:locale\" content=\"fr_FR\" \/>\n<meta property=\"og:type\" content=\"article\" \/>\n<meta property=\"og:title\" content=\"Engagement communautaire - Niagara Ontario Health Team - \u00c9quipe Sant\u00e9 Ontario Niagara\" \/>\n<meta property=\"og:url\" content=\"https:\/\/noht-eson.ca\/fr\/participez\/engagement-communautaire\/\" \/>\n<meta property=\"og:site_name\" content=\"Niagara Ontario Health Team - \u00c9quipe Sant\u00e9 Ontario Niagara\" \/>\n<meta property=\"article:publisher\" content=\"https:\/\/facebook.com\/NiagaraOHT\/\" \/>\n<meta property=\"article:modified_time\" content=\"2022-07-20T17:01:59+00:00\" \/>\n<meta property=\"og:image\" content=\"https:\/\/noht-eson.ca\/wp-content\/uploads\/team-g494aaebe5_640.jpg\" \/>\n\t<meta property=\"og:image:width\" content=\"640\" \/>\n\t<meta property=\"og:image:height\" content=\"426\" \/>\n\t<meta property=\"og:image:type\" content=\"image\/jpeg\" \/>\n<meta name=\"twitter:card\" content=\"summary_large_image\" \/>\n<meta name=\"twitter:site\" content=\"@niagaraoht\" \/>\n<script type=\"application\/ld+json\" class=\"yoast-schema-graph\">{\"@context\":\"https:\\\/\\\/schema.org\",\"@graph\":[{\"@type\":\"WebPage\",\"@id\":\"https:\\\/\\\/noht-eson.ca\\\/fr\\\/participez\\\/engagement-communautaire\\\/\",\"url\":\"https:\\\/\\\/noht-eson.ca\\\/fr\\\/participez\\\/engagement-communautaire\\\/\",\"name\":\"Engagement communautaire - Niagara Ontario Health Team - \u00c9quipe Sant\u00e9 Ontario Niagara\",\"isPartOf\":{\"@id\":\"https:\\\/\\\/noht-eson.ca\\\/#website\"},\"primaryImageOfPage\":{\"@id\":\"https:\\\/\\\/noht-eson.ca\\\/fr\\\/participez\\\/engagement-communautaire\\\/#primaryimage\"},\"image\":{\"@id\":\"https:\\\/\\\/noht-eson.ca\\\/fr\\\/participez\\\/engagement-communautaire\\\/#primaryimage\"},\"thumbnailUrl\":\"https:\\\/\\\/noht-eson.ca\\\/wp-content\\\/uploads\\\/team-g494aaebe5_640.jpg\",\"datePublished\":\"2022-02-16T21:47:28+00:00\",\"dateModified\":\"2022-07-20T17:01:59+00:00\",\"breadcrumb\":{\"@id\":\"https:\\\/\\\/noht-eson.ca\\\/fr\\\/participez\\\/engagement-communautaire\\\/#breadcrumb\"},\"inLanguage\":\"fr-FR\",\"potentialAction\":[{\"@type\":\"ReadAction\",\"target\":[\"https:\\\/\\\/noht-eson.ca\\\/fr\\\/participez\\\/engagement-communautaire\\\/\"]}]},{\"@type\":\"ImageObject\",\"inLanguage\":\"fr-FR\",\"@id\":\"https:\\\/\\\/noht-eson.ca\\\/fr\\\/participez\\\/engagement-communautaire\\\/#primaryimage\",\"url\":\"https:\\\/\\\/noht-eson.ca\\\/wp-content\\\/uploads\\\/team-g494aaebe5_640.jpg\",\"contentUrl\":\"https:\\\/\\\/noht-eson.ca\\\/wp-content\\\/uploads\\\/team-g494aaebe5_640.jpg\",\"width\":640,\"height\":426},{\"@type\":\"BreadcrumbList\",\"@id\":\"https:\\\/\\\/noht-eson.ca\\\/fr\\\/participez\\\/engagement-communautaire\\\/#breadcrumb\",\"itemListElement\":[{\"@type\":\"ListItem\",\"position\":1,\"name\":\"Home\",\"item\":\"https:\\\/\\\/noht-eson.ca\\\/fr\\\/\"},{\"@type\":\"ListItem\",\"position\":2,\"name\":\"Participez\",\"item\":\"https:\\\/\\\/noht-eson.ca\\\/fr\\\/participez\\\/\"},{\"@type\":\"ListItem\",\"position\":3,\"name\":\"Engagement communautaire\"}]},{\"@type\":\"WebSite\",\"@id\":\"https:\\\/\\\/noht-eson.ca\\\/#website\",\"url\":\"https:\\\/\\\/noht-eson.ca\\\/\",\"name\":\"Niagara Ontario Health Team - \u00c9quipe Sant\u00e9 Ontario Niagara\",\"description\":\"Exceptional, connected care, now and for future generations\",\"publisher\":{\"@id\":\"https:\\\/\\\/noht-eson.ca\\\/#organization\"},\"potentialAction\":[{\"@type\":\"SearchAction\",\"target\":{\"@type\":\"EntryPoint\",\"urlTemplate\":\"https:\\\/\\\/noht-eson.ca\\\/?s={search_term_string}\"},\"query-input\":{\"@type\":\"PropertyValueSpecification\",\"valueRequired\":true,\"valueName\":\"search_term_string\"}}],\"inLanguage\":\"fr-FR\"},{\"@type\":\"Organization\",\"@id\":\"https:\\\/\\\/noht-eson.ca\\\/#organization\",\"name\":\"Niagara Ontario Health Team - \u00c9quipe Sant\u00e9 Ontario Niagara\",\"url\":\"https:\\\/\\\/noht-eson.ca\\\/\",\"logo\":{\"@type\":\"ImageObject\",\"inLanguage\":\"fr-FR\",\"@id\":\"https:\\\/\\\/noht-eson.ca\\\/#\\\/schema\\\/logo\\\/image\\\/\",\"url\":\"https:\\\/\\\/noht-eson.ca\\\/wp-content\\\/uploads\\\/NOHT_ESON_Logo_FINAL-1.jpg\",\"contentUrl\":\"https:\\\/\\\/noht-eson.ca\\\/wp-content\\\/uploads\\\/NOHT_ESON_Logo_FINAL-1.jpg\",\"width\":1500,\"height\":500,\"caption\":\"Niagara Ontario Health Team - \u00c9quipe Sant\u00e9 Ontario Niagara\"},\"image\":{\"@id\":\"https:\\\/\\\/noht-eson.ca\\\/#\\\/schema\\\/logo\\\/image\\\/\"},\"sameAs\":[\"https:\\\/\\\/facebook.com\\\/NiagaraOHT\\\/\",\"https:\\\/\\\/x.com\\\/niagaraoht\"]}]}<\/script>\n<!-- \/ Yoast SEO plugin. -->","yoast_head_json":{"title":"Engagement communautaire - Niagara Ontario Health Team - \u00c9quipe Sant\u00e9 Ontario Niagara","robots":{"index":"index","follow":"follow","max-snippet":"max-snippet:-1","max-image-preview":"max-image-preview:large","max-video-preview":"max-video-preview:-1"},"canonical":"https:\/\/noht-eson.ca\/fr\/participez\/engagement-communautaire\/","og_locale":"fr_FR","og_type":"article","og_title":"Engagement communautaire - Niagara Ontario Health Team - \u00c9quipe Sant\u00e9 Ontario Niagara","og_url":"https:\/\/noht-eson.ca\/fr\/participez\/engagement-communautaire\/","og_site_name":"Niagara Ontario Health Team - \u00c9quipe Sant\u00e9 Ontario Niagara","article_publisher":"https:\/\/facebook.com\/NiagaraOHT\/","article_modified_time":"2022-07-20T17:01:59+00:00","og_image":[{"width":640,"height":426,"url":"https:\/\/noht-eson.ca\/wp-content\/uploads\/team-g494aaebe5_640.jpg","type":"image\/jpeg"}],"twitter_card":"summary_large_image","twitter_site":"@niagaraoht","schema":{"@context":"https:\/\/schema.org","@graph":[{"@type":"WebPage","@id":"https:\/\/noht-eson.ca\/fr\/participez\/engagement-communautaire\/","url":"https:\/\/noht-eson.ca\/fr\/participez\/engagement-communautaire\/","name":"Engagement communautaire - Niagara Ontario Health Team - \u00c9quipe Sant\u00e9 Ontario Niagara","isPartOf":{"@id":"https:\/\/noht-eson.ca\/#website"},"primaryImageOfPage":{"@id":"https:\/\/noht-eson.ca\/fr\/participez\/engagement-communautaire\/#primaryimage"},"image":{"@id":"https:\/\/noht-eson.ca\/fr\/participez\/engagement-communautaire\/#primaryimage"},"thumbnailUrl":"https:\/\/noht-eson.ca\/wp-content\/uploads\/team-g494aaebe5_640.jpg","datePublished":"2022-02-16T21:47:28+00:00","dateModified":"2022-07-20T17:01:59+00:00","breadcrumb":{"@id":"https:\/\/noht-eson.ca\/fr\/participez\/engagement-communautaire\/#breadcrumb"},"inLanguage":"fr-FR","potentialAction":[{"@type":"ReadAction","target":["https:\/\/noht-eson.ca\/fr\/participez\/engagement-communautaire\/"]}]},{"@type":"ImageObject","inLanguage":"fr-FR","@id":"https:\/\/noht-eson.ca\/fr\/participez\/engagement-communautaire\/#primaryimage","url":"https:\/\/noht-eson.ca\/wp-content\/uploads\/team-g494aaebe5_640.jpg","contentUrl":"https:\/\/noht-eson.ca\/wp-content\/uploads\/team-g494aaebe5_640.jpg","width":640,"height":426},{"@type":"BreadcrumbList","@id":"https:\/\/noht-eson.ca\/fr\/participez\/engagement-communautaire\/#breadcrumb","itemListElement":[{"@type":"ListItem","position":1,"name":"Home","item":"https:\/\/noht-eson.ca\/fr\/"},{"@type":"ListItem","position":2,"name":"Participez","item":"https:\/\/noht-eson.ca\/fr\/participez\/"},{"@type":"ListItem","position":3,"name":"Engagement communautaire"}]},{"@type":"WebSite","@id":"https:\/\/noht-eson.ca\/#website","url":"https:\/\/noht-eson.ca\/","name":"Niagara Ontario Health Team - \u00c9quipe Sant\u00e9 Ontario Niagara","description":"Exceptional, connected care, now and for future generations","publisher":{"@id":"https:\/\/noht-eson.ca\/#organization"},"potentialAction":[{"@type":"SearchAction","target":{"@type":"EntryPoint","urlTemplate":"https:\/\/noht-eson.ca\/?s={search_term_string}"},"query-input":{"@type":"PropertyValueSpecification","valueRequired":true,"valueName":"search_term_string"}}],"inLanguage":"fr-FR"},{"@type":"Organization","@id":"https:\/\/noht-eson.ca\/#organization","name":"Niagara Ontario Health Team - \u00c9quipe Sant\u00e9 Ontario Niagara","url":"https:\/\/noht-eson.ca\/","logo":{"@type":"ImageObject","inLanguage":"fr-FR","@id":"https:\/\/noht-eson.ca\/#\/schema\/logo\/image\/","url":"https:\/\/noht-eson.ca\/wp-content\/uploads\/NOHT_ESON_Logo_FINAL-1.jpg","contentUrl":"https:\/\/noht-eson.ca\/wp-content\/uploads\/NOHT_ESON_Logo_FINAL-1.jpg","width":1500,"height":500,"caption":"Niagara Ontario Health Team - \u00c9quipe Sant\u00e9 Ontario Niagara"},"image":{"@id":"https:\/\/noht-eson.ca\/#\/schema\/logo\/image\/"},"sameAs":["https:\/\/facebook.com\/NiagaraOHT\/","https:\/\/x.com\/niagaraoht"]}]}},"_links":{"self":[{"href":"https:\/\/noht-eson.ca\/fr\/wp-json\/wp\/v2\/pages\/3509","targetHints":{"allow":["GET"]}}],"collection":[{"href":"https:\/\/noht-eson.ca\/fr\/wp-json\/wp\/v2\/pages"}],"about":[{"href":"https:\/\/noht-eson.ca\/fr\/wp-json\/wp\/v2\/types\/page"}],"author":[{"embeddable":true,"href":"https:\/\/noht-eson.ca\/fr\/wp-json\/wp\/v2\/users\/92"}],"replies":[{"embeddable":true,"href":"https:\/\/noht-eson.ca\/fr\/wp-json\/wp\/v2\/comments?post=3509"}],"version-history":[{"count":0,"href":"https:\/\/noht-eson.ca\/fr\/wp-json\/wp\/v2\/pages\/3509\/revisions"}],"up":[{"embeddable":true,"href":"https:\/\/noht-eson.ca\/fr\/wp-json\/wp\/v2\/pages\/431"}],"wp:featuredmedia":[{"embeddable":true,"href":"https:\/\/noht-eson.ca\/fr\/wp-json\/wp\/v2\/media\/2574"}],"wp:attachment":[{"href":"https:\/\/noht-eson.ca\/fr\/wp-json\/wp\/v2\/media?parent=3509"}],"curies":[{"name":"wp","href":"https:\/\/api.w.org\/{rel}","templated":true}]}}