{"id":1851,"date":"2022-03-09T21:22:54","date_gmt":"2022-03-09T21:22:54","guid":{"rendered":"http:\/\/noht-eson.ca\/?page_id=1851"},"modified":"2023-04-13T15:22:42","modified_gmt":"2023-04-13T19:22:42","slug":"groupe-de-travail-communications-et-engagement","status":"publish","type":"page","link":"https:\/\/noht-eson.ca\/fr\/a-propos\/la-table-de-planification\/groupe-de-travail-communications-et-engagement\/","title":{"rendered":"Groupe de travail \u2013 Communications et engagement"},"content":{"rendered":"<div id='av-layout-grid-1'  class='av-layout-grid-container av-ald8yz-ae3bba676d7760294709c2a4571c75e8 entry-content-wrapper main_color av-flex-cells  avia-builder-el-0  avia-builder-el-no-sibling   container_wrap sidebar_right'  >\n\n<style type=\"text\/css\" data-created_by=\"avia_inline_auto\" id=\"style-css-av-9e43vf-2dd9ad64b5632c49796b41a2ba430d6a\">\n.flex_cell.av-9e43vf-2dd9ad64b5632c49796b41a2ba430d6a{\nvertical-align:top;\n}\n.responsive #top #wrap_all .flex_cell.av-9e43vf-2dd9ad64b5632c49796b41a2ba430d6a{\npadding:4rem 4rem 4rem 4rem !important;\n}\n<\/style>\n<div class='flex_cell av-9e43vf-2dd9ad64b5632c49796b41a2ba430d6a av-gridrow-cell av_two_fifth no_margin  avia-builder-el-1  el_before_av_cell_three_fifth  avia-builder-el-first  content-align-top'  ><div class='flex_cell_inner'>\n<style type=\"text\/css\" data-created_by=\"avia_inline_auto\" id=\"style-css-av-l01ianpv-e2d4bb7b9dd0a17b83b6df95f1f4b166\">\n#top .av_textblock_section.av-l01ianpv-e2d4bb7b9dd0a17b83b6df95f1f4b166 .avia_textblock{\nfont-size:18px;\ncolor:#005cb9;\n}\n<\/style>\n<section  class='av_textblock_section av-l01ianpv-e2d4bb7b9dd0a17b83b6df95f1f4b166 '   itemscope=\"itemscope\" itemtype=\"https:\/\/schema.org\/CreativeWork\" ><div class='avia_textblock av_inherit_color'  itemprop=\"text\" ><div class=\"zw-line-div\">\n<div class=\"zw-line-content\">Le mandat du Groupe de travail &#8211; Communication et engagement (GTCE) comporte deux volets, comme son nom l&rsquo;indique. En mati\u00e8re de communications, les fonctions du GTCE comprennent la cr\u00e9ation et la maintenance des sites Web et des m\u00e9dias sociaux, la production de publications imprim\u00e9es, la diffusion de communiqu\u00e9s de presse et de messages d&rsquo;int\u00e9r\u00eat public, la r\u00e9ponse aux demandes des m\u00e9dias et la facilitation d&rsquo;un flux d&rsquo;information efficace au sein de la NOHT-\u00c9SON.<\/div>\n<\/div>\n<\/div><\/section><br \/>\n<section  class='av_textblock_section av-l01ib7nr-3c8f5745ae6573b6fdf471135efc231f '   itemscope=\"itemscope\" itemtype=\"https:\/\/schema.org\/CreativeWork\" ><div class='avia_textblock'  itemprop=\"text\" ><p>La fonction d&rsquo;engagement du groupe est fond\u00e9e sur la conviction que les personnes &#8211; les r\u00e9sidents des communaut\u00e9s de la r\u00e9gion de Niagara, comme vous &#8211; qui sont touch\u00e9es par les d\u00e9cisions essentielles en mati\u00e8re de politique publique, comme la prestation des soins de sant\u00e9, ont le droit de participer au processus d\u00e9cisionnel. Pour faire de ce principe une r\u00e9alit\u00e9 quotidienne, le GTCE utilise une vari\u00e9t\u00e9 d&rsquo;approches pour inspirer les gens \u00e0 s&rsquo;impliquer activement dans les processus d\u00e9cisionnels de la NOHT\u00c9SON, qu&rsquo;il s&rsquo;agisse de personnes ayant une exp\u00e9rience v\u00e9cue du syst\u00e8me de sant\u00e9 ou de membres de diverses communaut\u00e9s de la r\u00e9gion de Niagara. Le GTCE utilise des techniques de pointe, d\u00e9crites<br \/>\ndans notre cadre d&rsquo;engagement, pour stimuler la participation de toutes les parties int\u00e9ress\u00e9es et concern\u00e9es par les d\u00e9cisions relatives aux soins de sant\u00e9 que le minist\u00e8re de la Sant\u00e9 de l&rsquo;Ontario a mandat\u00e9 le partenariat de la NOHT-\u00c9SON de prendre.<\/p>\n<p>La NOHT-\u00c9SON est une organisation en constante \u00e9volution. Nos partenaires repr\u00e9sentent actuellement les secteurs suivants:<\/p>\n<ul>\n<li>Les patients, clients, familles et soignants, ainsi que les communaut\u00e9s autochtones et francophones qui, \u00e0 titre de populations prioritaires, guident notre travail selon une perspective<br \/>\nd\u2019engagement.<\/li>\n<li>Soins actifs<\/li>\n<li>Soins primaires<\/li>\n<li>Soins de longue dur\u00e9e<\/li>\n<li>D\u00e9pendances et sant\u00e9 mentale<\/li>\n<li>Fournisseurs de services de soins \u00e0 domicile et communautaires<\/li>\n<\/ul>\n<p>Pour obtenir plus d\u2019information ou pour participer aux activit\u00e9s du GTCE, faites part de votre int\u00e9r\u00eat dans un courriel adress\u00e9 aux codirigeants du GTCE de la NOHT-\u00c9SON, <span data-doc-id=\"2593519000000391004\" data-doc-type=\"writer\">Carol Stewart-Kirkby<\/span>\u00a0<a href=\"mailto:carol.stewart-kirkby@portagemedicalfht.ca\">carol.stewart-kirkby@portagemedicalfht.ca<\/a> ou Janice Gardner-Spiece <a href=\"mailto:jgardnerspiece@cason.ca\">jgardnerspiece@cason.ca<\/a>..<\/p>\n<\/div><\/section><\/p>\n<\/div><\/div>\n<style type=\"text\/css\" data-created_by=\"avia_inline_auto\" id=\"style-css-av-88j6zf-ca7e47d53789f32747fb1ba9c6d2f4be\">\n.flex_cell.av-88j6zf-ca7e47d53789f32747fb1ba9c6d2f4be{\nvertical-align:top;\nbackground-color:#f2f9ff;\n}\n.responsive #top #wrap_all .flex_cell.av-88j6zf-ca7e47d53789f32747fb1ba9c6d2f4be{\npadding:4rem 4rem 4rem 4rem !important;\n}\n<\/style>\n<div class='flex_cell av-88j6zf-ca7e47d53789f32747fb1ba9c6d2f4be av-gridrow-cell av_three_fifth no_margin  avia-builder-el-4  el_after_av_cell_two_fifth  avia-builder-el-last  content-align-top'  ><div class='flex_cell_inner'>\n<style type=\"text\/css\" data-created_by=\"avia_inline_auto\" id=\"style-css-av-l01iaxg3-ccee3ac3bb8a1078b9a39937d062fe2e\">\n#top .av_textblock_section.av-l01iaxg3-ccee3ac3bb8a1078b9a39937d062fe2e .avia_textblock{\ntext-align:center;\n}\n<\/style>\n<section  class='av_textblock_section av-l01iaxg3-ccee3ac3bb8a1078b9a39937d062fe2e '   itemscope=\"itemscope\" itemtype=\"https:\/\/schema.org\/CreativeWork\" ><div class='avia_textblock'  itemprop=\"text\" ><h2>Noms et affiliations des membres du groupe<\/h2>\n<\/div><\/section><br \/>\n<div class='flex_column_table av-5gil2j-b55a6671a502fa668a2aae188d18f881 sc-av_one_half av-equal-height-column-flextable'><div  class='flex_column av-5gil2j-b55a6671a502fa668a2aae188d18f881 av_one_half  avia-builder-el-6  el_after_av_textblock  el_before_av_one_half  first flex_column_table_cell av-equal-height-column av-align-top  column-top-margin'     ><style type=\"text\/css\" data-created_by=\"avia_inline_auto\" id=\"style-css-av-l0k2l11u-65201aa8b7c8b5c3ef05fa6f3cf9749d\">\n#top #wrap_all .avia-team-member.av-l0k2l11u-65201aa8b7c8b5c3ef05fa6f3cf9749d .team-member-name{\ncolor:#005cb9;\n}\n.avia-team-member.av-l0k2l11u-65201aa8b7c8b5c3ef05fa6f3cf9749d .team-member-job-title{\ncolor:#363636;\n}\n.avia-team-member.av-l0k2l11u-65201aa8b7c8b5c3ef05fa6f3cf9749d .team-member-description{\ncolor:#363636;\n}\n.avia-team-member.av-l0k2l11u-65201aa8b7c8b5c3ef05fa6f3cf9749d .team-img-container img{\nborder-radius:150px 150px 150px 150px;\n}\n<\/style>\n<section  class='avia-team-member av-l0k2l11u-65201aa8b7c8b5c3ef05fa6f3cf9749d  avia-builder-el-7  avia-builder-el-no-sibling  colead noht-team'  itemscope=\"itemscope\" itemtype=\"https:\/\/schema.org\/Person\" ><div class=\"team-img-container\"><img decoding=\"async\" fetchpriority=\"high\" class='wp-image-721 avia-img-lazy-loading-not-721 avia_image avia_image_team' src=\"https:\/\/noht-eson.ca\/wp-content\/uploads\/CAROL-STEWART-KIRKBY-e1644275182414-300x300.jpg\" alt='Carol Stewart Kirkby'  itemprop=\"image\"   height=\"300\" width=\"300\" srcset=\"https:\/\/noht-eson.ca\/wp-content\/uploads\/CAROL-STEWART-KIRKBY-e1644275182414-300x300.jpg 300w, https:\/\/noht-eson.ca\/wp-content\/uploads\/CAROL-STEWART-KIRKBY-e1644275182414-80x80.jpg 80w, https:\/\/noht-eson.ca\/wp-content\/uploads\/CAROL-STEWART-KIRKBY-e1644275182414-36x36.jpg 36w, https:\/\/noht-eson.ca\/wp-content\/uploads\/CAROL-STEWART-KIRKBY-e1644275182414-180x180.jpg 180w\" sizes=\"(max-width: 300px) 100vw, 300px\" \/><\/div><h3 class='team-member-name '  itemprop=\"name\" >Carol Stewart Kirkby<\/h3><div class='team-member-job-title av_opacity_variation'  itemprop=\"jobTitle\" >Codirigeant<\/div><div class='team-member-description av_inherit_color'  itemprop=\"description\" ><p>Portage Medical Family Health Team<\/p>\n<\/div><span class='hidden team-member-affiliation'  itemprop=\"affiliation\" >Niagara Ontario Health Team - \u00c9quipe Sant\u00e9 Ontario Niagara<\/span><\/section><\/div><div class='av-flex-placeholder'><\/div><div  class='flex_column av-43zbu3-d3b1d0aa44553eac6b520d47f5572560 av_one_half  avia-builder-el-8  el_after_av_one_half  el_before_av_one_full  flex_column_table_cell av-equal-height-column av-align-top  column-top-margin'     ><style type=\"text\/css\" data-created_by=\"avia_inline_auto\" id=\"style-css-av-l5tqwk42-69dccecff187c51e98b30a813e725704\">\n#top #wrap_all .avia-team-member.av-l5tqwk42-69dccecff187c51e98b30a813e725704 .team-member-name{\ncolor:#005cb9;\n}\n.avia-team-member.av-l5tqwk42-69dccecff187c51e98b30a813e725704 .team-member-job-title{\ncolor:#363636;\n}\n.avia-team-member.av-l5tqwk42-69dccecff187c51e98b30a813e725704 .team-member-description{\ncolor:#363636;\n}\n.avia-team-member.av-l5tqwk42-69dccecff187c51e98b30a813e725704 .team-img-container img{\nborder-radius:150px 150px 150px 150px;\n}\n<\/style>\n<section  class='avia-team-member av-l5tqwk42-69dccecff187c51e98b30a813e725704  avia-builder-el-9  avia-builder-el-no-sibling  colead noht-team'  itemscope=\"itemscope\" itemtype=\"https:\/\/schema.org\/Person\" ><div class=\"team-img-container\"><img decoding=\"async\" fetchpriority=\"high\" class='wp-image-630 avia-img-lazy-loading-not-630 avia_image avia_image_team av-team-img-original' src=\"https:\/\/noht-eson.ca\/wp-content\/uploads\/Janice-Gardner-Spiece-300x300.jpg\" alt='Janice Gardner Spiece'  itemprop=\"image\"   height=\"300\" width=\"300\" srcset=\"https:\/\/noht-eson.ca\/wp-content\/uploads\/Janice-Gardner-Spiece-300x300.jpg 300w, https:\/\/noht-eson.ca\/wp-content\/uploads\/Janice-Gardner-Spiece-80x80.jpg 80w, https:\/\/noht-eson.ca\/wp-content\/uploads\/Janice-Gardner-Spiece-36x36.jpg 36w, https:\/\/noht-eson.ca\/wp-content\/uploads\/Janice-Gardner-Spiece-180x180.jpg 180w, https:\/\/noht-eson.ca\/wp-content\/uploads\/Janice-Gardner-Spiece-700x700.jpg 700w, https:\/\/noht-eson.ca\/wp-content\/uploads\/Janice-Gardner-Spiece-125x125.jpg 125w\" sizes=\"(max-width: 300px) 100vw, 300px\" \/><\/div><h3 class='team-member-name '  itemprop=\"name\" >Janice Gardner Spiece<\/h3><div class='team-member-job-title av_opacity_variation'  itemprop=\"jobTitle\" >Codirigeant<\/div><div class='team-member-description av_inherit_color'  itemprop=\"description\" ><p>Community Addiction Services of Niagara<\/p>\n<\/div><span class='hidden team-member-affiliation'  itemprop=\"affiliation\" >Niagara Ontario Health Team - \u00c9quipe Sant\u00e9 Ontario Niagara<\/span><\/section><\/div><\/div><!--close column table wrapper. Autoclose: 1 --><div  class='flex_column av-2dfygb-c9d52bd54b30dd9e6b67969b487d59ba av_one_full  avia-builder-el-10  el_after_av_one_half  avia-builder-el-last  first flex_column_div  column-top-margin'     ><style type=\"text\/css\" data-created_by=\"avia_inline_auto\" id=\"style-css-av-l01ichfm-4832b2afc2b2f4b21fdec7e46acb7ca1\">\n#top .av_textblock_section.av-l01ichfm-4832b2afc2b2f4b21fdec7e46acb7ca1 .avia_textblock{\ntext-align:left;\ncolumn-count:3;\ncolumn-gap:4rem;\n}\n\n@media only screen and (max-width: 479px){ \n#top .av_textblock_section.av-l01ichfm-4832b2afc2b2f4b21fdec7e46acb7ca1 .avia_textblock{\ncolumn-count:1;\n}\n.av_textblock_section.av-l01ichfm-4832b2afc2b2f4b21fdec7e46acb7ca1 .avia_textblock.av_multi_colums > p:first-child{\nmargin-top:0.85em;\n}\n}\n<\/style>\n<section  class='av_textblock_section av-l01ichfm-4832b2afc2b2f4b21fdec7e46acb7ca1 '   itemscope=\"itemscope\" itemtype=\"https:\/\/schema.org\/CreativeWork\" ><div class='avia_textblock av_multi_colums'  itemprop=\"text\" ><p><strong>Mary Jane-Johnson<\/strong><br \/>\nNiagara Health<\/p>\n<p><strong>Linda Boich<\/strong><br \/>\nNiagara Health<\/p>\n<p><strong>Sarah Cannon<br \/>\n<\/strong><span style=\"font-weight: 400;\">Parent\/Client &amp; Family\/Caregiver Representative<\/span><\/p>\n<p><strong>Annie Boucher<\/strong><br \/>\nEntit\u00e9<\/p>\n<p><strong>Carolyn Askeland<\/strong><br \/>\nCommunity Support Services Niagara<\/p>\n<p><strong>Valarie Chatrand<\/strong><br \/>\nFoyer Richelieu Long Term Care Home<\/p>\n<p><strong>Nadine Wallace<\/strong><br \/>\nContact Niagara for Children&rsquo;s and Developmental Services<\/p>\n<p><strong>Katie McKay<\/strong><br \/>\nContact Niagara for Children&rsquo;s and Developmental Services<\/p>\n<p><strong>Lori Kleinsmith<\/strong><br \/>\nBridges Community Health Centre<\/p>\n<p><strong>Ashley Chiarello<\/strong><br \/>\nBridges Community Health Centre<\/p>\n<p><strong>Shaun Baylis<\/strong><br \/>\nPathstone Mental Health<\/p>\n<p><strong>Katie Stranges<\/strong><br \/>\nHotel Dieu Shaver<\/p>\n<p><strong>Olga McNeill<br \/>\n<\/strong><span style=\"font-weight: 400;\">Parent\/Client &amp; Family\/Caregiver Representative<\/span><\/p>\n<\/div><\/section><\/div><\/p>\n<\/div><\/div><\/div>\n","protected":false},"excerpt":{"rendered":"","protected":false},"author":92,"featured_media":1308,"parent":449,"menu_order":0,"comment_status":"closed","ping_status":"closed","template":"","meta":{"_bbp_topic_count":0,"_bbp_reply_count":0,"_bbp_total_topic_count":0,"_bbp_total_reply_count":0,"_bbp_voice_count":0,"_bbp_anonymous_reply_count":0,"_bbp_topic_count_hidden":0,"_bbp_reply_count_hidden":0,"_bbp_forum_subforum_count":0,"footnotes":""},"class_list":["post-1851","page","type-page","status-publish","has-post-thumbnail","hentry"],"yoast_head":"<!-- This site is optimized with the Yoast SEO plugin v27.3 - https:\/\/yoast.com\/product\/yoast-seo-wordpress\/ -->\n<title>Groupe de travail \u2013 Communications et engagement - Niagara Ontario Health Team - \u00c9quipe Sant\u00e9 Ontario Niagara<\/title>\n<meta name=\"robots\" content=\"index, follow, max-snippet:-1, max-image-preview:large, max-video-preview:-1\" \/>\n<link rel=\"canonical\" href=\"https:\/\/noht-eson.ca\/fr\/a-propos\/la-table-de-planification\/groupe-de-travail-communications-et-engagement\/\" \/>\n<meta property=\"og:locale\" content=\"fr_FR\" \/>\n<meta property=\"og:type\" content=\"article\" \/>\n<meta property=\"og:title\" content=\"Groupe de travail \u2013 Communications et engagement - Niagara Ontario Health Team - \u00c9quipe Sant\u00e9 Ontario Niagara\" \/>\n<meta property=\"og:url\" content=\"https:\/\/noht-eson.ca\/fr\/a-propos\/la-table-de-planification\/groupe-de-travail-communications-et-engagement\/\" \/>\n<meta property=\"og:site_name\" content=\"Niagara Ontario Health Team - \u00c9quipe Sant\u00e9 Ontario Niagara\" \/>\n<meta property=\"article:publisher\" content=\"https:\/\/facebook.com\/NiagaraOHT\/\" \/>\n<meta property=\"article:modified_time\" content=\"2023-04-13T19:22:42+00:00\" \/>\n<meta property=\"og:image\" content=\"https:\/\/noht-eson.ca\/wp-content\/uploads\/happy-mature-middle-aged-elderly-woman-looking-at-2021-12-21-16-21-55-utc-1030x688.jpeg\" \/>\n\t<meta property=\"og:image:width\" content=\"1030\" \/>\n\t<meta property=\"og:image:height\" content=\"688\" \/>\n\t<meta property=\"og:image:type\" content=\"image\/jpeg\" \/>\n<meta name=\"twitter:card\" content=\"summary_large_image\" \/>\n<meta name=\"twitter:site\" content=\"@niagaraoht\" \/>\n<meta name=\"twitter:label1\" content=\"Dur\u00e9e de lecture estim\u00e9e\" \/>\n\t<meta name=\"twitter:data1\" content=\"10 minutes\" \/>\n<script type=\"application\/ld+json\" class=\"yoast-schema-graph\">{\"@context\":\"https:\\\/\\\/schema.org\",\"@graph\":[{\"@type\":\"WebPage\",\"@id\":\"https:\\\/\\\/noht-eson.ca\\\/fr\\\/a-propos\\\/la-table-de-planification\\\/groupe-de-travail-communications-et-engagement\\\/\",\"url\":\"https:\\\/\\\/noht-eson.ca\\\/fr\\\/a-propos\\\/la-table-de-planification\\\/groupe-de-travail-communications-et-engagement\\\/\",\"name\":\"Groupe de travail \u2013 Communications et engagement - Niagara Ontario Health Team - \u00c9quipe Sant\u00e9 Ontario Niagara\",\"isPartOf\":{\"@id\":\"https:\\\/\\\/noht-eson.ca\\\/#website\"},\"primaryImageOfPage\":{\"@id\":\"https:\\\/\\\/noht-eson.ca\\\/fr\\\/a-propos\\\/la-table-de-planification\\\/groupe-de-travail-communications-et-engagement\\\/#primaryimage\"},\"image\":{\"@id\":\"https:\\\/\\\/noht-eson.ca\\\/fr\\\/a-propos\\\/la-table-de-planification\\\/groupe-de-travail-communications-et-engagement\\\/#primaryimage\"},\"thumbnailUrl\":\"https:\\\/\\\/noht-eson.ca\\\/wp-content\\\/uploads\\\/happy-mature-middle-aged-elderly-woman-looking-at-2021-12-21-16-21-55-utc-scaled.jpeg\",\"datePublished\":\"2022-03-09T21:22:54+00:00\",\"dateModified\":\"2023-04-13T19:22:42+00:00\",\"breadcrumb\":{\"@id\":\"https:\\\/\\\/noht-eson.ca\\\/fr\\\/a-propos\\\/la-table-de-planification\\\/groupe-de-travail-communications-et-engagement\\\/#breadcrumb\"},\"inLanguage\":\"fr-FR\",\"potentialAction\":[{\"@type\":\"ReadAction\",\"target\":[\"https:\\\/\\\/noht-eson.ca\\\/fr\\\/a-propos\\\/la-table-de-planification\\\/groupe-de-travail-communications-et-engagement\\\/\"]}]},{\"@type\":\"ImageObject\",\"inLanguage\":\"fr-FR\",\"@id\":\"https:\\\/\\\/noht-eson.ca\\\/fr\\\/a-propos\\\/la-table-de-planification\\\/groupe-de-travail-communications-et-engagement\\\/#primaryimage\",\"url\":\"https:\\\/\\\/noht-eson.ca\\\/wp-content\\\/uploads\\\/happy-mature-middle-aged-elderly-woman-looking-at-2021-12-21-16-21-55-utc-scaled.jpeg\",\"contentUrl\":\"https:\\\/\\\/noht-eson.ca\\\/wp-content\\\/uploads\\\/happy-mature-middle-aged-elderly-woman-looking-at-2021-12-21-16-21-55-utc-scaled.jpeg\",\"width\":2560,\"height\":1710,\"caption\":\"Happy mature middle aged elderly woman reading good news looking at laptop\"},{\"@type\":\"BreadcrumbList\",\"@id\":\"https:\\\/\\\/noht-eson.ca\\\/fr\\\/a-propos\\\/la-table-de-planification\\\/groupe-de-travail-communications-et-engagement\\\/#breadcrumb\",\"itemListElement\":[{\"@type\":\"ListItem\",\"position\":1,\"name\":\"Home\",\"item\":\"https:\\\/\\\/noht-eson.ca\\\/fr\\\/\"},{\"@type\":\"ListItem\",\"position\":2,\"name\":\"\u00c0 Propos\",\"item\":\"https:\\\/\\\/noht-eson.ca\\\/fr\\\/a-propos\\\/\"},{\"@type\":\"ListItem\",\"position\":3,\"name\":\"\u200bLa table de planification\u200b\",\"item\":\"https:\\\/\\\/noht-eson.ca\\\/fr\\\/a-propos\\\/la-table-de-planification\\\/\"},{\"@type\":\"ListItem\",\"position\":4,\"name\":\"Groupe de travail \u2013 Communications et engagement\"}]},{\"@type\":\"WebSite\",\"@id\":\"https:\\\/\\\/noht-eson.ca\\\/#website\",\"url\":\"https:\\\/\\\/noht-eson.ca\\\/\",\"name\":\"Niagara Ontario Health Team - \u00c9quipe Sant\u00e9 Ontario Niagara\",\"description\":\"Exceptional, connected care, now and for future generations\",\"publisher\":{\"@id\":\"https:\\\/\\\/noht-eson.ca\\\/#organization\"},\"potentialAction\":[{\"@type\":\"SearchAction\",\"target\":{\"@type\":\"EntryPoint\",\"urlTemplate\":\"https:\\\/\\\/noht-eson.ca\\\/?s={search_term_string}\"},\"query-input\":{\"@type\":\"PropertyValueSpecification\",\"valueRequired\":true,\"valueName\":\"search_term_string\"}}],\"inLanguage\":\"fr-FR\"},{\"@type\":\"Organization\",\"@id\":\"https:\\\/\\\/noht-eson.ca\\\/#organization\",\"name\":\"Niagara Ontario Health Team - \u00c9quipe Sant\u00e9 Ontario Niagara\",\"url\":\"https:\\\/\\\/noht-eson.ca\\\/\",\"logo\":{\"@type\":\"ImageObject\",\"inLanguage\":\"fr-FR\",\"@id\":\"https:\\\/\\\/noht-eson.ca\\\/#\\\/schema\\\/logo\\\/image\\\/\",\"url\":\"https:\\\/\\\/noht-eson.ca\\\/wp-content\\\/uploads\\\/NOHT_ESON_Logo_FINAL-1.jpg\",\"contentUrl\":\"https:\\\/\\\/noht-eson.ca\\\/wp-content\\\/uploads\\\/NOHT_ESON_Logo_FINAL-1.jpg\",\"width\":1500,\"height\":500,\"caption\":\"Niagara Ontario Health Team - \u00c9quipe Sant\u00e9 Ontario Niagara\"},\"image\":{\"@id\":\"https:\\\/\\\/noht-eson.ca\\\/#\\\/schema\\\/logo\\\/image\\\/\"},\"sameAs\":[\"https:\\\/\\\/facebook.com\\\/NiagaraOHT\\\/\",\"https:\\\/\\\/x.com\\\/niagaraoht\"]}]}<\/script>\n<!-- \/ Yoast SEO plugin. -->","yoast_head_json":{"title":"Groupe de travail \u2013 Communications et engagement - Niagara Ontario Health Team - \u00c9quipe Sant\u00e9 Ontario Niagara","robots":{"index":"index","follow":"follow","max-snippet":"max-snippet:-1","max-image-preview":"max-image-preview:large","max-video-preview":"max-video-preview:-1"},"canonical":"https:\/\/noht-eson.ca\/fr\/a-propos\/la-table-de-planification\/groupe-de-travail-communications-et-engagement\/","og_locale":"fr_FR","og_type":"article","og_title":"Groupe de travail \u2013 Communications et engagement - Niagara Ontario Health Team - \u00c9quipe Sant\u00e9 Ontario Niagara","og_url":"https:\/\/noht-eson.ca\/fr\/a-propos\/la-table-de-planification\/groupe-de-travail-communications-et-engagement\/","og_site_name":"Niagara Ontario Health Team - \u00c9quipe Sant\u00e9 Ontario Niagara","article_publisher":"https:\/\/facebook.com\/NiagaraOHT\/","article_modified_time":"2023-04-13T19:22:42+00:00","og_image":[{"width":1030,"height":688,"url":"https:\/\/noht-eson.ca\/wp-content\/uploads\/happy-mature-middle-aged-elderly-woman-looking-at-2021-12-21-16-21-55-utc-1030x688.jpeg","type":"image\/jpeg"}],"twitter_card":"summary_large_image","twitter_site":"@niagaraoht","twitter_misc":{"Dur\u00e9e de lecture estim\u00e9e":"10 minutes"},"schema":{"@context":"https:\/\/schema.org","@graph":[{"@type":"WebPage","@id":"https:\/\/noht-eson.ca\/fr\/a-propos\/la-table-de-planification\/groupe-de-travail-communications-et-engagement\/","url":"https:\/\/noht-eson.ca\/fr\/a-propos\/la-table-de-planification\/groupe-de-travail-communications-et-engagement\/","name":"Groupe de travail \u2013 Communications et engagement - Niagara Ontario Health Team - \u00c9quipe Sant\u00e9 Ontario Niagara","isPartOf":{"@id":"https:\/\/noht-eson.ca\/#website"},"primaryImageOfPage":{"@id":"https:\/\/noht-eson.ca\/fr\/a-propos\/la-table-de-planification\/groupe-de-travail-communications-et-engagement\/#primaryimage"},"image":{"@id":"https:\/\/noht-eson.ca\/fr\/a-propos\/la-table-de-planification\/groupe-de-travail-communications-et-engagement\/#primaryimage"},"thumbnailUrl":"https:\/\/noht-eson.ca\/wp-content\/uploads\/happy-mature-middle-aged-elderly-woman-looking-at-2021-12-21-16-21-55-utc-scaled.jpeg","datePublished":"2022-03-09T21:22:54+00:00","dateModified":"2023-04-13T19:22:42+00:00","breadcrumb":{"@id":"https:\/\/noht-eson.ca\/fr\/a-propos\/la-table-de-planification\/groupe-de-travail-communications-et-engagement\/#breadcrumb"},"inLanguage":"fr-FR","potentialAction":[{"@type":"ReadAction","target":["https:\/\/noht-eson.ca\/fr\/a-propos\/la-table-de-planification\/groupe-de-travail-communications-et-engagement\/"]}]},{"@type":"ImageObject","inLanguage":"fr-FR","@id":"https:\/\/noht-eson.ca\/fr\/a-propos\/la-table-de-planification\/groupe-de-travail-communications-et-engagement\/#primaryimage","url":"https:\/\/noht-eson.ca\/wp-content\/uploads\/happy-mature-middle-aged-elderly-woman-looking-at-2021-12-21-16-21-55-utc-scaled.jpeg","contentUrl":"https:\/\/noht-eson.ca\/wp-content\/uploads\/happy-mature-middle-aged-elderly-woman-looking-at-2021-12-21-16-21-55-utc-scaled.jpeg","width":2560,"height":1710,"caption":"Happy mature middle aged elderly woman reading good news looking at laptop"},{"@type":"BreadcrumbList","@id":"https:\/\/noht-eson.ca\/fr\/a-propos\/la-table-de-planification\/groupe-de-travail-communications-et-engagement\/#breadcrumb","itemListElement":[{"@type":"ListItem","position":1,"name":"Home","item":"https:\/\/noht-eson.ca\/fr\/"},{"@type":"ListItem","position":2,"name":"\u00c0 Propos","item":"https:\/\/noht-eson.ca\/fr\/a-propos\/"},{"@type":"ListItem","position":3,"name":"\u200bLa table de planification\u200b","item":"https:\/\/noht-eson.ca\/fr\/a-propos\/la-table-de-planification\/"},{"@type":"ListItem","position":4,"name":"Groupe de travail \u2013 Communications et engagement"}]},{"@type":"WebSite","@id":"https:\/\/noht-eson.ca\/#website","url":"https:\/\/noht-eson.ca\/","name":"Niagara Ontario Health Team - \u00c9quipe Sant\u00e9 Ontario Niagara","description":"Exceptional, connected care, now and for future generations","publisher":{"@id":"https:\/\/noht-eson.ca\/#organization"},"potentialAction":[{"@type":"SearchAction","target":{"@type":"EntryPoint","urlTemplate":"https:\/\/noht-eson.ca\/?s={search_term_string}"},"query-input":{"@type":"PropertyValueSpecification","valueRequired":true,"valueName":"search_term_string"}}],"inLanguage":"fr-FR"},{"@type":"Organization","@id":"https:\/\/noht-eson.ca\/#organization","name":"Niagara Ontario Health Team - \u00c9quipe Sant\u00e9 Ontario Niagara","url":"https:\/\/noht-eson.ca\/","logo":{"@type":"ImageObject","inLanguage":"fr-FR","@id":"https:\/\/noht-eson.ca\/#\/schema\/logo\/image\/","url":"https:\/\/noht-eson.ca\/wp-content\/uploads\/NOHT_ESON_Logo_FINAL-1.jpg","contentUrl":"https:\/\/noht-eson.ca\/wp-content\/uploads\/NOHT_ESON_Logo_FINAL-1.jpg","width":1500,"height":500,"caption":"Niagara Ontario Health Team - \u00c9quipe Sant\u00e9 Ontario Niagara"},"image":{"@id":"https:\/\/noht-eson.ca\/#\/schema\/logo\/image\/"},"sameAs":["https:\/\/facebook.com\/NiagaraOHT\/","https:\/\/x.com\/niagaraoht"]}]}},"_links":{"self":[{"href":"https:\/\/noht-eson.ca\/fr\/wp-json\/wp\/v2\/pages\/1851","targetHints":{"allow":["GET"]}}],"collection":[{"href":"https:\/\/noht-eson.ca\/fr\/wp-json\/wp\/v2\/pages"}],"about":[{"href":"https:\/\/noht-eson.ca\/fr\/wp-json\/wp\/v2\/types\/page"}],"author":[{"embeddable":true,"href":"https:\/\/noht-eson.ca\/fr\/wp-json\/wp\/v2\/users\/92"}],"replies":[{"embeddable":true,"href":"https:\/\/noht-eson.ca\/fr\/wp-json\/wp\/v2\/comments?post=1851"}],"version-history":[{"count":1,"href":"https:\/\/noht-eson.ca\/fr\/wp-json\/wp\/v2\/pages\/1851\/revisions"}],"predecessor-version":[{"id":9249,"href":"https:\/\/noht-eson.ca\/fr\/wp-json\/wp\/v2\/pages\/1851\/revisions\/9249"}],"up":[{"embeddable":true,"href":"https:\/\/noht-eson.ca\/fr\/wp-json\/wp\/v2\/pages\/449"}],"wp:featuredmedia":[{"embeddable":true,"href":"https:\/\/noht-eson.ca\/fr\/wp-json\/wp\/v2\/media\/1308"}],"wp:attachment":[{"href":"https:\/\/noht-eson.ca\/fr\/wp-json\/wp\/v2\/media?parent=1851"}],"curies":[{"name":"wp","href":"https:\/\/api.w.org\/{rel}","templated":true}]}}