{"id":14748,"date":"2025-02-25T10:50:37","date_gmt":"2025-02-25T15:50:37","guid":{"rendered":"https:\/\/noht-eson.ca\/?page_id=14748"},"modified":"2025-02-25T10:50:37","modified_gmt":"2025-02-25T15:50:37","slug":"soins-a-domicile-et-communautaires-2","status":"publish","type":"page","link":"https:\/\/noht-eson.ca\/fr\/a-propos\/la-table-de-planification\/soins-a-domicile-et-communautaires-2\/","title":{"rendered":"Groupe de travail \u2013 Soins \u00e0 domicile et communautaires (copy)"},"content":{"rendered":"","protected":true},"excerpt":{"rendered":"","protected":true},"author":94,"featured_media":860,"parent":449,"menu_order":0,"comment_status":"closed","ping_status":"closed","template":"","meta":{"_bbp_topic_count":0,"_bbp_reply_count":0,"_bbp_total_topic_count":0,"_bbp_total_reply_count":0,"_bbp_voice_count":0,"_bbp_anonymous_reply_count":0,"_bbp_topic_count_hidden":0,"_bbp_reply_count_hidden":0,"_bbp_forum_subforum_count":0,"footnotes":""},"class_list":["post-14748","page","type-page","status-publish","post-password-required","hentry"],"yoast_head":"<!-- This site is optimized with the Yoast SEO plugin v27.4 - https:\/\/yoast.com\/product\/yoast-seo-wordpress\/ -->\n<title>Groupe de travail \u2013 Soins \u00e0 domicile et communautaires (copy) - Niagara Ontario Health Team - \u00c9quipe Sant\u00e9 Ontario Niagara<\/title>\n<meta name=\"robots\" content=\"index, follow, max-snippet:-1, max-image-preview:large, max-video-preview:-1\" \/>\n<link rel=\"canonical\" href=\"https:\/\/noht-eson.ca\/fr\/a-propos\/la-table-de-planification\/soins-a-domicile-et-communautaires-2\/\" \/>\n<meta property=\"og:locale\" content=\"fr_FR\" \/>\n<meta property=\"og:type\" content=\"article\" \/>\n<meta property=\"og:title\" content=\"Groupe de travail \u2013 Soins \u00e0 domicile et communautaires (copy) - Niagara Ontario Health Team - \u00c9quipe Sant\u00e9 Ontario Niagara\" \/>\n<meta property=\"og:description\" content=\"Il n\u2019y a pas d\u2019extrait, car cette publication est prot\u00e9g\u00e9e.\" \/>\n<meta property=\"og:url\" content=\"https:\/\/noht-eson.ca\/fr\/a-propos\/la-table-de-planification\/soins-a-domicile-et-communautaires-2\/\" \/>\n<meta property=\"og:site_name\" content=\"Niagara Ontario Health Team - \u00c9quipe Sant\u00e9 Ontario Niagara\" \/>\n<meta property=\"article:publisher\" content=\"https:\/\/facebook.com\/NiagaraOHT\/\" \/>\n<meta name=\"twitter:card\" content=\"summary_large_image\" \/>\n<meta name=\"twitter:site\" content=\"@niagaraoht\" \/>\n<meta name=\"twitter:label1\" content=\"Dur\u00e9e de lecture estim\u00e9e\" \/>\n\t<meta name=\"twitter:data1\" content=\"2 minutes\" \/>\n<script type=\"application\/ld+json\" class=\"yoast-schema-graph\">{\"@context\":\"https:\\\/\\\/schema.org\",\"@graph\":[{\"@type\":\"WebPage\",\"@id\":\"https:\\\/\\\/noht-eson.ca\\\/fr\\\/a-propos\\\/la-table-de-planification\\\/soins-a-domicile-et-communautaires-2\\\/\",\"url\":\"https:\\\/\\\/noht-eson.ca\\\/fr\\\/a-propos\\\/la-table-de-planification\\\/soins-a-domicile-et-communautaires-2\\\/\",\"name\":\"Groupe de travail \u2013 Soins \u00e0 domicile et communautaires (copy) - Niagara Ontario Health Team - \u00c9quipe Sant\u00e9 Ontario Niagara\",\"isPartOf\":{\"@id\":\"https:\\\/\\\/noht-eson.ca\\\/#website\"},\"datePublished\":\"2025-02-25T15:50:37+00:00\",\"breadcrumb\":{\"@id\":\"https:\\\/\\\/noht-eson.ca\\\/fr\\\/a-propos\\\/la-table-de-planification\\\/soins-a-domicile-et-communautaires-2\\\/#breadcrumb\"},\"inLanguage\":\"fr-FR\"},{\"@type\":\"WebSite\",\"@id\":\"https:\\\/\\\/noht-eson.ca\\\/#website\",\"url\":\"https:\\\/\\\/noht-eson.ca\\\/\",\"name\":\"Niagara Ontario Health Team - \u00c9quipe Sant\u00e9 Ontario Niagara\",\"description\":\"Exceptional, connected care, now and for future generations\",\"publisher\":{\"@id\":\"https:\\\/\\\/noht-eson.ca\\\/#organization\"},\"potentialAction\":[{\"@type\":\"SearchAction\",\"target\":{\"@type\":\"EntryPoint\",\"urlTemplate\":\"https:\\\/\\\/noht-eson.ca\\\/?s={search_term_string}\"},\"query-input\":{\"@type\":\"PropertyValueSpecification\",\"valueRequired\":true,\"valueName\":\"search_term_string\"}}],\"inLanguage\":\"fr-FR\"},{\"@type\":\"Organization\",\"@id\":\"https:\\\/\\\/noht-eson.ca\\\/#organization\",\"name\":\"Niagara Ontario Health Team - \u00c9quipe Sant\u00e9 Ontario Niagara\",\"url\":\"https:\\\/\\\/noht-eson.ca\\\/\",\"logo\":{\"@type\":\"ImageObject\",\"inLanguage\":\"fr-FR\",\"@id\":\"https:\\\/\\\/noht-eson.ca\\\/#\\\/schema\\\/logo\\\/image\\\/\",\"url\":\"https:\\\/\\\/noht-eson.ca\\\/wp-content\\\/uploads\\\/NOHT_ESON_Logo_FINAL-1.jpg\",\"contentUrl\":\"https:\\\/\\\/noht-eson.ca\\\/wp-content\\\/uploads\\\/NOHT_ESON_Logo_FINAL-1.jpg\",\"width\":1500,\"height\":500,\"caption\":\"Niagara Ontario Health Team - \u00c9quipe Sant\u00e9 Ontario Niagara\"},\"image\":{\"@id\":\"https:\\\/\\\/noht-eson.ca\\\/#\\\/schema\\\/logo\\\/image\\\/\"},\"sameAs\":[\"https:\\\/\\\/facebook.com\\\/NiagaraOHT\\\/\",\"https:\\\/\\\/x.com\\\/niagaraoht\"]}]}<\/script>\n<!-- \/ Yoast SEO plugin. -->","yoast_head_json":{"title":"Groupe de travail \u2013 Soins \u00e0 domicile et communautaires (copy) - Niagara Ontario Health Team - \u00c9quipe Sant\u00e9 Ontario Niagara","robots":{"index":"index","follow":"follow","max-snippet":"max-snippet:-1","max-image-preview":"max-image-preview:large","max-video-preview":"max-video-preview:-1"},"canonical":"https:\/\/noht-eson.ca\/fr\/a-propos\/la-table-de-planification\/soins-a-domicile-et-communautaires-2\/","og_locale":"fr_FR","og_type":"article","og_title":"Groupe de travail \u2013 Soins \u00e0 domicile et communautaires (copy) - Niagara Ontario Health Team - \u00c9quipe Sant\u00e9 Ontario Niagara","og_description":"Il n\u2019y a pas d\u2019extrait, car cette publication est prot\u00e9g\u00e9e.","og_url":"https:\/\/noht-eson.ca\/fr\/a-propos\/la-table-de-planification\/soins-a-domicile-et-communautaires-2\/","og_site_name":"Niagara Ontario Health Team - \u00c9quipe Sant\u00e9 Ontario Niagara","article_publisher":"https:\/\/facebook.com\/NiagaraOHT\/","twitter_card":"summary_large_image","twitter_site":"@niagaraoht","twitter_misc":{"Dur\u00e9e de lecture estim\u00e9e":"2 minutes"},"schema":{"@context":"https:\/\/schema.org","@graph":[{"@type":"WebPage","@id":"https:\/\/noht-eson.ca\/fr\/a-propos\/la-table-de-planification\/soins-a-domicile-et-communautaires-2\/","url":"https:\/\/noht-eson.ca\/fr\/a-propos\/la-table-de-planification\/soins-a-domicile-et-communautaires-2\/","name":"Groupe de travail \u2013 Soins \u00e0 domicile et communautaires (copy) - Niagara Ontario Health Team - \u00c9quipe Sant\u00e9 Ontario Niagara","isPartOf":{"@id":"https:\/\/noht-eson.ca\/#website"},"datePublished":"2025-02-25T15:50:37+00:00","breadcrumb":{"@id":"https:\/\/noht-eson.ca\/fr\/a-propos\/la-table-de-planification\/soins-a-domicile-et-communautaires-2\/#breadcrumb"},"inLanguage":"fr-FR"},{"@type":"WebSite","@id":"https:\/\/noht-eson.ca\/#website","url":"https:\/\/noht-eson.ca\/","name":"Niagara Ontario Health Team - \u00c9quipe Sant\u00e9 Ontario Niagara","description":"Exceptional, connected care, now and for future generations","publisher":{"@id":"https:\/\/noht-eson.ca\/#organization"},"potentialAction":[{"@type":"SearchAction","target":{"@type":"EntryPoint","urlTemplate":"https:\/\/noht-eson.ca\/?s={search_term_string}"},"query-input":{"@type":"PropertyValueSpecification","valueRequired":true,"valueName":"search_term_string"}}],"inLanguage":"fr-FR"},{"@type":"Organization","@id":"https:\/\/noht-eson.ca\/#organization","name":"Niagara Ontario Health Team - \u00c9quipe Sant\u00e9 Ontario Niagara","url":"https:\/\/noht-eson.ca\/","logo":{"@type":"ImageObject","inLanguage":"fr-FR","@id":"https:\/\/noht-eson.ca\/#\/schema\/logo\/image\/","url":"https:\/\/noht-eson.ca\/wp-content\/uploads\/NOHT_ESON_Logo_FINAL-1.jpg","contentUrl":"https:\/\/noht-eson.ca\/wp-content\/uploads\/NOHT_ESON_Logo_FINAL-1.jpg","width":1500,"height":500,"caption":"Niagara Ontario Health Team - \u00c9quipe Sant\u00e9 Ontario Niagara"},"image":{"@id":"https:\/\/noht-eson.ca\/#\/schema\/logo\/image\/"},"sameAs":["https:\/\/facebook.com\/NiagaraOHT\/","https:\/\/x.com\/niagaraoht"]}]}},"_links":{"self":[{"href":"https:\/\/noht-eson.ca\/fr\/wp-json\/wp\/v2\/pages\/14748","targetHints":{"allow":["GET"]}}],"collection":[{"href":"https:\/\/noht-eson.ca\/fr\/wp-json\/wp\/v2\/pages"}],"about":[{"href":"https:\/\/noht-eson.ca\/fr\/wp-json\/wp\/v2\/types\/page"}],"author":[{"embeddable":true,"href":"https:\/\/noht-eson.ca\/fr\/wp-json\/wp\/v2\/users\/94"}],"replies":[{"embeddable":true,"href":"https:\/\/noht-eson.ca\/fr\/wp-json\/wp\/v2\/comments?post=14748"}],"version-history":[{"count":2,"href":"https:\/\/noht-eson.ca\/fr\/wp-json\/wp\/v2\/pages\/14748\/revisions"}],"predecessor-version":[{"id":14750,"href":"https:\/\/noht-eson.ca\/fr\/wp-json\/wp\/v2\/pages\/14748\/revisions\/14750"}],"up":[{"embeddable":true,"href":"https:\/\/noht-eson.ca\/fr\/wp-json\/wp\/v2\/pages\/449"}],"wp:featuredmedia":[{"embeddable":true,"href":"https:\/\/noht-eson.ca\/fr\/wp-json\/wp\/v2\/media\/860"}],"wp:attachment":[{"href":"https:\/\/noht-eson.ca\/fr\/wp-json\/wp\/v2\/media?parent=14748"}],"curies":[{"name":"wp","href":"https:\/\/api.w.org\/{rel}","templated":true}]}}