{"id":14536,"date":"2025-01-07T15:20:27","date_gmt":"2025-01-07T20:20:27","guid":{"rendered":"https:\/\/noht-eson.ca\/health-and-social-services-survey\/"},"modified":"2025-06-16T12:35:26","modified_gmt":"2025-06-16T16:35:26","slug":"sondage-sur-les-soins-de-sante-et-les-services-sociaux","status":"publish","type":"page","link":"https:\/\/noht-eson.ca\/fr\/sondage-sur-les-soins-de-sante-et-les-services-sociaux\/","title":{"rendered":"Sondage sur les soins de sant\u00e9 et les services sociaux"},"content":{"rendered":"<div  class='flex_column av-3ddgjqo-685d3e827c08b5673a7b690c6eacf47e av_two_third  avia-builder-el-0  el_before_av_one_third  avia-builder-el-first  first flex_column_div  '     ><p><section  class='av_textblock_section av-36hq2xc-8be72c100a51d85e3d9dbff16557fd83 '   itemscope=\"itemscope\" itemtype=\"https:\/\/schema.org\/CreativeWork\" ><div class='avia_textblock'  itemprop=\"text\" ><p>La Niagara Ontario Health Team &#8211; \u00c9quipe Sant\u00e9 Ontario Niagara (NOHT-\u00c9SON) a lanc\u00e9 un <strong>sondage sur les services sociaux et de sant\u00e9<\/strong> afin de mieux comprendre les exp\u00e9riences, les obstacles et les id\u00e9es d&rsquo;am\u00e9lioration parmi <strong>les populations m\u00e9ritant l&rsquo;\u00e9quit\u00e9<\/strong> : les nouvelles arrivantes et nouveaux arrivants, les communaut\u00e9s noires et racialis\u00e9es, les communaut\u00e9s 2SLGBTQ+ et bien d&rsquo;autres encore.<\/p>\n<p>Ce travail est men\u00e9 par le groupe de travail sur l&rsquo;\u00e9quit\u00e9 en mati\u00e8re de sant\u00e9 de la NOHT-\u00c9SON et facilit\u00e9 par Redfern Research. En plus du sondage, les participants auront l&rsquo;occasion de prendre part \u00e0 <strong>des entrevues et \u00e0 des groupes de discussion<\/strong>, ce qui leur permettra d&rsquo;approfondir leurs connaissances et de contribuer \u00e0 l&rsquo;\u00e9laboration d&rsquo;un syst\u00e8me de sant\u00e9 et de services sociaux plus \u00e9quitable, plus inclusif et plus accessible dans la r\u00e9gion de Niagara.<\/p>\n<p>Vos efforts contribueront directement \u00e0 la cr\u00e9ation d&rsquo;un syst\u00e8me qui r\u00e9pondra mieux aux besoins de tous ceux qui habitent la r\u00e9gion de Niagara.<\/p>\n<\/div><\/section><br \/>\n\n<style type=\"text\/css\" data-created_by=\"avia_inline_auto\" id=\"style-css-av-n4iqa8-c55d4e915d9839f29a091ae27d1da0d3\">\n#top .hr.hr-invisible.av-n4iqa8-c55d4e915d9839f29a091ae27d1da0d3{\nheight:20px;\n}\n<\/style>\n<div  class='hr av-n4iqa8-c55d4e915d9839f29a091ae27d1da0d3 hr-invisible  avia-builder-el-2  el_after_av_textblock  el_before_av_textblock '><span class='hr-inner '><span class=\"hr-inner-style\"><\/span><\/span><\/div><br \/>\n<section  class='av_textblock_section av-m5o2dqoq-4d021c31ddbd78c3af0bc2bcede9e072 '   itemscope=\"itemscope\" itemtype=\"https:\/\/schema.org\/CreativeWork\" ><div class='avia_textblock'  itemprop=\"text\" ><p style=\"text-align: center;\"><strong>R\u00e9pondez au sondage sur l\u2019\u00e9quit\u00e9 en mati\u00e8re de sant\u00e9 ci-dessous!!<\/strong><\/p>\n<p style=\"text-align: left;\">La NOHT-\u00c9SON accorde une grande importance au respect de la vie priv\u00e9e. Toutes les r\u00e9ponses sont confidentielles et ne seront utilis\u00e9es que pour orienter les travaux du Groupe de travail \u2013 \u00c9quit\u00e9 en mati\u00e8re de sant\u00e9 de la NOHT-\u00c9SON, des autres groupes de travail du r\u00e9seau et de la table de planification, l\u2019organe d\u00e9cisionnel de la NOHT-\u00c9SON.<\/p>\n<\/div><\/section><br \/>\n<\/p><\/div>\n<style type=\"text\/css\" data-created_by=\"avia_inline_auto\" id=\"style-css-av-m5mwz0mp-70dbd93e0c22e693f1a130f6852cb31a\">\n.flex_column.av-m5mwz0mp-70dbd93e0c22e693f1a130f6852cb31a{\npadding:20px 20px 20px 20px;\nbackground-color:#f2f9ff;\n}\n<\/style>\n<div  class='flex_column av-m5mwz0mp-70dbd93e0c22e693f1a130f6852cb31a av_one_third  avia-builder-el-5  el_after_av_two_third  avia-builder-el-last  flex_column_div  '     ><section  class='av_textblock_section av-2j2wuz4-749093b389b428625f9a1589661f41a8 '   itemscope=\"itemscope\" itemtype=\"https:\/\/schema.org\/CreativeWork\" ><div class='avia_textblock'  itemprop=\"text\" ><h4>Vous avez une question ? Nous voulons en prendre connaissance !<\/h4>\n<p>Coordonn\u00e9es\u00a0:<br \/>\n<strong>Ron Laroche<\/strong><br \/>\nGestionnaire, Communications et de l\u2019engagement<br \/>\nCourriel : <a href=\"mailto:communications@noht-eson.ca\" target=\"_blank\" rel=\"noopener\">communications@noht-eson.ca<\/a><\/p>\n<\/div><\/section><br \/>\n\n<style type=\"text\/css\" data-created_by=\"avia_inline_auto\" id=\"style-css-av-19oyuds-2410ea43a8aa91110508c7e25cba9046\">\n#top .hr.hr-invisible.av-19oyuds-2410ea43a8aa91110508c7e25cba9046{\nheight:20px;\n}\n<\/style>\n<div  class='hr av-19oyuds-2410ea43a8aa91110508c7e25cba9046 hr-invisible  avia-builder-el-7  el_after_av_textblock  el_before_av_textblock '><span class='hr-inner '><span class=\"hr-inner-style\"><\/span><\/span><\/div><br \/>\n<section  class='av_textblock_section av-m5ucdrpm-7c773b29f7434f4a16a7a7d851cfe049 '   itemscope=\"itemscope\" itemtype=\"https:\/\/schema.org\/CreativeWork\" ><div class='avia_textblock'  itemprop=\"text\" ><h4>Aideznous \u00e0 faire passer le message ! T\u00e9l\u00e9chargez, imprimez et distribuez les documents suivants\u00a0:<\/h4>\n<\/div><\/section><br \/>\n<section  class='av_textblock_section av-m5uchgw5-f697d4505bd6050cce7d8804e00dbe61 '   itemscope=\"itemscope\" itemtype=\"https:\/\/schema.org\/CreativeWork\" ><div class='avia_textblock'  itemprop=\"text\" ><ul>\n<li><a href=\"https:\/\/noht-eson.ca\/wp-content\/uploads\/Health-and-Social-Services-Survey-Flyer-FR-May-2025.pdf\" target=\"_blank\" rel=\"noopener\"><strong>D\u00e9pliant du sondage<\/strong><\/a><\/li>\n<li><a href=\"https:\/\/noht-eson.ca\/wp-content\/uploads\/Health-and-Social-Services-Survey-Postcard-FR-May-2025.pdf\" target=\"_blank\" rel=\"noopener\"><strong>Carte postale du sondage<\/strong><\/a><\/li>\n<\/ul>\n<\/div><\/section><\/p><\/div><\/p>\n","protected":false},"excerpt":{"rendered":"","protected":false},"author":94,"featured_media":14390,"parent":0,"menu_order":0,"comment_status":"closed","ping_status":"closed","template":"","meta":{"_bbp_topic_count":0,"_bbp_reply_count":0,"_bbp_total_topic_count":0,"_bbp_total_reply_count":0,"_bbp_voice_count":0,"_bbp_anonymous_reply_count":0,"_bbp_topic_count_hidden":0,"_bbp_reply_count_hidden":0,"_bbp_forum_subforum_count":0,"footnotes":""},"class_list":["post-14536","page","type-page","status-publish","has-post-thumbnail","hentry"],"yoast_head":"<!-- This site is optimized with the Yoast SEO plugin v27.2 - https:\/\/yoast.com\/product\/yoast-seo-wordpress\/ -->\n<title>Sondage sur les soins de sant\u00e9 et les services sociaux - Niagara Ontario Health Team - \u00c9quipe Sant\u00e9 Ontario Niagara<\/title>\n<meta name=\"robots\" content=\"index, follow, max-snippet:-1, max-image-preview:large, max-video-preview:-1\" \/>\n<link rel=\"canonical\" href=\"https:\/\/noht-eson.ca\/fr\/sondage-sur-les-soins-de-sante-et-les-services-sociaux\/\" \/>\n<meta property=\"og:locale\" content=\"fr_FR\" \/>\n<meta property=\"og:type\" content=\"article\" \/>\n<meta property=\"og:title\" content=\"Sondage sur les soins de sant\u00e9 et les services sociaux - Niagara Ontario Health Team - \u00c9quipe Sant\u00e9 Ontario Niagara\" \/>\n<meta property=\"og:url\" content=\"https:\/\/noht-eson.ca\/fr\/sondage-sur-les-soins-de-sante-et-les-services-sociaux\/\" \/>\n<meta property=\"og:site_name\" content=\"Niagara Ontario Health Team - \u00c9quipe Sant\u00e9 Ontario Niagara\" \/>\n<meta property=\"article:publisher\" content=\"https:\/\/facebook.com\/NiagaraOHT\/\" \/>\n<meta property=\"article:modified_time\" content=\"2025-06-16T16:35:26+00:00\" \/>\n<meta property=\"og:image\" content=\"https:\/\/noht-eson.ca\/wp-content\/uploads\/HE-Engagement-Survey-Header.jpg\" \/>\n\t<meta property=\"og:image:width\" content=\"1920\" \/>\n\t<meta property=\"og:image:height\" content=\"1080\" \/>\n\t<meta property=\"og:image:type\" content=\"image\/jpeg\" \/>\n<meta name=\"twitter:card\" content=\"summary_large_image\" \/>\n<meta name=\"twitter:site\" content=\"@niagaraoht\" \/>\n<meta name=\"twitter:label1\" content=\"Dur\u00e9e de lecture estim\u00e9e\" \/>\n\t<meta name=\"twitter:data1\" content=\"2 minutes\" \/>\n<script type=\"application\/ld+json\" class=\"yoast-schema-graph\">{\"@context\":\"https:\/\/schema.org\",\"@graph\":[{\"@type\":\"WebPage\",\"@id\":\"https:\/\/noht-eson.ca\/fr\/sondage-sur-les-soins-de-sante-et-les-services-sociaux\/\",\"url\":\"https:\/\/noht-eson.ca\/fr\/sondage-sur-les-soins-de-sante-et-les-services-sociaux\/\",\"name\":\"Sondage sur les soins de sant\u00e9 et les services sociaux - Niagara Ontario Health Team - \u00c9quipe Sant\u00e9 Ontario Niagara\",\"isPartOf\":{\"@id\":\"https:\/\/noht-eson.ca\/#website\"},\"primaryImageOfPage\":{\"@id\":\"https:\/\/noht-eson.ca\/fr\/sondage-sur-les-soins-de-sante-et-les-services-sociaux\/#primaryimage\"},\"image\":{\"@id\":\"https:\/\/noht-eson.ca\/fr\/sondage-sur-les-soins-de-sante-et-les-services-sociaux\/#primaryimage\"},\"thumbnailUrl\":\"https:\/\/noht-eson.ca\/wp-content\/uploads\/HE-Engagement-Survey-Header.jpg\",\"datePublished\":\"2025-01-07T20:20:27+00:00\",\"dateModified\":\"2025-06-16T16:35:26+00:00\",\"breadcrumb\":{\"@id\":\"https:\/\/noht-eson.ca\/fr\/sondage-sur-les-soins-de-sante-et-les-services-sociaux\/#breadcrumb\"},\"inLanguage\":\"fr-FR\",\"potentialAction\":[{\"@type\":\"ReadAction\",\"target\":[\"https:\/\/noht-eson.ca\/fr\/sondage-sur-les-soins-de-sante-et-les-services-sociaux\/\"]}]},{\"@type\":\"ImageObject\",\"inLanguage\":\"fr-FR\",\"@id\":\"https:\/\/noht-eson.ca\/fr\/sondage-sur-les-soins-de-sante-et-les-services-sociaux\/#primaryimage\",\"url\":\"https:\/\/noht-eson.ca\/wp-content\/uploads\/HE-Engagement-Survey-Header.jpg\",\"contentUrl\":\"https:\/\/noht-eson.ca\/wp-content\/uploads\/HE-Engagement-Survey-Header.jpg\",\"width\":1920,\"height\":1080},{\"@type\":\"BreadcrumbList\",\"@id\":\"https:\/\/noht-eson.ca\/fr\/sondage-sur-les-soins-de-sante-et-les-services-sociaux\/#breadcrumb\",\"itemListElement\":[{\"@type\":\"ListItem\",\"position\":1,\"name\":\"Home\",\"item\":\"https:\/\/noht-eson.ca\/fr\/\"},{\"@type\":\"ListItem\",\"position\":2,\"name\":\"Sondage sur les soins de sant\u00e9 et les services sociaux\"}]},{\"@type\":\"WebSite\",\"@id\":\"https:\/\/noht-eson.ca\/#website\",\"url\":\"https:\/\/noht-eson.ca\/\",\"name\":\"Niagara Ontario Health Team - \u00c9quipe Sant\u00e9 Ontario Niagara\",\"description\":\"Exceptional, connected care, now and for future generations\",\"publisher\":{\"@id\":\"https:\/\/noht-eson.ca\/#organization\"},\"potentialAction\":[{\"@type\":\"SearchAction\",\"target\":{\"@type\":\"EntryPoint\",\"urlTemplate\":\"https:\/\/noht-eson.ca\/?s={search_term_string}\"},\"query-input\":{\"@type\":\"PropertyValueSpecification\",\"valueRequired\":true,\"valueName\":\"search_term_string\"}}],\"inLanguage\":\"fr-FR\"},{\"@type\":\"Organization\",\"@id\":\"https:\/\/noht-eson.ca\/#organization\",\"name\":\"Niagara Ontario Health Team - \u00c9quipe Sant\u00e9 Ontario Niagara\",\"url\":\"https:\/\/noht-eson.ca\/\",\"logo\":{\"@type\":\"ImageObject\",\"inLanguage\":\"fr-FR\",\"@id\":\"https:\/\/noht-eson.ca\/#\/schema\/logo\/image\/\",\"url\":\"https:\/\/noht-eson.ca\/wp-content\/uploads\/NOHT_ESON_Logo_FINAL-1.jpg\",\"contentUrl\":\"https:\/\/noht-eson.ca\/wp-content\/uploads\/NOHT_ESON_Logo_FINAL-1.jpg\",\"width\":1500,\"height\":500,\"caption\":\"Niagara Ontario Health Team - \u00c9quipe Sant\u00e9 Ontario Niagara\"},\"image\":{\"@id\":\"https:\/\/noht-eson.ca\/#\/schema\/logo\/image\/\"},\"sameAs\":[\"https:\/\/facebook.com\/NiagaraOHT\/\",\"https:\/\/x.com\/niagaraoht\"]}]}<\/script>\n<!-- \/ Yoast SEO plugin. -->","yoast_head_json":{"title":"Sondage sur les soins de sant\u00e9 et les services sociaux - Niagara Ontario Health Team - \u00c9quipe Sant\u00e9 Ontario Niagara","robots":{"index":"index","follow":"follow","max-snippet":"max-snippet:-1","max-image-preview":"max-image-preview:large","max-video-preview":"max-video-preview:-1"},"canonical":"https:\/\/noht-eson.ca\/fr\/sondage-sur-les-soins-de-sante-et-les-services-sociaux\/","og_locale":"fr_FR","og_type":"article","og_title":"Sondage sur les soins de sant\u00e9 et les services sociaux - Niagara Ontario Health Team - \u00c9quipe Sant\u00e9 Ontario Niagara","og_url":"https:\/\/noht-eson.ca\/fr\/sondage-sur-les-soins-de-sante-et-les-services-sociaux\/","og_site_name":"Niagara Ontario Health Team - \u00c9quipe Sant\u00e9 Ontario Niagara","article_publisher":"https:\/\/facebook.com\/NiagaraOHT\/","article_modified_time":"2025-06-16T16:35:26+00:00","og_image":[{"width":1920,"height":1080,"url":"https:\/\/noht-eson.ca\/wp-content\/uploads\/HE-Engagement-Survey-Header.jpg","type":"image\/jpeg"}],"twitter_card":"summary_large_image","twitter_site":"@niagaraoht","twitter_misc":{"Dur\u00e9e de lecture estim\u00e9e":"2 minutes"},"schema":{"@context":"https:\/\/schema.org","@graph":[{"@type":"WebPage","@id":"https:\/\/noht-eson.ca\/fr\/sondage-sur-les-soins-de-sante-et-les-services-sociaux\/","url":"https:\/\/noht-eson.ca\/fr\/sondage-sur-les-soins-de-sante-et-les-services-sociaux\/","name":"Sondage sur les soins de sant\u00e9 et les services sociaux - Niagara Ontario Health Team - \u00c9quipe Sant\u00e9 Ontario Niagara","isPartOf":{"@id":"https:\/\/noht-eson.ca\/#website"},"primaryImageOfPage":{"@id":"https:\/\/noht-eson.ca\/fr\/sondage-sur-les-soins-de-sante-et-les-services-sociaux\/#primaryimage"},"image":{"@id":"https:\/\/noht-eson.ca\/fr\/sondage-sur-les-soins-de-sante-et-les-services-sociaux\/#primaryimage"},"thumbnailUrl":"https:\/\/noht-eson.ca\/wp-content\/uploads\/HE-Engagement-Survey-Header.jpg","datePublished":"2025-01-07T20:20:27+00:00","dateModified":"2025-06-16T16:35:26+00:00","breadcrumb":{"@id":"https:\/\/noht-eson.ca\/fr\/sondage-sur-les-soins-de-sante-et-les-services-sociaux\/#breadcrumb"},"inLanguage":"fr-FR","potentialAction":[{"@type":"ReadAction","target":["https:\/\/noht-eson.ca\/fr\/sondage-sur-les-soins-de-sante-et-les-services-sociaux\/"]}]},{"@type":"ImageObject","inLanguage":"fr-FR","@id":"https:\/\/noht-eson.ca\/fr\/sondage-sur-les-soins-de-sante-et-les-services-sociaux\/#primaryimage","url":"https:\/\/noht-eson.ca\/wp-content\/uploads\/HE-Engagement-Survey-Header.jpg","contentUrl":"https:\/\/noht-eson.ca\/wp-content\/uploads\/HE-Engagement-Survey-Header.jpg","width":1920,"height":1080},{"@type":"BreadcrumbList","@id":"https:\/\/noht-eson.ca\/fr\/sondage-sur-les-soins-de-sante-et-les-services-sociaux\/#breadcrumb","itemListElement":[{"@type":"ListItem","position":1,"name":"Home","item":"https:\/\/noht-eson.ca\/fr\/"},{"@type":"ListItem","position":2,"name":"Sondage sur les soins de sant\u00e9 et les services sociaux"}]},{"@type":"WebSite","@id":"https:\/\/noht-eson.ca\/#website","url":"https:\/\/noht-eson.ca\/","name":"Niagara Ontario Health Team - \u00c9quipe Sant\u00e9 Ontario Niagara","description":"Exceptional, connected care, now and for future generations","publisher":{"@id":"https:\/\/noht-eson.ca\/#organization"},"potentialAction":[{"@type":"SearchAction","target":{"@type":"EntryPoint","urlTemplate":"https:\/\/noht-eson.ca\/?s={search_term_string}"},"query-input":{"@type":"PropertyValueSpecification","valueRequired":true,"valueName":"search_term_string"}}],"inLanguage":"fr-FR"},{"@type":"Organization","@id":"https:\/\/noht-eson.ca\/#organization","name":"Niagara Ontario Health Team - \u00c9quipe Sant\u00e9 Ontario Niagara","url":"https:\/\/noht-eson.ca\/","logo":{"@type":"ImageObject","inLanguage":"fr-FR","@id":"https:\/\/noht-eson.ca\/#\/schema\/logo\/image\/","url":"https:\/\/noht-eson.ca\/wp-content\/uploads\/NOHT_ESON_Logo_FINAL-1.jpg","contentUrl":"https:\/\/noht-eson.ca\/wp-content\/uploads\/NOHT_ESON_Logo_FINAL-1.jpg","width":1500,"height":500,"caption":"Niagara Ontario Health Team - \u00c9quipe Sant\u00e9 Ontario Niagara"},"image":{"@id":"https:\/\/noht-eson.ca\/#\/schema\/logo\/image\/"},"sameAs":["https:\/\/facebook.com\/NiagaraOHT\/","https:\/\/x.com\/niagaraoht"]}]}},"_links":{"self":[{"href":"https:\/\/noht-eson.ca\/fr\/wp-json\/wp\/v2\/pages\/14536","targetHints":{"allow":["GET"]}}],"collection":[{"href":"https:\/\/noht-eson.ca\/fr\/wp-json\/wp\/v2\/pages"}],"about":[{"href":"https:\/\/noht-eson.ca\/fr\/wp-json\/wp\/v2\/types\/page"}],"author":[{"embeddable":true,"href":"https:\/\/noht-eson.ca\/fr\/wp-json\/wp\/v2\/users\/94"}],"replies":[{"embeddable":true,"href":"https:\/\/noht-eson.ca\/fr\/wp-json\/wp\/v2\/comments?post=14536"}],"version-history":[{"count":10,"href":"https:\/\/noht-eson.ca\/fr\/wp-json\/wp\/v2\/pages\/14536\/revisions"}],"predecessor-version":[{"id":15385,"href":"https:\/\/noht-eson.ca\/fr\/wp-json\/wp\/v2\/pages\/14536\/revisions\/15385"}],"wp:featuredmedia":[{"embeddable":true,"href":"https:\/\/noht-eson.ca\/fr\/wp-json\/wp\/v2\/media\/14390"}],"wp:attachment":[{"href":"https:\/\/noht-eson.ca\/fr\/wp-json\/wp\/v2\/media?parent=14536"}],"curies":[{"name":"wp","href":"https:\/\/api.w.org\/{rel}","templated":true}]}}