{"id":1451,"date":"2022-02-25T03:37:34","date_gmt":"2022-02-25T03:37:34","guid":{"rendered":"http:\/\/noht-eson.ca\/?page_id=1451"},"modified":"2023-09-26T12:13:06","modified_gmt":"2023-09-26T16:13:06","slug":"qui-nous-sommes","status":"publish","type":"page","link":"https:\/\/noht-eson.ca\/fr\/qui-nous-sommes\/","title":{"rendered":"Qui Nous Sommes"},"content":{"rendered":"<section  class='av_textblock_section av-l01v5u62-6be07079d196f167023c750ab8cccaeb '   itemscope=\"itemscope\" itemtype=\"https:\/\/schema.org\/CreativeWork\" ><div class='avia_textblock'  itemprop=\"text\" ><p>L\u2019\u00e9quipe Niagara Ontario Health &#8211; \u00c9quipe Sant\u00e9 Ontario Niagara (NOHT-\u00c9SON) est un partenariat des fournisseurs de soins de sant\u00e9 de la r\u00e9gion de Niagara organis\u00e9 dans le cadre de l\u2019initiative \u00c9quipes Sant\u00e9 Ontario de la province.<\/p>\n<p>Ensemble, les membres de NOHT-\u00c9SON travaillent \u00e0 cr\u00e9er un syst\u00e8me de soins de sant\u00e9 inclusif et efficace, qui int\u00e8gre et simplifie la prestation des services de soins de sant\u00e9, ce qui facilite l\u2019acc\u00e8s des r\u00e9sidents de Niagara aux soins dont ils ont besoin et am\u00e9liore l\u2019exp\u00e9rience globale et les r\u00e9sultats en mati\u00e8re de sant\u00e9 pour les r\u00e9sidents de la r\u00e9gion de Niagara.<\/p>\n<p>Nous comptons parmi nos membres presque tous les types d\u2019organisations de soins de sant\u00e9 de la r\u00e9gion, y compris des \u00e9tablissements universitaires, des fournisseurs de soins hospitaliers pr\u00e9cis et complexes, des centres de sant\u00e9 communautaire, des organismes de soutien communautaire, des fournisseurs de services de sant\u00e9 et de services sociaux autochtones, des fournisseurs de soins de sant\u00e9 mentale et de traitement des d\u00e9pendances, les fournisseurs de soins primaires, les fournisseurs de services de r\u00e9adaptation et de soins complexes, les organismes de soutien de langue fran\u00e7aise et plusieurs minist\u00e8res de la r\u00e9gion de Niagara.<\/p>\n<p>Les membres comprennent \u00e9galement des repr\u00e9sentants des patients\/clients\/familles\/soignants (PCFS) qui veillent \u00e0 ce que les perspectives des personnes ayant une exp\u00e9rience v\u00e9cue de l&rsquo;acc\u00e8s aux services de sant\u00e9 et aux services sociaux dans la r\u00e9gion de Niagara soient prises en compte.<\/p>\n<p>En plus d\u2019am\u00e9liorer la sant\u00e9 des r\u00e9sidents de Niagara, le NOHT-\u00c9SON sert \u00e9galement de plateforme pour faire progresser les connaissances institutionnelles de ses membres, maintenir des communications efficaces avec le public et offrir aux organisations de soins de sant\u00e9 une voix unifi\u00e9e pour r\u00e9pondre aux pr\u00e9occupations des r\u00e9sidents de la r\u00e9gion de Niagara en mati\u00e8re de sant\u00e9.<\/p>\n<\/div><\/section>\n","protected":false},"excerpt":{"rendered":"","protected":false},"author":92,"featured_media":864,"parent":0,"menu_order":0,"comment_status":"closed","ping_status":"closed","template":"","meta":{"_bbp_topic_count":0,"_bbp_reply_count":0,"_bbp_total_topic_count":0,"_bbp_total_reply_count":0,"_bbp_voice_count":0,"_bbp_anonymous_reply_count":0,"_bbp_topic_count_hidden":0,"_bbp_reply_count_hidden":0,"_bbp_forum_subforum_count":0,"footnotes":""},"class_list":["post-1451","page","type-page","status-publish","has-post-thumbnail","hentry"],"yoast_head":"<!-- This site is optimized with the Yoast SEO plugin v27.2 - https:\/\/yoast.com\/product\/yoast-seo-wordpress\/ -->\n<title>Qui Nous Sommes - Niagara Ontario Health Team - \u00c9quipe Sant\u00e9 Ontario Niagara<\/title>\n<meta name=\"robots\" content=\"index, follow, max-snippet:-1, max-image-preview:large, max-video-preview:-1\" \/>\n<link rel=\"canonical\" href=\"https:\/\/noht-eson.ca\/fr\/qui-nous-sommes\/\" \/>\n<meta property=\"og:locale\" content=\"fr_FR\" \/>\n<meta property=\"og:type\" content=\"article\" \/>\n<meta property=\"og:title\" content=\"Qui Nous Sommes - Niagara Ontario Health Team - \u00c9quipe Sant\u00e9 Ontario Niagara\" \/>\n<meta property=\"og:url\" content=\"https:\/\/noht-eson.ca\/fr\/qui-nous-sommes\/\" \/>\n<meta property=\"og:site_name\" content=\"Niagara Ontario Health Team - \u00c9quipe Sant\u00e9 Ontario Niagara\" \/>\n<meta property=\"article:publisher\" content=\"https:\/\/facebook.com\/NiagaraOHT\/\" \/>\n<meta property=\"article:modified_time\" content=\"2023-09-26T16:13:06+00:00\" \/>\n<meta property=\"og:image\" content=\"https:\/\/noht-eson.ca\/wp-content\/uploads\/Depositphotos_299147168_XL.jpg\" \/>\n\t<meta property=\"og:image:width\" content=\"1400\" \/>\n\t<meta property=\"og:image:height\" content=\"933\" \/>\n\t<meta property=\"og:image:type\" content=\"image\/jpeg\" \/>\n<meta name=\"twitter:card\" content=\"summary_large_image\" \/>\n<meta name=\"twitter:site\" content=\"@niagaraoht\" \/>\n<meta name=\"twitter:label1\" content=\"Dur\u00e9e de lecture estim\u00e9e\" \/>\n\t<meta name=\"twitter:data1\" content=\"2 minutes\" \/>\n<script type=\"application\/ld+json\" class=\"yoast-schema-graph\">{\"@context\":\"https:\/\/schema.org\",\"@graph\":[{\"@type\":\"WebPage\",\"@id\":\"https:\/\/noht-eson.ca\/fr\/qui-nous-sommes\/\",\"url\":\"https:\/\/noht-eson.ca\/fr\/qui-nous-sommes\/\",\"name\":\"Qui Nous Sommes - Niagara Ontario Health Team - \u00c9quipe Sant\u00e9 Ontario Niagara\",\"isPartOf\":{\"@id\":\"https:\/\/noht-eson.ca\/#website\"},\"primaryImageOfPage\":{\"@id\":\"https:\/\/noht-eson.ca\/fr\/qui-nous-sommes\/#primaryimage\"},\"image\":{\"@id\":\"https:\/\/noht-eson.ca\/fr\/qui-nous-sommes\/#primaryimage\"},\"thumbnailUrl\":\"https:\/\/noht-eson.ca\/wp-content\/uploads\/Depositphotos_299147168_XL.jpg\",\"datePublished\":\"2022-02-25T03:37:34+00:00\",\"dateModified\":\"2023-09-26T16:13:06+00:00\",\"breadcrumb\":{\"@id\":\"https:\/\/noht-eson.ca\/fr\/qui-nous-sommes\/#breadcrumb\"},\"inLanguage\":\"fr-FR\",\"potentialAction\":[{\"@type\":\"ReadAction\",\"target\":[\"https:\/\/noht-eson.ca\/fr\/qui-nous-sommes\/\"]}]},{\"@type\":\"ImageObject\",\"inLanguage\":\"fr-FR\",\"@id\":\"https:\/\/noht-eson.ca\/fr\/qui-nous-sommes\/#primaryimage\",\"url\":\"https:\/\/noht-eson.ca\/wp-content\/uploads\/Depositphotos_299147168_XL.jpg\",\"contentUrl\":\"https:\/\/noht-eson.ca\/wp-content\/uploads\/Depositphotos_299147168_XL.jpg\",\"width\":1400,\"height\":933},{\"@type\":\"BreadcrumbList\",\"@id\":\"https:\/\/noht-eson.ca\/fr\/qui-nous-sommes\/#breadcrumb\",\"itemListElement\":[{\"@type\":\"ListItem\",\"position\":1,\"name\":\"Home\",\"item\":\"https:\/\/noht-eson.ca\/fr\/\"},{\"@type\":\"ListItem\",\"position\":2,\"name\":\"Qui Nous Sommes\"}]},{\"@type\":\"WebSite\",\"@id\":\"https:\/\/noht-eson.ca\/#website\",\"url\":\"https:\/\/noht-eson.ca\/\",\"name\":\"Niagara Ontario Health Team - \u00c9quipe Sant\u00e9 Ontario Niagara\",\"description\":\"Exceptional, connected care, now and for future generations\",\"publisher\":{\"@id\":\"https:\/\/noht-eson.ca\/#organization\"},\"potentialAction\":[{\"@type\":\"SearchAction\",\"target\":{\"@type\":\"EntryPoint\",\"urlTemplate\":\"https:\/\/noht-eson.ca\/?s={search_term_string}\"},\"query-input\":{\"@type\":\"PropertyValueSpecification\",\"valueRequired\":true,\"valueName\":\"search_term_string\"}}],\"inLanguage\":\"fr-FR\"},{\"@type\":\"Organization\",\"@id\":\"https:\/\/noht-eson.ca\/#organization\",\"name\":\"Niagara Ontario Health Team - \u00c9quipe Sant\u00e9 Ontario Niagara\",\"url\":\"https:\/\/noht-eson.ca\/\",\"logo\":{\"@type\":\"ImageObject\",\"inLanguage\":\"fr-FR\",\"@id\":\"https:\/\/noht-eson.ca\/#\/schema\/logo\/image\/\",\"url\":\"https:\/\/noht-eson.ca\/wp-content\/uploads\/NOHT_ESON_Logo_FINAL-1.jpg\",\"contentUrl\":\"https:\/\/noht-eson.ca\/wp-content\/uploads\/NOHT_ESON_Logo_FINAL-1.jpg\",\"width\":1500,\"height\":500,\"caption\":\"Niagara Ontario Health Team - \u00c9quipe Sant\u00e9 Ontario Niagara\"},\"image\":{\"@id\":\"https:\/\/noht-eson.ca\/#\/schema\/logo\/image\/\"},\"sameAs\":[\"https:\/\/facebook.com\/NiagaraOHT\/\",\"https:\/\/x.com\/niagaraoht\"]}]}<\/script>\n<!-- \/ Yoast SEO plugin. -->","yoast_head_json":{"title":"Qui Nous Sommes - Niagara Ontario Health Team - \u00c9quipe Sant\u00e9 Ontario Niagara","robots":{"index":"index","follow":"follow","max-snippet":"max-snippet:-1","max-image-preview":"max-image-preview:large","max-video-preview":"max-video-preview:-1"},"canonical":"https:\/\/noht-eson.ca\/fr\/qui-nous-sommes\/","og_locale":"fr_FR","og_type":"article","og_title":"Qui Nous Sommes - Niagara Ontario Health Team - \u00c9quipe Sant\u00e9 Ontario Niagara","og_url":"https:\/\/noht-eson.ca\/fr\/qui-nous-sommes\/","og_site_name":"Niagara Ontario Health Team - \u00c9quipe Sant\u00e9 Ontario Niagara","article_publisher":"https:\/\/facebook.com\/NiagaraOHT\/","article_modified_time":"2023-09-26T16:13:06+00:00","og_image":[{"width":1400,"height":933,"url":"https:\/\/noht-eson.ca\/wp-content\/uploads\/Depositphotos_299147168_XL.jpg","type":"image\/jpeg"}],"twitter_card":"summary_large_image","twitter_site":"@niagaraoht","twitter_misc":{"Dur\u00e9e de lecture estim\u00e9e":"2 minutes"},"schema":{"@context":"https:\/\/schema.org","@graph":[{"@type":"WebPage","@id":"https:\/\/noht-eson.ca\/fr\/qui-nous-sommes\/","url":"https:\/\/noht-eson.ca\/fr\/qui-nous-sommes\/","name":"Qui Nous Sommes - Niagara Ontario Health Team - \u00c9quipe Sant\u00e9 Ontario Niagara","isPartOf":{"@id":"https:\/\/noht-eson.ca\/#website"},"primaryImageOfPage":{"@id":"https:\/\/noht-eson.ca\/fr\/qui-nous-sommes\/#primaryimage"},"image":{"@id":"https:\/\/noht-eson.ca\/fr\/qui-nous-sommes\/#primaryimage"},"thumbnailUrl":"https:\/\/noht-eson.ca\/wp-content\/uploads\/Depositphotos_299147168_XL.jpg","datePublished":"2022-02-25T03:37:34+00:00","dateModified":"2023-09-26T16:13:06+00:00","breadcrumb":{"@id":"https:\/\/noht-eson.ca\/fr\/qui-nous-sommes\/#breadcrumb"},"inLanguage":"fr-FR","potentialAction":[{"@type":"ReadAction","target":["https:\/\/noht-eson.ca\/fr\/qui-nous-sommes\/"]}]},{"@type":"ImageObject","inLanguage":"fr-FR","@id":"https:\/\/noht-eson.ca\/fr\/qui-nous-sommes\/#primaryimage","url":"https:\/\/noht-eson.ca\/wp-content\/uploads\/Depositphotos_299147168_XL.jpg","contentUrl":"https:\/\/noht-eson.ca\/wp-content\/uploads\/Depositphotos_299147168_XL.jpg","width":1400,"height":933},{"@type":"BreadcrumbList","@id":"https:\/\/noht-eson.ca\/fr\/qui-nous-sommes\/#breadcrumb","itemListElement":[{"@type":"ListItem","position":1,"name":"Home","item":"https:\/\/noht-eson.ca\/fr\/"},{"@type":"ListItem","position":2,"name":"Qui Nous Sommes"}]},{"@type":"WebSite","@id":"https:\/\/noht-eson.ca\/#website","url":"https:\/\/noht-eson.ca\/","name":"Niagara Ontario Health Team - \u00c9quipe Sant\u00e9 Ontario Niagara","description":"Exceptional, connected care, now and for future generations","publisher":{"@id":"https:\/\/noht-eson.ca\/#organization"},"potentialAction":[{"@type":"SearchAction","target":{"@type":"EntryPoint","urlTemplate":"https:\/\/noht-eson.ca\/?s={search_term_string}"},"query-input":{"@type":"PropertyValueSpecification","valueRequired":true,"valueName":"search_term_string"}}],"inLanguage":"fr-FR"},{"@type":"Organization","@id":"https:\/\/noht-eson.ca\/#organization","name":"Niagara Ontario Health Team - \u00c9quipe Sant\u00e9 Ontario Niagara","url":"https:\/\/noht-eson.ca\/","logo":{"@type":"ImageObject","inLanguage":"fr-FR","@id":"https:\/\/noht-eson.ca\/#\/schema\/logo\/image\/","url":"https:\/\/noht-eson.ca\/wp-content\/uploads\/NOHT_ESON_Logo_FINAL-1.jpg","contentUrl":"https:\/\/noht-eson.ca\/wp-content\/uploads\/NOHT_ESON_Logo_FINAL-1.jpg","width":1500,"height":500,"caption":"Niagara Ontario Health Team - \u00c9quipe Sant\u00e9 Ontario Niagara"},"image":{"@id":"https:\/\/noht-eson.ca\/#\/schema\/logo\/image\/"},"sameAs":["https:\/\/facebook.com\/NiagaraOHT\/","https:\/\/x.com\/niagaraoht"]}]}},"_links":{"self":[{"href":"https:\/\/noht-eson.ca\/fr\/wp-json\/wp\/v2\/pages\/1451","targetHints":{"allow":["GET"]}}],"collection":[{"href":"https:\/\/noht-eson.ca\/fr\/wp-json\/wp\/v2\/pages"}],"about":[{"href":"https:\/\/noht-eson.ca\/fr\/wp-json\/wp\/v2\/types\/page"}],"author":[{"embeddable":true,"href":"https:\/\/noht-eson.ca\/fr\/wp-json\/wp\/v2\/users\/92"}],"replies":[{"embeddable":true,"href":"https:\/\/noht-eson.ca\/fr\/wp-json\/wp\/v2\/comments?post=1451"}],"version-history":[{"count":2,"href":"https:\/\/noht-eson.ca\/fr\/wp-json\/wp\/v2\/pages\/1451\/revisions"}],"predecessor-version":[{"id":9893,"href":"https:\/\/noht-eson.ca\/fr\/wp-json\/wp\/v2\/pages\/1451\/revisions\/9893"}],"wp:featuredmedia":[{"embeddable":true,"href":"https:\/\/noht-eson.ca\/fr\/wp-json\/wp\/v2\/media\/864"}],"wp:attachment":[{"href":"https:\/\/noht-eson.ca\/fr\/wp-json\/wp\/v2\/media?parent=1451"}],"curies":[{"name":"wp","href":"https:\/\/api.w.org\/{rel}","templated":true}]}}