{"id":14115,"date":"2024-12-06T16:06:36","date_gmt":"2024-12-06T21:06:36","guid":{"rendered":"https:\/\/noht-eson.ca\/seasonal-illnesses\/"},"modified":"2024-12-09T21:56:07","modified_gmt":"2024-12-10T02:56:07","slug":"maladies-saisonnieres","status":"publish","type":"page","link":"https:\/\/noht-eson.ca\/fr\/maladies-saisonnieres\/","title":{"rendered":"Maladies saisonni\u00e8res"},"content":{"rendered":"<div  class='flex_column av-11c4i52-a159e871ef407316e46316f608320623 av_two_third  avia-builder-el-0  el_before_av_one_third  avia-builder-el-first  first flex_column_div  '     ><section  class='av_textblock_section av-m4d86u6u-a3b8242b819b14e0166c6571f5b0e1e0 '   itemscope=\"itemscope\" itemtype=\"https:\/\/schema.org\/CreativeWork\" ><div class='avia_textblock'  itemprop=\"text\" ><p>Puisque le temps se refroidit, il est plus important que jamais de prendre des mesures<br \/>\nproactives pour se prot\u00e9ger et prot\u00e9ger les autres contre les maladies saisonni\u00e8res :<\/p>\n<h4>Rester inform\u00e9<\/h4>\n<p>Comprendre les sympt\u00f4mes des maladies respiratoires courantes et savoir quand consulter.<\/p>\n<h4>Adopter une bonne hygi\u00e8ne<\/h4>\n<p>Des mesures simples comme rester chez soi lorsqu\u2019on ne se sent pas bien, se laver fr\u00e9quemment les mains et se couvrir la bouche lorsqu\u2019on tousse ou \u00e9ternue peuvent grandement contribuer \u00e0 r\u00e9duire la propagation des maladies.<\/p>\n<h4>Se faire vacciner<\/h4>\n<p>Les vaccins vous prot\u00e8gent et att\u00e9nuent la pression exerc\u00e9e sur votre syst\u00e8me de sant\u00e9, ce qui nous permet de fournir des soins \u00e0 tout le monde rapidement. Le vaccin contre la grippe est la meilleure d\u00e9fense contre cette maladie, en particulier pour les personnes immunod\u00e9prim\u00e9es, les personnes \u00e2g\u00e9es et les autres personnes vuln\u00e9rables.<\/p>\n<p>Consultez la <a href=\"https:\/\/www.niagararegion.ca\/health\/vaccinations\/default.aspx\" target=\"_blank\" rel=\"noopener\"><strong>page Web<\/strong><\/a> (en anglais seulement) du service de sant\u00e9 publique de la r\u00e9gion de Niagara pour savoir o\u00f9 obtenir des vaccins pour vous et vos proches.<\/p>\n<h4>Connaissez vos options<\/h4>\n<p>Le personnel et les m\u00e9decins des services des urgences s\u2019efforcent de fournir rapidement \u00e0 tous les patients des soins s\u00e9curitaires et de qualit\u00e9. Cependant, les temps d\u2019attente, comme dans tous les services des urgences de l\u2019Ontario, peuvent \u00eatre longs pour les personnes ayant des probl\u00e8mes moins graves. S\u2019il ne s\u2019agit pas d\u2019une urgence, consultez votre m\u00e9decin de famille, allez dans une clinique sans rendez-vous ou prenez un rendez-vous virtuel avec <a href=\"https:\/\/www.urgentcareontario.ca\/\" target=\"_blank\" rel=\"noopener\"><strong>Urgent Care Ontario<\/strong><\/a> (en anglais seulement). Les pharmaciens peuvent \u00e9galement aider \u00e0 soigner de nombreux malaises.<\/p>\n<h4>N&rsquo;oubliez pas<\/h4>\n<p>Explorez les ressources communautaires avec l&rsquo;<a href=\"https:\/\/noht-eson.ca\/fr\/explorateur-de-ressources\/\" target=\"_blank\" rel=\"noopener\"><strong>Explorateur de ressources<\/strong><\/a> de la NOHT-\u00c9SON.<\/p>\n<\/div><\/section><\/div><div  class='flex_column av-ima3o6-4405292e36583414b7eb7b23e0bca4a1 av_one_third  avia-builder-el-2  el_after_av_two_third  avia-builder-el-last  flex_column_div  '     ><p>\n<style type=\"text\/css\" data-created_by=\"avia_inline_auto\" id=\"style-css-av-m4d8kh8a-fc0ec2ecbd3ad24ff995eb8537ea32d8\">\n@keyframes av_boxShadowEffect_av-m4d8kh8a-fc0ec2ecbd3ad24ff995eb8537ea32d8 {\n0%   { box-shadow:  0 0 0 0 #0a0a0a; opacity: 1; }\n100% { box-shadow:  0 0 10px 0 #0a0a0a; opacity: 1; }\n}\n.avia-image-container.av-m4d8kh8a-fc0ec2ecbd3ad24ff995eb8537ea32d8 img.avia_image{\nbox-shadow: 0 0 10px 0 #0a0a0a;\n}\n.avia-image-container.av-m4d8kh8a-fc0ec2ecbd3ad24ff995eb8537ea32d8 .av-image-caption-overlay-center{\ncolor:#ffffff;\n}\n<\/style>\n<div  class='avia-image-container av-m4d8kh8a-fc0ec2ecbd3ad24ff995eb8537ea32d8 av-styling- av-img-linked avia-align-center  avia-builder-el-3  el_before_av_hr  avia-builder-el-first  av-img-box-shadow av-box-shadow-not-animated'   itemprop=\"image\" itemscope=\"itemscope\" itemtype=\"https:\/\/schema.org\/ImageObject\" ><div class=\"avia-image-container-inner\"><div class=\"avia-image-overlay-wrap\"><a href=\"https:\/\/noht-eson.ca\/wp-content\/uploads\/SN-Connaissez-vos-options-FR.pdf\" class='avia_image '  target=\"_blank\"  rel=\"noopener noreferrer\" aria-label='Affiche - Connaissez vos options'><img decoding=\"async\" fetchpriority=\"high\" class='wp-image-14126 avia-img-lazy-loading-not-14126 avia_image shadow-not-animated' src=\"https:\/\/noht-eson.ca\/wp-content\/uploads\/Screenshot-2024-12-09-at-9.50.00\u202fPM-245x300.png\" alt='Affiche - Connaissez vos options' title='Affiche - Connaissez vos options'  height=\"300\" width=\"245\"  itemprop=\"thumbnailUrl\" srcset=\"https:\/\/noht-eson.ca\/wp-content\/uploads\/Screenshot-2024-12-09-at-9.50.00\u202fPM-245x300.png 245w, https:\/\/noht-eson.ca\/wp-content\/uploads\/Screenshot-2024-12-09-at-9.50.00\u202fPM-841x1030.png 841w, https:\/\/noht-eson.ca\/wp-content\/uploads\/Screenshot-2024-12-09-at-9.50.00\u202fPM-768x941.png 768w, https:\/\/noht-eson.ca\/wp-content\/uploads\/Screenshot-2024-12-09-at-9.50.00\u202fPM-1254x1536.png 1254w, https:\/\/noht-eson.ca\/wp-content\/uploads\/Screenshot-2024-12-09-at-9.50.00\u202fPM-1225x1500.png 1225w, https:\/\/noht-eson.ca\/wp-content\/uploads\/Screenshot-2024-12-09-at-9.50.00\u202fPM-576x705.png 576w, https:\/\/noht-eson.ca\/wp-content\/uploads\/Screenshot-2024-12-09-at-9.50.00\u202fPM.png 1478w\" sizes=\"(max-width: 245px) 100vw, 245px\" \/><\/a><\/div><\/div><\/div><br \/>\n\n<style type=\"text\/css\" data-created_by=\"avia_inline_auto\" id=\"style-css-av-m4d8f8ce-e1adbca43ff38e86e0e82c7d582dd455\">\n#top .hr.hr-invisible.av-m4d8f8ce-e1adbca43ff38e86e0e82c7d582dd455{\nheight:20px;\n}\n<\/style>\n<div  class='hr av-m4d8f8ce-e1adbca43ff38e86e0e82c7d582dd455 hr-invisible  avia-builder-el-4  el_after_av_image  el_before_av_textblock '><span class='hr-inner '><span class=\"hr-inner-style\"><\/span><\/span><\/div><br \/>\n<section  class='av_textblock_section av-m4d8ecqz-52b8c44b3a33a129b987e8d48f7c56c7 '   itemscope=\"itemscope\" itemtype=\"https:\/\/schema.org\/CreativeWork\" ><div class='avia_textblock'  itemprop=\"text\" ><p>Sant\u00e9 Niagara a cr\u00e9\u00e9 l&rsquo;affiche Connaissez vos options, une ressource utile pour vous guider dans le choix de la bonne option de soins.<\/p>\n<p>Elle explique quand consulter son prestataire de soins primaires, se rendre dans un centre de soins urgents ou se rendre au service des urgences le plus proche.<\/p>\n<p>Cliquez sur l&rsquo;image ci-dessus pour consulter le d\u00e9pliant et rester inform\u00e9 !<\/p>\n<\/div><\/section><\/p><\/div><\/p>\n","protected":false},"excerpt":{"rendered":"","protected":false},"author":94,"featured_media":14112,"parent":0,"menu_order":0,"comment_status":"closed","ping_status":"closed","template":"","meta":{"_bbp_topic_count":0,"_bbp_reply_count":0,"_bbp_total_topic_count":0,"_bbp_total_reply_count":0,"_bbp_voice_count":0,"_bbp_anonymous_reply_count":0,"_bbp_topic_count_hidden":0,"_bbp_reply_count_hidden":0,"_bbp_forum_subforum_count":0,"footnotes":""},"class_list":["post-14115","page","type-page","status-publish","has-post-thumbnail","hentry"],"yoast_head":"<!-- This site is optimized with the Yoast SEO plugin v27.4 - https:\/\/yoast.com\/product\/yoast-seo-wordpress\/ -->\n<title>Maladies saisonni\u00e8res - Niagara Ontario Health Team - \u00c9quipe Sant\u00e9 Ontario Niagara<\/title>\n<meta name=\"robots\" content=\"index, follow, max-snippet:-1, max-image-preview:large, max-video-preview:-1\" \/>\n<link rel=\"canonical\" href=\"https:\/\/noht-eson.ca\/fr\/maladies-saisonnieres\/\" \/>\n<meta property=\"og:locale\" content=\"fr_FR\" \/>\n<meta property=\"og:type\" content=\"article\" \/>\n<meta property=\"og:title\" content=\"Maladies saisonni\u00e8res - Niagara Ontario Health Team - \u00c9quipe Sant\u00e9 Ontario Niagara\" \/>\n<meta property=\"og:url\" content=\"https:\/\/noht-eson.ca\/fr\/maladies-saisonnieres\/\" \/>\n<meta property=\"og:site_name\" content=\"Niagara Ontario Health Team - \u00c9quipe Sant\u00e9 Ontario Niagara\" \/>\n<meta property=\"article:publisher\" content=\"https:\/\/facebook.com\/NiagaraOHT\/\" \/>\n<meta property=\"article:modified_time\" content=\"2024-12-10T02:56:07+00:00\" \/>\n<meta property=\"og:image\" content=\"https:\/\/noht-eson.ca\/wp-content\/uploads\/Ill-Boy-Seasonal-Illness-Webpage-1030x579.png\" \/>\n\t<meta property=\"og:image:width\" content=\"1030\" \/>\n\t<meta property=\"og:image:height\" content=\"579\" \/>\n\t<meta property=\"og:image:type\" content=\"image\/png\" \/>\n<meta name=\"twitter:card\" content=\"summary_large_image\" \/>\n<meta name=\"twitter:site\" content=\"@niagaraoht\" \/>\n<meta name=\"twitter:label1\" content=\"Dur\u00e9e de lecture estim\u00e9e\" \/>\n\t<meta name=\"twitter:data1\" content=\"2 minutes\" \/>\n<script type=\"application\/ld+json\" class=\"yoast-schema-graph\">{\"@context\":\"https:\\\/\\\/schema.org\",\"@graph\":[{\"@type\":\"WebPage\",\"@id\":\"https:\\\/\\\/noht-eson.ca\\\/fr\\\/maladies-saisonnieres\\\/\",\"url\":\"https:\\\/\\\/noht-eson.ca\\\/fr\\\/maladies-saisonnieres\\\/\",\"name\":\"Maladies saisonni\u00e8res - Niagara Ontario Health Team - \u00c9quipe Sant\u00e9 Ontario Niagara\",\"isPartOf\":{\"@id\":\"https:\\\/\\\/noht-eson.ca\\\/#website\"},\"primaryImageOfPage\":{\"@id\":\"https:\\\/\\\/noht-eson.ca\\\/fr\\\/maladies-saisonnieres\\\/#primaryimage\"},\"image\":{\"@id\":\"https:\\\/\\\/noht-eson.ca\\\/fr\\\/maladies-saisonnieres\\\/#primaryimage\"},\"thumbnailUrl\":\"https:\\\/\\\/noht-eson.ca\\\/wp-content\\\/uploads\\\/Ill-Boy-Seasonal-Illness-Webpage.png\",\"datePublished\":\"2024-12-06T21:06:36+00:00\",\"dateModified\":\"2024-12-10T02:56:07+00:00\",\"breadcrumb\":{\"@id\":\"https:\\\/\\\/noht-eson.ca\\\/fr\\\/maladies-saisonnieres\\\/#breadcrumb\"},\"inLanguage\":\"fr-FR\",\"potentialAction\":[{\"@type\":\"ReadAction\",\"target\":[\"https:\\\/\\\/noht-eson.ca\\\/fr\\\/maladies-saisonnieres\\\/\"]}]},{\"@type\":\"ImageObject\",\"inLanguage\":\"fr-FR\",\"@id\":\"https:\\\/\\\/noht-eson.ca\\\/fr\\\/maladies-saisonnieres\\\/#primaryimage\",\"url\":\"https:\\\/\\\/noht-eson.ca\\\/wp-content\\\/uploads\\\/Ill-Boy-Seasonal-Illness-Webpage.png\",\"contentUrl\":\"https:\\\/\\\/noht-eson.ca\\\/wp-content\\\/uploads\\\/Ill-Boy-Seasonal-Illness-Webpage.png\",\"width\":1920,\"height\":1080,\"caption\":\"Boy who is ill around the holiday season.\"},{\"@type\":\"BreadcrumbList\",\"@id\":\"https:\\\/\\\/noht-eson.ca\\\/fr\\\/maladies-saisonnieres\\\/#breadcrumb\",\"itemListElement\":[{\"@type\":\"ListItem\",\"position\":1,\"name\":\"Home\",\"item\":\"https:\\\/\\\/noht-eson.ca\\\/fr\\\/\"},{\"@type\":\"ListItem\",\"position\":2,\"name\":\"Maladies saisonni\u00e8res\"}]},{\"@type\":\"WebSite\",\"@id\":\"https:\\\/\\\/noht-eson.ca\\\/#website\",\"url\":\"https:\\\/\\\/noht-eson.ca\\\/\",\"name\":\"Niagara Ontario Health Team - \u00c9quipe Sant\u00e9 Ontario Niagara\",\"description\":\"Exceptional, connected care, now and for future generations\",\"publisher\":{\"@id\":\"https:\\\/\\\/noht-eson.ca\\\/#organization\"},\"potentialAction\":[{\"@type\":\"SearchAction\",\"target\":{\"@type\":\"EntryPoint\",\"urlTemplate\":\"https:\\\/\\\/noht-eson.ca\\\/?s={search_term_string}\"},\"query-input\":{\"@type\":\"PropertyValueSpecification\",\"valueRequired\":true,\"valueName\":\"search_term_string\"}}],\"inLanguage\":\"fr-FR\"},{\"@type\":\"Organization\",\"@id\":\"https:\\\/\\\/noht-eson.ca\\\/#organization\",\"name\":\"Niagara Ontario Health Team - \u00c9quipe Sant\u00e9 Ontario Niagara\",\"url\":\"https:\\\/\\\/noht-eson.ca\\\/\",\"logo\":{\"@type\":\"ImageObject\",\"inLanguage\":\"fr-FR\",\"@id\":\"https:\\\/\\\/noht-eson.ca\\\/#\\\/schema\\\/logo\\\/image\\\/\",\"url\":\"https:\\\/\\\/noht-eson.ca\\\/wp-content\\\/uploads\\\/NOHT_ESON_Logo_FINAL-1.jpg\",\"contentUrl\":\"https:\\\/\\\/noht-eson.ca\\\/wp-content\\\/uploads\\\/NOHT_ESON_Logo_FINAL-1.jpg\",\"width\":1500,\"height\":500,\"caption\":\"Niagara Ontario Health Team - \u00c9quipe Sant\u00e9 Ontario Niagara\"},\"image\":{\"@id\":\"https:\\\/\\\/noht-eson.ca\\\/#\\\/schema\\\/logo\\\/image\\\/\"},\"sameAs\":[\"https:\\\/\\\/facebook.com\\\/NiagaraOHT\\\/\",\"https:\\\/\\\/x.com\\\/niagaraoht\"]}]}<\/script>\n<!-- \/ Yoast SEO plugin. -->","yoast_head_json":{"title":"Maladies saisonni\u00e8res - Niagara Ontario Health Team - \u00c9quipe Sant\u00e9 Ontario Niagara","robots":{"index":"index","follow":"follow","max-snippet":"max-snippet:-1","max-image-preview":"max-image-preview:large","max-video-preview":"max-video-preview:-1"},"canonical":"https:\/\/noht-eson.ca\/fr\/maladies-saisonnieres\/","og_locale":"fr_FR","og_type":"article","og_title":"Maladies saisonni\u00e8res - Niagara Ontario Health Team - \u00c9quipe Sant\u00e9 Ontario Niagara","og_url":"https:\/\/noht-eson.ca\/fr\/maladies-saisonnieres\/","og_site_name":"Niagara Ontario Health Team - \u00c9quipe Sant\u00e9 Ontario Niagara","article_publisher":"https:\/\/facebook.com\/NiagaraOHT\/","article_modified_time":"2024-12-10T02:56:07+00:00","og_image":[{"width":1030,"height":579,"url":"https:\/\/noht-eson.ca\/wp-content\/uploads\/Ill-Boy-Seasonal-Illness-Webpage-1030x579.png","type":"image\/png"}],"twitter_card":"summary_large_image","twitter_site":"@niagaraoht","twitter_misc":{"Dur\u00e9e de lecture estim\u00e9e":"2 minutes"},"schema":{"@context":"https:\/\/schema.org","@graph":[{"@type":"WebPage","@id":"https:\/\/noht-eson.ca\/fr\/maladies-saisonnieres\/","url":"https:\/\/noht-eson.ca\/fr\/maladies-saisonnieres\/","name":"Maladies saisonni\u00e8res - Niagara Ontario Health Team - \u00c9quipe Sant\u00e9 Ontario Niagara","isPartOf":{"@id":"https:\/\/noht-eson.ca\/#website"},"primaryImageOfPage":{"@id":"https:\/\/noht-eson.ca\/fr\/maladies-saisonnieres\/#primaryimage"},"image":{"@id":"https:\/\/noht-eson.ca\/fr\/maladies-saisonnieres\/#primaryimage"},"thumbnailUrl":"https:\/\/noht-eson.ca\/wp-content\/uploads\/Ill-Boy-Seasonal-Illness-Webpage.png","datePublished":"2024-12-06T21:06:36+00:00","dateModified":"2024-12-10T02:56:07+00:00","breadcrumb":{"@id":"https:\/\/noht-eson.ca\/fr\/maladies-saisonnieres\/#breadcrumb"},"inLanguage":"fr-FR","potentialAction":[{"@type":"ReadAction","target":["https:\/\/noht-eson.ca\/fr\/maladies-saisonnieres\/"]}]},{"@type":"ImageObject","inLanguage":"fr-FR","@id":"https:\/\/noht-eson.ca\/fr\/maladies-saisonnieres\/#primaryimage","url":"https:\/\/noht-eson.ca\/wp-content\/uploads\/Ill-Boy-Seasonal-Illness-Webpage.png","contentUrl":"https:\/\/noht-eson.ca\/wp-content\/uploads\/Ill-Boy-Seasonal-Illness-Webpage.png","width":1920,"height":1080,"caption":"Boy who is ill around the holiday season."},{"@type":"BreadcrumbList","@id":"https:\/\/noht-eson.ca\/fr\/maladies-saisonnieres\/#breadcrumb","itemListElement":[{"@type":"ListItem","position":1,"name":"Home","item":"https:\/\/noht-eson.ca\/fr\/"},{"@type":"ListItem","position":2,"name":"Maladies saisonni\u00e8res"}]},{"@type":"WebSite","@id":"https:\/\/noht-eson.ca\/#website","url":"https:\/\/noht-eson.ca\/","name":"Niagara Ontario Health Team - \u00c9quipe Sant\u00e9 Ontario Niagara","description":"Exceptional, connected care, now and for future generations","publisher":{"@id":"https:\/\/noht-eson.ca\/#organization"},"potentialAction":[{"@type":"SearchAction","target":{"@type":"EntryPoint","urlTemplate":"https:\/\/noht-eson.ca\/?s={search_term_string}"},"query-input":{"@type":"PropertyValueSpecification","valueRequired":true,"valueName":"search_term_string"}}],"inLanguage":"fr-FR"},{"@type":"Organization","@id":"https:\/\/noht-eson.ca\/#organization","name":"Niagara Ontario Health Team - \u00c9quipe Sant\u00e9 Ontario Niagara","url":"https:\/\/noht-eson.ca\/","logo":{"@type":"ImageObject","inLanguage":"fr-FR","@id":"https:\/\/noht-eson.ca\/#\/schema\/logo\/image\/","url":"https:\/\/noht-eson.ca\/wp-content\/uploads\/NOHT_ESON_Logo_FINAL-1.jpg","contentUrl":"https:\/\/noht-eson.ca\/wp-content\/uploads\/NOHT_ESON_Logo_FINAL-1.jpg","width":1500,"height":500,"caption":"Niagara Ontario Health Team - \u00c9quipe Sant\u00e9 Ontario Niagara"},"image":{"@id":"https:\/\/noht-eson.ca\/#\/schema\/logo\/image\/"},"sameAs":["https:\/\/facebook.com\/NiagaraOHT\/","https:\/\/x.com\/niagaraoht"]}]}},"_links":{"self":[{"href":"https:\/\/noht-eson.ca\/fr\/wp-json\/wp\/v2\/pages\/14115","targetHints":{"allow":["GET"]}}],"collection":[{"href":"https:\/\/noht-eson.ca\/fr\/wp-json\/wp\/v2\/pages"}],"about":[{"href":"https:\/\/noht-eson.ca\/fr\/wp-json\/wp\/v2\/types\/page"}],"author":[{"embeddable":true,"href":"https:\/\/noht-eson.ca\/fr\/wp-json\/wp\/v2\/users\/94"}],"replies":[{"embeddable":true,"href":"https:\/\/noht-eson.ca\/fr\/wp-json\/wp\/v2\/comments?post=14115"}],"version-history":[{"count":6,"href":"https:\/\/noht-eson.ca\/fr\/wp-json\/wp\/v2\/pages\/14115\/revisions"}],"predecessor-version":[{"id":14129,"href":"https:\/\/noht-eson.ca\/fr\/wp-json\/wp\/v2\/pages\/14115\/revisions\/14129"}],"wp:featuredmedia":[{"embeddable":true,"href":"https:\/\/noht-eson.ca\/fr\/wp-json\/wp\/v2\/media\/14112"}],"wp:attachment":[{"href":"https:\/\/noht-eson.ca\/fr\/wp-json\/wp\/v2\/media?parent=14115"}],"curies":[{"name":"wp","href":"https:\/\/api.w.org\/{rel}","templated":true}]}}