{"id":14010,"date":"2024-12-02T20:28:15","date_gmt":"2024-12-03T01:28:15","guid":{"rendered":"https:\/\/noht-eson.ca\/2023-2024-annual-report\/"},"modified":"2024-12-02T21:17:43","modified_gmt":"2024-12-03T02:17:43","slug":"rapport-annuel-2023-2024","status":"publish","type":"page","link":"https:\/\/noht-eson.ca\/fr\/rapport-annuel-2023-2024\/","title":{"rendered":"Rapport annuel 2023-2024"},"content":{"rendered":"<div  class='flex_column av-1joznkz-87613a0ade61f3be814642dec09133c1 av_two_third  avia-builder-el-0  el_before_av_one_third  avia-builder-el-first  first flex_column_div  '     ><section  class='av_textblock_section av-m47spane-2a0c9b5306005f2f532f258c3e3b5c2e '   itemscope=\"itemscope\" itemtype=\"https:\/\/schema.org\/CreativeWork\" ><div class='avia_textblock'  itemprop=\"text\" ><h3>D\u00e9couvrez comment NOHT-\u00c9SON transforme les soins de sant\u00e9 dans la r\u00e9gion de Niagara<\/h3>\n<p>Explorez le rapport annuel 2023-24 de la NOHT-\u00c9SON pour d\u00e9couvrir les initiatives transformatrices qui fa\u00e7onnent l&rsquo;avenir des soins de sant\u00e9 et des soins sociaux dans notre r\u00e9gion. Qu&rsquo;il s&rsquo;agisse d&rsquo;\u00e9tendre les soins primaires, de rem\u00e9dier \u00e0 la p\u00e9nurie de main-d&rsquo;\u0153uvre ou de tirer parti de technologies de pointe comme la surveillance des soins \u00e0 distance et les soins d&rsquo;urgence virtuels, le r\u00e9seau, ses partenaires et les repr\u00e9sentants des patients\/clients et des familles\/soignants favorisent l&rsquo;innovation et la collaboration pour que chaque r\u00e9sident ait acc\u00e8s aux soins dont il a besoin.<\/p>\n<p>Plongez dans le rapport complet pour d\u00e9couvrir comment les partenariats, la d\u00e9fense des int\u00e9r\u00eats des patients et les solutions communautaires font une diff\u00e9rence dans la vie des r\u00e9sidents de la r\u00e9gion de Niagara, et pour conna\u00eetre les prochaines \u00e9tapes de notre cheminement vers un syst\u00e8me plus connect\u00e9, plus inclusif et plus ax\u00e9 sur le patient.<\/p>\n<p>Lisez le rapport annuel en cliquant <a href=\"https:\/\/noht-eson.ca\/wp-content\/uploads\/Rapport-Annuel-2023-2024-WEB-FINALE.pdf\" target=\"_blank\" rel=\"noopener\"><strong>ici<\/strong><\/a>.<\/p>\n<\/div><\/section><\/div>\n<div  class='flex_column av-1a709pf-4b88b7d7298a919ba729abba3f0f30bb av_one_third  avia-builder-el-2  el_after_av_two_third  avia-builder-el-last  flex_column_div  '     ><p>\n<style type=\"text\/css\" data-created_by=\"avia_inline_auto\" id=\"style-css-av-n6lqlf-73cc353eca7903080912cd5814c88993\">\n.avia-image-container.av-n6lqlf-73cc353eca7903080912cd5814c88993 img.avia_image{\nbox-shadow:none;\n}\n.avia-image-container.av-n6lqlf-73cc353eca7903080912cd5814c88993 .av-image-caption-overlay-center{\ncolor:#ffffff;\n}\n<\/style>\n<div  class='avia-image-container av-n6lqlf-73cc353eca7903080912cd5814c88993 av-styling- av-img-linked avia-align-center  avia-builder-el-3  el_before_av_hr  avia-builder-el-first '   itemprop=\"image\" itemscope=\"itemscope\" itemtype=\"https:\/\/schema.org\/ImageObject\" ><div class=\"avia-image-container-inner\"><div class=\"avia-image-overlay-wrap\"><a href=\"https:\/\/noht-eson.ca\/wp-content\/uploads\/Rapport-Annuel-2023-2024-WEB-FINALE.pdf\" class='avia_image '  target=\"_blank\"  rel=\"noopener noreferrer\" aria-label='Rapport annuel 2023-2024'><img decoding=\"async\" fetchpriority=\"high\" class='wp-image-14017 avia-img-lazy-loading-not-14017 avia_image ' src=\"https:\/\/noht-eson.ca\/wp-content\/uploads\/Screenshot-2024-12-02-at-9.13.45\u202fPM-230x300.png\" alt='Rapport annuel 2023-2024' title='Rapport annuel 2023-2024'  height=\"300\" width=\"230\"  itemprop=\"thumbnailUrl\" srcset=\"https:\/\/noht-eson.ca\/wp-content\/uploads\/Screenshot-2024-12-02-at-9.13.45\u202fPM-230x300.png 230w, https:\/\/noht-eson.ca\/wp-content\/uploads\/Screenshot-2024-12-02-at-9.13.45\u202fPM-790x1030.png 790w, https:\/\/noht-eson.ca\/wp-content\/uploads\/Screenshot-2024-12-02-at-9.13.45\u202fPM-768x1001.png 768w, https:\/\/noht-eson.ca\/wp-content\/uploads\/Screenshot-2024-12-02-at-9.13.45\u202fPM-1179x1536.png 1179w, https:\/\/noht-eson.ca\/wp-content\/uploads\/Screenshot-2024-12-02-at-9.13.45\u202fPM.png 1510w\" sizes=\"(max-width: 230px) 100vw, 230px\" \/><\/a><\/div><\/div><\/div><br \/>\n\n<style type=\"text\/css\" data-created_by=\"avia_inline_auto\" id=\"style-css-av-m47spugh-db1faa69bcb1ed3a53bdf011684e9cae\">\n#top .hr.hr-invisible.av-m47spugh-db1faa69bcb1ed3a53bdf011684e9cae{\nheight:20px;\n}\n<\/style>\n<div  class='hr av-m47spugh-db1faa69bcb1ed3a53bdf011684e9cae hr-invisible  avia-builder-el-4  el_after_av_image  el_before_av_textblock '><span class='hr-inner '><span class=\"hr-inner-style\"><\/span><\/span><\/div><br \/>\n<section  class='av_textblock_section av-m47sr04h-dc7457a5f7ed58198b0106fe228445a9 '   itemscope=\"itemscope\" itemtype=\"https:\/\/schema.org\/CreativeWork\" ><div class='avia_textblock'  itemprop=\"text\" ><p><strong>Survolez et cliquez sur l&rsquo;image ci-dessus pour consulter le rapport annuel 2023-2024.<\/strong><\/p>\n<\/div><\/section><\/p><\/div>\n","protected":false},"excerpt":{"rendered":"","protected":false},"author":94,"featured_media":13997,"parent":0,"menu_order":0,"comment_status":"closed","ping_status":"closed","template":"","meta":{"_bbp_topic_count":0,"_bbp_reply_count":0,"_bbp_total_topic_count":0,"_bbp_total_reply_count":0,"_bbp_voice_count":0,"_bbp_anonymous_reply_count":0,"_bbp_topic_count_hidden":0,"_bbp_reply_count_hidden":0,"_bbp_forum_subforum_count":0,"footnotes":""},"class_list":["post-14010","page","type-page","status-publish","has-post-thumbnail","hentry"],"yoast_head":"<!-- This site is optimized with the Yoast SEO plugin v27.4 - https:\/\/yoast.com\/product\/yoast-seo-wordpress\/ -->\n<title>Rapport annuel 2023-2024 - Niagara Ontario Health Team - \u00c9quipe Sant\u00e9 Ontario Niagara<\/title>\n<meta name=\"robots\" content=\"index, follow, max-snippet:-1, max-image-preview:large, max-video-preview:-1\" \/>\n<link rel=\"canonical\" href=\"https:\/\/noht-eson.ca\/fr\/rapport-annuel-2023-2024\/\" \/>\n<meta property=\"og:locale\" content=\"fr_FR\" \/>\n<meta property=\"og:type\" content=\"article\" \/>\n<meta property=\"og:title\" content=\"Rapport annuel 2023-2024 - Niagara Ontario Health Team - \u00c9quipe Sant\u00e9 Ontario Niagara\" \/>\n<meta property=\"og:url\" content=\"https:\/\/noht-eson.ca\/fr\/rapport-annuel-2023-2024\/\" \/>\n<meta property=\"og:site_name\" content=\"Niagara Ontario Health Team - \u00c9quipe Sant\u00e9 Ontario Niagara\" \/>\n<meta property=\"article:publisher\" content=\"https:\/\/facebook.com\/NiagaraOHT\/\" \/>\n<meta property=\"article:modified_time\" content=\"2024-12-03T02:17:43+00:00\" \/>\n<meta property=\"og:image\" content=\"https:\/\/noht-eson.ca\/wp-content\/uploads\/Annual-Report-Website-Header.jpg\" \/>\n\t<meta property=\"og:image:width\" content=\"1920\" \/>\n\t<meta property=\"og:image:height\" content=\"1080\" \/>\n\t<meta property=\"og:image:type\" content=\"image\/jpeg\" \/>\n<meta name=\"twitter:card\" content=\"summary_large_image\" \/>\n<meta name=\"twitter:site\" content=\"@niagaraoht\" \/>\n<meta name=\"twitter:label1\" content=\"Dur\u00e9e de lecture estim\u00e9e\" \/>\n\t<meta name=\"twitter:data1\" content=\"1 minute\" \/>\n<script type=\"application\/ld+json\" class=\"yoast-schema-graph\">{\"@context\":\"https:\\\/\\\/schema.org\",\"@graph\":[{\"@type\":\"WebPage\",\"@id\":\"https:\\\/\\\/noht-eson.ca\\\/fr\\\/rapport-annuel-2023-2024\\\/\",\"url\":\"https:\\\/\\\/noht-eson.ca\\\/fr\\\/rapport-annuel-2023-2024\\\/\",\"name\":\"Rapport annuel 2023-2024 - Niagara Ontario Health Team - \u00c9quipe Sant\u00e9 Ontario Niagara\",\"isPartOf\":{\"@id\":\"https:\\\/\\\/noht-eson.ca\\\/#website\"},\"primaryImageOfPage\":{\"@id\":\"https:\\\/\\\/noht-eson.ca\\\/fr\\\/rapport-annuel-2023-2024\\\/#primaryimage\"},\"image\":{\"@id\":\"https:\\\/\\\/noht-eson.ca\\\/fr\\\/rapport-annuel-2023-2024\\\/#primaryimage\"},\"thumbnailUrl\":\"https:\\\/\\\/noht-eson.ca\\\/wp-content\\\/uploads\\\/Annual-Report-Website-Header.jpg\",\"datePublished\":\"2024-12-03T01:28:15+00:00\",\"dateModified\":\"2024-12-03T02:17:43+00:00\",\"breadcrumb\":{\"@id\":\"https:\\\/\\\/noht-eson.ca\\\/fr\\\/rapport-annuel-2023-2024\\\/#breadcrumb\"},\"inLanguage\":\"fr-FR\",\"potentialAction\":[{\"@type\":\"ReadAction\",\"target\":[\"https:\\\/\\\/noht-eson.ca\\\/fr\\\/rapport-annuel-2023-2024\\\/\"]}]},{\"@type\":\"ImageObject\",\"inLanguage\":\"fr-FR\",\"@id\":\"https:\\\/\\\/noht-eson.ca\\\/fr\\\/rapport-annuel-2023-2024\\\/#primaryimage\",\"url\":\"https:\\\/\\\/noht-eson.ca\\\/wp-content\\\/uploads\\\/Annual-Report-Website-Header.jpg\",\"contentUrl\":\"https:\\\/\\\/noht-eson.ca\\\/wp-content\\\/uploads\\\/Annual-Report-Website-Header.jpg\",\"width\":1920,\"height\":1080,\"caption\":\"A boy is painting a rainbow on a window.\"},{\"@type\":\"BreadcrumbList\",\"@id\":\"https:\\\/\\\/noht-eson.ca\\\/fr\\\/rapport-annuel-2023-2024\\\/#breadcrumb\",\"itemListElement\":[{\"@type\":\"ListItem\",\"position\":1,\"name\":\"Home\",\"item\":\"https:\\\/\\\/noht-eson.ca\\\/fr\\\/\"},{\"@type\":\"ListItem\",\"position\":2,\"name\":\"Rapport annuel 2023-2024\"}]},{\"@type\":\"WebSite\",\"@id\":\"https:\\\/\\\/noht-eson.ca\\\/#website\",\"url\":\"https:\\\/\\\/noht-eson.ca\\\/\",\"name\":\"Niagara Ontario Health Team - \u00c9quipe Sant\u00e9 Ontario Niagara\",\"description\":\"Exceptional, connected care, now and for future generations\",\"publisher\":{\"@id\":\"https:\\\/\\\/noht-eson.ca\\\/#organization\"},\"potentialAction\":[{\"@type\":\"SearchAction\",\"target\":{\"@type\":\"EntryPoint\",\"urlTemplate\":\"https:\\\/\\\/noht-eson.ca\\\/?s={search_term_string}\"},\"query-input\":{\"@type\":\"PropertyValueSpecification\",\"valueRequired\":true,\"valueName\":\"search_term_string\"}}],\"inLanguage\":\"fr-FR\"},{\"@type\":\"Organization\",\"@id\":\"https:\\\/\\\/noht-eson.ca\\\/#organization\",\"name\":\"Niagara Ontario Health Team - \u00c9quipe Sant\u00e9 Ontario Niagara\",\"url\":\"https:\\\/\\\/noht-eson.ca\\\/\",\"logo\":{\"@type\":\"ImageObject\",\"inLanguage\":\"fr-FR\",\"@id\":\"https:\\\/\\\/noht-eson.ca\\\/#\\\/schema\\\/logo\\\/image\\\/\",\"url\":\"https:\\\/\\\/noht-eson.ca\\\/wp-content\\\/uploads\\\/NOHT_ESON_Logo_FINAL-1.jpg\",\"contentUrl\":\"https:\\\/\\\/noht-eson.ca\\\/wp-content\\\/uploads\\\/NOHT_ESON_Logo_FINAL-1.jpg\",\"width\":1500,\"height\":500,\"caption\":\"Niagara Ontario Health Team - \u00c9quipe Sant\u00e9 Ontario Niagara\"},\"image\":{\"@id\":\"https:\\\/\\\/noht-eson.ca\\\/#\\\/schema\\\/logo\\\/image\\\/\"},\"sameAs\":[\"https:\\\/\\\/facebook.com\\\/NiagaraOHT\\\/\",\"https:\\\/\\\/x.com\\\/niagaraoht\"]}]}<\/script>\n<!-- \/ Yoast SEO plugin. -->","yoast_head_json":{"title":"Rapport annuel 2023-2024 - Niagara Ontario Health Team - \u00c9quipe Sant\u00e9 Ontario Niagara","robots":{"index":"index","follow":"follow","max-snippet":"max-snippet:-1","max-image-preview":"max-image-preview:large","max-video-preview":"max-video-preview:-1"},"canonical":"https:\/\/noht-eson.ca\/fr\/rapport-annuel-2023-2024\/","og_locale":"fr_FR","og_type":"article","og_title":"Rapport annuel 2023-2024 - Niagara Ontario Health Team - \u00c9quipe Sant\u00e9 Ontario Niagara","og_url":"https:\/\/noht-eson.ca\/fr\/rapport-annuel-2023-2024\/","og_site_name":"Niagara Ontario Health Team - \u00c9quipe Sant\u00e9 Ontario Niagara","article_publisher":"https:\/\/facebook.com\/NiagaraOHT\/","article_modified_time":"2024-12-03T02:17:43+00:00","og_image":[{"width":1920,"height":1080,"url":"https:\/\/noht-eson.ca\/wp-content\/uploads\/Annual-Report-Website-Header.jpg","type":"image\/jpeg"}],"twitter_card":"summary_large_image","twitter_site":"@niagaraoht","twitter_misc":{"Dur\u00e9e de lecture estim\u00e9e":"1 minute"},"schema":{"@context":"https:\/\/schema.org","@graph":[{"@type":"WebPage","@id":"https:\/\/noht-eson.ca\/fr\/rapport-annuel-2023-2024\/","url":"https:\/\/noht-eson.ca\/fr\/rapport-annuel-2023-2024\/","name":"Rapport annuel 2023-2024 - Niagara Ontario Health Team - \u00c9quipe Sant\u00e9 Ontario Niagara","isPartOf":{"@id":"https:\/\/noht-eson.ca\/#website"},"primaryImageOfPage":{"@id":"https:\/\/noht-eson.ca\/fr\/rapport-annuel-2023-2024\/#primaryimage"},"image":{"@id":"https:\/\/noht-eson.ca\/fr\/rapport-annuel-2023-2024\/#primaryimage"},"thumbnailUrl":"https:\/\/noht-eson.ca\/wp-content\/uploads\/Annual-Report-Website-Header.jpg","datePublished":"2024-12-03T01:28:15+00:00","dateModified":"2024-12-03T02:17:43+00:00","breadcrumb":{"@id":"https:\/\/noht-eson.ca\/fr\/rapport-annuel-2023-2024\/#breadcrumb"},"inLanguage":"fr-FR","potentialAction":[{"@type":"ReadAction","target":["https:\/\/noht-eson.ca\/fr\/rapport-annuel-2023-2024\/"]}]},{"@type":"ImageObject","inLanguage":"fr-FR","@id":"https:\/\/noht-eson.ca\/fr\/rapport-annuel-2023-2024\/#primaryimage","url":"https:\/\/noht-eson.ca\/wp-content\/uploads\/Annual-Report-Website-Header.jpg","contentUrl":"https:\/\/noht-eson.ca\/wp-content\/uploads\/Annual-Report-Website-Header.jpg","width":1920,"height":1080,"caption":"A boy is painting a rainbow on a window."},{"@type":"BreadcrumbList","@id":"https:\/\/noht-eson.ca\/fr\/rapport-annuel-2023-2024\/#breadcrumb","itemListElement":[{"@type":"ListItem","position":1,"name":"Home","item":"https:\/\/noht-eson.ca\/fr\/"},{"@type":"ListItem","position":2,"name":"Rapport annuel 2023-2024"}]},{"@type":"WebSite","@id":"https:\/\/noht-eson.ca\/#website","url":"https:\/\/noht-eson.ca\/","name":"Niagara Ontario Health Team - \u00c9quipe Sant\u00e9 Ontario Niagara","description":"Exceptional, connected care, now and for future generations","publisher":{"@id":"https:\/\/noht-eson.ca\/#organization"},"potentialAction":[{"@type":"SearchAction","target":{"@type":"EntryPoint","urlTemplate":"https:\/\/noht-eson.ca\/?s={search_term_string}"},"query-input":{"@type":"PropertyValueSpecification","valueRequired":true,"valueName":"search_term_string"}}],"inLanguage":"fr-FR"},{"@type":"Organization","@id":"https:\/\/noht-eson.ca\/#organization","name":"Niagara Ontario Health Team - \u00c9quipe Sant\u00e9 Ontario Niagara","url":"https:\/\/noht-eson.ca\/","logo":{"@type":"ImageObject","inLanguage":"fr-FR","@id":"https:\/\/noht-eson.ca\/#\/schema\/logo\/image\/","url":"https:\/\/noht-eson.ca\/wp-content\/uploads\/NOHT_ESON_Logo_FINAL-1.jpg","contentUrl":"https:\/\/noht-eson.ca\/wp-content\/uploads\/NOHT_ESON_Logo_FINAL-1.jpg","width":1500,"height":500,"caption":"Niagara Ontario Health Team - \u00c9quipe Sant\u00e9 Ontario Niagara"},"image":{"@id":"https:\/\/noht-eson.ca\/#\/schema\/logo\/image\/"},"sameAs":["https:\/\/facebook.com\/NiagaraOHT\/","https:\/\/x.com\/niagaraoht"]}]}},"_links":{"self":[{"href":"https:\/\/noht-eson.ca\/fr\/wp-json\/wp\/v2\/pages\/14010","targetHints":{"allow":["GET"]}}],"collection":[{"href":"https:\/\/noht-eson.ca\/fr\/wp-json\/wp\/v2\/pages"}],"about":[{"href":"https:\/\/noht-eson.ca\/fr\/wp-json\/wp\/v2\/types\/page"}],"author":[{"embeddable":true,"href":"https:\/\/noht-eson.ca\/fr\/wp-json\/wp\/v2\/users\/94"}],"replies":[{"embeddable":true,"href":"https:\/\/noht-eson.ca\/fr\/wp-json\/wp\/v2\/comments?post=14010"}],"version-history":[{"count":4,"href":"https:\/\/noht-eson.ca\/fr\/wp-json\/wp\/v2\/pages\/14010\/revisions"}],"predecessor-version":[{"id":14020,"href":"https:\/\/noht-eson.ca\/fr\/wp-json\/wp\/v2\/pages\/14010\/revisions\/14020"}],"wp:featuredmedia":[{"embeddable":true,"href":"https:\/\/noht-eson.ca\/fr\/wp-json\/wp\/v2\/media\/13997"}],"wp:attachment":[{"href":"https:\/\/noht-eson.ca\/fr\/wp-json\/wp\/v2\/media?parent=14010"}],"curies":[{"name":"wp","href":"https:\/\/api.w.org\/{rel}","templated":true}]}}