{"id":10251,"date":"2023-11-02T21:12:07","date_gmt":"2023-11-03T01:12:07","guid":{"rendered":"https:\/\/noht-eson.ca\/events-calendar\/"},"modified":"2023-11-23T10:49:34","modified_gmt":"2023-11-23T15:49:34","slug":"calendrier-des-evenements","status":"publish","type":"page","link":"https:\/\/noht-eson.ca\/fr\/calendrier-des-evenements\/","title":{"rendered":"Calendrier des \u00e9v\u00e9nements"},"content":{"rendered":"<div  class='flex_column av-46vx5y-187cf1e85eddab7f72624f3e44d95166 av_one_full  avia-builder-el-0  avia-builder-el-no-sibling  first flex_column_div  '     ><p>\n<style type=\"text\/css\" data-created_by=\"avia_inline_auto\" id=\"style-css-av-l6xq29uq-d37a8dc576d0f6139ea880ca276f59ad\">\n#top .av-special-heading.av-l6xq29uq-d37a8dc576d0f6139ea880ca276f59ad{\npadding-bottom:10px;\n}\nbody .av-special-heading.av-l6xq29uq-d37a8dc576d0f6139ea880ca276f59ad .av-special-heading-tag .heading-char{\nfont-size:25px;\n}\n.av-special-heading.av-l6xq29uq-d37a8dc576d0f6139ea880ca276f59ad .av-subheading{\nfont-size:15px;\n}\n<\/style>\n<div  class='av-special-heading av-l6xq29uq-d37a8dc576d0f6139ea880ca276f59ad av-special-heading-h2  avia-builder-el-1  el_before_av_textblock  avia-builder-el-first '><h2 class='av-special-heading-tag '  itemprop=\"headline\"  >Calendrier des \u00e9v\u00e9nements<\/h2><div class=\"special-heading-border\"><div class=\"special-heading-inner-border\"><\/div><\/div><\/div><br \/>\n<section  class='av_textblock_section av-lohxf534-d9a9c4b5d8593b3667826560e5fb3690 '   itemscope=\"itemscope\" itemtype=\"https:\/\/schema.org\/CreativeWork\" ><div class='avia_textblock'  itemprop=\"text\" ><p>Le calendrier des \u00e9v\u00e9nements du Niagara Ontario Health Team-\u00c9quipe Sant\u00e9 Ontario Niagara (NOHT-\u00c9SON) pr\u00e9sente les possibilit\u00e9s en mati\u00e8re de sant\u00e9 et de bien-\u00eatre offertes par nos organismes partenaires au profit des r\u00e9sidents de la r\u00e9gion du Niagara.<\/p>\n<p>Les \u00e9v\u00e9nements qui se d\u00e9roulent en anglais seulement se trouvent <a href=\"https:\/\/noht-eson.ca\/events-calendar\" target=\"_blank\" rel=\"noopener\">ici<\/a>.<\/p>\n<\/div><\/section><br \/>\n<section  class='av_textblock_section av-lohxgg6b-c8f3b12c7274e721be0203fae654bf53 '   itemscope=\"itemscope\" itemtype=\"https:\/\/schema.org\/CreativeWork\" ><div class='avia_textblock'  itemprop=\"text\" ><p>Vous avez un \u00e9v\u00e9nement \u00e0 venir que vous aimeriez voir figurer sur le calendrier des \u00e9v\u00e9nements du NOHT-\u00c9SON ? Cliquez sur l&rsquo;onglet \u00ab\u00a0consid\u00e9rations relatives \u00e0 la soumission\u00a0\u00bb ci-dessous pour plus d&rsquo;informations.<\/p>\n<\/div><\/section><br \/>\n<div  class='togglecontainer av-lp0av910-3f5d95a1cfb4b33db4cb5ef2aa394a16 av-minimal-toggle  avia-builder-el-4  el_after_av_textblock  el_before_av_hr ' >\n<section class='av_toggle_section av-av_toggle-689ec7a45310ec9d1f1a5759df21f430'  itemscope=\"itemscope\" itemtype=\"https:\/\/schema.org\/CreativeWork\" ><div role=\"tablist\" class=\"single_toggle\" data-tags=\"{Tout} \"  ><h4 id='toggle-toggle-id-1' data-fake-id='#toggle-id-1' class='toggler  av-title-above '  itemprop=\"headline\"  role='tab' tabindex='0' aria-controls='toggle-id-1' data-slide-speed=\"200\" data-title=\"Consid\u00e9rations relatives \u00e0 la soumission\" data-title-open=\"\" data-aria_collapsed=\"Cliquez pour \u00e9tendre : Consid\u00e9rations relatives \u00e0 la soumission\" data-aria_expanded=\"Cliquez pour r\u00e9duire : Consid\u00e9rations relatives \u00e0 la soumission\">Consid\u00e9rations relatives \u00e0 la soumission<span class=\"toggle_icon\"><span class=\"vert_icon\"><\/span><span class=\"hor_icon\"><\/span><\/span><\/h4><div id='toggle-id-1' aria-labelledby='toggle-toggle-id-1' role='region' class='toggle_wrap  av-title-above'  ><div class='toggle_content invers-color '  itemprop=\"text\" ><p>La NOHT-\u00c9SON accepte les soumissions d&rsquo;\u00e9v\u00e9nements exclusivement ax\u00e9s sur la sant\u00e9 ou le bien-\u00eatre de la part de ses organismes partenaires.<\/p>\n<p>Le calendrier des \u00e9v\u00e9nements du NOHT-\u00c9SON est un bulletin communautaire destin\u00e9 aux r\u00e9sidents de la r\u00e9gion du Niagara. Bien que les listes d&rsquo;\u00e9v\u00e9nements soient mod\u00e9r\u00e9es, la NOHT-\u00c9SON n&rsquo;endosse ni ne v\u00e9rifie l&rsquo;information incluse. La NOHT-\u00c9SON se r\u00e9serve le droit d&rsquo;omettre des \u00e9v\u00e9nements et de modifier l&rsquo;information pour des raisons de longueur, d&rsquo;orthographe, de langue et de clart\u00e9.<\/p>\n<p>Dans le cadre du processus de soumission, veuillez lire ce qui suit :<\/p>\n<ul>\n<li>Votre \u00e9v\u00e9nement r\u00e9pond aux crit\u00e8res \u00e9num\u00e9r\u00e9s dans l&rsquo;onglet suivant.<\/li>\n<li>Une fois votre demande soumise, elle sera examin\u00e9e par l&rsquo;administrateur du site web.<\/li>\n<li>Si votre \u00e9v\u00e9nement r\u00e9pond aux crit\u00e8res, votre demande sera publi\u00e9e dans les 10 jours ouvrables suivant sa r\u00e9ception.<\/li>\n<li>En soumettant un \u00e9v\u00e9nement, la personne ou l&rsquo;organisation accepte \u00e9galement qu&rsquo;il soit promu sur les canaux de m\u00e9dias sociaux du NOHT-\u00c9SON, les bulletins d&rsquo;information (internes ou externes) et toute autre m\u00e9thode de communication qu&rsquo;elle juge appropri\u00e9e.<\/li>\n<li>La promotion d&rsquo;un \u00e9v\u00e9nement sur les canaux de communication du NOHT-\u00c9SON autres que la page des \u00e9v\u00e9nements est \u00e0 la discr\u00e9tion du NOHT-\u00c9SON.<\/li>\n<\/ul>\n<p>Cliquez <a href=\"https:\/\/www.surveymonkey.com\/r\/7Q9DKDB\" target=\"_blank\" rel=\"noopener\">ici<\/a> pour soumettre votre \u00e9v\u00e9nement.<\/p>\n<\/div><\/div><\/div><\/section>\n<section class='av_toggle_section av-lp0av83y-2656cab21d708d8f8474486c6dcaccda'  itemscope=\"itemscope\" itemtype=\"https:\/\/schema.org\/CreativeWork\" ><div role=\"tablist\" class=\"single_toggle\" data-tags=\"{Tout} \"  ><h4 id='toggle-toggle-id-2' data-fake-id='#toggle-id-2' class='toggler  av-title-above '  itemprop=\"headline\"  role='tab' tabindex='0' aria-controls='toggle-id-2' data-slide-speed=\"200\" data-title=\"Crit\u00e8res de l\u2019\u00e9v\u00e9nement\" data-title-open=\"\" data-aria_collapsed=\"Cliquez pour \u00e9tendre : Crit\u00e8res de l\u2019\u00e9v\u00e9nement\" data-aria_expanded=\"Cliquez pour r\u00e9duire : Crit\u00e8res de l\u2019\u00e9v\u00e9nement\">Crit\u00e8res de l\u2019\u00e9v\u00e9nement<span class=\"toggle_icon\"><span class=\"vert_icon\"><\/span><span class=\"hor_icon\"><\/span><\/span><\/h4><div id='toggle-id-2' aria-labelledby='toggle-toggle-id-2' role='region' class='toggle_wrap  av-title-above'  ><div class='toggle_content invers-color '  itemprop=\"text\" ><ul>\n<li>L&rsquo;\u00e9v\u00e9nement doit \u00eatre soumis par un repr\u00e9sentant de l&rsquo;une des organisations partenaires du NOHT-\u00c9SON.<\/li>\n<li>Les \u00e9v\u00e9nements doivent se d\u00e9rouler dans les limites de la r\u00e9gion du Niagara.<\/li>\n<li>Les \u00e9v\u00e9nements doivent \u00eatre ponctuels, non r\u00e9currents et comporter une date de d\u00e9but et une date de fin.<\/li>\n<li>L&rsquo;entr\u00e9e aux \u00e9v\u00e9nements doit \u00eatre gratuite et ouverte \u00e0 la communaut\u00e9.<\/li>\n<li>Les \u00e9v\u00e9nements \u00e0 caract\u00e8re politique, commercial ou de collecte de fonds ne sont pas \u00e9ligibles.<\/li>\n<li>Les\u00a0commanditaires\u00a0 affili\u00e9s \u00e0 un \u00e9v\u00e9nement ne seront pas mentionn\u00e9s dans la liste.<\/li>\n<li>Les \u00e9v\u00e8nements ne doivent pas inciter \u00e0 la haine \u00e0 l&rsquo;\u00e9gard d&rsquo;un groupe quelconque. Ils ne doivent pas faire l&rsquo;objet d&rsquo;une discrimination fond\u00e9e sur des motifs couverts par le Code des droits de la personne de l&rsquo;Ontario, notamment la race, l&rsquo;ascendance, le lieu d&rsquo;origine, la couleur, l&rsquo;origine ethnique, la citoyennet\u00e9, la croyance, le sexe, l&rsquo;orientation sexuelle, l&rsquo;\u00e2ge, l&rsquo;\u00e9tat matrimonial, la situation familiale, la capacit\u00e9, la r\u00e9ception d&rsquo;une aide publique, le niveau d&rsquo;alphab\u00e9tisation ou l&rsquo;appartenance politique.<\/li>\n<li>Si la NOHT-\u00c9SON a connaissance d&rsquo;une violation de ces principes, l&rsquo;\u00e9v\u00e9nement sera imm\u00e9diatement retir\u00e9 du calendrier des \u00e9v\u00e9nements de l&rsquo;organisation, sans pr\u00e9avis.<\/li>\n<\/ul>\n<\/div><\/div><\/div><\/section>\n<\/div><br \/>\n\n<style type=\"text\/css\" data-created_by=\"avia_inline_auto\" id=\"style-css-av-l6xq3b14-48ab05e613ec0dbe3594045bead6fae1\">\n#top .hr.hr-invisible.av-l6xq3b14-48ab05e613ec0dbe3594045bead6fae1{\nheight:50px;\n}\n<\/style>\n<div  class='hr av-l6xq3b14-48ab05e613ec0dbe3594045bead6fae1 hr-invisible  avia-builder-el-5  el_after_av_toggle_container  el_before_av_textblock '><span class='hr-inner '><span class=\"hr-inner-style\"><\/span><\/span><\/div><br \/>\n<section  class='av_textblock_section av-l5ttpaph-f76364a73de2623144c1ede0289fa5fe '   itemscope=\"itemscope\" itemtype=\"https:\/\/schema.org\/CreativeWork\" ><div class='avia_textblock'  itemprop=\"text\" ><div id=\"mec_skin_10183\" class=\"mec-wrap colorskin-custom   mec-full-calendar-wrap\">\r\n\r\n    <div class=\"mec-search-form mec-totalcal-box\">\r\n                                    <div id=\"mec_search_form_10183\" class=\"\">\r\n\r\n            \r\n            <div class=\"mec-dropdown-wrap\">\r\n                                                                                                            <\/div>\r\n        <\/div>\r\n        <div id=\"mec_search_form_10183\">\r\n                            <div class=\"mec-text-address-search\"><i class=\"mec-sl-map\"><\/i>\r\n                    <input type=\"search\" value=\"\" id=\"mec_sf_address_s_10183\" placeholder=\"Search by city name (type city here)\" \/>\r\n                <\/div>                                <\/div>\r\n        <div id=\"mec_search_form_10183\" class=\"mec-full-calendar-search-ends\">\r\n                                                            <div class=\"mec-search-reset-button\"><button class=\"button mec-button\" id=\"mec_search_form_10183_reset\" type=\"button\">Reset<\/button><\/div>\r\n                        <div class=\"col-md-12 mec-tab-loader\">\r\n                <div class=\"mec-totalcal-view\">\r\n                                        <span class=\"mec-totalcal-monthlyview\" data-skin=\"monthly\">Mensuelle<\/span>                                                            <span class=\"mec-totalcal-listview mec-totalcalview-selected\" data-skin=\"list\">Vu en liste<\/span>                                                        <\/div>\r\n            <\/div>\r\n        <\/div>\r\n            <\/div>\r\n\r\n    <div id=\"mec_full_calendar_container_10183\" class=\"mec-full-calendar-skin-container\">\r\n        <div class=\"mec-wrap mec-skin-list-container  \" id=\"mec_skin_10183\">\r\n    \r\n    \r\n        <div class=\"mec-skin-list-events-container\" id=\"mec_skin_events_10183\">\r\n        Pas d&#039;\u00e9v\u00e9nement actuellement programm\u00e9.    <\/div>\r\n        \r\n        \r\n<\/div>    <\/div>\r\n\r\n<\/div>\n<\/div><\/section><br \/>\n<section  class='av_textblock_section av-ogi6do-7949f0e71c171c65e57444d4f040288f '   itemscope=\"itemscope\" itemtype=\"https:\/\/schema.org\/CreativeWork\" ><div class='avia_textblock'  itemprop=\"text\" ><p>Vous avez une question concernant le calendrier des \u00e9v\u00e9nements ? Envoyez un courriel \u00e0 <a href=\"mailto:communications@noth-eson.ca\">communications@noth-eson.ca<\/a>. Comptez deux jours de travail pour recevoir une r\u00e9ponse. Nous vous remercions de votre attention.<\/p>\n<\/div><\/section><\/p><\/div>\n","protected":false},"excerpt":{"rendered":"","protected":false},"author":94,"featured_media":3480,"parent":0,"menu_order":0,"comment_status":"closed","ping_status":"closed","template":"","meta":{"_bbp_topic_count":0,"_bbp_reply_count":0,"_bbp_total_topic_count":0,"_bbp_total_reply_count":0,"_bbp_voice_count":0,"_bbp_anonymous_reply_count":0,"_bbp_topic_count_hidden":0,"_bbp_reply_count_hidden":0,"_bbp_forum_subforum_count":0,"footnotes":""},"class_list":["post-10251","page","type-page","status-publish","has-post-thumbnail","hentry"],"yoast_head":"<!-- This site is optimized with the Yoast SEO plugin v27.5 - https:\/\/yoast.com\/product\/yoast-seo-wordpress\/ -->\n<title>Calendrier des \u00e9v\u00e9nements - Niagara Ontario Health Team - \u00c9quipe Sant\u00e9 Ontario Niagara<\/title>\n<meta name=\"robots\" content=\"index, follow, max-snippet:-1, max-image-preview:large, max-video-preview:-1\" \/>\n<link rel=\"canonical\" href=\"https:\/\/noht-eson.ca\/fr\/calendrier-des-evenements\/\" \/>\n<meta property=\"og:locale\" content=\"fr_FR\" \/>\n<meta property=\"og:type\" content=\"article\" \/>\n<meta property=\"og:title\" content=\"Calendrier des \u00e9v\u00e9nements - Niagara Ontario Health Team - \u00c9quipe Sant\u00e9 Ontario Niagara\" \/>\n<meta property=\"og:url\" content=\"https:\/\/noht-eson.ca\/fr\/calendrier-des-evenements\/\" \/>\n<meta property=\"og:site_name\" content=\"Niagara Ontario Health Team - \u00c9quipe Sant\u00e9 Ontario Niagara\" \/>\n<meta property=\"article:publisher\" content=\"https:\/\/facebook.com\/NiagaraOHT\/\" \/>\n<meta property=\"article:modified_time\" content=\"2023-11-23T15:49:34+00:00\" \/>\n<meta property=\"og:image\" content=\"https:\/\/noht-eson.ca\/wp-content\/uploads\/conference.jpg\" \/>\n\t<meta property=\"og:image:width\" content=\"2000\" \/>\n\t<meta property=\"og:image:height\" content=\"750\" \/>\n\t<meta property=\"og:image:type\" content=\"image\/jpeg\" \/>\n<meta name=\"twitter:card\" content=\"summary_large_image\" \/>\n<meta name=\"twitter:site\" content=\"@niagaraoht\" \/>\n<meta name=\"twitter:label1\" content=\"Dur\u00e9e de lecture estim\u00e9e\" \/>\n\t<meta name=\"twitter:data1\" content=\"4 minutes\" \/>\n<script type=\"application\/ld+json\" class=\"yoast-schema-graph\">{\"@context\":\"https:\\\/\\\/schema.org\",\"@graph\":[{\"@type\":\"WebPage\",\"@id\":\"https:\\\/\\\/noht-eson.ca\\\/fr\\\/calendrier-des-evenements\\\/\",\"url\":\"https:\\\/\\\/noht-eson.ca\\\/fr\\\/calendrier-des-evenements\\\/\",\"name\":\"Calendrier des \u00e9v\u00e9nements - Niagara Ontario Health Team - \u00c9quipe Sant\u00e9 Ontario Niagara\",\"isPartOf\":{\"@id\":\"https:\\\/\\\/noht-eson.ca\\\/#website\"},\"primaryImageOfPage\":{\"@id\":\"https:\\\/\\\/noht-eson.ca\\\/fr\\\/calendrier-des-evenements\\\/#primaryimage\"},\"image\":{\"@id\":\"https:\\\/\\\/noht-eson.ca\\\/fr\\\/calendrier-des-evenements\\\/#primaryimage\"},\"thumbnailUrl\":\"https:\\\/\\\/noht-eson.ca\\\/wp-content\\\/uploads\\\/conference.jpg\",\"datePublished\":\"2023-11-03T01:12:07+00:00\",\"dateModified\":\"2023-11-23T15:49:34+00:00\",\"breadcrumb\":{\"@id\":\"https:\\\/\\\/noht-eson.ca\\\/fr\\\/calendrier-des-evenements\\\/#breadcrumb\"},\"inLanguage\":\"fr-FR\",\"potentialAction\":[{\"@type\":\"ReadAction\",\"target\":[\"https:\\\/\\\/noht-eson.ca\\\/fr\\\/calendrier-des-evenements\\\/\"]}]},{\"@type\":\"ImageObject\",\"inLanguage\":\"fr-FR\",\"@id\":\"https:\\\/\\\/noht-eson.ca\\\/fr\\\/calendrier-des-evenements\\\/#primaryimage\",\"url\":\"https:\\\/\\\/noht-eson.ca\\\/wp-content\\\/uploads\\\/conference.jpg\",\"contentUrl\":\"https:\\\/\\\/noht-eson.ca\\\/wp-content\\\/uploads\\\/conference.jpg\",\"width\":2000,\"height\":750},{\"@type\":\"BreadcrumbList\",\"@id\":\"https:\\\/\\\/noht-eson.ca\\\/fr\\\/calendrier-des-evenements\\\/#breadcrumb\",\"itemListElement\":[{\"@type\":\"ListItem\",\"position\":1,\"name\":\"Home\",\"item\":\"https:\\\/\\\/noht-eson.ca\\\/fr\\\/\"},{\"@type\":\"ListItem\",\"position\":2,\"name\":\"Calendrier des \u00e9v\u00e9nements\"}]},{\"@type\":\"WebSite\",\"@id\":\"https:\\\/\\\/noht-eson.ca\\\/#website\",\"url\":\"https:\\\/\\\/noht-eson.ca\\\/\",\"name\":\"Niagara Ontario Health Team - \u00c9quipe Sant\u00e9 Ontario Niagara\",\"description\":\"Exceptional, connected care, now and for future generations\",\"publisher\":{\"@id\":\"https:\\\/\\\/noht-eson.ca\\\/#organization\"},\"potentialAction\":[{\"@type\":\"SearchAction\",\"target\":{\"@type\":\"EntryPoint\",\"urlTemplate\":\"https:\\\/\\\/noht-eson.ca\\\/?s={search_term_string}\"},\"query-input\":{\"@type\":\"PropertyValueSpecification\",\"valueRequired\":true,\"valueName\":\"search_term_string\"}}],\"inLanguage\":\"fr-FR\"},{\"@type\":\"Organization\",\"@id\":\"https:\\\/\\\/noht-eson.ca\\\/#organization\",\"name\":\"Niagara Ontario Health Team - \u00c9quipe Sant\u00e9 Ontario Niagara\",\"url\":\"https:\\\/\\\/noht-eson.ca\\\/\",\"logo\":{\"@type\":\"ImageObject\",\"inLanguage\":\"fr-FR\",\"@id\":\"https:\\\/\\\/noht-eson.ca\\\/#\\\/schema\\\/logo\\\/image\\\/\",\"url\":\"https:\\\/\\\/noht-eson.ca\\\/wp-content\\\/uploads\\\/NOHT_ESON_Logo_FINAL-1.jpg\",\"contentUrl\":\"https:\\\/\\\/noht-eson.ca\\\/wp-content\\\/uploads\\\/NOHT_ESON_Logo_FINAL-1.jpg\",\"width\":1500,\"height\":500,\"caption\":\"Niagara Ontario Health Team - \u00c9quipe Sant\u00e9 Ontario Niagara\"},\"image\":{\"@id\":\"https:\\\/\\\/noht-eson.ca\\\/#\\\/schema\\\/logo\\\/image\\\/\"},\"sameAs\":[\"https:\\\/\\\/facebook.com\\\/NiagaraOHT\\\/\",\"https:\\\/\\\/x.com\\\/niagaraoht\"]}]}<\/script>\n<!-- \/ Yoast SEO plugin. -->","yoast_head_json":{"title":"Calendrier des \u00e9v\u00e9nements - Niagara Ontario Health Team - \u00c9quipe Sant\u00e9 Ontario Niagara","robots":{"index":"index","follow":"follow","max-snippet":"max-snippet:-1","max-image-preview":"max-image-preview:large","max-video-preview":"max-video-preview:-1"},"canonical":"https:\/\/noht-eson.ca\/fr\/calendrier-des-evenements\/","og_locale":"fr_FR","og_type":"article","og_title":"Calendrier des \u00e9v\u00e9nements - Niagara Ontario Health Team - \u00c9quipe Sant\u00e9 Ontario Niagara","og_url":"https:\/\/noht-eson.ca\/fr\/calendrier-des-evenements\/","og_site_name":"Niagara Ontario Health Team - \u00c9quipe Sant\u00e9 Ontario Niagara","article_publisher":"https:\/\/facebook.com\/NiagaraOHT\/","article_modified_time":"2023-11-23T15:49:34+00:00","og_image":[{"width":2000,"height":750,"url":"https:\/\/noht-eson.ca\/wp-content\/uploads\/conference.jpg","type":"image\/jpeg"}],"twitter_card":"summary_large_image","twitter_site":"@niagaraoht","twitter_misc":{"Dur\u00e9e de lecture estim\u00e9e":"4 minutes"},"schema":{"@context":"https:\/\/schema.org","@graph":[{"@type":"WebPage","@id":"https:\/\/noht-eson.ca\/fr\/calendrier-des-evenements\/","url":"https:\/\/noht-eson.ca\/fr\/calendrier-des-evenements\/","name":"Calendrier des \u00e9v\u00e9nements - Niagara Ontario Health Team - \u00c9quipe Sant\u00e9 Ontario Niagara","isPartOf":{"@id":"https:\/\/noht-eson.ca\/#website"},"primaryImageOfPage":{"@id":"https:\/\/noht-eson.ca\/fr\/calendrier-des-evenements\/#primaryimage"},"image":{"@id":"https:\/\/noht-eson.ca\/fr\/calendrier-des-evenements\/#primaryimage"},"thumbnailUrl":"https:\/\/noht-eson.ca\/wp-content\/uploads\/conference.jpg","datePublished":"2023-11-03T01:12:07+00:00","dateModified":"2023-11-23T15:49:34+00:00","breadcrumb":{"@id":"https:\/\/noht-eson.ca\/fr\/calendrier-des-evenements\/#breadcrumb"},"inLanguage":"fr-FR","potentialAction":[{"@type":"ReadAction","target":["https:\/\/noht-eson.ca\/fr\/calendrier-des-evenements\/"]}]},{"@type":"ImageObject","inLanguage":"fr-FR","@id":"https:\/\/noht-eson.ca\/fr\/calendrier-des-evenements\/#primaryimage","url":"https:\/\/noht-eson.ca\/wp-content\/uploads\/conference.jpg","contentUrl":"https:\/\/noht-eson.ca\/wp-content\/uploads\/conference.jpg","width":2000,"height":750},{"@type":"BreadcrumbList","@id":"https:\/\/noht-eson.ca\/fr\/calendrier-des-evenements\/#breadcrumb","itemListElement":[{"@type":"ListItem","position":1,"name":"Home","item":"https:\/\/noht-eson.ca\/fr\/"},{"@type":"ListItem","position":2,"name":"Calendrier des \u00e9v\u00e9nements"}]},{"@type":"WebSite","@id":"https:\/\/noht-eson.ca\/#website","url":"https:\/\/noht-eson.ca\/","name":"Niagara Ontario Health Team - \u00c9quipe Sant\u00e9 Ontario Niagara","description":"Exceptional, connected care, now and for future generations","publisher":{"@id":"https:\/\/noht-eson.ca\/#organization"},"potentialAction":[{"@type":"SearchAction","target":{"@type":"EntryPoint","urlTemplate":"https:\/\/noht-eson.ca\/?s={search_term_string}"},"query-input":{"@type":"PropertyValueSpecification","valueRequired":true,"valueName":"search_term_string"}}],"inLanguage":"fr-FR"},{"@type":"Organization","@id":"https:\/\/noht-eson.ca\/#organization","name":"Niagara Ontario Health Team - \u00c9quipe Sant\u00e9 Ontario Niagara","url":"https:\/\/noht-eson.ca\/","logo":{"@type":"ImageObject","inLanguage":"fr-FR","@id":"https:\/\/noht-eson.ca\/#\/schema\/logo\/image\/","url":"https:\/\/noht-eson.ca\/wp-content\/uploads\/NOHT_ESON_Logo_FINAL-1.jpg","contentUrl":"https:\/\/noht-eson.ca\/wp-content\/uploads\/NOHT_ESON_Logo_FINAL-1.jpg","width":1500,"height":500,"caption":"Niagara Ontario Health Team - \u00c9quipe Sant\u00e9 Ontario Niagara"},"image":{"@id":"https:\/\/noht-eson.ca\/#\/schema\/logo\/image\/"},"sameAs":["https:\/\/facebook.com\/NiagaraOHT\/","https:\/\/x.com\/niagaraoht"]}]}},"_links":{"self":[{"href":"https:\/\/noht-eson.ca\/fr\/wp-json\/wp\/v2\/pages\/10251","targetHints":{"allow":["GET"]}}],"collection":[{"href":"https:\/\/noht-eson.ca\/fr\/wp-json\/wp\/v2\/pages"}],"about":[{"href":"https:\/\/noht-eson.ca\/fr\/wp-json\/wp\/v2\/types\/page"}],"author":[{"embeddable":true,"href":"https:\/\/noht-eson.ca\/fr\/wp-json\/wp\/v2\/users\/94"}],"replies":[{"embeddable":true,"href":"https:\/\/noht-eson.ca\/fr\/wp-json\/wp\/v2\/comments?post=10251"}],"version-history":[{"count":5,"href":"https:\/\/noht-eson.ca\/fr\/wp-json\/wp\/v2\/pages\/10251\/revisions"}],"predecessor-version":[{"id":10470,"href":"https:\/\/noht-eson.ca\/fr\/wp-json\/wp\/v2\/pages\/10251\/revisions\/10470"}],"wp:featuredmedia":[{"embeddable":true,"href":"https:\/\/noht-eson.ca\/fr\/wp-json\/wp\/v2\/media\/3480"}],"wp:attachment":[{"href":"https:\/\/noht-eson.ca\/fr\/wp-json\/wp\/v2\/media?parent=10251"}],"curies":[{"name":"wp","href":"https:\/\/api.w.org\/{rel}","templated":true}]}}